{"id":9672,"date":"2024-03-21T12:03:53","date_gmt":"2024-03-21T16:03:53","guid":{"rendered":"https:\/\/fvdrc.com\/?page_id=9672"},"modified":"2026-01-05T09:07:30","modified_gmt":"2026-01-05T14:07:30","slug":"formulaires-de-demande","status":"publish","type":"page","link":"https:\/\/fvdrc.com\/fr\/formulaires-de-demande\/","title":{"rendered":"Formulaire de demande"},"content":{"rendered":"\n<h5>DEVENEZ MEMBRE<\/h5>\n<p>Les membres de la DRC sont :<\/p>\n<ul>\n<li>des producteurs, des exp\u00e9diteurs, des grossistes, des distributeurs de services alimentaires et des courtiers qui font le commerce des fruits et l\u00e9gumes.<\/li>\n<li>des transporteurs, des interm\u00e9diaires en transport et des entrepreneurs de transport qui s\u2019occupent du transport des fruits et l\u00e9gumes frais.<\/li>\n<\/ul>\n<p>Pour soumettre une demande d\u2019adh\u00e9sion, vous devez cliquer sur le lien appropri\u00e9 en fonction de l\u2019emplacement de votre entreprise, soit <strong>au Canada<\/strong>, soit \u00e0 <strong>l\u2019ext\u00e9rieur du Canada.<\/strong><\/p>\n\n\n\n<figure class=\"wp-block-table\"><table><tbody><tr><td>Acc\u00e9dez au formulaire d\u2019adh\u00e9sion pour les entreprises situ\u00e9es <strong>au <\/strong>Canada<br><a href=\"https:\/\/fvdrc.com\/wp-content\/uploads\/2025\/05\/DRC_Membership_Application_Checklist_Canada_FRE_2025_v3.pdf\" target=\"_blank\" rel=\"noreferrer noopener\">CLIQUEZ ICI<\/a><\/td><td>Acc\u00e9dez au formulaire d\u2019adh\u00e9sion pour les<strong> hors <\/strong>du Canada<br><a href=\"https:\/\/fvdrc.com\/wp-content\/uploads\/2025\/12\/DRC_Membership_Application_Checklist_FRE_2026.pdf\" target=\"_blank\" rel=\"noreferrer noopener\">CLIQUEZ ICI<\/a><\/td><\/tr><\/tbody><\/table><\/figure>\n\n\n\n<p>Veuillez remplir et renvoyer la demande appropri\u00e9e par courriel \u00e9lectronique, t\u00e9l\u00e9copieur ou par la poste:<\/p>\n<p><strong>Courriel \u00e9lectronique:<\/strong> info@fvdrc.com<br \/><strong>T\u00e9l\u00e9copieur :<\/strong> (613) 234-8036<br \/><strong>Par la poste:<\/strong> La Corporation de r\u00e8glement des diff\u00e9rends dans les fruits et l\u00e9gumes<br \/>\u00c9difice 75, Ferme exp\u00e9rimentale centrale<br \/>960, avenue Carling<br \/>Ottawa (Ontario) Canada<br \/>K1A 0C6<\/p>\n\n\n\n<h5>Frais d&#8217;adh\u00e9sion au DRC<\/h5>\n<p>Ce droit couvre une p\u00e9riode de 12 mois et est payable une fois par ann\u00e9e. Le droit peut augmenter l\u00e9g\u00e8rement chaque ann\u00e9e pour contrer l\u2019inflation. Tous les d\u00e9tails apparaissent sur le formulaire de demande d\u2019adh\u00e9sion.<\/p>\n<ul>\n<li>Pour les entreprises bas\u00e9es au Canada, les frais d&#8217;adh\u00e9sion annuels sont de <strong>1 306,00 $ CAD + plus taxes si applicable<\/strong>.<\/li>\n<li>Pour les entreprises bas\u00e9es \u00e0 l&#8217;ext\u00e9rieur du Canada, les frais d&#8217;adh\u00e9sion annuels sont de <strong>925,00 $ USD + plus taxes si applicable.<\/strong><\/li>\n<li>Si votre situation m\u00e8ne \u00e0 l&#8217;arbitrage, les frais d&#8217;arbitrage commencent \u00e0 <strong>600,00 $ USD plus taxes si applicable.<\/strong><\/li>\n<\/ul>\n\n\n\n<p>Vous avez des questions au sujet de l\u2019adh\u00e9sion, communiquez avec le <a href=\"https:\/\/fvdrc.com\/fr\/a-notre-sujet\/nous-joindre\/?cr=4\">service d\u2019assistance<\/a> de la DRC.<\/p>\n","protected":false},"excerpt":{"rendered":"<p>DEVENEZ MEMBRE Les membres de la DRC sont : des producteurs, des exp\u00e9diteurs, des grossistes, des distributeurs de services alimentaires et des courtiers qui font le commerce des fruits et l\u00e9gumes. des transporteurs, des interm\u00e9diaires en transport et des entrepreneurs de transport qui s\u2019occupent du transport des fruits et l\u00e9gumes frais. Pour soumettre une demande [&hellip;]<\/p>\n","protected":false},"author":2,"featured_media":0,"parent":0,"menu_order":0,"comment_status":"closed","ping_status":"closed","template":"","meta":{"_acf_changed":false,"_coblocks_attr":"","_coblocks_dimensions":"","_coblocks_responsive_height":"","_coblocks_accordion_ie_support":"","om_disable_all_campaigns":false,"_uag_custom_page_level_css":"","_monsterinsights_skip_tracking":false,"_monsterinsights_sitenote_active":false,"_monsterinsights_sitenote_note":"","_monsterinsights_sitenote_category":0,"_uf_show_specific_survey":0,"_uf_disable_surveys":false,"footnotes":""},"class_list":["post-9672","page","type-page","status-publish","hentry"],"acf":[],"aioseo_notices":[],"yoast_head":"<!-- This site is optimized with the Yoast SEO plugin v27.4 - https:\/\/yoast.com\/product\/yoast-seo-wordpress\/ -->\n<title>Formulaire de demande - Fruit and Vegetable Dispute Resolution Corporation<\/title>\n<meta name=\"robots\" content=\"index, follow, max-snippet:-1, max-image-preview:large, max-video-preview:-1\" \/>\n<link rel=\"canonical\" href=\"https:\/\/fvdrc.com\/fr\/formulaires-de-demande\/\" \/>\n<meta property=\"og:locale\" content=\"fr_FR\" \/>\n<meta property=\"og:type\" content=\"article\" \/>\n<meta property=\"og:title\" content=\"Formulaire de demande - Fruit and Vegetable Dispute Resolution Corporation\" \/>\n<meta property=\"og:description\" content=\"DEVENEZ MEMBRE Les membres de la DRC sont : des producteurs, des exp\u00e9diteurs, des grossistes, des distributeurs de services alimentaires et des courtiers qui font le commerce des fruits et l\u00e9gumes. des transporteurs, des interm\u00e9diaires en transport et des entrepreneurs de transport qui s\u2019occupent du transport des fruits et l\u00e9gumes frais. Pour soumettre une demande [&hellip;]\" \/>\n<meta property=\"og:url\" content=\"https:\/\/fvdrc.com\/fr\/formulaires-de-demande\/\" \/>\n<meta property=\"og:site_name\" content=\"Fruit and Vegetable Dispute Resolution Corporation\" \/>\n<meta property=\"article:modified_time\" content=\"2026-01-05T14:07:30+00:00\" \/>\n<meta name=\"twitter:card\" content=\"summary_large_image\" \/>\n<meta name=\"twitter:label1\" content=\"Est. reading time\" \/>\n\t<meta name=\"twitter:data1\" content=\"2 minutes\" \/>\n<script type=\"application\/ld+json\" class=\"yoast-schema-graph\">{\"@context\":\"https:\\\/\\\/schema.org\",\"@graph\":[{\"@type\":\"WebPage\",\"@id\":\"https:\\\/\\\/fvdrc.com\\\/fr\\\/formulaires-de-demande\\\/\",\"url\":\"https:\\\/\\\/fvdrc.com\\\/fr\\\/formulaires-de-demande\\\/\",\"name\":\"Formulaire de demande - Fruit and Vegetable Dispute Resolution Corporation\",\"isPartOf\":{\"@id\":\"https:\\\/\\\/fvdrc.com\\\/#website\"},\"datePublished\":\"2024-03-21T16:03:53+00:00\",\"dateModified\":\"2026-01-05T14:07:30+00:00\",\"breadcrumb\":{\"@id\":\"https:\\\/\\\/fvdrc.com\\\/fr\\\/formulaires-de-demande\\\/#breadcrumb\"},\"inLanguage\":\"fr-FR\",\"potentialAction\":[{\"@type\":\"ReadAction\",\"target\":[\"https:\\\/\\\/fvdrc.com\\\/fr\\\/formulaires-de-demande\\\/\"]}]},{\"@type\":\"BreadcrumbList\",\"@id\":\"https:\\\/\\\/fvdrc.com\\\/fr\\\/formulaires-de-demande\\\/#breadcrumb\",\"itemListElement\":[{\"@type\":\"ListItem\",\"position\":1,\"name\":\"Home\",\"item\":\"https:\\\/\\\/fvdrc.com\\\/fr\\\/\"},{\"@type\":\"ListItem\",\"position\":2,\"name\":\"Formulaire de demande\"}]},{\"@type\":\"WebSite\",\"@id\":\"https:\\\/\\\/fvdrc.com\\\/#website\",\"url\":\"https:\\\/\\\/fvdrc.com\\\/\",\"name\":\"Fruit and Vegetable Dispute Resolution Corporation\",\"description\":\"Trade with Confidence\",\"publisher\":{\"@id\":\"https:\\\/\\\/fvdrc.com\\\/#organization\"},\"potentialAction\":[{\"@type\":\"SearchAction\",\"target\":{\"@type\":\"EntryPoint\",\"urlTemplate\":\"https:\\\/\\\/fvdrc.com\\\/?s={search_term_string}\"},\"query-input\":{\"@type\":\"PropertyValueSpecification\",\"valueRequired\":true,\"valueName\":\"search_term_string\"}}],\"inLanguage\":\"fr-FR\"},{\"@type\":\"Organization\",\"@id\":\"https:\\\/\\\/fvdrc.com\\\/#organization\",\"name\":\"Fruit and Vegetable Dispute Resolution Corporation\",\"url\":\"https:\\\/\\\/fvdrc.com\\\/\",\"logo\":{\"@type\":\"ImageObject\",\"inLanguage\":\"fr-FR\",\"@id\":\"https:\\\/\\\/fvdrc.com\\\/#\\\/schema\\\/logo\\\/image\\\/\",\"url\":\"https:\\\/\\\/fvdrc.com\\\/wp-content\\\/uploads\\\/2020\\\/06\\\/DRC-logo@2x.png\",\"contentUrl\":\"https:\\\/\\\/fvdrc.com\\\/wp-content\\\/uploads\\\/2020\\\/06\\\/DRC-logo@2x.png\",\"width\":261,\"height\":140,\"caption\":\"Fruit and Vegetable Dispute Resolution Corporation\"},\"image\":{\"@id\":\"https:\\\/\\\/fvdrc.com\\\/#\\\/schema\\\/logo\\\/image\\\/\"}}]}<\/script>\n<!-- \/ Yoast SEO plugin. -->","yoast_head_json":{"title":"Formulaire de demande - Fruit and Vegetable Dispute Resolution Corporation","robots":{"index":"index","follow":"follow","max-snippet":"max-snippet:-1","max-image-preview":"max-image-preview:large","max-video-preview":"max-video-preview:-1"},"canonical":"https:\/\/fvdrc.com\/fr\/formulaires-de-demande\/","og_locale":"fr_FR","og_type":"article","og_title":"Formulaire de demande - Fruit and Vegetable Dispute Resolution Corporation","og_description":"DEVENEZ MEMBRE Les membres de la DRC sont : des producteurs, des exp\u00e9diteurs, des grossistes, des distributeurs de services alimentaires et des courtiers qui font le commerce des fruits et l\u00e9gumes. des transporteurs, des interm\u00e9diaires en transport et des entrepreneurs de transport qui s\u2019occupent du transport des fruits et l\u00e9gumes frais. Pour soumettre une demande [&hellip;]","og_url":"https:\/\/fvdrc.com\/fr\/formulaires-de-demande\/","og_site_name":"Fruit and Vegetable Dispute Resolution Corporation","article_modified_time":"2026-01-05T14:07:30+00:00","twitter_card":"summary_large_image","twitter_misc":{"Est. reading time":"2 minutes"},"schema":{"@context":"https:\/\/schema.org","@graph":[{"@type":"WebPage","@id":"https:\/\/fvdrc.com\/fr\/formulaires-de-demande\/","url":"https:\/\/fvdrc.com\/fr\/formulaires-de-demande\/","name":"Formulaire de demande - Fruit and Vegetable Dispute Resolution Corporation","isPartOf":{"@id":"https:\/\/fvdrc.com\/#website"},"datePublished":"2024-03-21T16:03:53+00:00","dateModified":"2026-01-05T14:07:30+00:00","breadcrumb":{"@id":"https:\/\/fvdrc.com\/fr\/formulaires-de-demande\/#breadcrumb"},"inLanguage":"fr-FR","potentialAction":[{"@type":"ReadAction","target":["https:\/\/fvdrc.com\/fr\/formulaires-de-demande\/"]}]},{"@type":"BreadcrumbList","@id":"https:\/\/fvdrc.com\/fr\/formulaires-de-demande\/#breadcrumb","itemListElement":[{"@type":"ListItem","position":1,"name":"Home","item":"https:\/\/fvdrc.com\/fr\/"},{"@type":"ListItem","position":2,"name":"Formulaire de demande"}]},{"@type":"WebSite","@id":"https:\/\/fvdrc.com\/#website","url":"https:\/\/fvdrc.com\/","name":"Fruit and Vegetable Dispute Resolution Corporation","description":"Trade with Confidence","publisher":{"@id":"https:\/\/fvdrc.com\/#organization"},"potentialAction":[{"@type":"SearchAction","target":{"@type":"EntryPoint","urlTemplate":"https:\/\/fvdrc.com\/?s={search_term_string}"},"query-input":{"@type":"PropertyValueSpecification","valueRequired":true,"valueName":"search_term_string"}}],"inLanguage":"fr-FR"},{"@type":"Organization","@id":"https:\/\/fvdrc.com\/#organization","name":"Fruit and Vegetable Dispute Resolution Corporation","url":"https:\/\/fvdrc.com\/","logo":{"@type":"ImageObject","inLanguage":"fr-FR","@id":"https:\/\/fvdrc.com\/#\/schema\/logo\/image\/","url":"https:\/\/fvdrc.com\/wp-content\/uploads\/2020\/06\/DRC-logo@2x.png","contentUrl":"https:\/\/fvdrc.com\/wp-content\/uploads\/2020\/06\/DRC-logo@2x.png","width":261,"height":140,"caption":"Fruit and Vegetable Dispute Resolution Corporation"},"image":{"@id":"https:\/\/fvdrc.com\/#\/schema\/logo\/image\/"}}]}},"featured_image_src":null,"featured_image_src_square":null,"uagb_featured_image_src":{"full":false,"thumbnail":false,"medium":false,"medium_large":false,"large":false,"gs-tiny":false,"xl":false,"xxl":false,"xxxl":false,"xxxxl":false,"xxxxxl":false,"1536x1536":false,"2048x2048":false,"gb-block-post-grid-landscape":false,"gb-block-post-grid-square":false,"post-thumbnail":false,"twentytwenty-fullscreen":false},"uagb_author_info":{"display_name":"DRC","author_link":"https:\/\/fvdrc.com\/fr\/solutions\/author\/drc\/"},"uagb_comment_info":0,"uagb_excerpt":"DEVENEZ MEMBRE Les membres de la DRC sont : des producteurs, des exp\u00e9diteurs, des grossistes, des distributeurs de services alimentaires et des courtiers qui font le commerce des fruits et l\u00e9gumes. des transporteurs, des interm\u00e9diaires en transport et des entrepreneurs de transport qui s\u2019occupent du transport des fruits et l\u00e9gumes frais. Pour soumettre une demande&hellip;","_links":{"self":[{"href":"https:\/\/fvdrc.com\/fr\/wp-json\/wp\/v2\/pages\/9672","targetHints":{"allow":["GET"]}}],"collection":[{"href":"https:\/\/fvdrc.com\/fr\/wp-json\/wp\/v2\/pages"}],"about":[{"href":"https:\/\/fvdrc.com\/fr\/wp-json\/wp\/v2\/types\/page"}],"author":[{"embeddable":true,"href":"https:\/\/fvdrc.com\/fr\/wp-json\/wp\/v2\/users\/2"}],"replies":[{"embeddable":true,"href":"https:\/\/fvdrc.com\/fr\/wp-json\/wp\/v2\/comments?post=9672"}],"version-history":[{"count":33,"href":"https:\/\/fvdrc.com\/fr\/wp-json\/wp\/v2\/pages\/9672\/revisions"}],"predecessor-version":[{"id":14815,"href":"https:\/\/fvdrc.com\/fr\/wp-json\/wp\/v2\/pages\/9672\/revisions\/14815"}],"wp:attachment":[{"href":"https:\/\/fvdrc.com\/fr\/wp-json\/wp\/v2\/media?parent=9672"}],"curies":[{"name":"wp","href":"https:\/\/api.w.org\/{rel}","templated":true}]}}