{"id":7874,"date":"2023-05-17T15:47:47","date_gmt":"2023-05-17T19:47:47","guid":{"rendered":"https:\/\/www.fvdrc.com\/events-2\/"},"modified":"2026-01-08T12:13:58","modified_gmt":"2026-01-08T17:13:58","slug":"events-2","status":"publish","type":"page","link":"https:\/\/fvdrc.com\/fr\/events-2\/","title":{"rendered":"\u00c9v\u00e9nements"},"content":{"rendered":"\n<p>Vous participez \u00e0 un salon professionnel ou \u00e0 une conf\u00e9rence ax\u00e9e sur l\u2019industrie des produits frais? Il y a de fortes chances que nous y soyons aussi! La DRC adore prendre part \u00e0 ces \u00e9v\u00e9nements, car ils offrent d\u2019excellentes occasions de r\u00e9seautage pour rencontrer des professionnels du secteur, avoir des conversations en personne et partager les avantages d\u2019\u00eatre membre de la DRC. <\/p>\n\n\n\n<h5><span style=\"color: #008000;\">CEUX O\u00d9 NOUS EXPOSERONS<\/span> <span style=\"color: #008000;\">:<\/span><\/h5>\n<ul>\n<li><span style=\"color: #333333;\"><strong><a style=\"color: #333333;\" href=\"https:\/\/www.fruitlogistica.com\/en\/\">Fruit Logistica<\/a><\/strong><\/span><br \/>Du 4 au 6 f\u00e9vrier 2026 \u00e0 Berlin, Allemagne<br \/>Venez nous voir au Hall 25, kiosque B-22<\/li>\n<li><a title=\"L\u2019Expo-congr\u00e8s de l\u2019ACDFL\" href=\"https:\/\/convention.cpma.ca\/fr\/\" target=\"_blank\" rel=\"noopener\">L\u2019Expo-congr\u00e8s de l\u2019ACDFL<\/a><br \/>Du 28 au 30 avril 2026 \u00e0 Toronto, Canada<br \/>Venez nous voir au kiosque 124<\/li>\n<li><a title=\"Expoalimentaria 2026\" href=\"https:\/\/expoalimentariaperu.com\/en\/\" target=\"_blank\" rel=\"noopener\"><span style=\"color: #333333;\"><b>Expoalimentaria<\/b><\/span><\/a><br \/>Du 23 au 25 septembre 2026 \u00e0 Lima, P\u00e9rou<\/li>\n<li><span style=\"color: #333333;\"><a style=\"color: #333333;\" title=\"Fruit Attraction\" href=\"https:\/\/www.ifema.es\/en\/fruit-attraction\" target=\"_blank\" rel=\"noopener\"><b>Fruit Attraction<\/b><\/a><\/span><br \/>Du 6 au 8 octobre 2026 \u00e0 Madrid, Espagne<\/li>\n<li><strong><span style=\"color: #333333;\">IFPA, <a style=\"color: #333333;\" title=\"Global Produce &amp; Floral Show\" href=\"https:\/\/www.freshproduce.com\/events\/the-global-produce-and-floral-show\/\" target=\"_blank\" rel=\"noopener\">Global Produce &amp; Floral Show<\/a> <\/span><\/strong><br \/>Du 14 au 16 octobre 2026 \u00e0 Orlando, \u00c9tats-Unis<\/li>\n<\/ul>\n<p>Aimeriez-vous rencontrer un repr\u00e9sentant de la DRC lors de l\u2019un de ces \u00e9v\u00e9nements? Pour prendre rendez-vous, \u00e9crivez-nous simplement \u00e0 <a title=\"info@fvdrc.com\" href=\"mailto:info@fvdrc.com\" target=\"_blank\" rel=\"noopener\">info@fvdrc.com<\/a>.<\/p>\n<p>Nous adorons avoir l\u2019occasion d\u2019entrer en contact avec vous et nous avons bien h\u00e2te de vous rencontrer en personne!<\/p>\n","protected":false},"excerpt":{"rendered":"<p>Vous participez \u00e0 un salon professionnel ou \u00e0 une conf\u00e9rence ax\u00e9e sur l\u2019industrie des produits frais? Il y a de fortes chances que nous y soyons aussi! La DRC adore prendre part \u00e0 ces \u00e9v\u00e9nements, car ils offrent d\u2019excellentes occasions de r\u00e9seautage pour rencontrer des professionnels du secteur, avoir des conversations en personne et partager [&hellip;]<\/p>\n","protected":false},"author":5,"featured_media":0,"parent":0,"menu_order":0,"comment_status":"closed","ping_status":"closed","template":"","meta":{"_acf_changed":false,"_coblocks_attr":"","_coblocks_dimensions":"","_coblocks_responsive_height":"","_coblocks_accordion_ie_support":"","om_disable_all_campaigns":false,"_uag_custom_page_level_css":"","_monsterinsights_skip_tracking":false,"_monsterinsights_sitenote_active":false,"_monsterinsights_sitenote_note":"","_monsterinsights_sitenote_category":0,"_uf_show_specific_survey":0,"_uf_disable_surveys":false,"footnotes":""},"class_list":["post-7874","page","type-page","status-publish","hentry"],"acf":[],"aioseo_notices":[],"yoast_head":"<!-- This site is optimized with the Yoast SEO plugin v27.4 - https:\/\/yoast.com\/product\/yoast-seo-wordpress\/ -->\n<title>\u00c9v\u00e9nements - Fruit and Vegetable Dispute Resolution Corporation<\/title>\n<meta name=\"description\" content=\"La DRC est ravie de participer \u00e0 des \u00e9v\u00e9nements tels que des foires commerciales et des conf\u00e9rences o\u00f9 vous pourrez rencontrer les ...\" \/>\n<meta name=\"robots\" content=\"index, follow, max-snippet:-1, max-image-preview:large, max-video-preview:-1\" \/>\n<link rel=\"canonical\" href=\"https:\/\/fvdrc.com\/fr\/events-2\/\" \/>\n<meta property=\"og:locale\" content=\"fr_FR\" \/>\n<meta property=\"og:type\" content=\"article\" \/>\n<meta property=\"og:title\" content=\"\u00c9v\u00e9nements - Fruit and Vegetable Dispute Resolution Corporation\" \/>\n<meta property=\"og:description\" content=\"La DRC est ravie de participer \u00e0 des \u00e9v\u00e9nements tels que des foires commerciales et des conf\u00e9rences o\u00f9 vous pourrez rencontrer les ...\" \/>\n<meta property=\"og:url\" content=\"https:\/\/fvdrc.com\/fr\/events-2\/\" \/>\n<meta property=\"og:site_name\" content=\"Fruit and Vegetable Dispute Resolution Corporation\" \/>\n<meta property=\"article:modified_time\" content=\"2026-01-08T17:13:58+00:00\" \/>\n<meta name=\"twitter:card\" content=\"summary_large_image\" \/>\n<meta name=\"twitter:label1\" content=\"Est. reading time\" \/>\n\t<meta name=\"twitter:data1\" content=\"1 minute\" \/>\n<script type=\"application\/ld+json\" class=\"yoast-schema-graph\">{\"@context\":\"https:\\\/\\\/schema.org\",\"@graph\":[{\"@type\":\"WebPage\",\"@id\":\"https:\\\/\\\/fvdrc.com\\\/fr\\\/events-2\\\/\",\"url\":\"https:\\\/\\\/fvdrc.com\\\/fr\\\/events-2\\\/\",\"name\":\"\u00c9v\u00e9nements - Fruit and Vegetable Dispute Resolution Corporation\",\"isPartOf\":{\"@id\":\"https:\\\/\\\/fvdrc.com\\\/#website\"},\"datePublished\":\"2023-05-17T19:47:47+00:00\",\"dateModified\":\"2026-01-08T17:13:58+00:00\",\"description\":\"La DRC est ravie de participer \u00e0 des \u00e9v\u00e9nements tels que des foires commerciales et des conf\u00e9rences o\u00f9 vous pourrez rencontrer les ...\",\"breadcrumb\":{\"@id\":\"https:\\\/\\\/fvdrc.com\\\/fr\\\/events-2\\\/#breadcrumb\"},\"inLanguage\":\"fr-FR\",\"potentialAction\":[{\"@type\":\"ReadAction\",\"target\":[\"https:\\\/\\\/fvdrc.com\\\/fr\\\/events-2\\\/\"]}]},{\"@type\":\"BreadcrumbList\",\"@id\":\"https:\\\/\\\/fvdrc.com\\\/fr\\\/events-2\\\/#breadcrumb\",\"itemListElement\":[{\"@type\":\"ListItem\",\"position\":1,\"name\":\"Home\",\"item\":\"https:\\\/\\\/fvdrc.com\\\/fr\\\/\"},{\"@type\":\"ListItem\",\"position\":2,\"name\":\"\u00c9v\u00e9nements\"}]},{\"@type\":\"WebSite\",\"@id\":\"https:\\\/\\\/fvdrc.com\\\/#website\",\"url\":\"https:\\\/\\\/fvdrc.com\\\/\",\"name\":\"Fruit and Vegetable Dispute Resolution Corporation\",\"description\":\"Trade with Confidence\",\"publisher\":{\"@id\":\"https:\\\/\\\/fvdrc.com\\\/#organization\"},\"potentialAction\":[{\"@type\":\"SearchAction\",\"target\":{\"@type\":\"EntryPoint\",\"urlTemplate\":\"https:\\\/\\\/fvdrc.com\\\/?s={search_term_string}\"},\"query-input\":{\"@type\":\"PropertyValueSpecification\",\"valueRequired\":true,\"valueName\":\"search_term_string\"}}],\"inLanguage\":\"fr-FR\"},{\"@type\":\"Organization\",\"@id\":\"https:\\\/\\\/fvdrc.com\\\/#organization\",\"name\":\"Fruit and Vegetable Dispute Resolution Corporation\",\"url\":\"https:\\\/\\\/fvdrc.com\\\/\",\"logo\":{\"@type\":\"ImageObject\",\"inLanguage\":\"fr-FR\",\"@id\":\"https:\\\/\\\/fvdrc.com\\\/#\\\/schema\\\/logo\\\/image\\\/\",\"url\":\"https:\\\/\\\/fvdrc.com\\\/wp-content\\\/uploads\\\/2020\\\/06\\\/DRC-logo@2x.png\",\"contentUrl\":\"https:\\\/\\\/fvdrc.com\\\/wp-content\\\/uploads\\\/2020\\\/06\\\/DRC-logo@2x.png\",\"width\":261,\"height\":140,\"caption\":\"Fruit and Vegetable Dispute Resolution Corporation\"},\"image\":{\"@id\":\"https:\\\/\\\/fvdrc.com\\\/#\\\/schema\\\/logo\\\/image\\\/\"}}]}<\/script>\n<!-- \/ Yoast SEO plugin. -->","yoast_head_json":{"title":"\u00c9v\u00e9nements - Fruit and Vegetable Dispute Resolution Corporation","description":"La DRC est ravie de participer \u00e0 des \u00e9v\u00e9nements tels que des foires commerciales et des conf\u00e9rences o\u00f9 vous pourrez rencontrer les ...","robots":{"index":"index","follow":"follow","max-snippet":"max-snippet:-1","max-image-preview":"max-image-preview:large","max-video-preview":"max-video-preview:-1"},"canonical":"https:\/\/fvdrc.com\/fr\/events-2\/","og_locale":"fr_FR","og_type":"article","og_title":"\u00c9v\u00e9nements - Fruit and Vegetable Dispute Resolution Corporation","og_description":"La DRC est ravie de participer \u00e0 des \u00e9v\u00e9nements tels que des foires commerciales et des conf\u00e9rences o\u00f9 vous pourrez rencontrer les ...","og_url":"https:\/\/fvdrc.com\/fr\/events-2\/","og_site_name":"Fruit and Vegetable Dispute Resolution Corporation","article_modified_time":"2026-01-08T17:13:58+00:00","twitter_card":"summary_large_image","twitter_misc":{"Est. reading time":"1 minute"},"schema":{"@context":"https:\/\/schema.org","@graph":[{"@type":"WebPage","@id":"https:\/\/fvdrc.com\/fr\/events-2\/","url":"https:\/\/fvdrc.com\/fr\/events-2\/","name":"\u00c9v\u00e9nements - Fruit and Vegetable Dispute Resolution Corporation","isPartOf":{"@id":"https:\/\/fvdrc.com\/#website"},"datePublished":"2023-05-17T19:47:47+00:00","dateModified":"2026-01-08T17:13:58+00:00","description":"La DRC est ravie de participer \u00e0 des \u00e9v\u00e9nements tels que des foires commerciales et des conf\u00e9rences o\u00f9 vous pourrez rencontrer les ...","breadcrumb":{"@id":"https:\/\/fvdrc.com\/fr\/events-2\/#breadcrumb"},"inLanguage":"fr-FR","potentialAction":[{"@type":"ReadAction","target":["https:\/\/fvdrc.com\/fr\/events-2\/"]}]},{"@type":"BreadcrumbList","@id":"https:\/\/fvdrc.com\/fr\/events-2\/#breadcrumb","itemListElement":[{"@type":"ListItem","position":1,"name":"Home","item":"https:\/\/fvdrc.com\/fr\/"},{"@type":"ListItem","position":2,"name":"\u00c9v\u00e9nements"}]},{"@type":"WebSite","@id":"https:\/\/fvdrc.com\/#website","url":"https:\/\/fvdrc.com\/","name":"Fruit and Vegetable Dispute Resolution Corporation","description":"Trade with Confidence","publisher":{"@id":"https:\/\/fvdrc.com\/#organization"},"potentialAction":[{"@type":"SearchAction","target":{"@type":"EntryPoint","urlTemplate":"https:\/\/fvdrc.com\/?s={search_term_string}"},"query-input":{"@type":"PropertyValueSpecification","valueRequired":true,"valueName":"search_term_string"}}],"inLanguage":"fr-FR"},{"@type":"Organization","@id":"https:\/\/fvdrc.com\/#organization","name":"Fruit and Vegetable Dispute Resolution Corporation","url":"https:\/\/fvdrc.com\/","logo":{"@type":"ImageObject","inLanguage":"fr-FR","@id":"https:\/\/fvdrc.com\/#\/schema\/logo\/image\/","url":"https:\/\/fvdrc.com\/wp-content\/uploads\/2020\/06\/DRC-logo@2x.png","contentUrl":"https:\/\/fvdrc.com\/wp-content\/uploads\/2020\/06\/DRC-logo@2x.png","width":261,"height":140,"caption":"Fruit and Vegetable Dispute Resolution Corporation"},"image":{"@id":"https:\/\/fvdrc.com\/#\/schema\/logo\/image\/"}}]}},"featured_image_src":null,"featured_image_src_square":null,"uagb_featured_image_src":{"full":false,"thumbnail":false,"medium":false,"medium_large":false,"large":false,"gs-tiny":false,"xl":false,"xxl":false,"xxxl":false,"xxxxl":false,"xxxxxl":false,"1536x1536":false,"2048x2048":false,"gb-block-post-grid-landscape":false,"gb-block-post-grid-square":false,"post-thumbnail":false,"twentytwenty-fullscreen":false},"uagb_author_info":{"display_name":"pande","author_link":"https:\/\/fvdrc.com\/fr\/solutions\/author\/pande\/"},"uagb_comment_info":0,"uagb_excerpt":"Vous participez \u00e0 un salon professionnel ou \u00e0 une conf\u00e9rence ax\u00e9e sur l\u2019industrie des produits frais? Il y a de fortes chances que nous y soyons aussi! La DRC adore prendre part \u00e0 ces \u00e9v\u00e9nements, car ils offrent d\u2019excellentes occasions de r\u00e9seautage pour rencontrer des professionnels du secteur, avoir des conversations en personne et partager&hellip;","_links":{"self":[{"href":"https:\/\/fvdrc.com\/fr\/wp-json\/wp\/v2\/pages\/7874","targetHints":{"allow":["GET"]}}],"collection":[{"href":"https:\/\/fvdrc.com\/fr\/wp-json\/wp\/v2\/pages"}],"about":[{"href":"https:\/\/fvdrc.com\/fr\/wp-json\/wp\/v2\/types\/page"}],"author":[{"embeddable":true,"href":"https:\/\/fvdrc.com\/fr\/wp-json\/wp\/v2\/users\/5"}],"replies":[{"embeddable":true,"href":"https:\/\/fvdrc.com\/fr\/wp-json\/wp\/v2\/comments?post=7874"}],"version-history":[{"count":35,"href":"https:\/\/fvdrc.com\/fr\/wp-json\/wp\/v2\/pages\/7874\/revisions"}],"predecessor-version":[{"id":14888,"href":"https:\/\/fvdrc.com\/fr\/wp-json\/wp\/v2\/pages\/7874\/revisions\/14888"}],"wp:attachment":[{"href":"https:\/\/fvdrc.com\/fr\/wp-json\/wp\/v2\/media?parent=7874"}],"curies":[{"name":"wp","href":"https:\/\/api.w.org\/{rel}","templated":true}]}}