{"id":4312,"date":"2020-11-04T17:23:40","date_gmt":"2020-11-04T22:23:40","guid":{"rendered":"https:\/\/www.fvdrc.com\/?page_id=4312"},"modified":"2026-03-19T14:44:32","modified_gmt":"2026-03-19T18:44:32","slug":"le-systeme-de-reglement-des-differends","status":"publish","type":"page","link":"https:\/\/fvdrc.com\/fr\/reglement-des-differends\/le-systeme-de-reglement-des-differends\/","title":{"rendered":"Le syst\u00e8me de r\u00e8glement des diff\u00e9rends"},"content":{"rendered":"\n<p>Le mod\u00e8le employ\u00e9 pour le r\u00e8glement des diff\u00e9rends repose sur un processus qui peut potentiellement comporter jusqu\u2019\u00e0 six \u00e9tapes potentielles. Ces \u00e9tapes sont cat\u00e9goris\u00e9es en trois types de services&nbsp;: \u00e9ducation, m\u00e9diation et arbitrage.<\/p>\n\n\n\n<p>La majorit\u00e9 des diff\u00e9rends sont r\u00e9solus \u00e0 <strong>l\u2019\u00e9tape 3 \u2013 la consultation et l\u2019encadrement<\/strong>. Habituellement, quelques appels t\u00e9l\u00e9phoniques ou quelques courriels suffiront \u00e0 la DRC pour \u00e9quiper ses membres avec les outils n\u00e9cessaires qui leur permettront d\u2019en arriver \u00e0 r\u00e9gler par eux-m\u00eames le diff\u00e9rend qui les oppose \u00e0 leurs partenaires commerciaux.<\/p>\n\n\n\n<p>Lorsqu\u2019il n\u2019est pas possible d\u2019en arriver rapidement \u00e0 un r\u00e8glement \u00e0 l\u2019amiable, les membres peuvent alors soumettre un avis de diff\u00e9rend pour amorcer l\u2019\u00e9tape <strong>4 \u2013 la m\u00e9diation informelle<\/strong>.<\/p>\n\n\n\n<p>Les conflits persistants sautent g\u00e9n\u00e9ralement <strong>l\u2019\u00e9tape 5, la \u00ab m\u00e9diation formelle \u00bb<\/strong>, et passent directement \u00e0 <strong>l&#8217;\u00e9tape 6, <\/strong><br><strong>\u00ab l\u2019arbitration \u00bb<\/strong> pour une d\u00e9cision contraignante et ex\u00e9cutoire devant les tribunaux rendu par un arbitre tiers.<\/p>\n<p>Il est extr\u00eamement rare qu&#8217;une sentence arbitrale ne pas \u00eatre pay\u00e9 comme indiqu\u00e9 par l&#8217;arbitre.<\/p>\n\n\n\n<h3 class=\"wp-block-heading\">Comp\u00e9tence<\/h3>\n\n\n\n<p>La DRC s&#8217;occupe de tous les types de diff\u00e9rends, qu&#8217;ils portent sur le transport, l&#8217;\u00e9tat, les dispositions contractuelles ou le paiement. La DRC peut aussi intervenir dans les diff\u00e9rends int\u00e9rieurs, c&#8217;est-\u00e0-dire les diff\u00e9rends qui surgissent entre des membres d&#8217;une m\u00eame province ou d&#8217;un m\u00eame \u00e9tat ou des membres de provinces ou d&#8217;\u00e9tats diff\u00e9rents dans un m\u00eame pays.<\/p>\n\n\n\n<p>Pour \u00eatre couverte, une entreprise doit avoir adh\u00e9r\u00e9 \u00e0 la DRC avant que le diff\u00e9rend ne survienne. N&#8217;h\u00e9sitez plus et prot\u00e9gez-vous d\u00e8s maintenant <a href=\"https:\/\/fvdrc.com\/fr\/formulaires-de-demande\/\" type=\"link\" id=\"https:\/\/fvdrc.com\/fr\/formulaires-de-demande\/\">en devenant membre de la DRC<\/a>!<\/p>\n\n\n\n<p>Est-ce que vous faites des affaires avec un non-membre? Invitez-le \u00e0 devenir membre de la DRC. Informez-le des <a href=\"https:\/\/fvdrc.com\/fr\/adhesion\/avantages-membres\/\" target=\"_blank\" rel=\"noreferrer noopener\">avantages de l&#8217;adh\u00e9sion \u00e0 la DRC<\/a>.<\/p>\n\n\n\n<div class=\"wp-block-group group-education\"><div class=\"wp-block-group__inner-container is-layout-flow wp-block-group-is-layout-flow\">\n<h2 class=\"wp-block-heading\">\u00c9ducation<\/h2>\n\n\n\n<div class=\"wp-block-group\"><div class=\"wp-block-group__inner-container is-layout-flow wp-block-group-is-layout-flow\">\n<div class=\"wp-block-group\"><div class=\"wp-block-group__inner-container is-layout-flow wp-block-group-is-layout-flow\">\n<figure class=\"wp-block-image size-large\"><img decoding=\"async\" data-src=\"https:\/\/fvdrc.com\/wp-content\/uploads\/2020\/06\/stage-1-icon.svg\" alt=\"\" class=\"wp-image-2792 lazyload\" src=\"data:image\/svg+xml;base64,PHN2ZyB3aWR0aD0iMSIgaGVpZ2h0PSIxIiB4bWxucz0iaHR0cDovL3d3dy53My5vcmcvMjAwMC9zdmciPjwvc3ZnPg==\" \/><figcaption class=\"wp-element-caption\">\u00c9tape <strong>1<\/strong><\/figcaption><\/figure>\n\n\n\n<h3 class=\"wp-block-heading\">Les mesures de pr\u00e9vention<\/h3>\n\n\n\n<p>Formation et partage de l\u2019information sur les r\u00e8glements et les normes de la DRC.<\/p>\n<\/div><\/div>\n\n\n\n<div class=\"wp-block-group\"><div class=\"wp-block-group__inner-container is-layout-flow wp-block-group-is-layout-flow\">\n<figure class=\"wp-block-image size-large\"><img decoding=\"async\" data-src=\"https:\/\/fvdrc.com\/wp-content\/uploads\/2020\/06\/stage-2-icon.svg\" alt=\"\" class=\"wp-image-2795 lazyload\" src=\"data:image\/svg+xml;base64,PHN2ZyB3aWR0aD0iMSIgaGVpZ2h0PSIxIiB4bWxucz0iaHR0cDovL3d3dy53My5vcmcvMjAwMC9zdmciPjwvc3ZnPg==\" \/><figcaption class=\"wp-element-caption\">\u00c9tape <strong>2<\/strong><\/figcaption><\/figure>\n\n\n\n<h3 class=\"wp-block-heading\">La r\u00e9solution non supervis\u00e9e du probl\u00e8me<\/h3>\n\n\n\n<p>Les parties en conflit n\u00e9gocient et tentent de r\u00e9soudre le diff\u00e9rend en collaboration.<\/p>\n<\/div><\/div>\n\n\n\n<div class=\"wp-block-group\"><div class=\"wp-block-group__inner-container is-layout-flow wp-block-group-is-layout-flow\">\n<figure class=\"wp-block-image size-large\"><img decoding=\"async\" data-src=\"https:\/\/fvdrc.com\/wp-content\/uploads\/2020\/06\/stage-3-icon.svg\" alt=\"\" class=\"wp-image-2798 lazyload\" src=\"data:image\/svg+xml;base64,PHN2ZyB3aWR0aD0iMSIgaGVpZ2h0PSIxIiB4bWxucz0iaHR0cDovL3d3dy53My5vcmcvMjAwMC9zdmciPjwvc3ZnPg==\" \/><figcaption class=\"wp-element-caption\">\u00c9tape <strong>3<\/strong><\/figcaption><\/figure>\n\n\n\n<h3 class=\"wp-block-heading\">La consultation et l\u2019encadrement (par le personnel de la DRC ou une tierce partie \u00e0 contrat)<\/h3>\n\n\n\n<p>Avis, informations, conseils, r\u00e9f\u00e9rences, analyses de cas.<\/p>\n<\/div><\/div>\n<\/div><\/div>\n\n\n\n<div class=\"wp-block-buttons is-layout-flex wp-block-buttons-is-layout-flex\">\n<div class=\"wp-block-button fvdrc-button-green\"><a class=\"wp-block-button__link wp-element-button\" href=\"https:\/\/fvdrc.com\/fr\/reglement-des-differends\/education\/\" target=\"_blank\" rel=\"noreferrer noopener\">Apprendre encore plus<\/a><\/div>\n<\/div>\n<\/div><\/div>\n\n\n\n<div class=\"wp-block-group group-mediation\"><div class=\"wp-block-group__inner-container is-layout-flow wp-block-group-is-layout-flow\">\n<h2 class=\"wp-block-heading\">M\u00e9diation<\/h2>\n\n\n\n<div class=\"wp-block-group\"><div class=\"wp-block-group__inner-container is-layout-flow wp-block-group-is-layout-flow\">\n<div class=\"wp-block-group\"><div class=\"wp-block-group__inner-container is-layout-flow wp-block-group-is-layout-flow\">\n<figure class=\"wp-block-image size-large\"><img decoding=\"async\" data-src=\"https:\/\/fvdrc.com\/wp-content\/uploads\/2020\/06\/stage-4-icon.svg\" alt=\"\" class=\"wp-image-2801 lazyload\" src=\"data:image\/svg+xml;base64,PHN2ZyB3aWR0aD0iMSIgaGVpZ2h0PSIxIiB4bWxucz0iaHR0cDovL3d3dy53My5vcmcvMjAwMC9zdmciPjwvc3ZnPg==\" \/><figcaption class=\"wp-element-caption\">\u00c9tape <strong>4<\/strong><\/figcaption><\/figure>\n\n\n\n<h3 class=\"wp-block-heading\">La m\u00e9diation informelle (par le personnel de la DRC ou une tierce partie \u00e0 contrat) <\/h3>\n\n\n\n<p><strong>Pour une p\u00e9riode n\u2019exc\u00e9dant pas 21 jours<\/strong><\/p>\n\n\n\n<p>La m\u00e9diation informelle c&#8217;est le d\u00e9but des proc\u00e9dures formelles de la DRC. Elle impose certaines exigences de d\u00e9p\u00f4t ainsi qu\u2019un laps de temps de 21 jours ou moins dans lequel les parties travaillent \u00e0 une r\u00e9solution.<\/p>\n<\/div><\/div>\n\n\n\n<div class=\"wp-block-group\"><div class=\"wp-block-group__inner-container is-layout-flow wp-block-group-is-layout-flow\">\n<figure class=\"wp-block-image size-large\"><img decoding=\"async\" data-src=\"https:\/\/fvdrc.com\/wp-content\/uploads\/2020\/06\/stage-5-icon.svg\" alt=\"\" class=\"wp-image-2804 lazyload\" src=\"data:image\/svg+xml;base64,PHN2ZyB3aWR0aD0iMSIgaGVpZ2h0PSIxIiB4bWxucz0iaHR0cDovL3d3dy53My5vcmcvMjAwMC9zdmciPjwvc3ZnPg==\" \/><figcaption class=\"wp-element-caption\">\u00c9tape <strong>5<\/strong><\/figcaption><\/figure>\n\n\n\n<h3 class=\"wp-block-heading\">La m\u00e9diation formelle<\/h3>\n\n\n\n<p><strong>Pour une p\u00e9riode fix\u00e9e \u00e0 60 jours<\/strong><\/p>\n\n\n\n<p>La m\u00e9diation formelle est une option qui peut \u00eatre utilis\u00e9e quelle que soit la valeur en dollars de la r\u00e9clamation.<\/p>\n\n\n\n<p>Les deux parties doivent accepter d&#8217;utiliser cette option. La m\u00e9diation est men\u00e9e par un m\u00e9diateur tiers ind\u00e9pendant qui peut \u00eatre s\u00e9lectionn\u00e9 \u00e0 partir d&#8217;une liste tenue \u00e0 jour par la DRC.<\/p>\n\n\n\n<p>Si les parties ne conviennent pas de recourir \u00e0 la m\u00e9diation formelle ou si une m\u00e9diation ne r\u00e9ussit pas \u00e0 g\u00e9n\u00e9rer un r\u00e8glement acceptable pour les deux parties, alors l&#8217;une ou l&#8217;autre des parties peut proc\u00e9der \u00e0 l&#8217;arbitrage.<\/p>\n<p>\u00a0<\/p>\n<\/div><\/div>\n<\/div><\/div>\n\n\n\n<div class=\"wp-block-buttons is-layout-flex wp-block-buttons-is-layout-flex\">\n<div class=\"wp-block-button fvdrc-button-orange\"><a class=\"wp-block-button__link wp-element-button\" href=\"https:\/\/fvdrc.com\/fr\/reglement-des-differends\/mediation\/\" target=\"_blank\" rel=\"noreferrer noopener\">Apprendre encore plus<\/a><\/div>\n<\/div>\n<\/div><\/div>\n\n\n\n<div class=\"wp-block-group group-arbitration\"><div class=\"wp-block-group__inner-container is-layout-flow wp-block-group-is-layout-flow\">\n<h2 class=\"wp-block-heading\">L&#8217;arbitrage<\/h2>\n\n\n\n<div class=\"wp-block-group\"><div class=\"wp-block-group__inner-container is-layout-flow wp-block-group-is-layout-flow\">\n<div class=\"wp-block-group\"><div class=\"wp-block-group__inner-container is-layout-flow wp-block-group-is-layout-flow\">\n<figure class=\"wp-block-image size-large\"><img decoding=\"async\" data-src=\"https:\/\/fvdrc.com\/wp-content\/uploads\/2020\/06\/stage-6-icon.svg\" alt=\"\" class=\"wp-image-2807 lazyload\" src=\"data:image\/svg+xml;base64,PHN2ZyB3aWR0aD0iMSIgaGVpZ2h0PSIxIiB4bWxucz0iaHR0cDovL3d3dy53My5vcmcvMjAwMC9zdmciPjwvc3ZnPg==\" \/><figcaption class=\"wp-element-caption\">\u00c9tape <strong>6<\/strong><\/figcaption><\/figure>\n\n\n\n<h3 class=\"wp-block-heading\">L&#8217;arbitrage<\/h3>\n\n\n\n<p><strong>Arbitrage acc\u00e9l\u00e9r\u00e9 pour une p\u00e9riode de 60 \u00e0 90 jours<\/strong><\/p>\n\n\n\n<p><strong>Arbitrage formel pour une p\u00e9riode de 90 \u00e0 120 jours<\/strong><\/p>\n\n\n\n<p>Lorsque les parties ne peuvent parvenir \u00e0 s\u2019entendre pour r\u00e9gler leur diff\u00e9rend, elles peuvent alors d\u00e9cider de recourir \u00e0 l\u2019arbitrage. Un arbitrage aboutit \u00e0 une d\u00e9cision ex\u00e9cutoire, applicable par les tribunaux que rend un arbitre ind\u00e9pendant, nomm\u00e9 par les parties. Une partie peut recourir \u00e0 l\u2019arbitrage quel que soit le montant de la r\u00e9clamation en cause. Afin de mieux desservir ses membres, la DRC leur propose deux processus, qui sont appliqu\u00e9s en fonction du montant du diff\u00e9rend en cause.<\/p>\n<\/div><\/div>\n<\/div><\/div>\n\n\n\n<div class=\"wp-block-buttons is-layout-flex wp-block-buttons-is-layout-flex\">\n<div class=\"wp-block-button fvdrc-button-red\"><a class=\"wp-block-button__link wp-element-button\" href=\"https:\/\/fvdrc.com\/fr\/reglement-des-differends\/larbitrage\/\" target=\"_blank\" rel=\"noreferrer noopener\">Apprendre encore plus<\/a><\/div>\n<\/div>\n<\/div><\/div>\n","protected":false},"excerpt":{"rendered":"<p>Le mod\u00e8le employ\u00e9 pour le r\u00e8glement des diff\u00e9rends repose sur un processus qui peut potentiellement comporter jusqu\u2019\u00e0 six \u00e9tapes potentielles. Ces \u00e9tapes sont cat\u00e9goris\u00e9es en trois types de services&nbsp;: \u00e9ducation, m\u00e9diation et arbitrage. La majorit\u00e9 des diff\u00e9rends sont r\u00e9solus \u00e0 l\u2019\u00e9tape 3 \u2013 la consultation et l\u2019encadrement. Habituellement, quelques appels t\u00e9l\u00e9phoniques ou quelques courriels suffiront [&hellip;]<\/p>\n","protected":false},"author":2,"featured_media":0,"parent":313,"menu_order":0,"comment_status":"closed","ping_status":"closed","template":"","meta":{"_acf_changed":false,"_coblocks_attr":"","_coblocks_dimensions":"","_coblocks_responsive_height":"","_coblocks_accordion_ie_support":"","om_disable_all_campaigns":false,"_uag_custom_page_level_css":"","_monsterinsights_skip_tracking":false,"_monsterinsights_sitenote_active":false,"_monsterinsights_sitenote_note":"","_monsterinsights_sitenote_category":0,"_uf_show_specific_survey":0,"_uf_disable_surveys":false,"footnotes":""},"class_list":["post-4312","page","type-page","status-publish","hentry"],"acf":[],"aioseo_notices":[],"yoast_head":"<!-- This site is optimized with the Yoast SEO plugin v27.4 - https:\/\/yoast.com\/product\/yoast-seo-wordpress\/ -->\n<title>Le syst\u00e8me de r\u00e8glement des diff\u00e9rends - Fruit and Vegetable Dispute Resolution Corporation<\/title>\n<meta name=\"robots\" content=\"index, follow, max-snippet:-1, max-image-preview:large, max-video-preview:-1\" \/>\n<link rel=\"canonical\" href=\"https:\/\/fvdrc.com\/fr\/reglement-des-differends\/le-systeme-de-reglement-des-differends\/\" \/>\n<meta property=\"og:locale\" content=\"fr_FR\" \/>\n<meta property=\"og:type\" content=\"article\" \/>\n<meta property=\"og:title\" content=\"Le syst\u00e8me de r\u00e8glement des diff\u00e9rends - Fruit and Vegetable Dispute Resolution Corporation\" \/>\n<meta property=\"og:description\" content=\"Le mod\u00e8le employ\u00e9 pour le r\u00e8glement des diff\u00e9rends repose sur un processus qui peut potentiellement comporter jusqu\u2019\u00e0 six \u00e9tapes potentielles. Ces \u00e9tapes sont cat\u00e9goris\u00e9es en trois types de services&nbsp;: \u00e9ducation, m\u00e9diation et arbitrage. La majorit\u00e9 des diff\u00e9rends sont r\u00e9solus \u00e0 l\u2019\u00e9tape 3 \u2013 la consultation et l\u2019encadrement. Habituellement, quelques appels t\u00e9l\u00e9phoniques ou quelques courriels suffiront [&hellip;]\" \/>\n<meta property=\"og:url\" content=\"https:\/\/fvdrc.com\/fr\/reglement-des-differends\/le-systeme-de-reglement-des-differends\/\" \/>\n<meta property=\"og:site_name\" content=\"Fruit and Vegetable Dispute Resolution Corporation\" \/>\n<meta property=\"article:modified_time\" content=\"2026-03-19T18:44:32+00:00\" \/>\n<meta name=\"twitter:card\" content=\"summary_large_image\" \/>\n<meta name=\"twitter:label1\" content=\"Est. reading time\" \/>\n\t<meta name=\"twitter:data1\" content=\"4 minutes\" \/>\n<script type=\"application\/ld+json\" class=\"yoast-schema-graph\">{\"@context\":\"https:\\\/\\\/schema.org\",\"@graph\":[{\"@type\":\"WebPage\",\"@id\":\"https:\\\/\\\/fvdrc.com\\\/fr\\\/reglement-des-differends\\\/le-systeme-de-reglement-des-differends\\\/\",\"url\":\"https:\\\/\\\/fvdrc.com\\\/fr\\\/reglement-des-differends\\\/le-systeme-de-reglement-des-differends\\\/\",\"name\":\"Le syst\u00e8me de r\u00e8glement des diff\u00e9rends - Fruit and Vegetable Dispute Resolution Corporation\",\"isPartOf\":{\"@id\":\"https:\\\/\\\/fvdrc.com\\\/#website\"},\"primaryImageOfPage\":{\"@id\":\"https:\\\/\\\/fvdrc.com\\\/fr\\\/reglement-des-differends\\\/le-systeme-de-reglement-des-differends\\\/#primaryimage\"},\"image\":{\"@id\":\"https:\\\/\\\/fvdrc.com\\\/fr\\\/reglement-des-differends\\\/le-systeme-de-reglement-des-differends\\\/#primaryimage\"},\"thumbnailUrl\":\"https:\\\/\\\/fvdrc.com\\\/wp-content\\\/uploads\\\/2020\\\/06\\\/stage-1-icon.svg\",\"datePublished\":\"2020-11-04T22:23:40+00:00\",\"dateModified\":\"2026-03-19T18:44:32+00:00\",\"breadcrumb\":{\"@id\":\"https:\\\/\\\/fvdrc.com\\\/fr\\\/reglement-des-differends\\\/le-systeme-de-reglement-des-differends\\\/#breadcrumb\"},\"inLanguage\":\"fr-FR\",\"potentialAction\":[{\"@type\":\"ReadAction\",\"target\":[\"https:\\\/\\\/fvdrc.com\\\/fr\\\/reglement-des-differends\\\/le-systeme-de-reglement-des-differends\\\/\"]}]},{\"@type\":\"ImageObject\",\"inLanguage\":\"fr-FR\",\"@id\":\"https:\\\/\\\/fvdrc.com\\\/fr\\\/reglement-des-differends\\\/le-systeme-de-reglement-des-differends\\\/#primaryimage\",\"url\":\"https:\\\/\\\/fvdrc.com\\\/wp-content\\\/uploads\\\/2020\\\/06\\\/stage-1-icon.svg\",\"contentUrl\":\"https:\\\/\\\/fvdrc.com\\\/wp-content\\\/uploads\\\/2020\\\/06\\\/stage-1-icon.svg\"},{\"@type\":\"BreadcrumbList\",\"@id\":\"https:\\\/\\\/fvdrc.com\\\/fr\\\/reglement-des-differends\\\/le-systeme-de-reglement-des-differends\\\/#breadcrumb\",\"itemListElement\":[{\"@type\":\"ListItem\",\"position\":1,\"name\":\"Home\",\"item\":\"https:\\\/\\\/fvdrc.com\\\/fr\\\/\"},{\"@type\":\"ListItem\",\"position\":2,\"name\":\"R\u00e8glement des diff\u00e9rends\",\"item\":\"https:\\\/\\\/fvdrc.com\\\/fr\\\/reglement-des-differends\\\/\"},{\"@type\":\"ListItem\",\"position\":3,\"name\":\"Le syst\u00e8me de r\u00e8glement des diff\u00e9rends\"}]},{\"@type\":\"WebSite\",\"@id\":\"https:\\\/\\\/fvdrc.com\\\/#website\",\"url\":\"https:\\\/\\\/fvdrc.com\\\/\",\"name\":\"Fruit and Vegetable Dispute Resolution Corporation\",\"description\":\"Trade with Confidence\",\"publisher\":{\"@id\":\"https:\\\/\\\/fvdrc.com\\\/#organization\"},\"potentialAction\":[{\"@type\":\"SearchAction\",\"target\":{\"@type\":\"EntryPoint\",\"urlTemplate\":\"https:\\\/\\\/fvdrc.com\\\/?s={search_term_string}\"},\"query-input\":{\"@type\":\"PropertyValueSpecification\",\"valueRequired\":true,\"valueName\":\"search_term_string\"}}],\"inLanguage\":\"fr-FR\"},{\"@type\":\"Organization\",\"@id\":\"https:\\\/\\\/fvdrc.com\\\/#organization\",\"name\":\"Fruit and Vegetable Dispute Resolution Corporation\",\"url\":\"https:\\\/\\\/fvdrc.com\\\/\",\"logo\":{\"@type\":\"ImageObject\",\"inLanguage\":\"fr-FR\",\"@id\":\"https:\\\/\\\/fvdrc.com\\\/#\\\/schema\\\/logo\\\/image\\\/\",\"url\":\"https:\\\/\\\/fvdrc.com\\\/wp-content\\\/uploads\\\/2020\\\/06\\\/DRC-logo@2x.png\",\"contentUrl\":\"https:\\\/\\\/fvdrc.com\\\/wp-content\\\/uploads\\\/2020\\\/06\\\/DRC-logo@2x.png\",\"width\":261,\"height\":140,\"caption\":\"Fruit and Vegetable Dispute Resolution Corporation\"},\"image\":{\"@id\":\"https:\\\/\\\/fvdrc.com\\\/#\\\/schema\\\/logo\\\/image\\\/\"}}]}<\/script>\n<!-- \/ Yoast SEO plugin. -->","yoast_head_json":{"title":"Le syst\u00e8me de r\u00e8glement des diff\u00e9rends - Fruit and Vegetable Dispute Resolution Corporation","robots":{"index":"index","follow":"follow","max-snippet":"max-snippet:-1","max-image-preview":"max-image-preview:large","max-video-preview":"max-video-preview:-1"},"canonical":"https:\/\/fvdrc.com\/fr\/reglement-des-differends\/le-systeme-de-reglement-des-differends\/","og_locale":"fr_FR","og_type":"article","og_title":"Le syst\u00e8me de r\u00e8glement des diff\u00e9rends - Fruit and Vegetable Dispute Resolution Corporation","og_description":"Le mod\u00e8le employ\u00e9 pour le r\u00e8glement des diff\u00e9rends repose sur un processus qui peut potentiellement comporter jusqu\u2019\u00e0 six \u00e9tapes potentielles. Ces \u00e9tapes sont cat\u00e9goris\u00e9es en trois types de services&nbsp;: \u00e9ducation, m\u00e9diation et arbitrage. La majorit\u00e9 des diff\u00e9rends sont r\u00e9solus \u00e0 l\u2019\u00e9tape 3 \u2013 la consultation et l\u2019encadrement. Habituellement, quelques appels t\u00e9l\u00e9phoniques ou quelques courriels suffiront [&hellip;]","og_url":"https:\/\/fvdrc.com\/fr\/reglement-des-differends\/le-systeme-de-reglement-des-differends\/","og_site_name":"Fruit and Vegetable Dispute Resolution Corporation","article_modified_time":"2026-03-19T18:44:32+00:00","twitter_card":"summary_large_image","twitter_misc":{"Est. reading time":"4 minutes"},"schema":{"@context":"https:\/\/schema.org","@graph":[{"@type":"WebPage","@id":"https:\/\/fvdrc.com\/fr\/reglement-des-differends\/le-systeme-de-reglement-des-differends\/","url":"https:\/\/fvdrc.com\/fr\/reglement-des-differends\/le-systeme-de-reglement-des-differends\/","name":"Le syst\u00e8me de r\u00e8glement des diff\u00e9rends - Fruit and Vegetable Dispute Resolution Corporation","isPartOf":{"@id":"https:\/\/fvdrc.com\/#website"},"primaryImageOfPage":{"@id":"https:\/\/fvdrc.com\/fr\/reglement-des-differends\/le-systeme-de-reglement-des-differends\/#primaryimage"},"image":{"@id":"https:\/\/fvdrc.com\/fr\/reglement-des-differends\/le-systeme-de-reglement-des-differends\/#primaryimage"},"thumbnailUrl":"https:\/\/fvdrc.com\/wp-content\/uploads\/2020\/06\/stage-1-icon.svg","datePublished":"2020-11-04T22:23:40+00:00","dateModified":"2026-03-19T18:44:32+00:00","breadcrumb":{"@id":"https:\/\/fvdrc.com\/fr\/reglement-des-differends\/le-systeme-de-reglement-des-differends\/#breadcrumb"},"inLanguage":"fr-FR","potentialAction":[{"@type":"ReadAction","target":["https:\/\/fvdrc.com\/fr\/reglement-des-differends\/le-systeme-de-reglement-des-differends\/"]}]},{"@type":"ImageObject","inLanguage":"fr-FR","@id":"https:\/\/fvdrc.com\/fr\/reglement-des-differends\/le-systeme-de-reglement-des-differends\/#primaryimage","url":"https:\/\/fvdrc.com\/wp-content\/uploads\/2020\/06\/stage-1-icon.svg","contentUrl":"https:\/\/fvdrc.com\/wp-content\/uploads\/2020\/06\/stage-1-icon.svg"},{"@type":"BreadcrumbList","@id":"https:\/\/fvdrc.com\/fr\/reglement-des-differends\/le-systeme-de-reglement-des-differends\/#breadcrumb","itemListElement":[{"@type":"ListItem","position":1,"name":"Home","item":"https:\/\/fvdrc.com\/fr\/"},{"@type":"ListItem","position":2,"name":"R\u00e8glement des diff\u00e9rends","item":"https:\/\/fvdrc.com\/fr\/reglement-des-differends\/"},{"@type":"ListItem","position":3,"name":"Le syst\u00e8me de r\u00e8glement des diff\u00e9rends"}]},{"@type":"WebSite","@id":"https:\/\/fvdrc.com\/#website","url":"https:\/\/fvdrc.com\/","name":"Fruit and Vegetable Dispute Resolution Corporation","description":"Trade with Confidence","publisher":{"@id":"https:\/\/fvdrc.com\/#organization"},"potentialAction":[{"@type":"SearchAction","target":{"@type":"EntryPoint","urlTemplate":"https:\/\/fvdrc.com\/?s={search_term_string}"},"query-input":{"@type":"PropertyValueSpecification","valueRequired":true,"valueName":"search_term_string"}}],"inLanguage":"fr-FR"},{"@type":"Organization","@id":"https:\/\/fvdrc.com\/#organization","name":"Fruit and Vegetable Dispute Resolution Corporation","url":"https:\/\/fvdrc.com\/","logo":{"@type":"ImageObject","inLanguage":"fr-FR","@id":"https:\/\/fvdrc.com\/#\/schema\/logo\/image\/","url":"https:\/\/fvdrc.com\/wp-content\/uploads\/2020\/06\/DRC-logo@2x.png","contentUrl":"https:\/\/fvdrc.com\/wp-content\/uploads\/2020\/06\/DRC-logo@2x.png","width":261,"height":140,"caption":"Fruit and Vegetable Dispute Resolution Corporation"},"image":{"@id":"https:\/\/fvdrc.com\/#\/schema\/logo\/image\/"}}]}},"featured_image_src":null,"featured_image_src_square":null,"uagb_featured_image_src":{"full":false,"thumbnail":false,"medium":false,"medium_large":false,"large":false,"gs-tiny":false,"xl":false,"xxl":false,"xxxl":false,"xxxxl":false,"xxxxxl":false,"1536x1536":false,"2048x2048":false,"gb-block-post-grid-landscape":false,"gb-block-post-grid-square":false,"post-thumbnail":false,"twentytwenty-fullscreen":false},"uagb_author_info":{"display_name":"DRC","author_link":"https:\/\/fvdrc.com\/fr\/solutions\/author\/drc\/"},"uagb_comment_info":0,"uagb_excerpt":"Le mod\u00e8le employ\u00e9 pour le r\u00e8glement des diff\u00e9rends repose sur un processus qui peut potentiellement comporter jusqu\u2019\u00e0 six \u00e9tapes potentielles. Ces \u00e9tapes sont cat\u00e9goris\u00e9es en trois types de services&nbsp;: \u00e9ducation, m\u00e9diation et arbitrage. La majorit\u00e9 des diff\u00e9rends sont r\u00e9solus \u00e0 l\u2019\u00e9tape 3 \u2013 la consultation et l\u2019encadrement. Habituellement, quelques appels t\u00e9l\u00e9phoniques ou quelques courriels suffiront&hellip;","_links":{"self":[{"href":"https:\/\/fvdrc.com\/fr\/wp-json\/wp\/v2\/pages\/4312","targetHints":{"allow":["GET"]}}],"collection":[{"href":"https:\/\/fvdrc.com\/fr\/wp-json\/wp\/v2\/pages"}],"about":[{"href":"https:\/\/fvdrc.com\/fr\/wp-json\/wp\/v2\/types\/page"}],"author":[{"embeddable":true,"href":"https:\/\/fvdrc.com\/fr\/wp-json\/wp\/v2\/users\/2"}],"replies":[{"embeddable":true,"href":"https:\/\/fvdrc.com\/fr\/wp-json\/wp\/v2\/comments?post=4312"}],"version-history":[{"count":16,"href":"https:\/\/fvdrc.com\/fr\/wp-json\/wp\/v2\/pages\/4312\/revisions"}],"predecessor-version":[{"id":15777,"href":"https:\/\/fvdrc.com\/fr\/wp-json\/wp\/v2\/pages\/4312\/revisions\/15777"}],"up":[{"embeddable":true,"href":"https:\/\/fvdrc.com\/fr\/wp-json\/wp\/v2\/pages\/313"}],"wp:attachment":[{"href":"https:\/\/fvdrc.com\/fr\/wp-json\/wp\/v2\/media?parent=4312"}],"curies":[{"name":"wp","href":"https:\/\/api.w.org\/{rel}","templated":true}]}}