{"id":3505,"date":"2020-06-23T08:09:40","date_gmt":"2020-06-23T12:09:40","guid":{"rendered":"https:\/\/www.fvdrc.com\/?page_id=3505"},"modified":"2020-11-16T12:59:04","modified_gmt":"2020-11-16T17:59:04","slug":"mediation","status":"publish","type":"page","link":"https:\/\/fvdrc.com\/fr\/reglement-des-differends\/mediation\/","title":{"rendered":"M\u00e9diation"},"content":{"rendered":"\n<p>Qu&#8217;est-ce que la m\u00e9diation? En termes simples, la m\u00e9diation est la n\u00e9gociation entre les parties au diff\u00e9rend, assist\u00e9es par une partie neutre. S&#8217;il n&#8217;est pas habilit\u00e9 \u00e0 imposer un r\u00e8glement, la pr\u00e9sence du m\u00e9diateur permet aux parties de comprendre la position de chaque partie sur la question en litige et de mieux r\u00e9soudre leur conflit. La DRC a aid\u00e9 \u00e0 r\u00e9soudre des conflits d&#8217;une valeur de plusieurs millions de dollars et nous nous effor\u00e7ons de conseiller et d&#8217;\u00e9duquer nos membres pour pr\u00e9venir et r\u00e9soudre les diff\u00e9rends gr\u00e2ce \u00e0 notre processus de m\u00e9diation informelle.<\/p>\n\n\n<section class=\"gb-block-post-grid featuredpage aligncenter fvdrc-post-lists child-pages\"><div class=\"gb-post-grid-items is-grid columns-2\"><article id=\"post-331\" class=\"gb-post-grid-item hide-featured-image post-331 page type-page status-publish hentry\"><div class=\"gb-block-post-grid-text\"><header class=\"gb-block-post-grid-header\"><h3 class=\"gb-block-post-grid-title\"><a href=\"https:\/\/fvdrc.com\/fr\/reglement-des-differends\/mediation\/mediation-informelle\/\" rel=\"bookmark\">M\u00e9diation informelle<\/a><\/h3><\/header><div class=\"gb-block-post-grid-excerpt\"><\/div><\/div><\/article>\n<\/div><\/section>","protected":false},"excerpt":{"rendered":"<p>Qu&#8217;est-ce que la m\u00e9diation? En termes simples, la m\u00e9diation est la n\u00e9gociation entre les parties au diff\u00e9rend, assist\u00e9es par une partie neutre. S&#8217;il n&#8217;est pas habilit\u00e9 \u00e0 imposer un r\u00e8glement, la pr\u00e9sence du m\u00e9diateur permet aux parties de comprendre la position de chaque partie sur la question en litige et de mieux r\u00e9soudre leur conflit. [&hellip;]<\/p>\n","protected":false},"author":5,"featured_media":0,"parent":313,"menu_order":0,"comment_status":"closed","ping_status":"closed","template":"","meta":{"_acf_changed":false,"_coblocks_attr":"","_coblocks_dimensions":"","_coblocks_responsive_height":"","_coblocks_accordion_ie_support":"","om_disable_all_campaigns":false,"_uag_custom_page_level_css":"","_monsterinsights_skip_tracking":false,"_monsterinsights_sitenote_active":false,"_monsterinsights_sitenote_note":"","_monsterinsights_sitenote_category":0,"_uf_show_specific_survey":0,"_uf_disable_surveys":false,"footnotes":""},"class_list":["post-3505","page","type-page","status-publish","hentry"],"acf":[],"aioseo_notices":[],"yoast_head":"<!-- This site is optimized with the Yoast SEO plugin v27.4 - https:\/\/yoast.com\/product\/yoast-seo-wordpress\/ -->\n<title>M\u00e9diation - Fruit and Vegetable Dispute Resolution Corporation<\/title>\n<meta name=\"robots\" content=\"index, follow, max-snippet:-1, max-image-preview:large, max-video-preview:-1\" \/>\n<link rel=\"canonical\" href=\"https:\/\/fvdrc.com\/fr\/reglement-des-differends\/mediation\/\" \/>\n<meta property=\"og:locale\" content=\"fr_FR\" \/>\n<meta property=\"og:type\" content=\"article\" \/>\n<meta property=\"og:title\" content=\"M\u00e9diation - Fruit and Vegetable Dispute Resolution Corporation\" \/>\n<meta property=\"og:description\" content=\"Qu&#8217;est-ce que la m\u00e9diation? En termes simples, la m\u00e9diation est la n\u00e9gociation entre les parties au diff\u00e9rend, assist\u00e9es par une partie neutre. S&#8217;il n&#8217;est pas habilit\u00e9 \u00e0 imposer un r\u00e8glement, la pr\u00e9sence du m\u00e9diateur permet aux parties de comprendre la position de chaque partie sur la question en litige et de mieux r\u00e9soudre leur conflit. [&hellip;]\" \/>\n<meta property=\"og:url\" content=\"https:\/\/fvdrc.com\/fr\/reglement-des-differends\/mediation\/\" \/>\n<meta property=\"og:site_name\" content=\"Fruit and Vegetable Dispute Resolution Corporation\" \/>\n<meta property=\"article:modified_time\" content=\"2020-11-16T17:59:04+00:00\" \/>\n<meta name=\"twitter:card\" content=\"summary_large_image\" \/>\n<meta name=\"twitter:label1\" content=\"Est. reading time\" \/>\n\t<meta name=\"twitter:data1\" content=\"1 minute\" \/>\n<script type=\"application\/ld+json\" class=\"yoast-schema-graph\">{\"@context\":\"https:\\\/\\\/schema.org\",\"@graph\":[{\"@type\":\"WebPage\",\"@id\":\"https:\\\/\\\/fvdrc.com\\\/fr\\\/reglement-des-differends\\\/mediation\\\/\",\"url\":\"https:\\\/\\\/fvdrc.com\\\/fr\\\/reglement-des-differends\\\/mediation\\\/\",\"name\":\"M\u00e9diation - Fruit and Vegetable Dispute Resolution Corporation\",\"isPartOf\":{\"@id\":\"https:\\\/\\\/fvdrc.com\\\/#website\"},\"datePublished\":\"2020-06-23T12:09:40+00:00\",\"dateModified\":\"2020-11-16T17:59:04+00:00\",\"breadcrumb\":{\"@id\":\"https:\\\/\\\/fvdrc.com\\\/fr\\\/reglement-des-differends\\\/mediation\\\/#breadcrumb\"},\"inLanguage\":\"fr-FR\",\"potentialAction\":[{\"@type\":\"ReadAction\",\"target\":[\"https:\\\/\\\/fvdrc.com\\\/fr\\\/reglement-des-differends\\\/mediation\\\/\"]}]},{\"@type\":\"BreadcrumbList\",\"@id\":\"https:\\\/\\\/fvdrc.com\\\/fr\\\/reglement-des-differends\\\/mediation\\\/#breadcrumb\",\"itemListElement\":[{\"@type\":\"ListItem\",\"position\":1,\"name\":\"Home\",\"item\":\"https:\\\/\\\/fvdrc.com\\\/fr\\\/\"},{\"@type\":\"ListItem\",\"position\":2,\"name\":\"R\u00e8glement des diff\u00e9rends\",\"item\":\"https:\\\/\\\/fvdrc.com\\\/fr\\\/reglement-des-differends\\\/\"},{\"@type\":\"ListItem\",\"position\":3,\"name\":\"M\u00e9diation\"}]},{\"@type\":\"WebSite\",\"@id\":\"https:\\\/\\\/fvdrc.com\\\/#website\",\"url\":\"https:\\\/\\\/fvdrc.com\\\/\",\"name\":\"Fruit and Vegetable Dispute Resolution Corporation\",\"description\":\"Trade with Confidence\",\"publisher\":{\"@id\":\"https:\\\/\\\/fvdrc.com\\\/#organization\"},\"potentialAction\":[{\"@type\":\"SearchAction\",\"target\":{\"@type\":\"EntryPoint\",\"urlTemplate\":\"https:\\\/\\\/fvdrc.com\\\/?s={search_term_string}\"},\"query-input\":{\"@type\":\"PropertyValueSpecification\",\"valueRequired\":true,\"valueName\":\"search_term_string\"}}],\"inLanguage\":\"fr-FR\"},{\"@type\":\"Organization\",\"@id\":\"https:\\\/\\\/fvdrc.com\\\/#organization\",\"name\":\"Fruit and Vegetable Dispute Resolution Corporation\",\"url\":\"https:\\\/\\\/fvdrc.com\\\/\",\"logo\":{\"@type\":\"ImageObject\",\"inLanguage\":\"fr-FR\",\"@id\":\"https:\\\/\\\/fvdrc.com\\\/#\\\/schema\\\/logo\\\/image\\\/\",\"url\":\"https:\\\/\\\/fvdrc.com\\\/wp-content\\\/uploads\\\/2020\\\/06\\\/DRC-logo@2x.png\",\"contentUrl\":\"https:\\\/\\\/fvdrc.com\\\/wp-content\\\/uploads\\\/2020\\\/06\\\/DRC-logo@2x.png\",\"width\":261,\"height\":140,\"caption\":\"Fruit and Vegetable Dispute Resolution Corporation\"},\"image\":{\"@id\":\"https:\\\/\\\/fvdrc.com\\\/#\\\/schema\\\/logo\\\/image\\\/\"}}]}<\/script>\n<!-- \/ Yoast SEO plugin. -->","yoast_head_json":{"title":"M\u00e9diation - Fruit and Vegetable Dispute Resolution Corporation","robots":{"index":"index","follow":"follow","max-snippet":"max-snippet:-1","max-image-preview":"max-image-preview:large","max-video-preview":"max-video-preview:-1"},"canonical":"https:\/\/fvdrc.com\/fr\/reglement-des-differends\/mediation\/","og_locale":"fr_FR","og_type":"article","og_title":"M\u00e9diation - Fruit and Vegetable Dispute Resolution Corporation","og_description":"Qu&#8217;est-ce que la m\u00e9diation? En termes simples, la m\u00e9diation est la n\u00e9gociation entre les parties au diff\u00e9rend, assist\u00e9es par une partie neutre. S&#8217;il n&#8217;est pas habilit\u00e9 \u00e0 imposer un r\u00e8glement, la pr\u00e9sence du m\u00e9diateur permet aux parties de comprendre la position de chaque partie sur la question en litige et de mieux r\u00e9soudre leur conflit. [&hellip;]","og_url":"https:\/\/fvdrc.com\/fr\/reglement-des-differends\/mediation\/","og_site_name":"Fruit and Vegetable Dispute Resolution Corporation","article_modified_time":"2020-11-16T17:59:04+00:00","twitter_card":"summary_large_image","twitter_misc":{"Est. reading time":"1 minute"},"schema":{"@context":"https:\/\/schema.org","@graph":[{"@type":"WebPage","@id":"https:\/\/fvdrc.com\/fr\/reglement-des-differends\/mediation\/","url":"https:\/\/fvdrc.com\/fr\/reglement-des-differends\/mediation\/","name":"M\u00e9diation - Fruit and Vegetable Dispute Resolution Corporation","isPartOf":{"@id":"https:\/\/fvdrc.com\/#website"},"datePublished":"2020-06-23T12:09:40+00:00","dateModified":"2020-11-16T17:59:04+00:00","breadcrumb":{"@id":"https:\/\/fvdrc.com\/fr\/reglement-des-differends\/mediation\/#breadcrumb"},"inLanguage":"fr-FR","potentialAction":[{"@type":"ReadAction","target":["https:\/\/fvdrc.com\/fr\/reglement-des-differends\/mediation\/"]}]},{"@type":"BreadcrumbList","@id":"https:\/\/fvdrc.com\/fr\/reglement-des-differends\/mediation\/#breadcrumb","itemListElement":[{"@type":"ListItem","position":1,"name":"Home","item":"https:\/\/fvdrc.com\/fr\/"},{"@type":"ListItem","position":2,"name":"R\u00e8glement des diff\u00e9rends","item":"https:\/\/fvdrc.com\/fr\/reglement-des-differends\/"},{"@type":"ListItem","position":3,"name":"M\u00e9diation"}]},{"@type":"WebSite","@id":"https:\/\/fvdrc.com\/#website","url":"https:\/\/fvdrc.com\/","name":"Fruit and Vegetable Dispute Resolution Corporation","description":"Trade with Confidence","publisher":{"@id":"https:\/\/fvdrc.com\/#organization"},"potentialAction":[{"@type":"SearchAction","target":{"@type":"EntryPoint","urlTemplate":"https:\/\/fvdrc.com\/?s={search_term_string}"},"query-input":{"@type":"PropertyValueSpecification","valueRequired":true,"valueName":"search_term_string"}}],"inLanguage":"fr-FR"},{"@type":"Organization","@id":"https:\/\/fvdrc.com\/#organization","name":"Fruit and Vegetable Dispute Resolution Corporation","url":"https:\/\/fvdrc.com\/","logo":{"@type":"ImageObject","inLanguage":"fr-FR","@id":"https:\/\/fvdrc.com\/#\/schema\/logo\/image\/","url":"https:\/\/fvdrc.com\/wp-content\/uploads\/2020\/06\/DRC-logo@2x.png","contentUrl":"https:\/\/fvdrc.com\/wp-content\/uploads\/2020\/06\/DRC-logo@2x.png","width":261,"height":140,"caption":"Fruit and Vegetable Dispute Resolution Corporation"},"image":{"@id":"https:\/\/fvdrc.com\/#\/schema\/logo\/image\/"}}]}},"featured_image_src":null,"featured_image_src_square":null,"uagb_featured_image_src":{"full":false,"thumbnail":false,"medium":false,"medium_large":false,"large":false,"gs-tiny":false,"xl":false,"xxl":false,"xxxl":false,"xxxxl":false,"xxxxxl":false,"1536x1536":false,"2048x2048":false,"gb-block-post-grid-landscape":false,"gb-block-post-grid-square":false,"post-thumbnail":false,"twentytwenty-fullscreen":false},"uagb_author_info":{"display_name":"pande","author_link":"https:\/\/fvdrc.com\/fr\/solutions\/author\/pande\/"},"uagb_comment_info":0,"uagb_excerpt":"Qu&#8217;est-ce que la m\u00e9diation? En termes simples, la m\u00e9diation est la n\u00e9gociation entre les parties au diff\u00e9rend, assist\u00e9es par une partie neutre. S&#8217;il n&#8217;est pas habilit\u00e9 \u00e0 imposer un r\u00e8glement, la pr\u00e9sence du m\u00e9diateur permet aux parties de comprendre la position de chaque partie sur la question en litige et de mieux r\u00e9soudre leur conflit.&hellip;","_links":{"self":[{"href":"https:\/\/fvdrc.com\/fr\/wp-json\/wp\/v2\/pages\/3505","targetHints":{"allow":["GET"]}}],"collection":[{"href":"https:\/\/fvdrc.com\/fr\/wp-json\/wp\/v2\/pages"}],"about":[{"href":"https:\/\/fvdrc.com\/fr\/wp-json\/wp\/v2\/types\/page"}],"author":[{"embeddable":true,"href":"https:\/\/fvdrc.com\/fr\/wp-json\/wp\/v2\/users\/5"}],"replies":[{"embeddable":true,"href":"https:\/\/fvdrc.com\/fr\/wp-json\/wp\/v2\/comments?post=3505"}],"version-history":[{"count":4,"href":"https:\/\/fvdrc.com\/fr\/wp-json\/wp\/v2\/pages\/3505\/revisions"}],"predecessor-version":[{"id":4537,"href":"https:\/\/fvdrc.com\/fr\/wp-json\/wp\/v2\/pages\/3505\/revisions\/4537"}],"up":[{"embeddable":true,"href":"https:\/\/fvdrc.com\/fr\/wp-json\/wp\/v2\/pages\/313"}],"wp:attachment":[{"href":"https:\/\/fvdrc.com\/fr\/wp-json\/wp\/v2\/media?parent=3505"}],"curies":[{"name":"wp","href":"https:\/\/api.w.org\/{rel}","templated":true}]}}