{"id":3493,"date":"2020-06-23T08:07:06","date_gmt":"2020-06-23T12:07:06","guid":{"rendered":"https:\/\/www.fvdrc.com\/?page_id=3493"},"modified":"2026-01-21T16:30:25","modified_gmt":"2026-01-21T21:30:25","slug":"ladhesion-a-la-drc-plus-que-de-bonnes-affaires","status":"publish","type":"page","link":"https:\/\/fvdrc.com\/fr\/ladhesion-a-la-drc-plus-que-de-bonnes-affaires\/","title":{"rendered":"L&#8217;adh\u00e9sion \u00e0 la DRC : Commercez en toute confiance, o\u00f9 que vous soyez dans le monde."},"content":{"rendered":"\n<p>La Corporation de r\u00e8glement des diff\u00e9rends dans les fruits et l\u00e9gumes (la DRC) est un organisme sans but lucratif form\u00e9 par ses membres, dont l&#8217;activit\u00e9 fondamentale consiste \u00e0 fournir aux entreprises priv\u00e9es \u0153uvrant dans le secteur des fruits et l\u00e9gumes frais des services leur permettant de r\u00e9gler leurs diff\u00e9rends commerciaux. En d&#8217;autres termes, la DRC joue le r\u00f4le d&#8217;arbitre entre les parties quand l&#8217;achat ou la vente n&#8217;a pas abouti aux r\u00e9sultats escompt\u00e9s.<\/p>\n\n\n\n<p>Nos membres sont reconnus \u00e0 titre d&#8217;acheteurs et vendeurs privil\u00e9gi\u00e9s, ce qui conduit \u00e0 un r\u00e9seautage de bien meilleure qualit\u00e9! Vous obtenez en outre :<\/p>\n\n\n\n<ul class=\"wp-block-list\">\n<li>acc\u00e8s \u00e0 notre volumineux r\u00e9pertoire des membres et aux renseignements les plus r\u00e9cents sur les partenaires commerciaux actuels ou potentiels.<\/li>\n\n\n\n<li>une meilleure assurance commerciale.<\/li>\n\n\n\n<li>des consultations professionnelles confidentielles personnalis\u00e9es.<\/li>\n<\/ul>\n\n\n\n<p>Visitez notre <a href=\"https:\/\/fvdrc.com\/fr\/adhesion\/\">section L&#8217;adh\u00e9sion<\/a> pour d\u00e9couvrir tous les autres avantages offerts, en anglais, en espagnol ou en fran\u00e7ais, aux membres de la DRC.<\/p>\n\n\n\n<div class=\"wp-block-group buttons-container is-content-justification-center is-nowrap is-layout-flex wp-container-core-group-is-layout-94bc23d7 wp-block-group-is-layout-flex\">\n<div class=\"wp-block-button join-drc-button\"><a class=\"wp-block-button__link wp-element-button\" href=\"https:\/\/fvdrc.com\/fr\/formulaires-de-demande\/\">REJOIGNEZ LE DRC<\/a><\/div>\n<\/div>\n","protected":false},"excerpt":{"rendered":"<p>La Corporation de r\u00e8glement des diff\u00e9rends dans les fruits et l\u00e9gumes (la DRC) est un organisme sans but lucratif form\u00e9 par ses membres, dont l&#8217;activit\u00e9 fondamentale consiste \u00e0 fournir aux entreprises priv\u00e9es \u0153uvrant dans le secteur des fruits et l\u00e9gumes frais des services leur permettant de r\u00e9gler leurs diff\u00e9rends commerciaux. En d&#8217;autres termes, la DRC [&hellip;]<\/p>\n","protected":false},"author":5,"featured_media":0,"parent":0,"menu_order":0,"comment_status":"closed","ping_status":"closed","template":"","meta":{"_acf_changed":false,"_coblocks_attr":"","_coblocks_dimensions":"","_coblocks_responsive_height":"","_coblocks_accordion_ie_support":"","om_disable_all_campaigns":false,"_uag_custom_page_level_css":"","_monsterinsights_skip_tracking":false,"_monsterinsights_sitenote_active":false,"_monsterinsights_sitenote_note":"","_monsterinsights_sitenote_category":0,"_uf_show_specific_survey":0,"_uf_disable_surveys":false,"footnotes":""},"class_list":["post-3493","page","type-page","status-publish","hentry"],"acf":[],"aioseo_notices":[],"yoast_head":"<!-- This site is optimized with the Yoast SEO plugin v27.6 - https:\/\/yoast.com\/product\/yoast-seo-wordpress\/ -->\n<title>L&#039;adh\u00e9sion \u00e0 la DRC : Commercez en toute confiance, o\u00f9 que vous soyez dans le monde. - Fruit and Vegetable Dispute Resolution Corporation<\/title>\n<meta name=\"robots\" content=\"index, follow, max-snippet:-1, max-image-preview:large, max-video-preview:-1\" \/>\n<link rel=\"canonical\" href=\"https:\/\/fvdrc.com\/fr\/ladhesion-a-la-drc-plus-que-de-bonnes-affaires\/\" \/>\n<meta property=\"og:locale\" content=\"fr_FR\" \/>\n<meta property=\"og:type\" content=\"article\" \/>\n<meta property=\"og:title\" content=\"L&#039;adh\u00e9sion \u00e0 la DRC : Commercez en toute confiance, o\u00f9 que vous soyez dans le monde. - Fruit and Vegetable Dispute Resolution Corporation\" \/>\n<meta property=\"og:description\" content=\"La Corporation de r\u00e8glement des diff\u00e9rends dans les fruits et l\u00e9gumes (la DRC) est un organisme sans but lucratif form\u00e9 par ses membres, dont l&#8217;activit\u00e9 fondamentale consiste \u00e0 fournir aux entreprises priv\u00e9es \u0153uvrant dans le secteur des fruits et l\u00e9gumes frais des services leur permettant de r\u00e9gler leurs diff\u00e9rends commerciaux. En d&#8217;autres termes, la DRC [&hellip;]\" \/>\n<meta property=\"og:url\" content=\"https:\/\/fvdrc.com\/fr\/ladhesion-a-la-drc-plus-que-de-bonnes-affaires\/\" \/>\n<meta property=\"og:site_name\" content=\"Fruit and Vegetable Dispute Resolution Corporation\" \/>\n<meta property=\"article:modified_time\" content=\"2026-01-21T21:30:25+00:00\" \/>\n<meta name=\"twitter:card\" content=\"summary_large_image\" \/>\n<meta name=\"twitter:label1\" content=\"Est. reading time\" \/>\n\t<meta name=\"twitter:data1\" content=\"1 minute\" \/>\n<script type=\"application\/ld+json\" class=\"yoast-schema-graph\">{\"@context\":\"https:\\\/\\\/schema.org\",\"@graph\":[{\"@type\":\"WebPage\",\"@id\":\"https:\\\/\\\/fvdrc.com\\\/fr\\\/ladhesion-a-la-drc-plus-que-de-bonnes-affaires\\\/\",\"url\":\"https:\\\/\\\/fvdrc.com\\\/fr\\\/ladhesion-a-la-drc-plus-que-de-bonnes-affaires\\\/\",\"name\":\"L'adh\u00e9sion \u00e0 la DRC : Commercez en toute confiance, o\u00f9 que vous soyez dans le monde. - Fruit and Vegetable Dispute Resolution Corporation\",\"isPartOf\":{\"@id\":\"https:\\\/\\\/fvdrc.com\\\/#website\"},\"datePublished\":\"2020-06-23T12:07:06+00:00\",\"dateModified\":\"2026-01-21T21:30:25+00:00\",\"breadcrumb\":{\"@id\":\"https:\\\/\\\/fvdrc.com\\\/fr\\\/ladhesion-a-la-drc-plus-que-de-bonnes-affaires\\\/#breadcrumb\"},\"inLanguage\":\"fr-FR\",\"potentialAction\":[{\"@type\":\"ReadAction\",\"target\":[\"https:\\\/\\\/fvdrc.com\\\/fr\\\/ladhesion-a-la-drc-plus-que-de-bonnes-affaires\\\/\"]}]},{\"@type\":\"BreadcrumbList\",\"@id\":\"https:\\\/\\\/fvdrc.com\\\/fr\\\/ladhesion-a-la-drc-plus-que-de-bonnes-affaires\\\/#breadcrumb\",\"itemListElement\":[{\"@type\":\"ListItem\",\"position\":1,\"name\":\"Home\",\"item\":\"https:\\\/\\\/fvdrc.com\\\/fr\\\/\"},{\"@type\":\"ListItem\",\"position\":2,\"name\":\"L&#8217;adh\u00e9sion \u00e0 la DRC : Commercez en toute confiance, o\u00f9 que vous soyez dans le monde.\"}]},{\"@type\":\"WebSite\",\"@id\":\"https:\\\/\\\/fvdrc.com\\\/#website\",\"url\":\"https:\\\/\\\/fvdrc.com\\\/\",\"name\":\"Fruit and Vegetable Dispute Resolution Corporation\",\"description\":\"Trade with Confidence\",\"publisher\":{\"@id\":\"https:\\\/\\\/fvdrc.com\\\/#organization\"},\"potentialAction\":[{\"@type\":\"SearchAction\",\"target\":{\"@type\":\"EntryPoint\",\"urlTemplate\":\"https:\\\/\\\/fvdrc.com\\\/?s={search_term_string}\"},\"query-input\":{\"@type\":\"PropertyValueSpecification\",\"valueRequired\":true,\"valueName\":\"search_term_string\"}}],\"inLanguage\":\"fr-FR\"},{\"@type\":\"Organization\",\"@id\":\"https:\\\/\\\/fvdrc.com\\\/#organization\",\"name\":\"Fruit and Vegetable Dispute Resolution Corporation\",\"url\":\"https:\\\/\\\/fvdrc.com\\\/\",\"logo\":{\"@type\":\"ImageObject\",\"inLanguage\":\"fr-FR\",\"@id\":\"https:\\\/\\\/fvdrc.com\\\/#\\\/schema\\\/logo\\\/image\\\/\",\"url\":\"https:\\\/\\\/fvdrc.com\\\/wp-content\\\/uploads\\\/2020\\\/06\\\/DRC-logo@2x.png\",\"contentUrl\":\"https:\\\/\\\/fvdrc.com\\\/wp-content\\\/uploads\\\/2020\\\/06\\\/DRC-logo@2x.png\",\"width\":261,\"height\":140,\"caption\":\"Fruit and Vegetable Dispute Resolution Corporation\"},\"image\":{\"@id\":\"https:\\\/\\\/fvdrc.com\\\/#\\\/schema\\\/logo\\\/image\\\/\"}}]}<\/script>\n<!-- \/ Yoast SEO plugin. -->","yoast_head_json":{"title":"L'adh\u00e9sion \u00e0 la DRC : Commercez en toute confiance, o\u00f9 que vous soyez dans le monde. - Fruit and Vegetable Dispute Resolution Corporation","robots":{"index":"index","follow":"follow","max-snippet":"max-snippet:-1","max-image-preview":"max-image-preview:large","max-video-preview":"max-video-preview:-1"},"canonical":"https:\/\/fvdrc.com\/fr\/ladhesion-a-la-drc-plus-que-de-bonnes-affaires\/","og_locale":"fr_FR","og_type":"article","og_title":"L'adh\u00e9sion \u00e0 la DRC : Commercez en toute confiance, o\u00f9 que vous soyez dans le monde. - Fruit and Vegetable Dispute Resolution Corporation","og_description":"La Corporation de r\u00e8glement des diff\u00e9rends dans les fruits et l\u00e9gumes (la DRC) est un organisme sans but lucratif form\u00e9 par ses membres, dont l&#8217;activit\u00e9 fondamentale consiste \u00e0 fournir aux entreprises priv\u00e9es \u0153uvrant dans le secteur des fruits et l\u00e9gumes frais des services leur permettant de r\u00e9gler leurs diff\u00e9rends commerciaux. En d&#8217;autres termes, la DRC [&hellip;]","og_url":"https:\/\/fvdrc.com\/fr\/ladhesion-a-la-drc-plus-que-de-bonnes-affaires\/","og_site_name":"Fruit and Vegetable Dispute Resolution Corporation","article_modified_time":"2026-01-21T21:30:25+00:00","twitter_card":"summary_large_image","twitter_misc":{"Est. reading time":"1 minute"},"schema":{"@context":"https:\/\/schema.org","@graph":[{"@type":"WebPage","@id":"https:\/\/fvdrc.com\/fr\/ladhesion-a-la-drc-plus-que-de-bonnes-affaires\/","url":"https:\/\/fvdrc.com\/fr\/ladhesion-a-la-drc-plus-que-de-bonnes-affaires\/","name":"L'adh\u00e9sion \u00e0 la DRC : Commercez en toute confiance, o\u00f9 que vous soyez dans le monde. - Fruit and Vegetable Dispute Resolution Corporation","isPartOf":{"@id":"https:\/\/fvdrc.com\/#website"},"datePublished":"2020-06-23T12:07:06+00:00","dateModified":"2026-01-21T21:30:25+00:00","breadcrumb":{"@id":"https:\/\/fvdrc.com\/fr\/ladhesion-a-la-drc-plus-que-de-bonnes-affaires\/#breadcrumb"},"inLanguage":"fr-FR","potentialAction":[{"@type":"ReadAction","target":["https:\/\/fvdrc.com\/fr\/ladhesion-a-la-drc-plus-que-de-bonnes-affaires\/"]}]},{"@type":"BreadcrumbList","@id":"https:\/\/fvdrc.com\/fr\/ladhesion-a-la-drc-plus-que-de-bonnes-affaires\/#breadcrumb","itemListElement":[{"@type":"ListItem","position":1,"name":"Home","item":"https:\/\/fvdrc.com\/fr\/"},{"@type":"ListItem","position":2,"name":"L&#8217;adh\u00e9sion \u00e0 la DRC : Commercez en toute confiance, o\u00f9 que vous soyez dans le monde."}]},{"@type":"WebSite","@id":"https:\/\/fvdrc.com\/#website","url":"https:\/\/fvdrc.com\/","name":"Fruit and Vegetable Dispute Resolution Corporation","description":"Trade with Confidence","publisher":{"@id":"https:\/\/fvdrc.com\/#organization"},"potentialAction":[{"@type":"SearchAction","target":{"@type":"EntryPoint","urlTemplate":"https:\/\/fvdrc.com\/?s={search_term_string}"},"query-input":{"@type":"PropertyValueSpecification","valueRequired":true,"valueName":"search_term_string"}}],"inLanguage":"fr-FR"},{"@type":"Organization","@id":"https:\/\/fvdrc.com\/#organization","name":"Fruit and Vegetable Dispute Resolution Corporation","url":"https:\/\/fvdrc.com\/","logo":{"@type":"ImageObject","inLanguage":"fr-FR","@id":"https:\/\/fvdrc.com\/#\/schema\/logo\/image\/","url":"https:\/\/fvdrc.com\/wp-content\/uploads\/2020\/06\/DRC-logo@2x.png","contentUrl":"https:\/\/fvdrc.com\/wp-content\/uploads\/2020\/06\/DRC-logo@2x.png","width":261,"height":140,"caption":"Fruit and Vegetable Dispute Resolution Corporation"},"image":{"@id":"https:\/\/fvdrc.com\/#\/schema\/logo\/image\/"}}]}},"featured_image_src":null,"featured_image_src_square":null,"uagb_featured_image_src":{"full":false,"thumbnail":false,"medium":false,"medium_large":false,"large":false,"gs-tiny":false,"xl":false,"xxl":false,"xxxl":false,"xxxxl":false,"xxxxxl":false,"1536x1536":false,"2048x2048":false,"gb-block-post-grid-landscape":false,"gb-block-post-grid-square":false,"post-thumbnail":false,"twentytwenty-fullscreen":false},"uagb_author_info":{"display_name":"pande","author_link":"https:\/\/fvdrc.com\/fr\/solutions\/author\/pande\/"},"uagb_comment_info":0,"uagb_excerpt":"La Corporation de r\u00e8glement des diff\u00e9rends dans les fruits et l\u00e9gumes (la DRC) est un organisme sans but lucratif form\u00e9 par ses membres, dont l&#8217;activit\u00e9 fondamentale consiste \u00e0 fournir aux entreprises priv\u00e9es \u0153uvrant dans le secteur des fruits et l\u00e9gumes frais des services leur permettant de r\u00e9gler leurs diff\u00e9rends commerciaux. En d&#8217;autres termes, la DRC&hellip;","_links":{"self":[{"href":"https:\/\/fvdrc.com\/fr\/wp-json\/wp\/v2\/pages\/3493","targetHints":{"allow":["GET"]}}],"collection":[{"href":"https:\/\/fvdrc.com\/fr\/wp-json\/wp\/v2\/pages"}],"about":[{"href":"https:\/\/fvdrc.com\/fr\/wp-json\/wp\/v2\/types\/page"}],"author":[{"embeddable":true,"href":"https:\/\/fvdrc.com\/fr\/wp-json\/wp\/v2\/users\/5"}],"replies":[{"embeddable":true,"href":"https:\/\/fvdrc.com\/fr\/wp-json\/wp\/v2\/comments?post=3493"}],"version-history":[{"count":12,"href":"https:\/\/fvdrc.com\/fr\/wp-json\/wp\/v2\/pages\/3493\/revisions"}],"predecessor-version":[{"id":14948,"href":"https:\/\/fvdrc.com\/fr\/wp-json\/wp\/v2\/pages\/3493\/revisions\/14948"}],"wp:attachment":[{"href":"https:\/\/fvdrc.com\/fr\/wp-json\/wp\/v2\/media?parent=3493"}],"curies":[{"name":"wp","href":"https:\/\/api.w.org\/{rel}","templated":true}]}}