{"id":341,"date":"2016-10-12T17:41:00","date_gmt":"2016-10-12T21:41:00","guid":{"rendered":"https:\/\/fvdrc.com\/?page_id=341"},"modified":"2026-02-04T17:30:38","modified_gmt":"2026-02-04T22:30:38","slug":"solutions","status":"publish","type":"page","link":"https:\/\/fvdrc.com\/fr\/ressources\/solutions\/","title":{"rendered":"Solutions"},"content":{"rendered":"\n<p>Demeurez bien au courant des plus r\u00e9centes actualit\u00e9s dans le secteur des l\u00e9gumes frais en souscrivant \u00e0 notre bulletin mensuel. Le bulletin contient une foule d\u2019articles d\u2019int\u00e9r\u00eat, dont des \u00e9tudes de cas, des rapports particuliers et bien d\u2019autres renseignements utiles pour vous et votre entreprise, qui vous aideront \u00e0 prosp\u00e9rer davantage. Vous trouverez ci-dessous des articles int\u00e9graux couvrant une vari\u00e9t\u00e9 de sujet, y compris en mati\u00e8re d\u2019\u00e9ducation, de m\u00e9dication, d\u2019arbitrage et bien plus encore pour vous tenir toujours bien inform\u00e9.<\/p>\n\n\n\n<p>Ne ratez pas la chance de b\u00e9n\u00e9ficier de cet outil pr\u00e9cieux \u2013 Abonnez-vous au bulletin d\u00e8s maintenant!<\/p>\n\n\n\n<p>Encore plus de mani\u00e8res de se tenir inform\u00e9.<\/p>\n\n\n\n<div class=\"wp-block-buttons is-layout-flex wp-block-buttons-is-layout-flex\">\n<div class=\"wp-block-button\"><a class=\"wp-block-button__link wp-element-button\" href=\"https:\/\/mailchi.mp\/fvdrc\/solutions\" target=\"_blank\" rel=\"noreferrer noopener\">CLIQUEZ ICI POUR VOUS INSCRIRE<\/a><\/div>\n<\/div>\n","protected":false},"excerpt":{"rendered":"<p>Demeurez bien au courant des plus r\u00e9centes actualit\u00e9s dans le secteur des l\u00e9gumes frais en souscrivant \u00e0 notre bulletin mensuel. Le bulletin contient une foule d\u2019articles d\u2019int\u00e9r\u00eat, dont des \u00e9tudes de cas, des rapports particuliers et bien d\u2019autres renseignements utiles pour vous et votre entreprise, qui vous aideront \u00e0 prosp\u00e9rer davantage. Vous trouverez ci-dessous des [&hellip;]<\/p>\n","protected":false},"author":2,"featured_media":0,"parent":3501,"menu_order":29,"comment_status":"closed","ping_status":"closed","template":"","meta":{"_acf_changed":false,"_coblocks_attr":"","_coblocks_dimensions":"","_coblocks_responsive_height":"","_coblocks_accordion_ie_support":"","om_disable_all_campaigns":false,"_uag_custom_page_level_css":"","_monsterinsights_skip_tracking":false,"_monsterinsights_sitenote_active":false,"_monsterinsights_sitenote_note":"","_monsterinsights_sitenote_category":0,"_uf_show_specific_survey":0,"_uf_disable_surveys":false,"footnotes":""},"class_list":["post-341","page","type-page","status-publish","hentry"],"acf":[],"aioseo_notices":[],"yoast_head":"<!-- This site is optimized with the Yoast SEO plugin v27.4 - https:\/\/yoast.com\/product\/yoast-seo-wordpress\/ -->\n<title>Solutions - Fruit and Vegetable Dispute Resolution Corporation<\/title>\n<meta name=\"description\" content=\"Demeurez bien au courant des plus r\u00e9centes actualit\u00e9s dans le secteur des l\u00e9gumes frais en souscrivant \u00e0 notre bulletin mensuel.\" \/>\n<meta name=\"robots\" content=\"index, follow, max-snippet:-1, max-image-preview:large, max-video-preview:-1\" \/>\n<link rel=\"canonical\" href=\"https:\/\/fvdrc.com\/fr\/ressources\/solutions\/\" \/>\n<meta property=\"og:locale\" content=\"fr_FR\" \/>\n<meta property=\"og:type\" content=\"article\" \/>\n<meta property=\"og:title\" content=\"Solutions - Fruit and Vegetable Dispute Resolution Corporation\" \/>\n<meta property=\"og:description\" content=\"Demeurez bien au courant des plus r\u00e9centes actualit\u00e9s dans le secteur des l\u00e9gumes frais en souscrivant \u00e0 notre bulletin mensuel.\" \/>\n<meta property=\"og:url\" content=\"https:\/\/fvdrc.com\/fr\/ressources\/solutions\/\" \/>\n<meta property=\"og:site_name\" content=\"Fruit and Vegetable Dispute Resolution Corporation\" \/>\n<meta property=\"article:modified_time\" content=\"2026-02-04T22:30:38+00:00\" \/>\n<meta name=\"twitter:card\" content=\"summary_large_image\" \/>\n<meta name=\"twitter:label1\" content=\"Est. reading time\" \/>\n\t<meta name=\"twitter:data1\" content=\"1 minute\" \/>\n<script type=\"application\/ld+json\" class=\"yoast-schema-graph\">{\"@context\":\"https:\\\/\\\/schema.org\",\"@graph\":[{\"@type\":\"WebPage\",\"@id\":\"https:\\\/\\\/fvdrc.com\\\/fr\\\/ressources\\\/solutions\\\/\",\"url\":\"https:\\\/\\\/fvdrc.com\\\/fr\\\/ressources\\\/solutions\\\/\",\"name\":\"Solutions - Fruit and Vegetable Dispute Resolution Corporation\",\"isPartOf\":{\"@id\":\"https:\\\/\\\/fvdrc.com\\\/#website\"},\"datePublished\":\"2016-10-12T21:41:00+00:00\",\"dateModified\":\"2026-02-04T22:30:38+00:00\",\"description\":\"Demeurez bien au courant des plus r\u00e9centes actualit\u00e9s dans le secteur des l\u00e9gumes frais en souscrivant \u00e0 notre bulletin mensuel.\",\"breadcrumb\":{\"@id\":\"https:\\\/\\\/fvdrc.com\\\/fr\\\/ressources\\\/solutions\\\/#breadcrumb\"},\"inLanguage\":\"fr-FR\",\"potentialAction\":[{\"@type\":\"ReadAction\",\"target\":[\"https:\\\/\\\/fvdrc.com\\\/fr\\\/ressources\\\/solutions\\\/\"]}]},{\"@type\":\"BreadcrumbList\",\"@id\":\"https:\\\/\\\/fvdrc.com\\\/fr\\\/ressources\\\/solutions\\\/#breadcrumb\",\"itemListElement\":[{\"@type\":\"ListItem\",\"position\":1,\"name\":\"Home\",\"item\":\"https:\\\/\\\/fvdrc.com\\\/fr\\\/\"},{\"@type\":\"ListItem\",\"position\":2,\"name\":\"Ressources\",\"item\":\"https:\\\/\\\/www.fvdrc.com\\\/fr\\\/ressources\\\/\"},{\"@type\":\"ListItem\",\"position\":3,\"name\":\"Solutions\"}]},{\"@type\":\"WebSite\",\"@id\":\"https:\\\/\\\/fvdrc.com\\\/#website\",\"url\":\"https:\\\/\\\/fvdrc.com\\\/\",\"name\":\"Fruit and Vegetable Dispute Resolution Corporation\",\"description\":\"Trade with Confidence\",\"publisher\":{\"@id\":\"https:\\\/\\\/fvdrc.com\\\/#organization\"},\"potentialAction\":[{\"@type\":\"SearchAction\",\"target\":{\"@type\":\"EntryPoint\",\"urlTemplate\":\"https:\\\/\\\/fvdrc.com\\\/?s={search_term_string}\"},\"query-input\":{\"@type\":\"PropertyValueSpecification\",\"valueRequired\":true,\"valueName\":\"search_term_string\"}}],\"inLanguage\":\"fr-FR\"},{\"@type\":\"Organization\",\"@id\":\"https:\\\/\\\/fvdrc.com\\\/#organization\",\"name\":\"Fruit and Vegetable Dispute Resolution Corporation\",\"url\":\"https:\\\/\\\/fvdrc.com\\\/\",\"logo\":{\"@type\":\"ImageObject\",\"inLanguage\":\"fr-FR\",\"@id\":\"https:\\\/\\\/fvdrc.com\\\/#\\\/schema\\\/logo\\\/image\\\/\",\"url\":\"https:\\\/\\\/fvdrc.com\\\/wp-content\\\/uploads\\\/2020\\\/06\\\/DRC-logo@2x.png\",\"contentUrl\":\"https:\\\/\\\/fvdrc.com\\\/wp-content\\\/uploads\\\/2020\\\/06\\\/DRC-logo@2x.png\",\"width\":261,\"height\":140,\"caption\":\"Fruit and Vegetable Dispute Resolution Corporation\"},\"image\":{\"@id\":\"https:\\\/\\\/fvdrc.com\\\/#\\\/schema\\\/logo\\\/image\\\/\"}}]}<\/script>\n<!-- \/ Yoast SEO plugin. -->","yoast_head_json":{"title":"Solutions - Fruit and Vegetable Dispute Resolution Corporation","description":"Demeurez bien au courant des plus r\u00e9centes actualit\u00e9s dans le secteur des l\u00e9gumes frais en souscrivant \u00e0 notre bulletin mensuel.","robots":{"index":"index","follow":"follow","max-snippet":"max-snippet:-1","max-image-preview":"max-image-preview:large","max-video-preview":"max-video-preview:-1"},"canonical":"https:\/\/fvdrc.com\/fr\/ressources\/solutions\/","og_locale":"fr_FR","og_type":"article","og_title":"Solutions - Fruit and Vegetable Dispute Resolution Corporation","og_description":"Demeurez bien au courant des plus r\u00e9centes actualit\u00e9s dans le secteur des l\u00e9gumes frais en souscrivant \u00e0 notre bulletin mensuel.","og_url":"https:\/\/fvdrc.com\/fr\/ressources\/solutions\/","og_site_name":"Fruit and Vegetable Dispute Resolution Corporation","article_modified_time":"2026-02-04T22:30:38+00:00","twitter_card":"summary_large_image","twitter_misc":{"Est. reading time":"1 minute"},"schema":{"@context":"https:\/\/schema.org","@graph":[{"@type":"WebPage","@id":"https:\/\/fvdrc.com\/fr\/ressources\/solutions\/","url":"https:\/\/fvdrc.com\/fr\/ressources\/solutions\/","name":"Solutions - Fruit and Vegetable Dispute Resolution Corporation","isPartOf":{"@id":"https:\/\/fvdrc.com\/#website"},"datePublished":"2016-10-12T21:41:00+00:00","dateModified":"2026-02-04T22:30:38+00:00","description":"Demeurez bien au courant des plus r\u00e9centes actualit\u00e9s dans le secteur des l\u00e9gumes frais en souscrivant \u00e0 notre bulletin mensuel.","breadcrumb":{"@id":"https:\/\/fvdrc.com\/fr\/ressources\/solutions\/#breadcrumb"},"inLanguage":"fr-FR","potentialAction":[{"@type":"ReadAction","target":["https:\/\/fvdrc.com\/fr\/ressources\/solutions\/"]}]},{"@type":"BreadcrumbList","@id":"https:\/\/fvdrc.com\/fr\/ressources\/solutions\/#breadcrumb","itemListElement":[{"@type":"ListItem","position":1,"name":"Home","item":"https:\/\/fvdrc.com\/fr\/"},{"@type":"ListItem","position":2,"name":"Ressources","item":"https:\/\/www.fvdrc.com\/fr\/ressources\/"},{"@type":"ListItem","position":3,"name":"Solutions"}]},{"@type":"WebSite","@id":"https:\/\/fvdrc.com\/#website","url":"https:\/\/fvdrc.com\/","name":"Fruit and Vegetable Dispute Resolution Corporation","description":"Trade with Confidence","publisher":{"@id":"https:\/\/fvdrc.com\/#organization"},"potentialAction":[{"@type":"SearchAction","target":{"@type":"EntryPoint","urlTemplate":"https:\/\/fvdrc.com\/?s={search_term_string}"},"query-input":{"@type":"PropertyValueSpecification","valueRequired":true,"valueName":"search_term_string"}}],"inLanguage":"fr-FR"},{"@type":"Organization","@id":"https:\/\/fvdrc.com\/#organization","name":"Fruit and Vegetable Dispute Resolution Corporation","url":"https:\/\/fvdrc.com\/","logo":{"@type":"ImageObject","inLanguage":"fr-FR","@id":"https:\/\/fvdrc.com\/#\/schema\/logo\/image\/","url":"https:\/\/fvdrc.com\/wp-content\/uploads\/2020\/06\/DRC-logo@2x.png","contentUrl":"https:\/\/fvdrc.com\/wp-content\/uploads\/2020\/06\/DRC-logo@2x.png","width":261,"height":140,"caption":"Fruit and Vegetable Dispute Resolution Corporation"},"image":{"@id":"https:\/\/fvdrc.com\/#\/schema\/logo\/image\/"}}]}},"featured_image_src":null,"featured_image_src_square":null,"uagb_featured_image_src":{"full":false,"thumbnail":false,"medium":false,"medium_large":false,"large":false,"gs-tiny":false,"xl":false,"xxl":false,"xxxl":false,"xxxxl":false,"xxxxxl":false,"1536x1536":false,"2048x2048":false,"gb-block-post-grid-landscape":false,"gb-block-post-grid-square":false,"post-thumbnail":false,"twentytwenty-fullscreen":false},"uagb_author_info":{"display_name":"DRC","author_link":"https:\/\/fvdrc.com\/fr\/solutions\/author\/drc\/"},"uagb_comment_info":0,"uagb_excerpt":"Demeurez bien au courant des plus r\u00e9centes actualit\u00e9s dans le secteur des l\u00e9gumes frais en souscrivant \u00e0 notre bulletin mensuel. Le bulletin contient une foule d\u2019articles d\u2019int\u00e9r\u00eat, dont des \u00e9tudes de cas, des rapports particuliers et bien d\u2019autres renseignements utiles pour vous et votre entreprise, qui vous aideront \u00e0 prosp\u00e9rer davantage. Vous trouverez ci-dessous des&hellip;","_links":{"self":[{"href":"https:\/\/fvdrc.com\/fr\/wp-json\/wp\/v2\/pages\/341","targetHints":{"allow":["GET"]}}],"collection":[{"href":"https:\/\/fvdrc.com\/fr\/wp-json\/wp\/v2\/pages"}],"about":[{"href":"https:\/\/fvdrc.com\/fr\/wp-json\/wp\/v2\/types\/page"}],"author":[{"embeddable":true,"href":"https:\/\/fvdrc.com\/fr\/wp-json\/wp\/v2\/users\/2"}],"replies":[{"embeddable":true,"href":"https:\/\/fvdrc.com\/fr\/wp-json\/wp\/v2\/comments?post=341"}],"version-history":[{"count":18,"href":"https:\/\/fvdrc.com\/fr\/wp-json\/wp\/v2\/pages\/341\/revisions"}],"predecessor-version":[{"id":15204,"href":"https:\/\/fvdrc.com\/fr\/wp-json\/wp\/v2\/pages\/341\/revisions\/15204"}],"up":[{"embeddable":true,"href":"https:\/\/fvdrc.com\/fr\/wp-json\/wp\/v2\/pages\/3501"}],"wp:attachment":[{"href":"https:\/\/fvdrc.com\/fr\/wp-json\/wp\/v2\/media?parent=341"}],"curies":[{"name":"wp","href":"https:\/\/api.w.org\/{rel}","templated":true}]}}