{"id":340,"date":"2017-01-16T09:15:06","date_gmt":"2017-01-16T14:15:06","guid":{"rendered":"https:\/\/fvdrc.com\/?page_id=340"},"modified":"2020-06-16T13:33:00","modified_gmt":"2020-06-16T17:33:00","slug":"news","status":"publish","type":"page","link":"https:\/\/fvdrc.com\/fr\/ressources\/news\/","title":{"rendered":"Les derni\u00e8res nouvelles"},"content":{"rendered":"<h2>Demandes des m\u00e9dias<\/h2>\n<p>Pour toute demande des m\u00e9dias, veuillez communiquer avec le <a title=\"Le service d'assistance de la DRC\" href=\"https:\/\/fvdrc.com\/fr\/a-notre-sujet\/nous-joindre\/?cr=2\">service d&#8217;assistance de la DRC<\/a> par t\u00e9l\u00e9phone au 613-234-0982 ou par <a title=\"Nous joindre\" href=\"https:\/\/fvdrc.com\/fr\/a-notre-sujet\/nous-joindre\/\">courriel<\/a>.<\/p>\n","protected":false},"excerpt":{"rendered":"<p>Demandes des m\u00e9dias Pour toute demande des m\u00e9dias, veuillez communiquer avec le service d&#8217;assistance de la DRC par t\u00e9l\u00e9phone au 613-234-0982 ou par courriel.<\/p>\n","protected":false},"author":2,"featured_media":0,"parent":3501,"menu_order":21,"comment_status":"closed","ping_status":"closed","template":"","meta":{"_acf_changed":false,"_coblocks_attr":"","_coblocks_dimensions":"","_coblocks_responsive_height":"","_coblocks_accordion_ie_support":"","om_disable_all_campaigns":false,"_uag_custom_page_level_css":"","_monsterinsights_skip_tracking":false,"_monsterinsights_sitenote_active":false,"_monsterinsights_sitenote_note":"","_monsterinsights_sitenote_category":0,"_uf_show_specific_survey":0,"_uf_disable_surveys":false,"footnotes":""},"class_list":["post-340","page","type-page","status-publish","hentry"],"acf":[],"aioseo_notices":[],"yoast_head":"<!-- This site is optimized with the Yoast SEO plugin v27.4 - https:\/\/yoast.com\/product\/yoast-seo-wordpress\/ -->\n<title>Les derni\u00e8res nouvelles - Fruit and Vegetable Dispute Resolution Corporation<\/title>\n<meta name=\"robots\" content=\"index, follow, max-snippet:-1, max-image-preview:large, max-video-preview:-1\" \/>\n<link rel=\"canonical\" href=\"https:\/\/www.fvdrc.com\/fr\/ressources\/news\/\" \/>\n<meta property=\"og:locale\" content=\"fr_FR\" \/>\n<meta property=\"og:type\" content=\"article\" \/>\n<meta property=\"og:title\" content=\"Les derni\u00e8res nouvelles - Fruit and Vegetable Dispute Resolution Corporation\" \/>\n<meta property=\"og:description\" content=\"Demandes des m\u00e9dias Pour toute demande des m\u00e9dias, veuillez communiquer avec le service d&#8217;assistance de la DRC par t\u00e9l\u00e9phone au 613-234-0982 ou par courriel.\" \/>\n<meta property=\"og:url\" content=\"https:\/\/www.fvdrc.com\/fr\/ressources\/news\/\" \/>\n<meta property=\"og:site_name\" content=\"Fruit and Vegetable Dispute Resolution Corporation\" \/>\n<meta property=\"article:modified_time\" content=\"2020-06-16T17:33:00+00:00\" \/>\n<meta name=\"twitter:card\" content=\"summary_large_image\" \/>\n<script type=\"application\/ld+json\" class=\"yoast-schema-graph\">{\"@context\":\"https:\\\/\\\/schema.org\",\"@graph\":[{\"@type\":\"WebPage\",\"@id\":\"https:\\\/\\\/www.fvdrc.com\\\/fr\\\/ressources\\\/news\\\/\",\"url\":\"https:\\\/\\\/www.fvdrc.com\\\/fr\\\/ressources\\\/news\\\/\",\"name\":\"Les derni\u00e8res nouvelles - Fruit and Vegetable Dispute Resolution Corporation\",\"isPartOf\":{\"@id\":\"https:\\\/\\\/fvdrc.com\\\/#website\"},\"datePublished\":\"2017-01-16T14:15:06+00:00\",\"dateModified\":\"2020-06-16T17:33:00+00:00\",\"breadcrumb\":{\"@id\":\"https:\\\/\\\/www.fvdrc.com\\\/fr\\\/ressources\\\/news\\\/#breadcrumb\"},\"inLanguage\":\"fr-FR\",\"potentialAction\":[{\"@type\":\"ReadAction\",\"target\":[\"https:\\\/\\\/www.fvdrc.com\\\/fr\\\/ressources\\\/news\\\/\"]}]},{\"@type\":\"BreadcrumbList\",\"@id\":\"https:\\\/\\\/www.fvdrc.com\\\/fr\\\/ressources\\\/news\\\/#breadcrumb\",\"itemListElement\":[{\"@type\":\"ListItem\",\"position\":1,\"name\":\"Home\",\"item\":\"https:\\\/\\\/fvdrc.com\\\/fr\\\/\"},{\"@type\":\"ListItem\",\"position\":2,\"name\":\"Ressources\",\"item\":\"https:\\\/\\\/www.fvdrc.com\\\/fr\\\/ressources\\\/\"},{\"@type\":\"ListItem\",\"position\":3,\"name\":\"Les derni\u00e8res nouvelles\"}]},{\"@type\":\"WebSite\",\"@id\":\"https:\\\/\\\/fvdrc.com\\\/#website\",\"url\":\"https:\\\/\\\/fvdrc.com\\\/\",\"name\":\"Fruit and Vegetable Dispute Resolution Corporation\",\"description\":\"Trade with Confidence\",\"publisher\":{\"@id\":\"https:\\\/\\\/fvdrc.com\\\/#organization\"},\"potentialAction\":[{\"@type\":\"SearchAction\",\"target\":{\"@type\":\"EntryPoint\",\"urlTemplate\":\"https:\\\/\\\/fvdrc.com\\\/?s={search_term_string}\"},\"query-input\":{\"@type\":\"PropertyValueSpecification\",\"valueRequired\":true,\"valueName\":\"search_term_string\"}}],\"inLanguage\":\"fr-FR\"},{\"@type\":\"Organization\",\"@id\":\"https:\\\/\\\/fvdrc.com\\\/#organization\",\"name\":\"Fruit and Vegetable Dispute Resolution Corporation\",\"url\":\"https:\\\/\\\/fvdrc.com\\\/\",\"logo\":{\"@type\":\"ImageObject\",\"inLanguage\":\"fr-FR\",\"@id\":\"https:\\\/\\\/fvdrc.com\\\/#\\\/schema\\\/logo\\\/image\\\/\",\"url\":\"https:\\\/\\\/fvdrc.com\\\/wp-content\\\/uploads\\\/2020\\\/06\\\/DRC-logo@2x.png\",\"contentUrl\":\"https:\\\/\\\/fvdrc.com\\\/wp-content\\\/uploads\\\/2020\\\/06\\\/DRC-logo@2x.png\",\"width\":261,\"height\":140,\"caption\":\"Fruit and Vegetable Dispute Resolution Corporation\"},\"image\":{\"@id\":\"https:\\\/\\\/fvdrc.com\\\/#\\\/schema\\\/logo\\\/image\\\/\"}}]}<\/script>\n<!-- \/ Yoast SEO plugin. -->","yoast_head_json":{"title":"Les derni\u00e8res nouvelles - Fruit and Vegetable Dispute Resolution Corporation","robots":{"index":"index","follow":"follow","max-snippet":"max-snippet:-1","max-image-preview":"max-image-preview:large","max-video-preview":"max-video-preview:-1"},"canonical":"https:\/\/www.fvdrc.com\/fr\/ressources\/news\/","og_locale":"fr_FR","og_type":"article","og_title":"Les derni\u00e8res nouvelles - Fruit and Vegetable Dispute Resolution Corporation","og_description":"Demandes des m\u00e9dias Pour toute demande des m\u00e9dias, veuillez communiquer avec le service d&#8217;assistance de la DRC par t\u00e9l\u00e9phone au 613-234-0982 ou par courriel.","og_url":"https:\/\/www.fvdrc.com\/fr\/ressources\/news\/","og_site_name":"Fruit and Vegetable Dispute Resolution Corporation","article_modified_time":"2020-06-16T17:33:00+00:00","twitter_card":"summary_large_image","schema":{"@context":"https:\/\/schema.org","@graph":[{"@type":"WebPage","@id":"https:\/\/www.fvdrc.com\/fr\/ressources\/news\/","url":"https:\/\/www.fvdrc.com\/fr\/ressources\/news\/","name":"Les derni\u00e8res nouvelles - Fruit and Vegetable Dispute Resolution Corporation","isPartOf":{"@id":"https:\/\/fvdrc.com\/#website"},"datePublished":"2017-01-16T14:15:06+00:00","dateModified":"2020-06-16T17:33:00+00:00","breadcrumb":{"@id":"https:\/\/www.fvdrc.com\/fr\/ressources\/news\/#breadcrumb"},"inLanguage":"fr-FR","potentialAction":[{"@type":"ReadAction","target":["https:\/\/www.fvdrc.com\/fr\/ressources\/news\/"]}]},{"@type":"BreadcrumbList","@id":"https:\/\/www.fvdrc.com\/fr\/ressources\/news\/#breadcrumb","itemListElement":[{"@type":"ListItem","position":1,"name":"Home","item":"https:\/\/fvdrc.com\/fr\/"},{"@type":"ListItem","position":2,"name":"Ressources","item":"https:\/\/www.fvdrc.com\/fr\/ressources\/"},{"@type":"ListItem","position":3,"name":"Les derni\u00e8res nouvelles"}]},{"@type":"WebSite","@id":"https:\/\/fvdrc.com\/#website","url":"https:\/\/fvdrc.com\/","name":"Fruit and Vegetable Dispute Resolution Corporation","description":"Trade with Confidence","publisher":{"@id":"https:\/\/fvdrc.com\/#organization"},"potentialAction":[{"@type":"SearchAction","target":{"@type":"EntryPoint","urlTemplate":"https:\/\/fvdrc.com\/?s={search_term_string}"},"query-input":{"@type":"PropertyValueSpecification","valueRequired":true,"valueName":"search_term_string"}}],"inLanguage":"fr-FR"},{"@type":"Organization","@id":"https:\/\/fvdrc.com\/#organization","name":"Fruit and Vegetable Dispute Resolution Corporation","url":"https:\/\/fvdrc.com\/","logo":{"@type":"ImageObject","inLanguage":"fr-FR","@id":"https:\/\/fvdrc.com\/#\/schema\/logo\/image\/","url":"https:\/\/fvdrc.com\/wp-content\/uploads\/2020\/06\/DRC-logo@2x.png","contentUrl":"https:\/\/fvdrc.com\/wp-content\/uploads\/2020\/06\/DRC-logo@2x.png","width":261,"height":140,"caption":"Fruit and Vegetable Dispute Resolution Corporation"},"image":{"@id":"https:\/\/fvdrc.com\/#\/schema\/logo\/image\/"}}]}},"featured_image_src":null,"featured_image_src_square":null,"uagb_featured_image_src":{"full":false,"thumbnail":false,"medium":false,"medium_large":false,"large":false,"gs-tiny":false,"xl":false,"xxl":false,"xxxl":false,"xxxxl":false,"xxxxxl":false,"1536x1536":false,"2048x2048":false,"gb-block-post-grid-landscape":false,"gb-block-post-grid-square":false,"post-thumbnail":false,"twentytwenty-fullscreen":false},"uagb_author_info":{"display_name":"DRC","author_link":"https:\/\/fvdrc.com\/fr\/solutions\/author\/drc\/"},"uagb_comment_info":0,"uagb_excerpt":"Demandes des m\u00e9dias Pour toute demande des m\u00e9dias, veuillez communiquer avec le service d&#8217;assistance de la DRC par t\u00e9l\u00e9phone au 613-234-0982 ou par courriel.","_links":{"self":[{"href":"https:\/\/fvdrc.com\/fr\/wp-json\/wp\/v2\/pages\/340","targetHints":{"allow":["GET"]}}],"collection":[{"href":"https:\/\/fvdrc.com\/fr\/wp-json\/wp\/v2\/pages"}],"about":[{"href":"https:\/\/fvdrc.com\/fr\/wp-json\/wp\/v2\/types\/page"}],"author":[{"embeddable":true,"href":"https:\/\/fvdrc.com\/fr\/wp-json\/wp\/v2\/users\/2"}],"replies":[{"embeddable":true,"href":"https:\/\/fvdrc.com\/fr\/wp-json\/wp\/v2\/comments?post=340"}],"version-history":[{"count":2,"href":"https:\/\/fvdrc.com\/fr\/wp-json\/wp\/v2\/pages\/340\/revisions"}],"predecessor-version":[{"id":2889,"href":"https:\/\/fvdrc.com\/fr\/wp-json\/wp\/v2\/pages\/340\/revisions\/2889"}],"up":[{"embeddable":true,"href":"https:\/\/fvdrc.com\/fr\/wp-json\/wp\/v2\/pages\/3501"}],"wp:attachment":[{"href":"https:\/\/fvdrc.com\/fr\/wp-json\/wp\/v2\/media?parent=340"}],"curies":[{"name":"wp","href":"https:\/\/api.w.org\/{rel}","templated":true}]}}