{"id":338,"date":"2017-01-16T09:15:00","date_gmt":"2017-01-16T14:15:00","guid":{"rendered":"https:\/\/fvdrc.com\/?page_id=338"},"modified":"2026-01-05T12:05:01","modified_gmt":"2026-01-05T17:05:01","slug":"les-directives-en-matiere-dinspection","status":"publish","type":"page","link":"https:\/\/fvdrc.com\/fr\/les-normes-commerciales\/les-directives-en-matiere-dinspection\/","title":{"rendered":"Les directives en mati\u00e8re d\u2019inspection"},"content":{"rendered":"\n<p>Les directives d\u2019inspection de la DRC couvrent les attributs des services d\u2019inspection \u00e0 destination, \u00e9non\u00e7ant nomm\u00e9ment la politique en mati\u00e8re d\u2019inspection, les normes d\u2019inspection et les \u00e9l\u00e9ments d\u2019une inspection convenable.<\/p>\n\n\n\n<div class=\"wp-block-coblocks-accordion\">\n<div class=\"wp-block-coblocks-accordion-item\"><details><summary class=\"wp-block-coblocks-accordion-item__title\">Consultez les Directives d\u2019inspection de la DRC<\/summary><div class=\"wp-block-coblocks-accordion-item__content\">\n<div class=\"wp-block-buttons multi-buttons is-content-justification-center is-layout-flex wp-container-core-buttons-is-layout-16018d1d wp-block-buttons-is-layout-flex\">\n<div class=\"wp-block-button\"><a class=\"wp-block-button__link wp-element-button\" href=\"https:\/\/fvdrc.com\/wp-content\/uploads\/2018\/04\/Good_Inspection_Guidelines_2013_french.pdf\" target=\"_blank\" rel=\"noreferrer noopener\">T\u00c9L\u00c9CHARGEZ LE PDF<\/a><\/div>\n\n\n\n<div class=\"wp-block-button\"><a class=\"wp-block-button__link wp-element-button\" href=\"https:\/\/fvdrc.com\/fr\/adhesion\/les-normes\/les-directives-en-matiere-dinspection\/directives-dinspection-de-la-corporation-de-reglement-des-differends-dans-les-fruits-et-legumes-drc\/\" target=\"_blank\" rel=\"noreferrer noopener\">vew<\/a><\/div>\n<\/div>\n<\/div><\/details><\/div>\n<\/div>\n","protected":false},"excerpt":{"rendered":"<p>Les directives d\u2019inspection de la DRC couvrent les attributs des services d\u2019inspection \u00e0 destination, \u00e9non\u00e7ant nomm\u00e9ment la politique en mati\u00e8re d\u2019inspection, les normes d\u2019inspection et les \u00e9l\u00e9ments d\u2019une inspection convenable.<\/p>\n","protected":false},"author":2,"featured_media":0,"parent":12574,"menu_order":49,"comment_status":"closed","ping_status":"closed","template":"","meta":{"_acf_changed":false,"_coblocks_attr":"","_coblocks_dimensions":"","_coblocks_responsive_height":"","_coblocks_accordion_ie_support":"","om_disable_all_campaigns":false,"_uag_custom_page_level_css":"","_monsterinsights_skip_tracking":false,"_monsterinsights_sitenote_active":false,"_monsterinsights_sitenote_note":"","_monsterinsights_sitenote_category":0,"_uf_show_specific_survey":0,"_uf_disable_surveys":false,"footnotes":""},"class_list":["post-338","page","type-page","status-publish","hentry"],"acf":[],"aioseo_notices":[],"yoast_head":"<!-- This site is optimized with the Yoast SEO plugin v27.6 - https:\/\/yoast.com\/product\/yoast-seo-wordpress\/ -->\n<title>Les directives en mati\u00e8re d\u2019inspection - Fruit and Vegetable Dispute Resolution Corporation<\/title>\n<meta name=\"robots\" content=\"index, follow, max-snippet:-1, max-image-preview:large, max-video-preview:-1\" \/>\n<link rel=\"canonical\" href=\"https:\/\/fvdrc.com\/fr\/adhesion\/les-normes\/les-directives-en-matiere-dinspection\/\" \/>\n<meta property=\"og:locale\" content=\"fr_FR\" \/>\n<meta property=\"og:type\" content=\"article\" \/>\n<meta property=\"og:title\" content=\"Les directives en mati\u00e8re d\u2019inspection - Fruit and Vegetable Dispute Resolution Corporation\" \/>\n<meta property=\"og:description\" content=\"Les directives d\u2019inspection de la DRC couvrent les attributs des services d\u2019inspection \u00e0 destination, \u00e9non\u00e7ant nomm\u00e9ment la politique en mati\u00e8re d\u2019inspection, les normes d\u2019inspection et les \u00e9l\u00e9ments d\u2019une inspection convenable.\" \/>\n<meta property=\"og:url\" content=\"https:\/\/fvdrc.com\/fr\/adhesion\/les-normes\/les-directives-en-matiere-dinspection\/\" \/>\n<meta property=\"og:site_name\" content=\"Fruit and Vegetable Dispute Resolution Corporation\" \/>\n<meta property=\"article:modified_time\" content=\"2026-01-05T17:05:01+00:00\" \/>\n<meta name=\"twitter:card\" content=\"summary_large_image\" \/>\n<meta name=\"twitter:label1\" content=\"Est. reading time\" \/>\n\t<meta name=\"twitter:data1\" content=\"1 minute\" \/>\n<script type=\"application\/ld+json\" class=\"yoast-schema-graph\">{\"@context\":\"https:\\\/\\\/schema.org\",\"@graph\":[{\"@type\":\"WebPage\",\"@id\":\"https:\\\/\\\/fvdrc.com\\\/fr\\\/adhesion\\\/les-normes\\\/les-directives-en-matiere-dinspection\\\/\",\"url\":\"https:\\\/\\\/fvdrc.com\\\/fr\\\/adhesion\\\/les-normes\\\/les-directives-en-matiere-dinspection\\\/\",\"name\":\"Les directives en mati\u00e8re d\u2019inspection - Fruit and Vegetable Dispute Resolution Corporation\",\"isPartOf\":{\"@id\":\"https:\\\/\\\/fvdrc.com\\\/#website\"},\"datePublished\":\"2017-01-16T14:15:00+00:00\",\"dateModified\":\"2026-01-05T17:05:01+00:00\",\"breadcrumb\":{\"@id\":\"https:\\\/\\\/fvdrc.com\\\/fr\\\/adhesion\\\/les-normes\\\/les-directives-en-matiere-dinspection\\\/#breadcrumb\"},\"inLanguage\":\"fr-FR\",\"potentialAction\":[{\"@type\":\"ReadAction\",\"target\":[\"https:\\\/\\\/fvdrc.com\\\/fr\\\/adhesion\\\/les-normes\\\/les-directives-en-matiere-dinspection\\\/\"]}]},{\"@type\":\"BreadcrumbList\",\"@id\":\"https:\\\/\\\/fvdrc.com\\\/fr\\\/adhesion\\\/les-normes\\\/les-directives-en-matiere-dinspection\\\/#breadcrumb\",\"itemListElement\":[{\"@type\":\"ListItem\",\"position\":1,\"name\":\"Home\",\"item\":\"https:\\\/\\\/fvdrc.com\\\/fr\\\/\"},{\"@type\":\"ListItem\",\"position\":2,\"name\":\"Adh\u00e9sion\",\"item\":\"https:\\\/\\\/fvdrc.com\\\/fr\\\/adhesion\\\/\"},{\"@type\":\"ListItem\",\"position\":3,\"name\":\"Les normes\",\"item\":\"https:\\\/\\\/fvdrc.com\\\/fr\\\/adhesion\\\/les-normes\\\/\"},{\"@type\":\"ListItem\",\"position\":4,\"name\":\"Les directives en mati\u00e8re d\u2019inspection\"}]},{\"@type\":\"WebSite\",\"@id\":\"https:\\\/\\\/fvdrc.com\\\/#website\",\"url\":\"https:\\\/\\\/fvdrc.com\\\/\",\"name\":\"Fruit and Vegetable Dispute Resolution Corporation\",\"description\":\"Trade with Confidence\",\"publisher\":{\"@id\":\"https:\\\/\\\/fvdrc.com\\\/#organization\"},\"potentialAction\":[{\"@type\":\"SearchAction\",\"target\":{\"@type\":\"EntryPoint\",\"urlTemplate\":\"https:\\\/\\\/fvdrc.com\\\/?s={search_term_string}\"},\"query-input\":{\"@type\":\"PropertyValueSpecification\",\"valueRequired\":true,\"valueName\":\"search_term_string\"}}],\"inLanguage\":\"fr-FR\"},{\"@type\":\"Organization\",\"@id\":\"https:\\\/\\\/fvdrc.com\\\/#organization\",\"name\":\"Fruit and Vegetable Dispute Resolution Corporation\",\"url\":\"https:\\\/\\\/fvdrc.com\\\/\",\"logo\":{\"@type\":\"ImageObject\",\"inLanguage\":\"fr-FR\",\"@id\":\"https:\\\/\\\/fvdrc.com\\\/#\\\/schema\\\/logo\\\/image\\\/\",\"url\":\"https:\\\/\\\/fvdrc.com\\\/wp-content\\\/uploads\\\/2020\\\/06\\\/DRC-logo@2x.png\",\"contentUrl\":\"https:\\\/\\\/fvdrc.com\\\/wp-content\\\/uploads\\\/2020\\\/06\\\/DRC-logo@2x.png\",\"width\":261,\"height\":140,\"caption\":\"Fruit and Vegetable Dispute Resolution Corporation\"},\"image\":{\"@id\":\"https:\\\/\\\/fvdrc.com\\\/#\\\/schema\\\/logo\\\/image\\\/\"}}]}<\/script>\n<!-- \/ Yoast SEO plugin. -->","yoast_head_json":{"title":"Les directives en mati\u00e8re d\u2019inspection - Fruit and Vegetable Dispute Resolution Corporation","robots":{"index":"index","follow":"follow","max-snippet":"max-snippet:-1","max-image-preview":"max-image-preview:large","max-video-preview":"max-video-preview:-1"},"canonical":"https:\/\/fvdrc.com\/fr\/adhesion\/les-normes\/les-directives-en-matiere-dinspection\/","og_locale":"fr_FR","og_type":"article","og_title":"Les directives en mati\u00e8re d\u2019inspection - Fruit and Vegetable Dispute Resolution Corporation","og_description":"Les directives d\u2019inspection de la DRC couvrent les attributs des services d\u2019inspection \u00e0 destination, \u00e9non\u00e7ant nomm\u00e9ment la politique en mati\u00e8re d\u2019inspection, les normes d\u2019inspection et les \u00e9l\u00e9ments d\u2019une inspection convenable.","og_url":"https:\/\/fvdrc.com\/fr\/adhesion\/les-normes\/les-directives-en-matiere-dinspection\/","og_site_name":"Fruit and Vegetable Dispute Resolution Corporation","article_modified_time":"2026-01-05T17:05:01+00:00","twitter_card":"summary_large_image","twitter_misc":{"Est. reading time":"1 minute"},"schema":{"@context":"https:\/\/schema.org","@graph":[{"@type":"WebPage","@id":"https:\/\/fvdrc.com\/fr\/adhesion\/les-normes\/les-directives-en-matiere-dinspection\/","url":"https:\/\/fvdrc.com\/fr\/adhesion\/les-normes\/les-directives-en-matiere-dinspection\/","name":"Les directives en mati\u00e8re d\u2019inspection - Fruit and Vegetable Dispute Resolution Corporation","isPartOf":{"@id":"https:\/\/fvdrc.com\/#website"},"datePublished":"2017-01-16T14:15:00+00:00","dateModified":"2026-01-05T17:05:01+00:00","breadcrumb":{"@id":"https:\/\/fvdrc.com\/fr\/adhesion\/les-normes\/les-directives-en-matiere-dinspection\/#breadcrumb"},"inLanguage":"fr-FR","potentialAction":[{"@type":"ReadAction","target":["https:\/\/fvdrc.com\/fr\/adhesion\/les-normes\/les-directives-en-matiere-dinspection\/"]}]},{"@type":"BreadcrumbList","@id":"https:\/\/fvdrc.com\/fr\/adhesion\/les-normes\/les-directives-en-matiere-dinspection\/#breadcrumb","itemListElement":[{"@type":"ListItem","position":1,"name":"Home","item":"https:\/\/fvdrc.com\/fr\/"},{"@type":"ListItem","position":2,"name":"Adh\u00e9sion","item":"https:\/\/fvdrc.com\/fr\/adhesion\/"},{"@type":"ListItem","position":3,"name":"Les normes","item":"https:\/\/fvdrc.com\/fr\/adhesion\/les-normes\/"},{"@type":"ListItem","position":4,"name":"Les directives en mati\u00e8re d\u2019inspection"}]},{"@type":"WebSite","@id":"https:\/\/fvdrc.com\/#website","url":"https:\/\/fvdrc.com\/","name":"Fruit and Vegetable Dispute Resolution Corporation","description":"Trade with Confidence","publisher":{"@id":"https:\/\/fvdrc.com\/#organization"},"potentialAction":[{"@type":"SearchAction","target":{"@type":"EntryPoint","urlTemplate":"https:\/\/fvdrc.com\/?s={search_term_string}"},"query-input":{"@type":"PropertyValueSpecification","valueRequired":true,"valueName":"search_term_string"}}],"inLanguage":"fr-FR"},{"@type":"Organization","@id":"https:\/\/fvdrc.com\/#organization","name":"Fruit and Vegetable Dispute Resolution Corporation","url":"https:\/\/fvdrc.com\/","logo":{"@type":"ImageObject","inLanguage":"fr-FR","@id":"https:\/\/fvdrc.com\/#\/schema\/logo\/image\/","url":"https:\/\/fvdrc.com\/wp-content\/uploads\/2020\/06\/DRC-logo@2x.png","contentUrl":"https:\/\/fvdrc.com\/wp-content\/uploads\/2020\/06\/DRC-logo@2x.png","width":261,"height":140,"caption":"Fruit and Vegetable Dispute Resolution Corporation"},"image":{"@id":"https:\/\/fvdrc.com\/#\/schema\/logo\/image\/"}}]}},"featured_image_src":null,"featured_image_src_square":null,"uagb_featured_image_src":{"full":false,"thumbnail":false,"medium":false,"medium_large":false,"large":false,"gs-tiny":false,"xl":false,"xxl":false,"xxxl":false,"xxxxl":false,"xxxxxl":false,"1536x1536":false,"2048x2048":false,"gb-block-post-grid-landscape":false,"gb-block-post-grid-square":false,"post-thumbnail":false,"twentytwenty-fullscreen":false},"uagb_author_info":{"display_name":"DRC","author_link":"https:\/\/fvdrc.com\/fr\/solutions\/author\/drc\/"},"uagb_comment_info":0,"uagb_excerpt":"Les directives d\u2019inspection de la DRC couvrent les attributs des services d\u2019inspection \u00e0 destination, \u00e9non\u00e7ant nomm\u00e9ment la politique en mati\u00e8re d\u2019inspection, les normes d\u2019inspection et les \u00e9l\u00e9ments d\u2019une inspection convenable.","_links":{"self":[{"href":"https:\/\/fvdrc.com\/fr\/wp-json\/wp\/v2\/pages\/338","targetHints":{"allow":["GET"]}}],"collection":[{"href":"https:\/\/fvdrc.com\/fr\/wp-json\/wp\/v2\/pages"}],"about":[{"href":"https:\/\/fvdrc.com\/fr\/wp-json\/wp\/v2\/types\/page"}],"author":[{"embeddable":true,"href":"https:\/\/fvdrc.com\/fr\/wp-json\/wp\/v2\/users\/2"}],"replies":[{"embeddable":true,"href":"https:\/\/fvdrc.com\/fr\/wp-json\/wp\/v2\/comments?post=338"}],"version-history":[{"count":7,"href":"https:\/\/fvdrc.com\/fr\/wp-json\/wp\/v2\/pages\/338\/revisions"}],"predecessor-version":[{"id":14820,"href":"https:\/\/fvdrc.com\/fr\/wp-json\/wp\/v2\/pages\/338\/revisions\/14820"}],"up":[{"embeddable":true,"href":"https:\/\/fvdrc.com\/fr\/wp-json\/wp\/v2\/pages\/12574"}],"wp:attachment":[{"href":"https:\/\/fvdrc.com\/fr\/wp-json\/wp\/v2\/media?parent=338"}],"curies":[{"name":"wp","href":"https:\/\/api.w.org\/{rel}","templated":true}]}}