{"id":337,"date":"2017-01-16T09:14:55","date_gmt":"2017-01-16T14:14:55","guid":{"rendered":"https:\/\/fvdrc.com\/?page_id=337"},"modified":"2025-12-19T14:59:57","modified_gmt":"2025-12-19T19:59:57","slug":"les-normes","status":"publish","type":"page","link":"https:\/\/fvdrc.com\/fr\/adhesion\/les-normes\/","title":{"rendered":"Les normes"},"content":{"rendered":"\n<p>La DRC procure \u00e0 ses membres des normes, des proc\u00e9dures et des services&nbsp; harmonis\u00e9s pour les aider \u00e0 \u00e9viter les diff\u00e9rends commerciaux.<\/p>\n\n\n\n<div class=\"wp-block-coblocks-accordion\">\n<div class=\"wp-block-coblocks-accordion-item\"><details><summary class=\"wp-block-coblocks-accordion-item__title\">Le r\u00e8glement N<sup>o<\/sup> 1<\/summary><div class=\"wp-block-coblocks-accordion-item__content\">\n<p class=\"inline-button\"><a href=\"https:\/\/fvdrc.com\/wp-content\/uploads\/2020\/01\/By-Law_December-5-2019_French.pdf\" target=\"_blank\" rel=\"noreferrer noopener\">T\u00c9L\u00c9CHARGEZ LE PDF<\/a> <a href=\"https:\/\/fvdrc.com\/fr\/adhesion\/normes\/reglement-no-1\/\">VEW<\/a><\/p>\n<\/div><\/details><\/div>\n\n\n\n<div class=\"wp-block-coblocks-accordion-item\"><details><summary class=\"wp-block-coblocks-accordion-item__title\">Les r\u00e8gles d\u2019exploitation \u2013 Partie 1 \u2013 Les dispositions administratives g\u00e9n\u00e9rales<\/summary><div class=\"wp-block-coblocks-accordion-item__content\">\n<p>Les membres de la DRC doivent adh\u00e9rer aux dispositions du r\u00e8glement et des r\u00e8gles d\u2019exploitation de la DRC, qui r\u00e9gissent les conditions n\u00e9cessaires \u00e0 l\u2019adh\u00e9sion.<\/p>\n\n\n\n<p class=\"inline-button\"><a href=\"https:\/\/fvdrc.com\/wp-content\/uploads\/2024\/11\/Operating-Rules_General-Administrative-Provisions_May-30-2024_French.pdf\">T\u00c9L\u00c9CHARGEZ LE PDF<\/a><\/p>\n<\/div><\/details><\/div>\n\n\n\n<div class=\"wp-block-coblocks-accordion-item\"><details><summary class=\"wp-block-coblocks-accordion-item__title\">Les r\u00e8gles d\u2019exploitation \u2013 Partie 2 \u2013 Les garanties financi\u00e8res<\/summary><div class=\"wp-block-coblocks-accordion-item__content\">\n<p>Tout requ\u00e9rant ou membre tenu de fournir, de d\u00e9poser en consignation ou de maintenir une garantie financi\u00e8re doit conclure un contrat de s\u00fbret\u00e9 selon la forme \u00e9tablie par la DRC. L\u2019entente requise et le cautionnement d\u00e9termin\u00e9 en vertu de la politique sont d\u00e9tenus par la DRC et mis \u00e0 la disposition des parties lorsque l\u2019ex\u00e9cution de la garantie devient n\u00e9cessaire.<\/p>\n<\/div><\/details><\/div>\n\n\n\n<div class=\"wp-block-coblocks-accordion-item\"><details><summary class=\"wp-block-coblocks-accordion-item__title\">Les r\u00e8gles d\u2019exploitation \u2013 Partie 3 \u2013 La politique en mati\u00e8re de protection des renseignements personnels<\/summary><div class=\"wp-block-coblocks-accordion-item__content\">\n<p>La DRC procure \u00e0 ses membres les normes, proc\u00e9dures et services harmonis\u00e9s qui les aident \u00e0 \u00e9viter les diff\u00e9rends commerciaux.<\/p>\n\n\n\n<p><strong>LA POLITIQUE EN MATI\u00c8RE DE PROTECTION DES RENSEIGNEMENS PERSONNELS DE LA DRC \u2013 au 29 juin 2018<\/strong><\/p>\n\n\n\n<p>La Corporation de r\u00e8glement des diff\u00e9rends dans les fruits et l\u00e9gumes rend publics :<\/p>\n\n\n\n<ol class=\"wp-block-list\">\n<li>le nom des membres en r\u00e8gle;<\/li>\n\n\n\n<li>le nom des membres suspendus et radi\u00e9s, ainsi que celui des membres dont l\u2019adh\u00e9sion a fait l\u2019objet d\u2019une extinction automatique, de m\u00eame que les raisons aff\u00e9rentes;<\/li>\n\n\n\n<li>le nom et le titre des personnes en position de responsabilit\u00e9 chez les membres ayant \u00e9t\u00e9 suspendus, radi\u00e9s ou dont l\u2019adh\u00e9sion a fait l\u2019objet d\u2019une extinction automatique.<br>En outre, lorsqu\u2019elle le juge n\u00e9cessaire et \u00e0 sa seule discr\u00e9tion, la Corporation peut mettre \u00e0 la disposition des autres membres en r\u00e8gle l\u2019adresse ainsi que les num\u00e9ros de t\u00e9l\u00e9phone et de t\u00e9l\u00e9copieur de membres pr\u00e9sents ou ant\u00e9rieurs, de m\u00eame que le nom des personnes en position de responsabilit\u00e9 chez ces membres. L\u2019adresse \u00e9lectronique des membres pr\u00e9sents et ant\u00e9rieurs ne sera toutefois donn\u00e9e aux autres membres en r\u00e8gle que si les membres concern\u00e9s en autorisent express\u00e9ment la DRC. Toute information que poss\u00e8de la DRC sur les membres anciens ou actuels, les adh\u00e9sions, les demandes d\u2019adh\u00e9sion et les personnes en position de responsabilit\u00e9 chez les membres sera communiqu\u00e9e aux administrations f\u00e9d\u00e9rales du Canada, du Mexique et des \u00c9tats-Unis. L\u2019Agence canadienne d\u2019inspection des aliments (ACIA) est \u00e9galement autoris\u00e9e \u00e0 partager avec la DRC toute information sur les membres ou requ\u00e9rants aux fins de l\u2019application des lois et des r\u00e8glements de l\u2019ACIA. Une clause \u00e0 cet effet sera incluse dans tous les formulaires de demande d\u2019adh\u00e9sion.<\/li>\n<\/ol>\n\n\n\n<p>La politique int\u00e9grale de la Corporation en mati\u00e8re de protection des renseignements personnels est disponible sur demande \u00e9crite <a href=\"https:\/\/fvdrc.com\/fr\/a-notre-sujet\/nous-joindre\/\">au bureau de la DRC<\/a>.<\/p>\n<\/div><\/details><\/div>\n\n\n\n<div class=\"wp-block-coblocks-accordion-item\"><details><summary class=\"wp-block-coblocks-accordion-item__title\">Les r\u00e8gles d\u2019exploitation \u2013 Partie 4 \u2013 Les normes commerciales<\/summary><div class=\"wp-block-coblocks-accordion-item__content\">\n<p>Les normes commerciales de la DRC sont des r\u00e8gles g\u00e9n\u00e9rales de conduite auxquelles doivent adh\u00e9rer les membres de la DRC. Elles s\u2019appliquent par d\u00e9faut lorsque les parties ne peuvent pas s\u2019entendre sur les modalit\u00e9s de la vente. Si un membre pr\u00e9f\u00e8re \u00e9tablir avec son partenaire un contrat qui ne soit pas conforme \u00e0 ces normes, ce sont les dispositions de ce contrat qui seront alors appliqu\u00e9es au cours d\u2019un \u00e9ventuel processus de r\u00e8glement des diff\u00e9rends plut\u00f4t que les normes commerciales de la DRC.<\/p>\n\n\n\n<p class=\"inline-button\"><a href=\"https:\/\/fvdrc.com\/wp-content\/uploads\/2023\/01\/Trading_Standards_January_2023_french.pdf\" target=\"_blank\" rel=\"noreferrer noopener\">T\u00c9L\u00c9CHARGEZ LE PDF<\/a> <a href=\"https:\/\/fvdrc.com\/wp-content\/uploads\/2023\/01\/Trading_Standards_January_2023_french.pdf\">VEW<\/a><\/p>\n\n\n\n<p class=\"inline-button\"><a href=\"https:\/\/fvdrc.com\/fr\/adhesion\/normes\/les-directives-en-matiere-dinspection\/\">LES DIRECTIVES EN MATI\u00c8RE D\u2019INSPECTION<\/a><br><a href=\"https:\/\/fvdrc.com\/fr\/adhesion\/normes\/les-directives-sur-larrivage-de-marchandises\/\">LES DIRECTIVES SUR L\u2019ARRIVAGE DE MARCHANDISES<\/a><\/p>\n<\/div><\/details><\/div>\n\n\n\n<div class=\"wp-block-coblocks-accordion-item\"><details><summary class=\"wp-block-coblocks-accordion-item__title\">Les r\u00e8gles d\u2019exploitation \u2013 Partie 5 \u2013 Les normes de transport<\/summary><div class=\"wp-block-coblocks-accordion-item__content\">\n<p>Les Normes de transport de la DRC \u00e9tablissent les attentes raisonnables qu\u2019ont toutes les parties prenantes au transport de fruits et l\u00e9gumes. Comme les normes commerciales, elles sont appliqu\u00e9es par d\u00e9faut lorsque les parties ne peuvent convenir des modalit\u00e9s de la vente. Elles guident les membres en ce qui a trait aux r\u00e9clamations, aux d\u00e9lais et temp\u00e9ratures de transit, aux cueillettes multiples, aux chargements partiels ou en commun, ainsi qu\u2019aux modalit\u00e9s de paiement.<\/p>\n\n\n\n<p>La DRC procure \u00e0 ses membres des normes, des proc\u00e9dures et des services harmonis\u00e9s afin de les aider \u00e0 \u00e9viter les diff\u00e9rends commerciaux.<\/p>\n\n\n\n<p class=\"inline-button\"><a href=\"https:\/\/fvdrc.com\/wp-content\/uploads\/2017\/01\/DRC_Trans_Stds_December_4_2008_FR.pdf\" target=\"_blank\" rel=\"noreferrer noopener\">T\u00c9L\u00c9CHARGEZ LE PDF<\/a> <\/p>\n<\/div><\/details><\/div>\n\n\n\n<div class=\"wp-block-coblocks-accordion-item\"><details><summary class=\"wp-block-coblocks-accordion-item__title\">Les r\u00e8gles d\u2019exploitation \u2013 Partie 6 \u2013 Les r\u00e8gles concernant le r\u00e8glement des diff\u00e9rends<\/summary><div class=\"wp-block-coblocks-accordion-item__content\">\n<p>Les r\u00e8gles concernant le r\u00e8glement des diff\u00e9rends de la DRC gouvernent le processus de m\u00e9diation et d\u2019arbitrage. Elles \u00e9tablissent, \u00e9tape par \u00e9tape, la mani\u00e8re de proc\u00e9der pour r\u00e9gler une r\u00e9clamation, y compris les limitations prescrites, la nomination d\u2019un m\u00e9diateur ou d\u2019un arbitre, la soumission de preuves, la grille tarifaire et encore davantage.<\/p>\n\n\n\n<p>La DRC s\u2019efforce d\u2019\u00e9duquer ses membres afin qu\u2019ils appliquent les meilleures pratiques pour, d\u2019abord et avant tout, \u00e9viter les diff\u00e9rends. Le mod\u00e8le de r\u00e8glement des diff\u00e9rends de la DRC est con\u00e7u de mani\u00e8re \u00e0 r\u00e9duire les risques et \u00e0 faciliter le commerce entre eux. Lorsque cela devient n\u00e9cessaire, la DRC leur fournit des solutions rapides, \u00e9quitables et ex\u00e9cutoires pour r\u00e9gler les diff\u00e9rends qui, malgr\u00e9 tout, surviennent parfois dans leurs transactions avec les autres membres.<\/p>\n\n\n\n<p class=\"inline-button\"><a href=\"https:\/\/fvdrc.com\/wp-content\/uploads\/2025\/12\/DRC-Dispute-Resolution-Rules_December-4-2025_French.pdf\" target=\"_blank\" rel=\"noreferrer noopener\">T\u00c9L\u00c9CHARGEZ LE PDF<\/a><\/p>\n<\/div><\/details><\/div>\n<\/div>\n\n\n\n<div class=\"wp-block-uagb-buttons uagb-buttons__outer-wrap uagb-btn__medium-btn uagb-btn-tablet__default-btn uagb-btn-mobile__default-btn uagb-block-8b7085c7\"><div class=\"uagb-buttons__wrap uagb-buttons-layout-wrap \">\n<div class=\"wp-block-uagb-buttons-child uagb-buttons__outer-wrap uagb-block-467d307b wp-block-button\"><div class=\"uagb-button__wrapper\"><a class=\"uagb-buttons-repeater wp-block-button__link\" aria-label=\"\" href=\"https:\/\/fvdrc.com\/fr\/adhesion\/les-normes\/les-directives-sur-larrivage-de-marchandises\/\" rel=\"follow noopener\" target=\"_blank\" role=\"button\"><div class=\"uagb-button__link\">Les directives sur l\u2019arrivage de marchandises<\/div><\/a><\/div><\/div>\n\n\n\n<div class=\"wp-block-uagb-buttons-child uagb-buttons__outer-wrap uagb-block-fc4530a1 wp-block-button\"><div class=\"uagb-button__wrapper\"><a class=\"uagb-buttons-repeater wp-block-button__link\" aria-label=\"\" href=\"https:\/\/fvdrc.com\/fr\/adhesion\/les-normes\/les-directives-en-matiere-dinspection\/\" rel=\"follow noopener\" target=\"_blank\" role=\"button\"><div class=\"uagb-button__link\">Les directives en mati\u00e8re d\u2019inspection<\/div><\/a><\/div><\/div>\n<\/div><\/div>\n\n\n\n\n","protected":false},"excerpt":{"rendered":"<p>La DRC procure \u00e0 ses membres des normes, des proc\u00e9dures et des services&nbsp; harmonis\u00e9s pour les aider \u00e0 \u00e9viter les diff\u00e9rends commerciaux.<\/p>\n","protected":false},"author":2,"featured_media":0,"parent":322,"menu_order":12,"comment_status":"closed","ping_status":"closed","template":"","meta":{"_acf_changed":false,"_coblocks_attr":"","_coblocks_dimensions":"","_coblocks_responsive_height":"","_coblocks_accordion_ie_support":"","om_disable_all_campaigns":false,"_uag_custom_page_level_css":"","_monsterinsights_skip_tracking":false,"_monsterinsights_sitenote_active":false,"_monsterinsights_sitenote_note":"","_monsterinsights_sitenote_category":0,"_uf_show_specific_survey":0,"_uf_disable_surveys":false,"footnotes":""},"class_list":["post-337","page","type-page","status-publish","hentry"],"acf":[],"aioseo_notices":[],"yoast_head":"<!-- This site is optimized with the Yoast SEO plugin v27.4 - https:\/\/yoast.com\/product\/yoast-seo-wordpress\/ -->\n<title>Les normes - Fruit and Vegetable Dispute Resolution Corporation<\/title>\n<meta name=\"description\" content=\"La DRC procure \u00e0 ses membres des normes, des proc\u00e9dures et des services harmonis\u00e9s pour les aider \u00e0 \u00e9viter les diff\u00e9rends commerciaux.\" \/>\n<meta name=\"robots\" content=\"index, follow, max-snippet:-1, max-image-preview:large, max-video-preview:-1\" \/>\n<link rel=\"canonical\" href=\"https:\/\/fvdrc.com\/fr\/adhesion\/les-normes\/\" \/>\n<meta property=\"og:locale\" content=\"fr_FR\" \/>\n<meta property=\"og:type\" content=\"article\" \/>\n<meta property=\"og:title\" content=\"Les normes - Fruit and Vegetable Dispute Resolution Corporation\" \/>\n<meta property=\"og:description\" content=\"La DRC procure \u00e0 ses membres des normes, des proc\u00e9dures et des services harmonis\u00e9s pour les aider \u00e0 \u00e9viter les diff\u00e9rends commerciaux.\" \/>\n<meta property=\"og:url\" content=\"https:\/\/fvdrc.com\/fr\/adhesion\/les-normes\/\" \/>\n<meta property=\"og:site_name\" content=\"Fruit and Vegetable Dispute Resolution Corporation\" \/>\n<meta property=\"article:modified_time\" content=\"2025-12-19T19:59:57+00:00\" \/>\n<meta name=\"twitter:card\" content=\"summary_large_image\" \/>\n<meta name=\"twitter:label1\" content=\"Est. reading time\" \/>\n\t<meta name=\"twitter:data1\" content=\"4 minutes\" \/>\n<script type=\"application\/ld+json\" class=\"yoast-schema-graph\">{\"@context\":\"https:\\\/\\\/schema.org\",\"@graph\":[{\"@type\":\"WebPage\",\"@id\":\"https:\\\/\\\/fvdrc.com\\\/fr\\\/adhesion\\\/les-normes\\\/\",\"url\":\"https:\\\/\\\/fvdrc.com\\\/fr\\\/adhesion\\\/les-normes\\\/\",\"name\":\"Les normes - Fruit and Vegetable Dispute Resolution Corporation\",\"isPartOf\":{\"@id\":\"https:\\\/\\\/fvdrc.com\\\/#website\"},\"datePublished\":\"2017-01-16T14:14:55+00:00\",\"dateModified\":\"2025-12-19T19:59:57+00:00\",\"description\":\"La DRC procure \u00e0 ses membres des normes, des proc\u00e9dures et des services harmonis\u00e9s pour les aider \u00e0 \u00e9viter les diff\u00e9rends commerciaux.\",\"breadcrumb\":{\"@id\":\"https:\\\/\\\/fvdrc.com\\\/fr\\\/adhesion\\\/les-normes\\\/#breadcrumb\"},\"inLanguage\":\"fr-FR\",\"potentialAction\":[{\"@type\":\"ReadAction\",\"target\":[\"https:\\\/\\\/fvdrc.com\\\/fr\\\/adhesion\\\/les-normes\\\/\"]}]},{\"@type\":\"BreadcrumbList\",\"@id\":\"https:\\\/\\\/fvdrc.com\\\/fr\\\/adhesion\\\/les-normes\\\/#breadcrumb\",\"itemListElement\":[{\"@type\":\"ListItem\",\"position\":1,\"name\":\"Home\",\"item\":\"https:\\\/\\\/fvdrc.com\\\/fr\\\/\"},{\"@type\":\"ListItem\",\"position\":2,\"name\":\"Adh\u00e9sion\",\"item\":\"https:\\\/\\\/fvdrc.com\\\/fr\\\/adhesion\\\/\"},{\"@type\":\"ListItem\",\"position\":3,\"name\":\"Les normes\"}]},{\"@type\":\"WebSite\",\"@id\":\"https:\\\/\\\/fvdrc.com\\\/#website\",\"url\":\"https:\\\/\\\/fvdrc.com\\\/\",\"name\":\"Fruit and Vegetable Dispute Resolution Corporation\",\"description\":\"Trade with Confidence\",\"publisher\":{\"@id\":\"https:\\\/\\\/fvdrc.com\\\/#organization\"},\"potentialAction\":[{\"@type\":\"SearchAction\",\"target\":{\"@type\":\"EntryPoint\",\"urlTemplate\":\"https:\\\/\\\/fvdrc.com\\\/?s={search_term_string}\"},\"query-input\":{\"@type\":\"PropertyValueSpecification\",\"valueRequired\":true,\"valueName\":\"search_term_string\"}}],\"inLanguage\":\"fr-FR\"},{\"@type\":\"Organization\",\"@id\":\"https:\\\/\\\/fvdrc.com\\\/#organization\",\"name\":\"Fruit and Vegetable Dispute Resolution Corporation\",\"url\":\"https:\\\/\\\/fvdrc.com\\\/\",\"logo\":{\"@type\":\"ImageObject\",\"inLanguage\":\"fr-FR\",\"@id\":\"https:\\\/\\\/fvdrc.com\\\/#\\\/schema\\\/logo\\\/image\\\/\",\"url\":\"https:\\\/\\\/fvdrc.com\\\/wp-content\\\/uploads\\\/2020\\\/06\\\/DRC-logo@2x.png\",\"contentUrl\":\"https:\\\/\\\/fvdrc.com\\\/wp-content\\\/uploads\\\/2020\\\/06\\\/DRC-logo@2x.png\",\"width\":261,\"height\":140,\"caption\":\"Fruit and Vegetable Dispute Resolution Corporation\"},\"image\":{\"@id\":\"https:\\\/\\\/fvdrc.com\\\/#\\\/schema\\\/logo\\\/image\\\/\"}}]}<\/script>\n<!-- \/ Yoast SEO plugin. -->","yoast_head_json":{"title":"Les normes - Fruit and Vegetable Dispute Resolution Corporation","description":"La DRC procure \u00e0 ses membres des normes, des proc\u00e9dures et des services harmonis\u00e9s pour les aider \u00e0 \u00e9viter les diff\u00e9rends commerciaux.","robots":{"index":"index","follow":"follow","max-snippet":"max-snippet:-1","max-image-preview":"max-image-preview:large","max-video-preview":"max-video-preview:-1"},"canonical":"https:\/\/fvdrc.com\/fr\/adhesion\/les-normes\/","og_locale":"fr_FR","og_type":"article","og_title":"Les normes - Fruit and Vegetable Dispute Resolution Corporation","og_description":"La DRC procure \u00e0 ses membres des normes, des proc\u00e9dures et des services harmonis\u00e9s pour les aider \u00e0 \u00e9viter les diff\u00e9rends commerciaux.","og_url":"https:\/\/fvdrc.com\/fr\/adhesion\/les-normes\/","og_site_name":"Fruit and Vegetable Dispute Resolution Corporation","article_modified_time":"2025-12-19T19:59:57+00:00","twitter_card":"summary_large_image","twitter_misc":{"Est. reading time":"4 minutes"},"schema":{"@context":"https:\/\/schema.org","@graph":[{"@type":"WebPage","@id":"https:\/\/fvdrc.com\/fr\/adhesion\/les-normes\/","url":"https:\/\/fvdrc.com\/fr\/adhesion\/les-normes\/","name":"Les normes - Fruit and Vegetable Dispute Resolution Corporation","isPartOf":{"@id":"https:\/\/fvdrc.com\/#website"},"datePublished":"2017-01-16T14:14:55+00:00","dateModified":"2025-12-19T19:59:57+00:00","description":"La DRC procure \u00e0 ses membres des normes, des proc\u00e9dures et des services harmonis\u00e9s pour les aider \u00e0 \u00e9viter les diff\u00e9rends commerciaux.","breadcrumb":{"@id":"https:\/\/fvdrc.com\/fr\/adhesion\/les-normes\/#breadcrumb"},"inLanguage":"fr-FR","potentialAction":[{"@type":"ReadAction","target":["https:\/\/fvdrc.com\/fr\/adhesion\/les-normes\/"]}]},{"@type":"BreadcrumbList","@id":"https:\/\/fvdrc.com\/fr\/adhesion\/les-normes\/#breadcrumb","itemListElement":[{"@type":"ListItem","position":1,"name":"Home","item":"https:\/\/fvdrc.com\/fr\/"},{"@type":"ListItem","position":2,"name":"Adh\u00e9sion","item":"https:\/\/fvdrc.com\/fr\/adhesion\/"},{"@type":"ListItem","position":3,"name":"Les normes"}]},{"@type":"WebSite","@id":"https:\/\/fvdrc.com\/#website","url":"https:\/\/fvdrc.com\/","name":"Fruit and Vegetable Dispute Resolution Corporation","description":"Trade with Confidence","publisher":{"@id":"https:\/\/fvdrc.com\/#organization"},"potentialAction":[{"@type":"SearchAction","target":{"@type":"EntryPoint","urlTemplate":"https:\/\/fvdrc.com\/?s={search_term_string}"},"query-input":{"@type":"PropertyValueSpecification","valueRequired":true,"valueName":"search_term_string"}}],"inLanguage":"fr-FR"},{"@type":"Organization","@id":"https:\/\/fvdrc.com\/#organization","name":"Fruit and Vegetable Dispute Resolution Corporation","url":"https:\/\/fvdrc.com\/","logo":{"@type":"ImageObject","inLanguage":"fr-FR","@id":"https:\/\/fvdrc.com\/#\/schema\/logo\/image\/","url":"https:\/\/fvdrc.com\/wp-content\/uploads\/2020\/06\/DRC-logo@2x.png","contentUrl":"https:\/\/fvdrc.com\/wp-content\/uploads\/2020\/06\/DRC-logo@2x.png","width":261,"height":140,"caption":"Fruit and Vegetable Dispute Resolution Corporation"},"image":{"@id":"https:\/\/fvdrc.com\/#\/schema\/logo\/image\/"}}]}},"featured_image_src":null,"featured_image_src_square":null,"uagb_featured_image_src":{"full":false,"thumbnail":false,"medium":false,"medium_large":false,"large":false,"gs-tiny":false,"xl":false,"xxl":false,"xxxl":false,"xxxxl":false,"xxxxxl":false,"1536x1536":false,"2048x2048":false,"gb-block-post-grid-landscape":false,"gb-block-post-grid-square":false,"post-thumbnail":false,"twentytwenty-fullscreen":false},"uagb_author_info":{"display_name":"DRC","author_link":"https:\/\/fvdrc.com\/fr\/solutions\/author\/drc\/"},"uagb_comment_info":0,"uagb_excerpt":"La DRC procure \u00e0 ses membres des normes, des proc\u00e9dures et des services&nbsp; harmonis\u00e9s pour les aider \u00e0 \u00e9viter les diff\u00e9rends commerciaux.","_links":{"self":[{"href":"https:\/\/fvdrc.com\/fr\/wp-json\/wp\/v2\/pages\/337","targetHints":{"allow":["GET"]}}],"collection":[{"href":"https:\/\/fvdrc.com\/fr\/wp-json\/wp\/v2\/pages"}],"about":[{"href":"https:\/\/fvdrc.com\/fr\/wp-json\/wp\/v2\/types\/page"}],"author":[{"embeddable":true,"href":"https:\/\/fvdrc.com\/fr\/wp-json\/wp\/v2\/users\/2"}],"replies":[{"embeddable":true,"href":"https:\/\/fvdrc.com\/fr\/wp-json\/wp\/v2\/comments?post=337"}],"version-history":[{"count":31,"href":"https:\/\/fvdrc.com\/fr\/wp-json\/wp\/v2\/pages\/337\/revisions"}],"predecessor-version":[{"id":14655,"href":"https:\/\/fvdrc.com\/fr\/wp-json\/wp\/v2\/pages\/337\/revisions\/14655"}],"up":[{"embeddable":true,"href":"https:\/\/fvdrc.com\/fr\/wp-json\/wp\/v2\/pages\/322"}],"wp:attachment":[{"href":"https:\/\/fvdrc.com\/fr\/wp-json\/wp\/v2\/media?parent=337"}],"curies":[{"name":"wp","href":"https:\/\/api.w.org\/{rel}","templated":true}]}}