{"id":334,"date":"2017-01-16T09:14:46","date_gmt":"2017-01-16T14:14:46","guid":{"rendered":"https:\/\/fvdrc.com\/?page_id=334"},"modified":"2020-11-05T08:51:08","modified_gmt":"2020-11-05T13:51:08","slug":"seminaires","status":"publish","type":"page","link":"https:\/\/fvdrc.com\/fr\/reglement-des-differends\/education-et-consultation\/seminaires\/","title":{"rendered":"S\u00e9minaires"},"content":{"rendered":"\n<h2 class=\"wp-block-heading\">Les s\u00e9minaires de la DRC<\/h2>\n\n\n\n<p>Les s\u00e9minaires de la DRC sont con\u00e7us pour vous aider \u00e0 r\u00e9soudre avec succ\u00e8s vos probl\u00e8mes li\u00e9s aux envois ou aux transactions de fruits et l\u00e9gumes frais.<\/p>\n\n\n\n<h3 class=\"wp-block-heading\">Les s\u00e9minaires couvrent&nbsp;:<\/h3>\n\n\n\n<ul class=\"wp-block-list\"><li>La mani\u00e8re ad\u00e9quate de documenter votre cause<\/li><li>La mani\u00e8re de n\u00e9gocier des r\u00e8glements avec succ\u00e8s<\/li><li>Vos droits et vos responsabilit\u00e9s<\/li><li>La mani\u00e8re de lire et d&#8217;interpr\u00e9ter les certificats d&#8217;inspection f\u00e9d\u00e9raux<\/li><li>Le langage des inspecteurs<\/li><li>Ce qui constitue un arrivage convenable<\/li><li>Les normes de livraison FAB<\/li><li>Les R\u00e8gles concernant le r\u00e8glement de diff\u00e9rends de la DRC<\/li><li>Les Normes commerciales de la DRC<\/li><li>Le recours aux dispositions fiduciaires et aux r\u00e9clamations du PACA<\/li><\/ul>\n\n\n\n<h4 class=\"wp-block-heading\">Qui a avantage \u00e0 participer \u00e0 ce s\u00e9minaire?<\/h4>\n\n\n\n<p>Les acheteurs, les g\u00e9rants des ventes, les vendeurs, les sp\u00e9cialistes du r\u00e8glement des diff\u00e9rends, le personnel vou\u00e9 \u00e0 la logistique, les gestionnaires de cr\u00e9dit et leur personnel, les r\u00e9partiteurs, les contrema\u00eetres d&#8217;entrep\u00f4t\u2026 tous vos employ\u00e9s peuvent en b\u00e9n\u00e9ficier!<\/p>\n\n\n\n<p>Vous ne trouvez pas tout \u00e0 fait ce que vous recherchez? La DRC peut vous offrir un s\u00e9minaire personnalis\u00e9 en fonction de vos besoins particuliers. Communiquez avec le <a title=\"Le service d'assistance de la DRC\" href=\"https:\/\/fvdrc.com\/fr\/a-notre-sujet\/nous-joindre\/?cr=2\">service d&#8217;assistance de la DRC<\/a> d\u00e8s maintenant.<\/p>\n","protected":false},"excerpt":{"rendered":"<p>Les s\u00e9minaires de la DRC Les s\u00e9minaires de la DRC sont con\u00e7us pour vous aider \u00e0 r\u00e9soudre avec succ\u00e8s vos probl\u00e8mes li\u00e9s aux envois ou aux transactions de fruits et l\u00e9gumes frais. Les s\u00e9minaires couvrent&nbsp;: La mani\u00e8re ad\u00e9quate de documenter votre cause La mani\u00e8re de n\u00e9gocier des r\u00e8glements avec succ\u00e8s Vos droits et vos responsabilit\u00e9s [&hellip;]<\/p>\n","protected":false},"author":2,"featured_media":0,"parent":3509,"menu_order":7,"comment_status":"closed","ping_status":"closed","template":"","meta":{"_acf_changed":false,"_coblocks_attr":"","_coblocks_dimensions":"","_coblocks_responsive_height":"","_coblocks_accordion_ie_support":"","om_disable_all_campaigns":false,"_uag_custom_page_level_css":"","_monsterinsights_skip_tracking":false,"_monsterinsights_sitenote_active":false,"_monsterinsights_sitenote_note":"","_monsterinsights_sitenote_category":0,"_uf_show_specific_survey":0,"_uf_disable_surveys":false,"footnotes":""},"class_list":["post-334","page","type-page","status-publish","hentry"],"acf":[],"aioseo_notices":[],"yoast_head":"<!-- This site is optimized with the Yoast SEO plugin v27.4 - https:\/\/yoast.com\/product\/yoast-seo-wordpress\/ -->\n<title>S\u00e9minaires - Fruit and Vegetable Dispute Resolution Corporation<\/title>\n<meta name=\"robots\" content=\"index, follow, max-snippet:-1, max-image-preview:large, max-video-preview:-1\" \/>\n<link rel=\"canonical\" href=\"https:\/\/fvdrc.com\/fr\/reglement-des-differends\/education-et-consultation\/seminaires\/\" \/>\n<meta property=\"og:locale\" content=\"fr_FR\" \/>\n<meta property=\"og:type\" content=\"article\" \/>\n<meta property=\"og:title\" content=\"S\u00e9minaires - Fruit and Vegetable Dispute Resolution Corporation\" \/>\n<meta property=\"og:description\" content=\"Les s\u00e9minaires de la DRC Les s\u00e9minaires de la DRC sont con\u00e7us pour vous aider \u00e0 r\u00e9soudre avec succ\u00e8s vos probl\u00e8mes li\u00e9s aux envois ou aux transactions de fruits et l\u00e9gumes frais. Les s\u00e9minaires couvrent&nbsp;: La mani\u00e8re ad\u00e9quate de documenter votre cause La mani\u00e8re de n\u00e9gocier des r\u00e8glements avec succ\u00e8s Vos droits et vos responsabilit\u00e9s [&hellip;]\" \/>\n<meta property=\"og:url\" content=\"https:\/\/fvdrc.com\/fr\/reglement-des-differends\/education-et-consultation\/seminaires\/\" \/>\n<meta property=\"og:site_name\" content=\"Fruit and Vegetable Dispute Resolution Corporation\" \/>\n<meta property=\"article:modified_time\" content=\"2020-11-05T13:51:08+00:00\" \/>\n<meta name=\"twitter:card\" content=\"summary_large_image\" \/>\n<meta name=\"twitter:label1\" content=\"Est. reading time\" \/>\n\t<meta name=\"twitter:data1\" content=\"1 minute\" \/>\n<script type=\"application\/ld+json\" class=\"yoast-schema-graph\">{\"@context\":\"https:\\\/\\\/schema.org\",\"@graph\":[{\"@type\":\"WebPage\",\"@id\":\"https:\\\/\\\/fvdrc.com\\\/fr\\\/reglement-des-differends\\\/education-et-consultation\\\/seminaires\\\/\",\"url\":\"https:\\\/\\\/fvdrc.com\\\/fr\\\/reglement-des-differends\\\/education-et-consultation\\\/seminaires\\\/\",\"name\":\"S\u00e9minaires - Fruit and Vegetable Dispute Resolution Corporation\",\"isPartOf\":{\"@id\":\"https:\\\/\\\/fvdrc.com\\\/#website\"},\"datePublished\":\"2017-01-16T14:14:46+00:00\",\"dateModified\":\"2020-11-05T13:51:08+00:00\",\"breadcrumb\":{\"@id\":\"https:\\\/\\\/fvdrc.com\\\/fr\\\/reglement-des-differends\\\/education-et-consultation\\\/seminaires\\\/#breadcrumb\"},\"inLanguage\":\"fr-FR\",\"potentialAction\":[{\"@type\":\"ReadAction\",\"target\":[\"https:\\\/\\\/fvdrc.com\\\/fr\\\/reglement-des-differends\\\/education-et-consultation\\\/seminaires\\\/\"]}]},{\"@type\":\"BreadcrumbList\",\"@id\":\"https:\\\/\\\/fvdrc.com\\\/fr\\\/reglement-des-differends\\\/education-et-consultation\\\/seminaires\\\/#breadcrumb\",\"itemListElement\":[{\"@type\":\"ListItem\",\"position\":1,\"name\":\"Home\",\"item\":\"https:\\\/\\\/fvdrc.com\\\/fr\\\/\"},{\"@type\":\"ListItem\",\"position\":2,\"name\":\"R\u00e8glement des diff\u00e9rends\",\"item\":\"https:\\\/\\\/fvdrc.com\\\/fr\\\/reglement-des-differends\\\/\"},{\"@type\":\"ListItem\",\"position\":3,\"name\":\"\u00c9ducation et consultation\",\"item\":\"https:\\\/\\\/fvdrc.com\\\/fr\\\/reglement-des-differends\\\/education-et-consultation\\\/\"},{\"@type\":\"ListItem\",\"position\":4,\"name\":\"S\u00e9minaires\"}]},{\"@type\":\"WebSite\",\"@id\":\"https:\\\/\\\/fvdrc.com\\\/#website\",\"url\":\"https:\\\/\\\/fvdrc.com\\\/\",\"name\":\"Fruit and Vegetable Dispute Resolution Corporation\",\"description\":\"Trade with Confidence\",\"publisher\":{\"@id\":\"https:\\\/\\\/fvdrc.com\\\/#organization\"},\"potentialAction\":[{\"@type\":\"SearchAction\",\"target\":{\"@type\":\"EntryPoint\",\"urlTemplate\":\"https:\\\/\\\/fvdrc.com\\\/?s={search_term_string}\"},\"query-input\":{\"@type\":\"PropertyValueSpecification\",\"valueRequired\":true,\"valueName\":\"search_term_string\"}}],\"inLanguage\":\"fr-FR\"},{\"@type\":\"Organization\",\"@id\":\"https:\\\/\\\/fvdrc.com\\\/#organization\",\"name\":\"Fruit and Vegetable Dispute Resolution Corporation\",\"url\":\"https:\\\/\\\/fvdrc.com\\\/\",\"logo\":{\"@type\":\"ImageObject\",\"inLanguage\":\"fr-FR\",\"@id\":\"https:\\\/\\\/fvdrc.com\\\/#\\\/schema\\\/logo\\\/image\\\/\",\"url\":\"https:\\\/\\\/fvdrc.com\\\/wp-content\\\/uploads\\\/2020\\\/06\\\/DRC-logo@2x.png\",\"contentUrl\":\"https:\\\/\\\/fvdrc.com\\\/wp-content\\\/uploads\\\/2020\\\/06\\\/DRC-logo@2x.png\",\"width\":261,\"height\":140,\"caption\":\"Fruit and Vegetable Dispute Resolution Corporation\"},\"image\":{\"@id\":\"https:\\\/\\\/fvdrc.com\\\/#\\\/schema\\\/logo\\\/image\\\/\"}}]}<\/script>\n<!-- \/ Yoast SEO plugin. -->","yoast_head_json":{"title":"S\u00e9minaires - Fruit and Vegetable Dispute Resolution Corporation","robots":{"index":"index","follow":"follow","max-snippet":"max-snippet:-1","max-image-preview":"max-image-preview:large","max-video-preview":"max-video-preview:-1"},"canonical":"https:\/\/fvdrc.com\/fr\/reglement-des-differends\/education-et-consultation\/seminaires\/","og_locale":"fr_FR","og_type":"article","og_title":"S\u00e9minaires - Fruit and Vegetable Dispute Resolution Corporation","og_description":"Les s\u00e9minaires de la DRC Les s\u00e9minaires de la DRC sont con\u00e7us pour vous aider \u00e0 r\u00e9soudre avec succ\u00e8s vos probl\u00e8mes li\u00e9s aux envois ou aux transactions de fruits et l\u00e9gumes frais. Les s\u00e9minaires couvrent&nbsp;: La mani\u00e8re ad\u00e9quate de documenter votre cause La mani\u00e8re de n\u00e9gocier des r\u00e8glements avec succ\u00e8s Vos droits et vos responsabilit\u00e9s [&hellip;]","og_url":"https:\/\/fvdrc.com\/fr\/reglement-des-differends\/education-et-consultation\/seminaires\/","og_site_name":"Fruit and Vegetable Dispute Resolution Corporation","article_modified_time":"2020-11-05T13:51:08+00:00","twitter_card":"summary_large_image","twitter_misc":{"Est. reading time":"1 minute"},"schema":{"@context":"https:\/\/schema.org","@graph":[{"@type":"WebPage","@id":"https:\/\/fvdrc.com\/fr\/reglement-des-differends\/education-et-consultation\/seminaires\/","url":"https:\/\/fvdrc.com\/fr\/reglement-des-differends\/education-et-consultation\/seminaires\/","name":"S\u00e9minaires - Fruit and Vegetable Dispute Resolution Corporation","isPartOf":{"@id":"https:\/\/fvdrc.com\/#website"},"datePublished":"2017-01-16T14:14:46+00:00","dateModified":"2020-11-05T13:51:08+00:00","breadcrumb":{"@id":"https:\/\/fvdrc.com\/fr\/reglement-des-differends\/education-et-consultation\/seminaires\/#breadcrumb"},"inLanguage":"fr-FR","potentialAction":[{"@type":"ReadAction","target":["https:\/\/fvdrc.com\/fr\/reglement-des-differends\/education-et-consultation\/seminaires\/"]}]},{"@type":"BreadcrumbList","@id":"https:\/\/fvdrc.com\/fr\/reglement-des-differends\/education-et-consultation\/seminaires\/#breadcrumb","itemListElement":[{"@type":"ListItem","position":1,"name":"Home","item":"https:\/\/fvdrc.com\/fr\/"},{"@type":"ListItem","position":2,"name":"R\u00e8glement des diff\u00e9rends","item":"https:\/\/fvdrc.com\/fr\/reglement-des-differends\/"},{"@type":"ListItem","position":3,"name":"\u00c9ducation et consultation","item":"https:\/\/fvdrc.com\/fr\/reglement-des-differends\/education-et-consultation\/"},{"@type":"ListItem","position":4,"name":"S\u00e9minaires"}]},{"@type":"WebSite","@id":"https:\/\/fvdrc.com\/#website","url":"https:\/\/fvdrc.com\/","name":"Fruit and Vegetable Dispute Resolution Corporation","description":"Trade with Confidence","publisher":{"@id":"https:\/\/fvdrc.com\/#organization"},"potentialAction":[{"@type":"SearchAction","target":{"@type":"EntryPoint","urlTemplate":"https:\/\/fvdrc.com\/?s={search_term_string}"},"query-input":{"@type":"PropertyValueSpecification","valueRequired":true,"valueName":"search_term_string"}}],"inLanguage":"fr-FR"},{"@type":"Organization","@id":"https:\/\/fvdrc.com\/#organization","name":"Fruit and Vegetable Dispute Resolution Corporation","url":"https:\/\/fvdrc.com\/","logo":{"@type":"ImageObject","inLanguage":"fr-FR","@id":"https:\/\/fvdrc.com\/#\/schema\/logo\/image\/","url":"https:\/\/fvdrc.com\/wp-content\/uploads\/2020\/06\/DRC-logo@2x.png","contentUrl":"https:\/\/fvdrc.com\/wp-content\/uploads\/2020\/06\/DRC-logo@2x.png","width":261,"height":140,"caption":"Fruit and Vegetable Dispute Resolution Corporation"},"image":{"@id":"https:\/\/fvdrc.com\/#\/schema\/logo\/image\/"}}]}},"featured_image_src":null,"featured_image_src_square":null,"uagb_featured_image_src":{"full":false,"thumbnail":false,"medium":false,"medium_large":false,"large":false,"gs-tiny":false,"xl":false,"xxl":false,"xxxl":false,"xxxxl":false,"xxxxxl":false,"1536x1536":false,"2048x2048":false,"gb-block-post-grid-landscape":false,"gb-block-post-grid-square":false,"post-thumbnail":false,"twentytwenty-fullscreen":false},"uagb_author_info":{"display_name":"DRC","author_link":"https:\/\/fvdrc.com\/fr\/solutions\/author\/drc\/"},"uagb_comment_info":0,"uagb_excerpt":"Les s\u00e9minaires de la DRC Les s\u00e9minaires de la DRC sont con\u00e7us pour vous aider \u00e0 r\u00e9soudre avec succ\u00e8s vos probl\u00e8mes li\u00e9s aux envois ou aux transactions de fruits et l\u00e9gumes frais. Les s\u00e9minaires couvrent&nbsp;: La mani\u00e8re ad\u00e9quate de documenter votre cause La mani\u00e8re de n\u00e9gocier des r\u00e8glements avec succ\u00e8s Vos droits et vos responsabilit\u00e9s&hellip;","_links":{"self":[{"href":"https:\/\/fvdrc.com\/fr\/wp-json\/wp\/v2\/pages\/334","targetHints":{"allow":["GET"]}}],"collection":[{"href":"https:\/\/fvdrc.com\/fr\/wp-json\/wp\/v2\/pages"}],"about":[{"href":"https:\/\/fvdrc.com\/fr\/wp-json\/wp\/v2\/types\/page"}],"author":[{"embeddable":true,"href":"https:\/\/fvdrc.com\/fr\/wp-json\/wp\/v2\/users\/2"}],"replies":[{"embeddable":true,"href":"https:\/\/fvdrc.com\/fr\/wp-json\/wp\/v2\/comments?post=334"}],"version-history":[{"count":3,"href":"https:\/\/fvdrc.com\/fr\/wp-json\/wp\/v2\/pages\/334\/revisions"}],"predecessor-version":[{"id":4365,"href":"https:\/\/fvdrc.com\/fr\/wp-json\/wp\/v2\/pages\/334\/revisions\/4365"}],"up":[{"embeddable":true,"href":"https:\/\/fvdrc.com\/fr\/wp-json\/wp\/v2\/pages\/3509"}],"wp:attachment":[{"href":"https:\/\/fvdrc.com\/fr\/wp-json\/wp\/v2\/media?parent=334"}],"curies":[{"name":"wp","href":"https:\/\/api.w.org\/{rel}","templated":true}]}}