{"id":332,"date":"2017-01-16T09:14:41","date_gmt":"2017-01-16T14:14:41","guid":{"rendered":"https:\/\/fvdrc.com\/?page_id=332"},"modified":"2024-05-17T10:57:15","modified_gmt":"2024-05-17T14:57:15","slug":"formulaires-types-arbitrage","status":"publish","type":"page","link":"https:\/\/fvdrc.com\/fr\/reglement-des-differends\/formulaires-types-arbitrage\/","title":{"rendered":"Formulaires-types en arbitrage"},"content":{"rendered":"\n<p>Les formulaires-types qui apparaissent ci-dessous ont \u00e9t\u00e9 ajout\u00e9s au site Web de la DRC pour que ses membres puissent y acc\u00e9der avec aisance.<\/p>\n\n\n\n<p>Veuillez communiquer avec le service d\u2019assistance de la DRC avant de soumettre un formulaire-type. Il saura bien vous guider en vous indiquant la proc\u00e9dure \u00e0 suivre pas-\u00e0-pas, \u00e0 quoi vous attendre et le moment appropri\u00e9 pour remplir et soumettre chacun des formulaires.<\/p>\n\n\n\n<h2 class=\"wp-block-heading\">Informelle<\/h2>\n\n\n\n<div class=\"wp-block-coblocks-accordion\">\n<div class=\"wp-block-coblocks-accordion-item\"><details><summary class=\"wp-block-coblocks-accordion-item__title\">L\u2019avis de diff\u00e9rend (NOD)<\/summary><div class=\"wp-block-coblocks-accordion-item__content\">\n<p>Ce formulaire-type doit \u00eatre rempli par le r\u00e9clamant pour amorcer le processus de m\u00e9diation informelle. Apr\u00e8s avoir dress\u00e9 un compte-rendu complet de la transaction, et y avoir joint toute la documentation pertinente, veuillez soumettre l\u2019avis de diff\u00e9rend d\u00fbment sign\u00e9 \u00e0 l\u2019\u00e9quipe de l\u2019assistance commerciale de la DRC. Pour que la DRC puisse confirmer la validit\u00e9 de l\u2019avis de diff\u00e9rend, les deux parties doivent avoir \u00e9t\u00e9 membre au moment de la transaction et le diff\u00e9rend doit \u00eatre survenu au cours des neuf derniers mois.<\/p>\n\n\n\n<p>La DRC procure \u00e0 ses membres des normes, des proc\u00e9dures et des services harmonis\u00e9s pour les aider \u00e0 \u00e9viter les diff\u00e9rends commerciaux.<\/p>\n\n\n\n<p class=\"inline-button\"><a href=\"https:\/\/fvdrc.com\/wp-content\/uploads\/2024\/05\/1.AVIS-DE-DIFFEREND_french.doc\">T\u00c9L\u00c9CHARGEZ LE FORMULAIRE AVIS DE DIFF\u00c9REND<\/a><\/p>\n<\/div><\/details><\/div>\n\n\n\n<div class=\"wp-block-coblocks-accordion-item\"><details><summary class=\"wp-block-coblocks-accordion-item__title\">La r\u00e9ponse \u00e0 l\u2019avis de diff\u00e9rend (RNOD)<\/summary><div class=\"wp-block-coblocks-accordion-item__content\">\n<p>Ce formulaire-type doit \u00eatre rempli par l&#8217;intim\u00e9 (la partie intim\u00e9e), qui dispose d&#8217;un d\u00e9lai de sept jours apr\u00e8s avoir re\u00e7u la confirmation du d\u00e9p\u00f4t de l&#8217;avis de diff\u00e9rend pour y r\u00e9pondre. Il devrait vous avoir \u00e9t\u00e9 fourni avec la confirmation du d\u00e9p\u00f4t de l&#8217;avis de diff\u00e9rend. Si vous n&#8217;\u00eates pas s\u00fbr d&#8217;Avoir le bon document, veuillez communiquer avec le <a href=\"https:\/\/fvdrc.com\/fr\/a-notre-sujet\/nous-joindre\/?cr=2\">service d&#8217;assistance de la DRC<\/a>.<\/p>\n\n\n\n<p>La DRC procure \u00e0 ses membres des normes, des proc\u00e9dures et des services harmonis\u00e9s pour les aider \u00e0 \u00e9viter les diff\u00e9rends commerciaux.<\/p>\n\n\n\n<p class=\"inline-button\"><a href=\"https:\/\/fvdrc.com\/wp-content\/uploads\/2020\/11\/2.RE\u0301PONSE-A\u0300-LAVIS-DE-DIFFE\u0301REND_french.doc\" target=\"_blank\" rel=\"noreferrer noopener\">T\u00c9L\u00c9CHARGEZ LE FORMULAIRE R\u00c9PONSE \u00c0 L\u2019AVIS DE DIFF\u00c9REND<\/a><\/p>\n<\/div><\/details><\/div>\n\n\n\n<div class=\"wp-block-coblocks-accordion-item\"><details><summary class=\"wp-block-coblocks-accordion-item__title\">Le formulaire de r\u00e9ponse aux demandes de renseignements additionnels (SRT)<\/summary><div class=\"wp-block-coblocks-accordion-item__content\">\n<p>Apr\u00e8s avoir re\u00e7u l&#8217;avis de diff\u00e9rend et la r\u00e9ponse \u00e0 l&#8217;avis de diff\u00e9rend respectivement soumis par le r\u00e9clamant et l&#8217;intim\u00e9, la DRC demandera parfois des renseignements additionnels. Si la DRC vous demande de soumettre vos commentaires ou de la documentation additionnelle, vous devriez utilisez ce formulaire pour lui fournir votre r\u00e9ponse.<\/p>\n\n\n\n<p>La DRC procure \u00e0 ses membres des normes, des proc\u00e9dures et des services harmonis\u00e9s pour les aider \u00e0 \u00e9viter les diff\u00e9rends commerciaux.<\/p>\n\n\n\n<p class=\"inline-button\"><a href=\"https:\/\/fvdrc.com\/wp-content\/uploads\/2018\/10\/DRC-Standard-Reply-Template.doc\">T\u00c9L\u00c9CHARGEZ LE FORMULAIRE R\u00c9PONSE AUX DEMANDES DE RENSEIGNEMENTS ADDITIONNELS<\/a><\/p>\n<\/div><\/details><\/div>\n<\/div>\n\n\n\n<h2 class=\"wp-block-heading\">Formelle<\/h2>\n\n\n\n<div class=\"wp-block-coblocks-accordion\">\n<div class=\"wp-block-coblocks-accordion-item\"><details><summary class=\"wp-block-coblocks-accordion-item__title\">L\u2019expos\u00e9 de la demande (SOC)<\/summary><div class=\"wp-block-coblocks-accordion-item__content\">\n<p>Le d\u00e9p\u00f4t de l&#8217;expos\u00e9 de la demande entame le processus d&#8217;arbitrage. Veuillez communiquer avec le <a href=\"https:\/\/fvdrc.com\/fr\/a-notre-sujet\/nous-joindre\/?cr=2\">service d&#8217;assistance de la DRC<\/a> avant d&#8217;envoyer ce formulaire. Si vous n&#8217;avez pas avis\u00e9 la DRC de votre intention et que vous n&#8217;avez pas encore re\u00e7u de facture, le d\u00e9p\u00f4t de votre expos\u00e9 de la demande ne pourra pas \u00eatre confirm\u00e9.<\/p>\n\n\n\n<p><strong>Consultez l&#8217;expos\u00e9 de la demande prescrit par la DRC<\/strong><\/p>\n\n\n\n<ul class=\"wp-block-list\">\n<li><a href=\"https:\/\/fvdrc.com\/wp-content\/uploads\/2018\/10\/For-Claims-less-than-15000.doc\" target=\"_blank\" rel=\"noreferrer noopener\">Pour les r\u00e9clamations de moins de 15 000 $<\/a><\/li>\n\n\n\n<li><a href=\"https:\/\/fvdrc.com\/wp-content\/uploads\/2018\/10\/For-claims-15000-50000.doc\" target=\"_blank\" rel=\"noreferrer noopener\">Pour les r\u00e9clamations de 15 000 $ \u00e0 moins de 50 000 $<\/a><\/li>\n\n\n\n<li><a href=\"https:\/\/fvdrc.com\/wp-content\/uploads\/2018\/10\/For-claims-50000-and-up.doc\" target=\"_blank\" rel=\"noreferrer noopener\">Pour les r\u00e9clamations de 50 000 $ et plus<\/a><\/li>\n<\/ul>\n<\/div><\/details><\/div>\n\n\n\n<div class=\"wp-block-coblocks-accordion-item\"><details><summary class=\"wp-block-coblocks-accordion-item__title\">L\u2019expos\u00e9 en d\u00e9fense contre la demande (SODOC)<\/summary><div class=\"wp-block-coblocks-accordion-item__content\">\n<p>Ce formulaire est soumis par l&#8217;intim\u00e9 en r\u00e9ponse \u00e0 l&#8217;expos\u00e9 de la demande. Si vous avez des questions concernant la fa\u00e7on et les d\u00e9lais requis pour soumettre votre expos\u00e9 en d\u00e9fense contre la demande, veuillez communiquer avec le <a href=\"https:\/\/fvdrc.com\/fr\/a-notre-sujet\/nous-joindre\/?cr=2\">service d&#8217;assistance de la DRC<\/a>.<\/p>\n\n\n\n<p class=\"inline-button\"><a href=\"https:\/\/fvdrc.com\/wp-content\/uploads\/2018\/10\/DRC-Statement-of-Defence-to-Statement-of-Claim.doc\" target=\"_blank\" rel=\"noreferrer noopener\">Consultez l&#8217;expos\u00e9 en d\u00e9fense contre la r\u00e9clamation prescrit par la DRC<\/a><\/p>\n<\/div><\/details><\/div>\n\n\n\n<div class=\"wp-block-coblocks-accordion-item\"><details><summary class=\"wp-block-coblocks-accordion-item__title\">La r\u00e9ponse \u00e0 l\u2019expos\u00e9 en d\u00e9fense contre la demande (RSOD)<\/summary><div class=\"wp-block-coblocks-accordion-item__content\">\n<p>\u00c0 l&#8217;usage du r\u00e9clamant, ce formulaire lui donne l&#8217;occasion de r\u00e9pondre \u00e0 l&#8217;expos\u00e9 en d\u00e9fense contre la r\u00e9clamation de l&#8217;intim\u00e9. Contrairement \u00e0 l&#8217;expos\u00e9 de la demande et \u00e0 l&#8217;expos\u00e9 en d\u00e9fense contre la demande, ce formulaire n&#8217;est pas obligatoire.<\/p>\n\n\n\n<p class=\"inline-button\"><a href=\"https:\/\/fvdrc.com\/wp-content\/uploads\/2018\/10\/DRC-Reply-to-Statement-of-Defence-to-Statement-of-Claim.doc\" target=\"_blank\" rel=\"noreferrer noopener\">Consultez la r\u00e9ponse \u00e0 l&#8217;expos\u00e9 en d\u00e9fense contre la demande prescrite par la DRC<\/a><\/p>\n<\/div><\/details><\/div>\n\n\n\n<div class=\"wp-block-coblocks-accordion-item\"><details><summary class=\"wp-block-coblocks-accordion-item__title\">La demande reconventionnelle (CC)<\/summary><div class=\"wp-block-coblocks-accordion-item__content\">\n<p>Une demande reconventionnelle ne peut \u00eatre soumise sans avoir communiqu\u00e9 avec la DRC au pr\u00e9alable. Si vous n&#8217;avez pas avis\u00e9 la DRC de votre intention et que vous n&#8217;avez pas encore re\u00e7u de facture, le d\u00e9p\u00f4t de votre demande reconventionnelle ne pourra pas \u00eatre confirm\u00e9. Veuillez communiquer avec le <a href=\"https:\/\/fvdrc.com\/fr\/a-notre-sujet\/nous-joindre\/?cr=2\">service d&#8217;assistance de la DRC<\/a>.<\/p>\n\n\n\n<p>Le sous-alin\u00e9a (vii) du paragraphe (b) de l&#8217;article 1 des R\u00e8gles concernant le r\u00e8glement de diff\u00e9rends de la DRC d\u00e9finit la demande reconventionnelle comme d\u00e9signant :<\/p>\n\n\n\n<blockquote class=\"wp-block-quote is-layout-flow wp-block-quote-is-layout-flow\">\n<p><em>\u2026 une r\u00e9clamation soumise par une partie intim\u00e9e \u00e0 l&#8217;\u00e9gard d&#8217;une transaction ou d&#8217;un incident faisant l&#8217;objet d&#8217;une r\u00e9clamation et dont le montant exc\u00e8de le montant r\u00e9clam\u00e9 par la partie demanderesse. Sous r\u00e9serve des dispositions de l&#8217;article 4, une demande reconventionnelle est soumise au moyen d&#8217;une demande reconventionnelle, en autant que la partie intim\u00e9e ait donn\u00e9 avis de son intention de soumettre une telle demande reconventionnelle lors du processus de consultation informelle. Les r\u00e9clamations soumises par une partie intim\u00e9e \u00e0 l&#8217;\u00e9gard d&#8217;une transaction ou d&#8217;un incident faisant l&#8217;objet d&#8217;une r\u00e9clamation et dont le montant est inf\u00e9rieur \u00e0 celui r\u00e9clam\u00e9 par la partie demanderesse ne peuvent \u00eatre pr\u00e9sent\u00e9es qu&#8217;\u00e0 titre de d\u00e9fense contre la r\u00e9clamation dans l&#8217;expos\u00e9 en d\u00e9fense contre la demande. Les r\u00e9clamations soumises par une partie intim\u00e9e \u00e0 l&#8217;\u00e9gard d&#8217;une transaction ou d&#8217;un incident faisant l&#8217;objet d&#8217;une r\u00e9clamation et dont le d\u00e9lai pr\u00e9vu \u00e0 l&#8217;article 4 est expir\u00e9 peuvent \u00eatre invoqu\u00e9es \u00e0 titre de d\u00e9fense dans l&#8217;expos\u00e9 en d\u00e9fense contre la demande mais aucun montant exc\u00e9dant le montant de la r\u00e9clamation ne peut alors \u00eatre recouvr\u00e9.<\/em><\/p>\n<\/blockquote>\n\n\n\n<p><strong>Consultez la demande reconventionnelle prescrite par la DRC :<\/strong><\/p>\n\n\n\n<ul class=\"wp-block-list\">\n<li><a href=\"https:\/\/fvdrc.com\/wp-content\/uploads\/2018\/10\/For-Counterclaims-less-than-600.doc\" target=\"_blank\" rel=\"noreferrer noopener\">Pour les r\u00e9clamations de moins de 15 000 $<\/a><\/li>\n\n\n\n<li><a href=\"https:\/\/fvdrc.com\/wp-content\/uploads\/2018\/10\/For-counterclaims-15000-50000.doc\" target=\"_blank\" rel=\"noreferrer noopener\">Pour les r\u00e9clamations de 15 000 $ \u00e0 moins de 50 000 $<\/a><\/li>\n\n\n\n<li><a href=\"https:\/\/fvdrc.com\/wp-content\/uploads\/2018\/10\/For-Counterclaims-50000-and-up.doc\" target=\"_blank\" rel=\"noreferrer noopener\">Pour les r\u00e9clamations de 50 000 $ et plus<\/a><\/li>\n<\/ul>\n<\/div><\/details><\/div>\n\n\n\n<div class=\"wp-block-coblocks-accordion-item\"><details><summary class=\"wp-block-coblocks-accordion-item__title\">La d\u00e9fense contre la demande reconventionnelle (SODCC)<\/summary><div class=\"wp-block-coblocks-accordion-item__content\">\n<p>Ce formulaire doit \u00eatre soumis par le r\u00e9clamant en r\u00e9ponse \u00e0 une demande reconventionnelle.<\/p>\n\n\n\n<p class=\"inline-button\"><a href=\"https:\/\/fvdrc.com\/wp-content\/uploads\/2018\/10\/DRC-Statement-of-Defence-to-Counterclaim.doc\" target=\"_blank\" rel=\"noreferrer noopener\">Consultez la d\u00e9fense contre la demande reconventionnelle prescrite par la DRC<\/a><\/p>\n<\/div><\/details><\/div>\n\n\n\n<div class=\"wp-block-coblocks-accordion-item\"><details><summary class=\"wp-block-coblocks-accordion-item__title\">La r\u00e9ponse \u00e0 la d\u00e9fense contre la demande reconventionnelle (RSODCC)<\/summary><div class=\"wp-block-coblocks-accordion-item__content\">\n<p>\u00c0 l&#8217;usage de l&#8217;intim\u00e9, ce formulaire facultatif lui donne l&#8217;occasion de r\u00e9pondre \u00e0 la d\u00e9fense contre la demande reconventionnelle soumise par le r\u00e9clamant.<\/p>\n\n\n\n<p class=\"inline-button\"><a href=\"https:\/\/fvdrc.com\/wp-content\/uploads\/2018\/10\/DRC-Reply-to-Statement-of-Defence-to-Counterclaim.doc\" target=\"_blank\" rel=\"noreferrer noopener\">Consultez la r\u00e9ponse \u00e0 la d\u00e9fense contre la demande reconventionnelle prescrite par la DRC<\/a><\/p>\n<\/div><\/details><\/div>\n<\/div>\n","protected":false},"excerpt":{"rendered":"<p>Les formulaires-types qui apparaissent ci-dessous ont \u00e9t\u00e9 ajout\u00e9s au site Web de la DRC pour que ses membres puissent y acc\u00e9der avec aisance. Veuillez communiquer avec le service d\u2019assistance de la DRC avant de soumettre un formulaire-type. Il saura bien vous guider en vous indiquant la proc\u00e9dure \u00e0 suivre pas-\u00e0-pas, \u00e0 quoi vous attendre et [&hellip;]<\/p>\n","protected":false},"author":2,"featured_media":0,"parent":313,"menu_order":4,"comment_status":"closed","ping_status":"closed","template":"","meta":{"_acf_changed":false,"_coblocks_attr":"","_coblocks_dimensions":"","_coblocks_responsive_height":"","_coblocks_accordion_ie_support":"","om_disable_all_campaigns":false,"_uag_custom_page_level_css":"","_monsterinsights_skip_tracking":false,"_monsterinsights_sitenote_active":false,"_monsterinsights_sitenote_note":"","_monsterinsights_sitenote_category":0,"_uf_show_specific_survey":0,"_uf_disable_surveys":false,"footnotes":""},"class_list":["post-332","page","type-page","status-publish","hentry"],"acf":[],"aioseo_notices":[],"yoast_head":"<!-- This site is optimized with the Yoast SEO plugin v27.4 - https:\/\/yoast.com\/product\/yoast-seo-wordpress\/ -->\n<title>Formulaires-types en arbitrage - Fruit and Vegetable Dispute Resolution Corporation<\/title>\n<meta name=\"robots\" content=\"index, follow, max-snippet:-1, max-image-preview:large, max-video-preview:-1\" \/>\n<link rel=\"canonical\" href=\"https:\/\/fvdrc.com\/fr\/reglement-des-differends\/formulaires-types-arbitrage\/\" \/>\n<meta property=\"og:locale\" content=\"fr_FR\" \/>\n<meta property=\"og:type\" content=\"article\" \/>\n<meta property=\"og:title\" content=\"Formulaires-types en arbitrage - Fruit and Vegetable Dispute Resolution Corporation\" \/>\n<meta property=\"og:description\" content=\"Les formulaires-types qui apparaissent ci-dessous ont \u00e9t\u00e9 ajout\u00e9s au site Web de la DRC pour que ses membres puissent y acc\u00e9der avec aisance. Veuillez communiquer avec le service d\u2019assistance de la DRC avant de soumettre un formulaire-type. Il saura bien vous guider en vous indiquant la proc\u00e9dure \u00e0 suivre pas-\u00e0-pas, \u00e0 quoi vous attendre et [&hellip;]\" \/>\n<meta property=\"og:url\" content=\"https:\/\/fvdrc.com\/fr\/reglement-des-differends\/formulaires-types-arbitrage\/\" \/>\n<meta property=\"og:site_name\" content=\"Fruit and Vegetable Dispute Resolution Corporation\" \/>\n<meta property=\"article:modified_time\" content=\"2024-05-17T14:57:15+00:00\" \/>\n<meta name=\"twitter:card\" content=\"summary_large_image\" \/>\n<meta name=\"twitter:label1\" content=\"Est. reading time\" \/>\n\t<meta name=\"twitter:data1\" content=\"4 minutes\" \/>\n<script type=\"application\/ld+json\" class=\"yoast-schema-graph\">{\"@context\":\"https:\\\/\\\/schema.org\",\"@graph\":[{\"@type\":\"WebPage\",\"@id\":\"https:\\\/\\\/fvdrc.com\\\/fr\\\/reglement-des-differends\\\/formulaires-types-arbitrage\\\/\",\"url\":\"https:\\\/\\\/fvdrc.com\\\/fr\\\/reglement-des-differends\\\/formulaires-types-arbitrage\\\/\",\"name\":\"Formulaires-types en arbitrage - Fruit and Vegetable Dispute Resolution Corporation\",\"isPartOf\":{\"@id\":\"https:\\\/\\\/fvdrc.com\\\/#website\"},\"datePublished\":\"2017-01-16T14:14:41+00:00\",\"dateModified\":\"2024-05-17T14:57:15+00:00\",\"breadcrumb\":{\"@id\":\"https:\\\/\\\/fvdrc.com\\\/fr\\\/reglement-des-differends\\\/formulaires-types-arbitrage\\\/#breadcrumb\"},\"inLanguage\":\"fr-FR\",\"potentialAction\":[{\"@type\":\"ReadAction\",\"target\":[\"https:\\\/\\\/fvdrc.com\\\/fr\\\/reglement-des-differends\\\/formulaires-types-arbitrage\\\/\"]}]},{\"@type\":\"BreadcrumbList\",\"@id\":\"https:\\\/\\\/fvdrc.com\\\/fr\\\/reglement-des-differends\\\/formulaires-types-arbitrage\\\/#breadcrumb\",\"itemListElement\":[{\"@type\":\"ListItem\",\"position\":1,\"name\":\"Home\",\"item\":\"https:\\\/\\\/fvdrc.com\\\/fr\\\/\"},{\"@type\":\"ListItem\",\"position\":2,\"name\":\"R\u00e8glement des diff\u00e9rends\",\"item\":\"https:\\\/\\\/fvdrc.com\\\/fr\\\/reglement-des-differends\\\/\"},{\"@type\":\"ListItem\",\"position\":3,\"name\":\"Formulaires-types en arbitrage\"}]},{\"@type\":\"WebSite\",\"@id\":\"https:\\\/\\\/fvdrc.com\\\/#website\",\"url\":\"https:\\\/\\\/fvdrc.com\\\/\",\"name\":\"Fruit and Vegetable Dispute Resolution Corporation\",\"description\":\"Trade with Confidence\",\"publisher\":{\"@id\":\"https:\\\/\\\/fvdrc.com\\\/#organization\"},\"potentialAction\":[{\"@type\":\"SearchAction\",\"target\":{\"@type\":\"EntryPoint\",\"urlTemplate\":\"https:\\\/\\\/fvdrc.com\\\/?s={search_term_string}\"},\"query-input\":{\"@type\":\"PropertyValueSpecification\",\"valueRequired\":true,\"valueName\":\"search_term_string\"}}],\"inLanguage\":\"fr-FR\"},{\"@type\":\"Organization\",\"@id\":\"https:\\\/\\\/fvdrc.com\\\/#organization\",\"name\":\"Fruit and Vegetable Dispute Resolution Corporation\",\"url\":\"https:\\\/\\\/fvdrc.com\\\/\",\"logo\":{\"@type\":\"ImageObject\",\"inLanguage\":\"fr-FR\",\"@id\":\"https:\\\/\\\/fvdrc.com\\\/#\\\/schema\\\/logo\\\/image\\\/\",\"url\":\"https:\\\/\\\/fvdrc.com\\\/wp-content\\\/uploads\\\/2020\\\/06\\\/DRC-logo@2x.png\",\"contentUrl\":\"https:\\\/\\\/fvdrc.com\\\/wp-content\\\/uploads\\\/2020\\\/06\\\/DRC-logo@2x.png\",\"width\":261,\"height\":140,\"caption\":\"Fruit and Vegetable Dispute Resolution Corporation\"},\"image\":{\"@id\":\"https:\\\/\\\/fvdrc.com\\\/#\\\/schema\\\/logo\\\/image\\\/\"}}]}<\/script>\n<!-- \/ Yoast SEO plugin. -->","yoast_head_json":{"title":"Formulaires-types en arbitrage - Fruit and Vegetable Dispute Resolution Corporation","robots":{"index":"index","follow":"follow","max-snippet":"max-snippet:-1","max-image-preview":"max-image-preview:large","max-video-preview":"max-video-preview:-1"},"canonical":"https:\/\/fvdrc.com\/fr\/reglement-des-differends\/formulaires-types-arbitrage\/","og_locale":"fr_FR","og_type":"article","og_title":"Formulaires-types en arbitrage - Fruit and Vegetable Dispute Resolution Corporation","og_description":"Les formulaires-types qui apparaissent ci-dessous ont \u00e9t\u00e9 ajout\u00e9s au site Web de la DRC pour que ses membres puissent y acc\u00e9der avec aisance. Veuillez communiquer avec le service d\u2019assistance de la DRC avant de soumettre un formulaire-type. Il saura bien vous guider en vous indiquant la proc\u00e9dure \u00e0 suivre pas-\u00e0-pas, \u00e0 quoi vous attendre et [&hellip;]","og_url":"https:\/\/fvdrc.com\/fr\/reglement-des-differends\/formulaires-types-arbitrage\/","og_site_name":"Fruit and Vegetable Dispute Resolution Corporation","article_modified_time":"2024-05-17T14:57:15+00:00","twitter_card":"summary_large_image","twitter_misc":{"Est. reading time":"4 minutes"},"schema":{"@context":"https:\/\/schema.org","@graph":[{"@type":"WebPage","@id":"https:\/\/fvdrc.com\/fr\/reglement-des-differends\/formulaires-types-arbitrage\/","url":"https:\/\/fvdrc.com\/fr\/reglement-des-differends\/formulaires-types-arbitrage\/","name":"Formulaires-types en arbitrage - Fruit and Vegetable Dispute Resolution Corporation","isPartOf":{"@id":"https:\/\/fvdrc.com\/#website"},"datePublished":"2017-01-16T14:14:41+00:00","dateModified":"2024-05-17T14:57:15+00:00","breadcrumb":{"@id":"https:\/\/fvdrc.com\/fr\/reglement-des-differends\/formulaires-types-arbitrage\/#breadcrumb"},"inLanguage":"fr-FR","potentialAction":[{"@type":"ReadAction","target":["https:\/\/fvdrc.com\/fr\/reglement-des-differends\/formulaires-types-arbitrage\/"]}]},{"@type":"BreadcrumbList","@id":"https:\/\/fvdrc.com\/fr\/reglement-des-differends\/formulaires-types-arbitrage\/#breadcrumb","itemListElement":[{"@type":"ListItem","position":1,"name":"Home","item":"https:\/\/fvdrc.com\/fr\/"},{"@type":"ListItem","position":2,"name":"R\u00e8glement des diff\u00e9rends","item":"https:\/\/fvdrc.com\/fr\/reglement-des-differends\/"},{"@type":"ListItem","position":3,"name":"Formulaires-types en arbitrage"}]},{"@type":"WebSite","@id":"https:\/\/fvdrc.com\/#website","url":"https:\/\/fvdrc.com\/","name":"Fruit and Vegetable Dispute Resolution Corporation","description":"Trade with Confidence","publisher":{"@id":"https:\/\/fvdrc.com\/#organization"},"potentialAction":[{"@type":"SearchAction","target":{"@type":"EntryPoint","urlTemplate":"https:\/\/fvdrc.com\/?s={search_term_string}"},"query-input":{"@type":"PropertyValueSpecification","valueRequired":true,"valueName":"search_term_string"}}],"inLanguage":"fr-FR"},{"@type":"Organization","@id":"https:\/\/fvdrc.com\/#organization","name":"Fruit and Vegetable Dispute Resolution Corporation","url":"https:\/\/fvdrc.com\/","logo":{"@type":"ImageObject","inLanguage":"fr-FR","@id":"https:\/\/fvdrc.com\/#\/schema\/logo\/image\/","url":"https:\/\/fvdrc.com\/wp-content\/uploads\/2020\/06\/DRC-logo@2x.png","contentUrl":"https:\/\/fvdrc.com\/wp-content\/uploads\/2020\/06\/DRC-logo@2x.png","width":261,"height":140,"caption":"Fruit and Vegetable Dispute Resolution Corporation"},"image":{"@id":"https:\/\/fvdrc.com\/#\/schema\/logo\/image\/"}}]}},"featured_image_src":null,"featured_image_src_square":null,"uagb_featured_image_src":{"full":false,"thumbnail":false,"medium":false,"medium_large":false,"large":false,"gs-tiny":false,"xl":false,"xxl":false,"xxxl":false,"xxxxl":false,"xxxxxl":false,"1536x1536":false,"2048x2048":false,"gb-block-post-grid-landscape":false,"gb-block-post-grid-square":false,"post-thumbnail":false,"twentytwenty-fullscreen":false},"uagb_author_info":{"display_name":"DRC","author_link":"https:\/\/fvdrc.com\/fr\/solutions\/author\/drc\/"},"uagb_comment_info":0,"uagb_excerpt":"Les formulaires-types qui apparaissent ci-dessous ont \u00e9t\u00e9 ajout\u00e9s au site Web de la DRC pour que ses membres puissent y acc\u00e9der avec aisance. Veuillez communiquer avec le service d\u2019assistance de la DRC avant de soumettre un formulaire-type. Il saura bien vous guider en vous indiquant la proc\u00e9dure \u00e0 suivre pas-\u00e0-pas, \u00e0 quoi vous attendre et&hellip;","_links":{"self":[{"href":"https:\/\/fvdrc.com\/fr\/wp-json\/wp\/v2\/pages\/332","targetHints":{"allow":["GET"]}}],"collection":[{"href":"https:\/\/fvdrc.com\/fr\/wp-json\/wp\/v2\/pages"}],"about":[{"href":"https:\/\/fvdrc.com\/fr\/wp-json\/wp\/v2\/types\/page"}],"author":[{"embeddable":true,"href":"https:\/\/fvdrc.com\/fr\/wp-json\/wp\/v2\/users\/2"}],"replies":[{"embeddable":true,"href":"https:\/\/fvdrc.com\/fr\/wp-json\/wp\/v2\/comments?post=332"}],"version-history":[{"count":20,"href":"https:\/\/fvdrc.com\/fr\/wp-json\/wp\/v2\/pages\/332\/revisions"}],"predecessor-version":[{"id":10235,"href":"https:\/\/fvdrc.com\/fr\/wp-json\/wp\/v2\/pages\/332\/revisions\/10235"}],"up":[{"embeddable":true,"href":"https:\/\/fvdrc.com\/fr\/wp-json\/wp\/v2\/pages\/313"}],"wp:attachment":[{"href":"https:\/\/fvdrc.com\/fr\/wp-json\/wp\/v2\/media?parent=332"}],"curies":[{"name":"wp","href":"https:\/\/api.w.org\/{rel}","templated":true}]}}