{"id":327,"date":"2017-01-16T09:14:18","date_gmt":"2017-01-16T14:14:18","guid":{"rendered":"https:\/\/fvdrc.com\/?page_id=327"},"modified":"2026-01-21T16:07:54","modified_gmt":"2026-01-21T21:07:54","slug":"ressources-de-lindustrie","status":"publish","type":"page","link":"https:\/\/fvdrc.com\/fr\/ressources\/ressources-de-lindustrie\/","title":{"rendered":"Ressources de l&#8217;industrie"},"content":{"rendered":"\n<h2 class=\"wp-block-heading\">Liens aux ressources gouvernementales<\/h2>\n\n\n\n<ul class=\"wp-block-list\">\n<li><a href=\"http:\/\/www.agr.gc.ca\/index_f.php\" target=\"_blank\" rel=\"noopener noreferrer\">Agriculture et Agroalimentaire Canada (AAC)<\/a><\/li>\n\n\n\n<li><a href=\"http:\/\/www.inspection.gc.ca\/fra\/1297964599443\/1297965645317\" target=\"_blank\" rel=\"noopener noreferrer\">Agence canadienne d&#8217;inspection des aliments (ACIA)<\/a>\n<ul class=\"wp-block-list\">\n<li><a href=\"ps:\/\/inspection.canada.ca\/fr\/salubrite-alimentaire-lindustrie\" type=\"link\" id=\"ps:\/\/inspection.canada.ca\/fr\/salubrite-alimentaire-lindustrie\">Agence canadienne d&#8217;inspection des aliments : Salubrit\u00e9 alimentaire pour l&#8217;industrie et Tra\u00e7abilit\u00e9<\/a><\/li>\n<\/ul>\n<\/li>\n\n\n\n<li><a href=\"https:\/\/www.canada.ca\/fr\/ministere-finances\/programmes\/politiques-finances-echanges-internationaux.html\">Minist\u00e8re des Finances Canada \/ Politique des finances et des \u00e9changes internationaux<\/a><\/li>\n\n\n\n<li><a href=\"https:\/\/www.ams.usda.gov\/rules-regulations\/paca\" target=\"_blank\" rel=\"noreferrer noopener\">Perishable Agriculture Commodities Act (PACA)<\/a> (en anglais seulement)<\/li>\n\n\n\n<li><a href=\"http:\/\/www.inspection.gc.ca\/aliments\/fruits-et-legumes-frais\/inspection-de-la-qualite\/sid\/fra\/1303744846703\/1303744928454\" target=\"_blank\" rel=\"noopener noreferrer\">Service d&#8217;inspection \u00e0 destination (SID)<\/a><\/li>\n\n\n\n<li><a href=\"https:\/\/airs-sari.inspection.gc.ca\/airs_external\/francais\/decisions-fra.aspx\">Syst\u00e8me automatis\u00e9 de r\u00e9f\u00e9rence \u00e0 l&#8217;importation (SARI)<\/a><\/li>\n\n\n\n<li><a href=\"http:\/\/www.usda.gov\/wps\/portal\/usda\/usdahome\" target=\"_blank\" rel=\"noopener noreferrer\">United States Department of Agriculture (USDA)<\/a> (en anglais seulement)<\/li>\n<\/ul>\n\n\n\n<h2 class=\"wp-block-heading\">Liens aux associations sectorielles<\/h2>\n\n\n\n<ul class=\"wp-block-list\">\n<li><a href=\"http:\/\/www.cpma.ca\/fr\/home.aspx\" target=\"_blank\" rel=\"noopener noreferrer\">Association canadienne de la distribution des fruits et l\u00e9gumes (ACDFL)<\/a><\/li>\n\n\n\n<li><a href=\"https:\/\/fvgc.ca\/fr\/\">Producteurs de fruits et l\u00e9gumes du Canada<\/a><\/li>\n\n\n\n<li><a href=\"https:\/\/www.freshproduce.com\/\" target=\"_blank\" rel=\"noreferrer noopener\">International Fresh Produce Association<\/a> (en anglais seulement)<\/li>\n\n\n\n<li><a href=\"https:\/\/tfocanada.ca\/?lang=fr\" target=\"_blank\" rel=\"noreferrer noopener\">Le Bureau de promotion du commerce Canada (TFO Canada)<\/a><\/li>\n<\/ul>\n","protected":false},"excerpt":{"rendered":"<p>Liens aux ressources gouvernementales Liens aux associations sectorielles<\/p>\n","protected":false},"author":2,"featured_media":0,"parent":3501,"menu_order":47,"comment_status":"closed","ping_status":"closed","template":"","meta":{"_acf_changed":false,"_coblocks_attr":"","_coblocks_dimensions":"","_coblocks_responsive_height":"","_coblocks_accordion_ie_support":"","om_disable_all_campaigns":false,"_uag_custom_page_level_css":"","_monsterinsights_skip_tracking":false,"_monsterinsights_sitenote_active":false,"_monsterinsights_sitenote_note":"","_monsterinsights_sitenote_category":0,"_uf_show_specific_survey":0,"_uf_disable_surveys":false,"footnotes":""},"class_list":["post-327","page","type-page","status-publish","hentry"],"acf":[],"aioseo_notices":[],"yoast_head":"<!-- This site is optimized with the Yoast SEO plugin v27.4 - https:\/\/yoast.com\/product\/yoast-seo-wordpress\/ -->\n<title>Ressources de l&#039;industrie - Fruit and Vegetable Dispute Resolution Corporation<\/title>\n<meta name=\"robots\" content=\"index, follow, max-snippet:-1, max-image-preview:large, max-video-preview:-1\" \/>\n<link rel=\"canonical\" href=\"https:\/\/fvdrc.com\/fr\/ressources\/ressources-de-lindustrie\/\" \/>\n<meta property=\"og:locale\" content=\"fr_FR\" \/>\n<meta property=\"og:type\" content=\"article\" \/>\n<meta property=\"og:title\" content=\"Ressources de l&#039;industrie - Fruit and Vegetable Dispute Resolution Corporation\" \/>\n<meta property=\"og:description\" content=\"Liens aux ressources gouvernementales Liens aux associations sectorielles\" \/>\n<meta property=\"og:url\" content=\"https:\/\/fvdrc.com\/fr\/ressources\/ressources-de-lindustrie\/\" \/>\n<meta property=\"og:site_name\" content=\"Fruit and Vegetable Dispute Resolution Corporation\" \/>\n<meta property=\"article:modified_time\" content=\"2026-01-21T21:07:54+00:00\" \/>\n<meta name=\"twitter:card\" content=\"summary_large_image\" \/>\n<meta name=\"twitter:label1\" content=\"Est. reading time\" \/>\n\t<meta name=\"twitter:data1\" content=\"1 minute\" \/>\n<script type=\"application\/ld+json\" class=\"yoast-schema-graph\">{\"@context\":\"https:\\\/\\\/schema.org\",\"@graph\":[{\"@type\":\"WebPage\",\"@id\":\"https:\\\/\\\/fvdrc.com\\\/fr\\\/ressources\\\/ressources-de-lindustrie\\\/\",\"url\":\"https:\\\/\\\/fvdrc.com\\\/fr\\\/ressources\\\/ressources-de-lindustrie\\\/\",\"name\":\"Ressources de l'industrie - Fruit and Vegetable Dispute Resolution Corporation\",\"isPartOf\":{\"@id\":\"https:\\\/\\\/fvdrc.com\\\/#website\"},\"datePublished\":\"2017-01-16T14:14:18+00:00\",\"dateModified\":\"2026-01-21T21:07:54+00:00\",\"breadcrumb\":{\"@id\":\"https:\\\/\\\/fvdrc.com\\\/fr\\\/ressources\\\/ressources-de-lindustrie\\\/#breadcrumb\"},\"inLanguage\":\"fr-FR\",\"potentialAction\":[{\"@type\":\"ReadAction\",\"target\":[\"https:\\\/\\\/fvdrc.com\\\/fr\\\/ressources\\\/ressources-de-lindustrie\\\/\"]}]},{\"@type\":\"BreadcrumbList\",\"@id\":\"https:\\\/\\\/fvdrc.com\\\/fr\\\/ressources\\\/ressources-de-lindustrie\\\/#breadcrumb\",\"itemListElement\":[{\"@type\":\"ListItem\",\"position\":1,\"name\":\"Home\",\"item\":\"https:\\\/\\\/fvdrc.com\\\/fr\\\/\"},{\"@type\":\"ListItem\",\"position\":2,\"name\":\"Ressources\",\"item\":\"https:\\\/\\\/www.fvdrc.com\\\/fr\\\/ressources\\\/\"},{\"@type\":\"ListItem\",\"position\":3,\"name\":\"Ressources de l&#8217;industrie\"}]},{\"@type\":\"WebSite\",\"@id\":\"https:\\\/\\\/fvdrc.com\\\/#website\",\"url\":\"https:\\\/\\\/fvdrc.com\\\/\",\"name\":\"Fruit and Vegetable Dispute Resolution Corporation\",\"description\":\"Trade with Confidence\",\"publisher\":{\"@id\":\"https:\\\/\\\/fvdrc.com\\\/#organization\"},\"potentialAction\":[{\"@type\":\"SearchAction\",\"target\":{\"@type\":\"EntryPoint\",\"urlTemplate\":\"https:\\\/\\\/fvdrc.com\\\/?s={search_term_string}\"},\"query-input\":{\"@type\":\"PropertyValueSpecification\",\"valueRequired\":true,\"valueName\":\"search_term_string\"}}],\"inLanguage\":\"fr-FR\"},{\"@type\":\"Organization\",\"@id\":\"https:\\\/\\\/fvdrc.com\\\/#organization\",\"name\":\"Fruit and Vegetable Dispute Resolution Corporation\",\"url\":\"https:\\\/\\\/fvdrc.com\\\/\",\"logo\":{\"@type\":\"ImageObject\",\"inLanguage\":\"fr-FR\",\"@id\":\"https:\\\/\\\/fvdrc.com\\\/#\\\/schema\\\/logo\\\/image\\\/\",\"url\":\"https:\\\/\\\/fvdrc.com\\\/wp-content\\\/uploads\\\/2020\\\/06\\\/DRC-logo@2x.png\",\"contentUrl\":\"https:\\\/\\\/fvdrc.com\\\/wp-content\\\/uploads\\\/2020\\\/06\\\/DRC-logo@2x.png\",\"width\":261,\"height\":140,\"caption\":\"Fruit and Vegetable Dispute Resolution Corporation\"},\"image\":{\"@id\":\"https:\\\/\\\/fvdrc.com\\\/#\\\/schema\\\/logo\\\/image\\\/\"}}]}<\/script>\n<!-- \/ Yoast SEO plugin. -->","yoast_head_json":{"title":"Ressources de l'industrie - Fruit and Vegetable Dispute Resolution Corporation","robots":{"index":"index","follow":"follow","max-snippet":"max-snippet:-1","max-image-preview":"max-image-preview:large","max-video-preview":"max-video-preview:-1"},"canonical":"https:\/\/fvdrc.com\/fr\/ressources\/ressources-de-lindustrie\/","og_locale":"fr_FR","og_type":"article","og_title":"Ressources de l'industrie - Fruit and Vegetable Dispute Resolution Corporation","og_description":"Liens aux ressources gouvernementales Liens aux associations sectorielles","og_url":"https:\/\/fvdrc.com\/fr\/ressources\/ressources-de-lindustrie\/","og_site_name":"Fruit and Vegetable Dispute Resolution Corporation","article_modified_time":"2026-01-21T21:07:54+00:00","twitter_card":"summary_large_image","twitter_misc":{"Est. reading time":"1 minute"},"schema":{"@context":"https:\/\/schema.org","@graph":[{"@type":"WebPage","@id":"https:\/\/fvdrc.com\/fr\/ressources\/ressources-de-lindustrie\/","url":"https:\/\/fvdrc.com\/fr\/ressources\/ressources-de-lindustrie\/","name":"Ressources de l'industrie - Fruit and Vegetable Dispute Resolution Corporation","isPartOf":{"@id":"https:\/\/fvdrc.com\/#website"},"datePublished":"2017-01-16T14:14:18+00:00","dateModified":"2026-01-21T21:07:54+00:00","breadcrumb":{"@id":"https:\/\/fvdrc.com\/fr\/ressources\/ressources-de-lindustrie\/#breadcrumb"},"inLanguage":"fr-FR","potentialAction":[{"@type":"ReadAction","target":["https:\/\/fvdrc.com\/fr\/ressources\/ressources-de-lindustrie\/"]}]},{"@type":"BreadcrumbList","@id":"https:\/\/fvdrc.com\/fr\/ressources\/ressources-de-lindustrie\/#breadcrumb","itemListElement":[{"@type":"ListItem","position":1,"name":"Home","item":"https:\/\/fvdrc.com\/fr\/"},{"@type":"ListItem","position":2,"name":"Ressources","item":"https:\/\/www.fvdrc.com\/fr\/ressources\/"},{"@type":"ListItem","position":3,"name":"Ressources de l&#8217;industrie"}]},{"@type":"WebSite","@id":"https:\/\/fvdrc.com\/#website","url":"https:\/\/fvdrc.com\/","name":"Fruit and Vegetable Dispute Resolution Corporation","description":"Trade with Confidence","publisher":{"@id":"https:\/\/fvdrc.com\/#organization"},"potentialAction":[{"@type":"SearchAction","target":{"@type":"EntryPoint","urlTemplate":"https:\/\/fvdrc.com\/?s={search_term_string}"},"query-input":{"@type":"PropertyValueSpecification","valueRequired":true,"valueName":"search_term_string"}}],"inLanguage":"fr-FR"},{"@type":"Organization","@id":"https:\/\/fvdrc.com\/#organization","name":"Fruit and Vegetable Dispute Resolution Corporation","url":"https:\/\/fvdrc.com\/","logo":{"@type":"ImageObject","inLanguage":"fr-FR","@id":"https:\/\/fvdrc.com\/#\/schema\/logo\/image\/","url":"https:\/\/fvdrc.com\/wp-content\/uploads\/2020\/06\/DRC-logo@2x.png","contentUrl":"https:\/\/fvdrc.com\/wp-content\/uploads\/2020\/06\/DRC-logo@2x.png","width":261,"height":140,"caption":"Fruit and Vegetable Dispute Resolution Corporation"},"image":{"@id":"https:\/\/fvdrc.com\/#\/schema\/logo\/image\/"}}]}},"featured_image_src":null,"featured_image_src_square":null,"uagb_featured_image_src":{"full":false,"thumbnail":false,"medium":false,"medium_large":false,"large":false,"gs-tiny":false,"xl":false,"xxl":false,"xxxl":false,"xxxxl":false,"xxxxxl":false,"1536x1536":false,"2048x2048":false,"gb-block-post-grid-landscape":false,"gb-block-post-grid-square":false,"post-thumbnail":false,"twentytwenty-fullscreen":false},"uagb_author_info":{"display_name":"DRC","author_link":"https:\/\/fvdrc.com\/fr\/solutions\/author\/drc\/"},"uagb_comment_info":0,"uagb_excerpt":"Liens aux ressources gouvernementales Liens aux associations sectorielles","_links":{"self":[{"href":"https:\/\/fvdrc.com\/fr\/wp-json\/wp\/v2\/pages\/327","targetHints":{"allow":["GET"]}}],"collection":[{"href":"https:\/\/fvdrc.com\/fr\/wp-json\/wp\/v2\/pages"}],"about":[{"href":"https:\/\/fvdrc.com\/fr\/wp-json\/wp\/v2\/types\/page"}],"author":[{"embeddable":true,"href":"https:\/\/fvdrc.com\/fr\/wp-json\/wp\/v2\/users\/2"}],"replies":[{"embeddable":true,"href":"https:\/\/fvdrc.com\/fr\/wp-json\/wp\/v2\/comments?post=327"}],"version-history":[{"count":13,"href":"https:\/\/fvdrc.com\/fr\/wp-json\/wp\/v2\/pages\/327\/revisions"}],"predecessor-version":[{"id":14944,"href":"https:\/\/fvdrc.com\/fr\/wp-json\/wp\/v2\/pages\/327\/revisions\/14944"}],"up":[{"embeddable":true,"href":"https:\/\/fvdrc.com\/fr\/wp-json\/wp\/v2\/pages\/3501"}],"wp:attachment":[{"href":"https:\/\/fvdrc.com\/fr\/wp-json\/wp\/v2\/media?parent=327"}],"curies":[{"name":"wp","href":"https:\/\/api.w.org\/{rel}","templated":true}]}}