{"id":325,"date":"2017-01-16T09:14:11","date_gmt":"2017-01-16T14:14:11","guid":{"rendered":"https:\/\/fvdrc.com\/?page_id=325"},"modified":"2020-06-16T13:32:56","modified_gmt":"2020-06-16T17:32:56","slug":"avantages","status":"publish","type":"page","link":"https:\/\/fvdrc.com\/fr\/adhesion\/avantages\/","title":{"rendered":"Avantages"},"content":{"rendered":"<h2>Les avantages de l&#8217;adh\u00e9sion \u00e0 la DRC<\/h2>\n<p>Si la DRC a aid\u00e9 ses membres \u00e0 r\u00e9gler des diff\u00e9rends totalisant plusieurs millions de dollars, son mandat demeure n\u00e9anmoins de leur fournir des conseils et de les \u00e9duquer sur la mani\u00e8re de pr\u00e9venir ces diff\u00e9rends. Parmi les avantages offerts par l&#8217;adh\u00e9sion \u00e0 la DRC, on compte\u00a0:<\/p>\n<table class=\"styled-table\" border=\"0\">\n<tbody>\n<tr>\n<td>une meilleure assurance commerciale pour tous ceux qui exportent, importent ou transigent sur les march\u00e9s int\u00e9rieurs, lorsqu&#8217;ils transigent avec d&#8217;autres membres de la DRC;<\/td>\n<\/tr>\n<tr class=\"alternating-row\">\n<td>des services d&#8217;\u00e9ducation et de formation visant \u00e0 pr\u00e9venir les diff\u00e9rends dont les consultations confidentielles, le service d&#8217;assistance de la DRC, les s\u00e9minaires, les fiches d&#8217;information, son bulletin Solutions et bien d&#8217;autres encore;<\/td>\n<\/tr>\n<tr>\n<td>de nouvelles occasions de contacts d&#8217;affaire et un acc\u00e8s \u00e0 l&#8217;information la plus \u00e0 jour sur d&#8217;\u00e9ventuels nouveaux partenaires commerciaux d&#8217;ici et d&#8217;ailleurs;<\/td>\n<\/tr>\n<tr class=\"alternating-row\">\n<td>la fourniture de solutions rapides, \u00e9quitables et ex\u00e9cutoires lorsque survient un diff\u00e9rend dans les transactions entre membres;<\/td>\n<\/tr>\n<tr>\n<td>la possibilit\u00e9 de traiter tous les types de diff\u00e9rends pouvant survenir entre ses membres, y compris ceux portant sur le paiement ou la condition des produits, tant internationaux que locaux (m\u00eame \u00e0 l&#8217;int\u00e9rieur d&#8217;une m\u00eame province).<\/td>\n<\/tr>\n<\/tbody>\n<\/table>\n<p>&nbsp;<\/p>\n<p>Tous ses services sont offerts en fran\u00e7ais, en anglais et en espagnol.<\/p>\n<p>Devenez membre. <a title=\"Adh\u00e9rez \u00e0 la DRC\" href=\"https:\/\/fvdrc.com\/fr\/accueil\/l%E2%80%99adh%C3%A9sion\/adh%C3%A9rez-%C3%A0-la-drc.aspx\">Adh\u00e9rez \u00e0 la DRC<\/a> d\u00e8s aujourd&#8217;hui!<\/p>\n<p>&nbsp;<\/p>\n","protected":false},"excerpt":{"rendered":"<p>Les avantages de l&#8217;adh\u00e9sion \u00e0 la DRC Si la DRC a aid\u00e9 ses membres \u00e0 r\u00e9gler des diff\u00e9rends totalisant plusieurs millions de dollars, son mandat demeure n\u00e9anmoins de leur fournir des conseils et de les \u00e9duquer sur la mani\u00e8re de pr\u00e9venir ces diff\u00e9rends. Parmi les avantages offerts par l&#8217;adh\u00e9sion \u00e0 la DRC, on compte\u00a0: une [&hellip;]<\/p>\n","protected":false},"author":2,"featured_media":0,"parent":322,"menu_order":18,"comment_status":"closed","ping_status":"closed","template":"","meta":{"_acf_changed":false,"_coblocks_attr":"","_coblocks_dimensions":"","_coblocks_responsive_height":"","_coblocks_accordion_ie_support":"","om_disable_all_campaigns":false,"_uag_custom_page_level_css":"","_monsterinsights_skip_tracking":false,"_monsterinsights_sitenote_active":false,"_monsterinsights_sitenote_note":"","_monsterinsights_sitenote_category":0,"_uf_show_specific_survey":0,"_uf_disable_surveys":false,"footnotes":""},"class_list":["post-325","page","type-page","status-publish","hentry"],"acf":[],"aioseo_notices":[],"yoast_head":"<!-- This site is optimized with the Yoast SEO plugin v27.4 - https:\/\/yoast.com\/product\/yoast-seo-wordpress\/ -->\n<title>Avantages - Fruit and Vegetable Dispute Resolution Corporation<\/title>\n<meta name=\"robots\" content=\"index, follow, max-snippet:-1, max-image-preview:large, max-video-preview:-1\" \/>\n<link rel=\"canonical\" href=\"https:\/\/fvdrc.com\/fr\/adhesion\/avantages\/\" \/>\n<meta property=\"og:locale\" content=\"fr_FR\" \/>\n<meta property=\"og:type\" content=\"article\" \/>\n<meta property=\"og:title\" content=\"Avantages - Fruit and Vegetable Dispute Resolution Corporation\" \/>\n<meta property=\"og:description\" content=\"Les avantages de l&#8217;adh\u00e9sion \u00e0 la DRC Si la DRC a aid\u00e9 ses membres \u00e0 r\u00e9gler des diff\u00e9rends totalisant plusieurs millions de dollars, son mandat demeure n\u00e9anmoins de leur fournir des conseils et de les \u00e9duquer sur la mani\u00e8re de pr\u00e9venir ces diff\u00e9rends. Parmi les avantages offerts par l&#8217;adh\u00e9sion \u00e0 la DRC, on compte\u00a0: une [&hellip;]\" \/>\n<meta property=\"og:url\" content=\"https:\/\/fvdrc.com\/fr\/adhesion\/avantages\/\" \/>\n<meta property=\"og:site_name\" content=\"Fruit and Vegetable Dispute Resolution Corporation\" \/>\n<meta property=\"article:modified_time\" content=\"2020-06-16T17:32:56+00:00\" \/>\n<meta name=\"twitter:card\" content=\"summary_large_image\" \/>\n<meta name=\"twitter:label1\" content=\"Est. reading time\" \/>\n\t<meta name=\"twitter:data1\" content=\"1 minute\" \/>\n<script type=\"application\/ld+json\" class=\"yoast-schema-graph\">{\"@context\":\"https:\\\/\\\/schema.org\",\"@graph\":[{\"@type\":\"WebPage\",\"@id\":\"https:\\\/\\\/fvdrc.com\\\/fr\\\/adhesion\\\/avantages\\\/\",\"url\":\"https:\\\/\\\/fvdrc.com\\\/fr\\\/adhesion\\\/avantages\\\/\",\"name\":\"Avantages - Fruit and Vegetable Dispute Resolution Corporation\",\"isPartOf\":{\"@id\":\"https:\\\/\\\/fvdrc.com\\\/#website\"},\"datePublished\":\"2017-01-16T14:14:11+00:00\",\"dateModified\":\"2020-06-16T17:32:56+00:00\",\"breadcrumb\":{\"@id\":\"https:\\\/\\\/fvdrc.com\\\/fr\\\/adhesion\\\/avantages\\\/#breadcrumb\"},\"inLanguage\":\"fr-FR\",\"potentialAction\":[{\"@type\":\"ReadAction\",\"target\":[\"https:\\\/\\\/fvdrc.com\\\/fr\\\/adhesion\\\/avantages\\\/\"]}]},{\"@type\":\"BreadcrumbList\",\"@id\":\"https:\\\/\\\/fvdrc.com\\\/fr\\\/adhesion\\\/avantages\\\/#breadcrumb\",\"itemListElement\":[{\"@type\":\"ListItem\",\"position\":1,\"name\":\"Home\",\"item\":\"https:\\\/\\\/fvdrc.com\\\/fr\\\/\"},{\"@type\":\"ListItem\",\"position\":2,\"name\":\"Adh\u00e9sion\",\"item\":\"https:\\\/\\\/fvdrc.com\\\/fr\\\/adhesion\\\/\"},{\"@type\":\"ListItem\",\"position\":3,\"name\":\"Avantages\"}]},{\"@type\":\"WebSite\",\"@id\":\"https:\\\/\\\/fvdrc.com\\\/#website\",\"url\":\"https:\\\/\\\/fvdrc.com\\\/\",\"name\":\"Fruit and Vegetable Dispute Resolution Corporation\",\"description\":\"Trade with Confidence\",\"publisher\":{\"@id\":\"https:\\\/\\\/fvdrc.com\\\/#organization\"},\"potentialAction\":[{\"@type\":\"SearchAction\",\"target\":{\"@type\":\"EntryPoint\",\"urlTemplate\":\"https:\\\/\\\/fvdrc.com\\\/?s={search_term_string}\"},\"query-input\":{\"@type\":\"PropertyValueSpecification\",\"valueRequired\":true,\"valueName\":\"search_term_string\"}}],\"inLanguage\":\"fr-FR\"},{\"@type\":\"Organization\",\"@id\":\"https:\\\/\\\/fvdrc.com\\\/#organization\",\"name\":\"Fruit and Vegetable Dispute Resolution Corporation\",\"url\":\"https:\\\/\\\/fvdrc.com\\\/\",\"logo\":{\"@type\":\"ImageObject\",\"inLanguage\":\"fr-FR\",\"@id\":\"https:\\\/\\\/fvdrc.com\\\/#\\\/schema\\\/logo\\\/image\\\/\",\"url\":\"https:\\\/\\\/fvdrc.com\\\/wp-content\\\/uploads\\\/2020\\\/06\\\/DRC-logo@2x.png\",\"contentUrl\":\"https:\\\/\\\/fvdrc.com\\\/wp-content\\\/uploads\\\/2020\\\/06\\\/DRC-logo@2x.png\",\"width\":261,\"height\":140,\"caption\":\"Fruit and Vegetable Dispute Resolution Corporation\"},\"image\":{\"@id\":\"https:\\\/\\\/fvdrc.com\\\/#\\\/schema\\\/logo\\\/image\\\/\"}}]}<\/script>\n<!-- \/ Yoast SEO plugin. -->","yoast_head_json":{"title":"Avantages - Fruit and Vegetable Dispute Resolution Corporation","robots":{"index":"index","follow":"follow","max-snippet":"max-snippet:-1","max-image-preview":"max-image-preview:large","max-video-preview":"max-video-preview:-1"},"canonical":"https:\/\/fvdrc.com\/fr\/adhesion\/avantages\/","og_locale":"fr_FR","og_type":"article","og_title":"Avantages - Fruit and Vegetable Dispute Resolution Corporation","og_description":"Les avantages de l&#8217;adh\u00e9sion \u00e0 la DRC Si la DRC a aid\u00e9 ses membres \u00e0 r\u00e9gler des diff\u00e9rends totalisant plusieurs millions de dollars, son mandat demeure n\u00e9anmoins de leur fournir des conseils et de les \u00e9duquer sur la mani\u00e8re de pr\u00e9venir ces diff\u00e9rends. Parmi les avantages offerts par l&#8217;adh\u00e9sion \u00e0 la DRC, on compte\u00a0: une [&hellip;]","og_url":"https:\/\/fvdrc.com\/fr\/adhesion\/avantages\/","og_site_name":"Fruit and Vegetable Dispute Resolution Corporation","article_modified_time":"2020-06-16T17:32:56+00:00","twitter_card":"summary_large_image","twitter_misc":{"Est. reading time":"1 minute"},"schema":{"@context":"https:\/\/schema.org","@graph":[{"@type":"WebPage","@id":"https:\/\/fvdrc.com\/fr\/adhesion\/avantages\/","url":"https:\/\/fvdrc.com\/fr\/adhesion\/avantages\/","name":"Avantages - Fruit and Vegetable Dispute Resolution Corporation","isPartOf":{"@id":"https:\/\/fvdrc.com\/#website"},"datePublished":"2017-01-16T14:14:11+00:00","dateModified":"2020-06-16T17:32:56+00:00","breadcrumb":{"@id":"https:\/\/fvdrc.com\/fr\/adhesion\/avantages\/#breadcrumb"},"inLanguage":"fr-FR","potentialAction":[{"@type":"ReadAction","target":["https:\/\/fvdrc.com\/fr\/adhesion\/avantages\/"]}]},{"@type":"BreadcrumbList","@id":"https:\/\/fvdrc.com\/fr\/adhesion\/avantages\/#breadcrumb","itemListElement":[{"@type":"ListItem","position":1,"name":"Home","item":"https:\/\/fvdrc.com\/fr\/"},{"@type":"ListItem","position":2,"name":"Adh\u00e9sion","item":"https:\/\/fvdrc.com\/fr\/adhesion\/"},{"@type":"ListItem","position":3,"name":"Avantages"}]},{"@type":"WebSite","@id":"https:\/\/fvdrc.com\/#website","url":"https:\/\/fvdrc.com\/","name":"Fruit and Vegetable Dispute Resolution Corporation","description":"Trade with Confidence","publisher":{"@id":"https:\/\/fvdrc.com\/#organization"},"potentialAction":[{"@type":"SearchAction","target":{"@type":"EntryPoint","urlTemplate":"https:\/\/fvdrc.com\/?s={search_term_string}"},"query-input":{"@type":"PropertyValueSpecification","valueRequired":true,"valueName":"search_term_string"}}],"inLanguage":"fr-FR"},{"@type":"Organization","@id":"https:\/\/fvdrc.com\/#organization","name":"Fruit and Vegetable Dispute Resolution Corporation","url":"https:\/\/fvdrc.com\/","logo":{"@type":"ImageObject","inLanguage":"fr-FR","@id":"https:\/\/fvdrc.com\/#\/schema\/logo\/image\/","url":"https:\/\/fvdrc.com\/wp-content\/uploads\/2020\/06\/DRC-logo@2x.png","contentUrl":"https:\/\/fvdrc.com\/wp-content\/uploads\/2020\/06\/DRC-logo@2x.png","width":261,"height":140,"caption":"Fruit and Vegetable Dispute Resolution Corporation"},"image":{"@id":"https:\/\/fvdrc.com\/#\/schema\/logo\/image\/"}}]}},"featured_image_src":null,"featured_image_src_square":null,"uagb_featured_image_src":{"full":false,"thumbnail":false,"medium":false,"medium_large":false,"large":false,"gs-tiny":false,"xl":false,"xxl":false,"xxxl":false,"xxxxl":false,"xxxxxl":false,"1536x1536":false,"2048x2048":false,"gb-block-post-grid-landscape":false,"gb-block-post-grid-square":false,"post-thumbnail":false,"twentytwenty-fullscreen":false},"uagb_author_info":{"display_name":"DRC","author_link":"https:\/\/fvdrc.com\/fr\/solutions\/author\/drc\/"},"uagb_comment_info":0,"uagb_excerpt":"Les avantages de l&#8217;adh\u00e9sion \u00e0 la DRC Si la DRC a aid\u00e9 ses membres \u00e0 r\u00e9gler des diff\u00e9rends totalisant plusieurs millions de dollars, son mandat demeure n\u00e9anmoins de leur fournir des conseils et de les \u00e9duquer sur la mani\u00e8re de pr\u00e9venir ces diff\u00e9rends. Parmi les avantages offerts par l&#8217;adh\u00e9sion \u00e0 la DRC, on compte\u00a0: une&hellip;","_links":{"self":[{"href":"https:\/\/fvdrc.com\/fr\/wp-json\/wp\/v2\/pages\/325","targetHints":{"allow":["GET"]}}],"collection":[{"href":"https:\/\/fvdrc.com\/fr\/wp-json\/wp\/v2\/pages"}],"about":[{"href":"https:\/\/fvdrc.com\/fr\/wp-json\/wp\/v2\/types\/page"}],"author":[{"embeddable":true,"href":"https:\/\/fvdrc.com\/fr\/wp-json\/wp\/v2\/users\/2"}],"replies":[{"embeddable":true,"href":"https:\/\/fvdrc.com\/fr\/wp-json\/wp\/v2\/comments?post=325"}],"version-history":[{"count":2,"href":"https:\/\/fvdrc.com\/fr\/wp-json\/wp\/v2\/pages\/325\/revisions"}],"predecessor-version":[{"id":2875,"href":"https:\/\/fvdrc.com\/fr\/wp-json\/wp\/v2\/pages\/325\/revisions\/2875"}],"up":[{"embeddable":true,"href":"https:\/\/fvdrc.com\/fr\/wp-json\/wp\/v2\/pages\/322"}],"wp:attachment":[{"href":"https:\/\/fvdrc.com\/fr\/wp-json\/wp\/v2\/media?parent=325"}],"curies":[{"name":"wp","href":"https:\/\/api.w.org\/{rel}","templated":true}]}}