{"id":324,"date":"2017-01-16T09:14:07","date_gmt":"2017-01-16T14:14:07","guid":{"rendered":"https:\/\/fvdrc.com\/?page_id=324"},"modified":"2025-03-25T14:24:21","modified_gmt":"2025-03-25T18:24:21","slug":"avantages-membres","status":"publish","type":"page","link":"https:\/\/fvdrc.com\/fr\/adhesion\/avantages-membres\/","title":{"rendered":"Avantages membres"},"content":{"rendered":"\n<h5>Profitez des avantages de l\u2019adh\u00e9sion \u00e0 la DRC<\/h5>\n<p>\u00c0 titre de membre, vous b\u00e9n\u00e9ficiez de toute une gamme d\u2019avantages qui contribueront au succ\u00e8s de votre entreprise. Vous profitez de :<\/p>\n\n\n\n<ul class=\"wp-block-list\">\n<li>L&#8217;occasion d&#8217;\u00e9largir votre r\u00e9seau d&#8217;affaires. La DRC offre d\u2019excellentes occasions de faire cro\u00eetre votre entreprise du secteur des fruits et l\u00e9gumes. Notre longue liste de membres en est une. En la consultant, vous pourrez trouver d\u2019autres membres du secteur des fruits et l\u00e9gumes avec qui vous pourrez communiquer pour \u00e9ventuellement \u00e9tablir de fructueux partenariats commerciaux partout sur la plan\u00e8te.\n<ul class=\"wp-block-list\">\n<li>Si vous envisagez d\u2019adh\u00e9rer la DRC et voulez jeter un coup d\u2019\u0153il \u00e0 sa liste de membres actuels, c\u2019est le bon moment! <a href=\"https:\/\/fvdrc.com\/fr\/adhesion\/liste-des-membres\/\" target=\"_blank\" rel=\"noreferrer noopener\">Cliquez simplement ici <\/a>pour acc\u00e9der \u00e0 notre liste courante. Nous vous invitons \u00e0 y jeter un coup d\u2019\u0153il et souhaitons vous rappeler qu\u2019en devenant membre, vous aurez acc\u00e8s \u00e0 une \u00e9ventail encore plus grand d\u2019informations utiles sur notre communaut\u00e9. Nous avons bien h\u00e2te de vous accueillir!<\/li>\n<\/ul>\n<\/li>\n\n\n\n<li>La reconnaissance du membre \u00e0 titre d\u2019acheteur ou de vendeur privil\u00e9gi\u00e9, ce qui vous permet de vous d\u00e9marquer de la concurrence.<\/li>\n\n\n\n<li>Une meilleure assurance commerciale, gr\u00e2ce \u00e0 notre engagement \u00e0 l\u2019endroit de pratiques commerciales justes et \u00e9quitables.<\/li>\n\n\n\n<li>Des consultations professionnelles confidentielles personnalis\u00e9es avec nos experts pour vous aider \u00e0 faire face \u00e0 tous les d\u00e9fis commerciaux auxquels vous pouvez \u00eatre confront\u00e9.<\/li>\n\n\n\n<li>l\u2019acc\u00e8s au <a href=\"https:\/\/fvdrc.com\/fr\/a-notre-sujet\/nous-joindre\/?cr=2\">service d\u2019assistance de la DRC<\/a>, \u00e0 nos s\u00e9minaires sur mesure, aux webinaires, aux listes de v\u00e9rification imprimables pour le personnel, aux publications de la DRC et \u00e0 bien plus encore.<\/li>\n\n\n\n<li>Pour les Canadiens, l\u2019adh\u00e9sion \u00e0 la DRC satisfait \u00e0 l\u2019exigence r\u00e8glementaire \u00e9tablie par le <em><a href=\"https:\/\/laws-lois.justice.gc.ca\/fra\/reglements\/DORS-2018-108\/page-9.html#h-833138\" target=\"_blank\" rel=\"noreferrer noopener\">R\u00e8glement sur la salubrit\u00e9 des aliments au Canada<\/a><\/em> (RSAC)<\/li>\n\n\n\n<li>Les membres ont leur propre portail ou vous pouvez :\n<ul class=\"wp-block-list\">\n<li>Acc\u00e9der aux informations relatives \u00e0 l\u2019adh\u00e9sion :\n<ul class=\"wp-block-list\">\n<li>T\u00e9l\u00e9chargez \/ Imprimez votre certificat de membre<\/li>\n\n\n\n<li>Acc\u00e9dez au r\u00e9pertoire des membres afin d\u2019obtenir des renseignements sur d\u2019autres membres, obtenez des rapports par endroits, par types d\u2019entreprise, etc.<\/li>\n\n\n\n<li>Visionnez les rapports concernant les membres (membres actifs, membres inactifs, parties vis\u00e9es par des sanctions, etc.)<\/li>\n\n\n\n<li>Mettez \u00e0 jour vos renseignements et ajoutez de nouveaux utilisateurs<\/li>\n<\/ul>\n<\/li>\n\n\n\n<li>Acc\u00e9der aux informations relatives \u00e0 la facturation :\n<ul class=\"wp-block-list\">\n<li>Payez votre cotisation<\/li>\n\n\n\n<li>Recherchez des factures et paiements ant\u00e9rieurs<\/li>\n<\/ul>\n<\/li>\n\n\n\n<li>o Acc\u00e9der aux informations relatives \u00e0 l\u2019assistance commerciale&nbsp;:\n<ul class=\"wp-block-list\">\n<li>Examinez vos diff\u00e9rends actuels et ant\u00e9rieurs<\/li>\n\n\n\n<li>Demandez l\u2019aide du service d\u2019assistance commerciale<\/li>\n<\/ul>\n<\/li>\n<\/ul>\n<\/li>\n<\/ul>\n\n\n\n<p>Si vous avez des questions ou des pr\u00e9occupations, <a href=\"https:\/\/fvdrc.com\/fr\/a-notre-sujet\/nous-joindre\/?cr=4\">appelez-nous<\/a>. Nous sommes l\u00e0 pour vous aider! <\/p>\n\n\n\n<div class=\"wp-block-buttons has-custom-font-size is-content-justification-center is-layout-flex wp-container-core-buttons-is-layout-16018d1d wp-block-buttons-is-layout-flex\" style=\"font-size:18px\">\n<div class=\"wp-block-button\"><a class=\"wp-block-button__link wp-element-button\" href=\"https:\/\/fvdrc.com\/fr\/formulaires-de-demande\/\" style=\"border-radius:0px\" target=\"_blank\" rel=\"noreferrer noopener\">REJOIGNEZ le drc<\/a><\/div>\n<\/div>\n","protected":false},"excerpt":{"rendered":"<p>Profitez des avantages de l\u2019adh\u00e9sion \u00e0 la DRC \u00c0 titre de membre, vous b\u00e9n\u00e9ficiez de toute une gamme d\u2019avantages qui contribueront au succ\u00e8s de votre entreprise. Vous profitez de : Si vous avez des questions ou des pr\u00e9occupations, appelez-nous. Nous sommes l\u00e0 pour vous aider!<\/p>\n","protected":false},"author":2,"featured_media":0,"parent":322,"menu_order":50,"comment_status":"closed","ping_status":"closed","template":"","meta":{"_acf_changed":false,"_coblocks_attr":"","_coblocks_dimensions":"","_coblocks_responsive_height":"","_coblocks_accordion_ie_support":"","om_disable_all_campaigns":false,"_uag_custom_page_level_css":"","_monsterinsights_skip_tracking":false,"_monsterinsights_sitenote_active":false,"_monsterinsights_sitenote_note":"","_monsterinsights_sitenote_category":0,"_uf_show_specific_survey":0,"_uf_disable_surveys":false,"footnotes":""},"class_list":["post-324","page","type-page","status-publish","hentry"],"acf":[],"aioseo_notices":[],"yoast_head":"<!-- This site is optimized with the Yoast SEO plugin v27.4 - https:\/\/yoast.com\/product\/yoast-seo-wordpress\/ -->\n<title>Avantages membres - Fruit and Vegetable Dispute Resolution Corporation<\/title>\n<meta name=\"robots\" content=\"index, follow, max-snippet:-1, max-image-preview:large, max-video-preview:-1\" \/>\n<link rel=\"canonical\" href=\"https:\/\/fvdrc.com\/fr\/adhesion\/avantages-membres\/\" \/>\n<meta property=\"og:locale\" content=\"fr_FR\" \/>\n<meta property=\"og:type\" content=\"article\" \/>\n<meta property=\"og:title\" content=\"Avantages membres - Fruit and Vegetable Dispute Resolution Corporation\" \/>\n<meta property=\"og:description\" content=\"Profitez des avantages de l\u2019adh\u00e9sion \u00e0 la DRC \u00c0 titre de membre, vous b\u00e9n\u00e9ficiez de toute une gamme d\u2019avantages qui contribueront au succ\u00e8s de votre entreprise. Vous profitez de : Si vous avez des questions ou des pr\u00e9occupations, appelez-nous. Nous sommes l\u00e0 pour vous aider!\" \/>\n<meta property=\"og:url\" content=\"https:\/\/fvdrc.com\/fr\/adhesion\/avantages-membres\/\" \/>\n<meta property=\"og:site_name\" content=\"Fruit and Vegetable Dispute Resolution Corporation\" \/>\n<meta property=\"article:modified_time\" content=\"2025-03-25T18:24:21+00:00\" \/>\n<meta name=\"twitter:card\" content=\"summary_large_image\" \/>\n<meta name=\"twitter:label1\" content=\"Est. reading time\" \/>\n\t<meta name=\"twitter:data1\" content=\"2 minutes\" \/>\n<script type=\"application\/ld+json\" class=\"yoast-schema-graph\">{\"@context\":\"https:\\\/\\\/schema.org\",\"@graph\":[{\"@type\":\"WebPage\",\"@id\":\"https:\\\/\\\/fvdrc.com\\\/fr\\\/adhesion\\\/avantages-membres\\\/\",\"url\":\"https:\\\/\\\/fvdrc.com\\\/fr\\\/adhesion\\\/avantages-membres\\\/\",\"name\":\"Avantages membres - Fruit and Vegetable Dispute Resolution Corporation\",\"isPartOf\":{\"@id\":\"https:\\\/\\\/fvdrc.com\\\/#website\"},\"datePublished\":\"2017-01-16T14:14:07+00:00\",\"dateModified\":\"2025-03-25T18:24:21+00:00\",\"breadcrumb\":{\"@id\":\"https:\\\/\\\/fvdrc.com\\\/fr\\\/adhesion\\\/avantages-membres\\\/#breadcrumb\"},\"inLanguage\":\"fr-FR\",\"potentialAction\":[{\"@type\":\"ReadAction\",\"target\":[\"https:\\\/\\\/fvdrc.com\\\/fr\\\/adhesion\\\/avantages-membres\\\/\"]}]},{\"@type\":\"BreadcrumbList\",\"@id\":\"https:\\\/\\\/fvdrc.com\\\/fr\\\/adhesion\\\/avantages-membres\\\/#breadcrumb\",\"itemListElement\":[{\"@type\":\"ListItem\",\"position\":1,\"name\":\"Home\",\"item\":\"https:\\\/\\\/fvdrc.com\\\/fr\\\/\"},{\"@type\":\"ListItem\",\"position\":2,\"name\":\"Adh\u00e9sion\",\"item\":\"https:\\\/\\\/fvdrc.com\\\/fr\\\/adhesion\\\/\"},{\"@type\":\"ListItem\",\"position\":3,\"name\":\"Avantages membres\"}]},{\"@type\":\"WebSite\",\"@id\":\"https:\\\/\\\/fvdrc.com\\\/#website\",\"url\":\"https:\\\/\\\/fvdrc.com\\\/\",\"name\":\"Fruit and Vegetable Dispute Resolution Corporation\",\"description\":\"Trade with Confidence\",\"publisher\":{\"@id\":\"https:\\\/\\\/fvdrc.com\\\/#organization\"},\"potentialAction\":[{\"@type\":\"SearchAction\",\"target\":{\"@type\":\"EntryPoint\",\"urlTemplate\":\"https:\\\/\\\/fvdrc.com\\\/?s={search_term_string}\"},\"query-input\":{\"@type\":\"PropertyValueSpecification\",\"valueRequired\":true,\"valueName\":\"search_term_string\"}}],\"inLanguage\":\"fr-FR\"},{\"@type\":\"Organization\",\"@id\":\"https:\\\/\\\/fvdrc.com\\\/#organization\",\"name\":\"Fruit and Vegetable Dispute Resolution Corporation\",\"url\":\"https:\\\/\\\/fvdrc.com\\\/\",\"logo\":{\"@type\":\"ImageObject\",\"inLanguage\":\"fr-FR\",\"@id\":\"https:\\\/\\\/fvdrc.com\\\/#\\\/schema\\\/logo\\\/image\\\/\",\"url\":\"https:\\\/\\\/fvdrc.com\\\/wp-content\\\/uploads\\\/2020\\\/06\\\/DRC-logo@2x.png\",\"contentUrl\":\"https:\\\/\\\/fvdrc.com\\\/wp-content\\\/uploads\\\/2020\\\/06\\\/DRC-logo@2x.png\",\"width\":261,\"height\":140,\"caption\":\"Fruit and Vegetable Dispute Resolution Corporation\"},\"image\":{\"@id\":\"https:\\\/\\\/fvdrc.com\\\/#\\\/schema\\\/logo\\\/image\\\/\"}}]}<\/script>\n<!-- \/ Yoast SEO plugin. -->","yoast_head_json":{"title":"Avantages membres - Fruit and Vegetable Dispute Resolution Corporation","robots":{"index":"index","follow":"follow","max-snippet":"max-snippet:-1","max-image-preview":"max-image-preview:large","max-video-preview":"max-video-preview:-1"},"canonical":"https:\/\/fvdrc.com\/fr\/adhesion\/avantages-membres\/","og_locale":"fr_FR","og_type":"article","og_title":"Avantages membres - Fruit and Vegetable Dispute Resolution Corporation","og_description":"Profitez des avantages de l\u2019adh\u00e9sion \u00e0 la DRC \u00c0 titre de membre, vous b\u00e9n\u00e9ficiez de toute une gamme d\u2019avantages qui contribueront au succ\u00e8s de votre entreprise. Vous profitez de : Si vous avez des questions ou des pr\u00e9occupations, appelez-nous. Nous sommes l\u00e0 pour vous aider!","og_url":"https:\/\/fvdrc.com\/fr\/adhesion\/avantages-membres\/","og_site_name":"Fruit and Vegetable Dispute Resolution Corporation","article_modified_time":"2025-03-25T18:24:21+00:00","twitter_card":"summary_large_image","twitter_misc":{"Est. reading time":"2 minutes"},"schema":{"@context":"https:\/\/schema.org","@graph":[{"@type":"WebPage","@id":"https:\/\/fvdrc.com\/fr\/adhesion\/avantages-membres\/","url":"https:\/\/fvdrc.com\/fr\/adhesion\/avantages-membres\/","name":"Avantages membres - Fruit and Vegetable Dispute Resolution Corporation","isPartOf":{"@id":"https:\/\/fvdrc.com\/#website"},"datePublished":"2017-01-16T14:14:07+00:00","dateModified":"2025-03-25T18:24:21+00:00","breadcrumb":{"@id":"https:\/\/fvdrc.com\/fr\/adhesion\/avantages-membres\/#breadcrumb"},"inLanguage":"fr-FR","potentialAction":[{"@type":"ReadAction","target":["https:\/\/fvdrc.com\/fr\/adhesion\/avantages-membres\/"]}]},{"@type":"BreadcrumbList","@id":"https:\/\/fvdrc.com\/fr\/adhesion\/avantages-membres\/#breadcrumb","itemListElement":[{"@type":"ListItem","position":1,"name":"Home","item":"https:\/\/fvdrc.com\/fr\/"},{"@type":"ListItem","position":2,"name":"Adh\u00e9sion","item":"https:\/\/fvdrc.com\/fr\/adhesion\/"},{"@type":"ListItem","position":3,"name":"Avantages membres"}]},{"@type":"WebSite","@id":"https:\/\/fvdrc.com\/#website","url":"https:\/\/fvdrc.com\/","name":"Fruit and Vegetable Dispute Resolution Corporation","description":"Trade with Confidence","publisher":{"@id":"https:\/\/fvdrc.com\/#organization"},"potentialAction":[{"@type":"SearchAction","target":{"@type":"EntryPoint","urlTemplate":"https:\/\/fvdrc.com\/?s={search_term_string}"},"query-input":{"@type":"PropertyValueSpecification","valueRequired":true,"valueName":"search_term_string"}}],"inLanguage":"fr-FR"},{"@type":"Organization","@id":"https:\/\/fvdrc.com\/#organization","name":"Fruit and Vegetable Dispute Resolution Corporation","url":"https:\/\/fvdrc.com\/","logo":{"@type":"ImageObject","inLanguage":"fr-FR","@id":"https:\/\/fvdrc.com\/#\/schema\/logo\/image\/","url":"https:\/\/fvdrc.com\/wp-content\/uploads\/2020\/06\/DRC-logo@2x.png","contentUrl":"https:\/\/fvdrc.com\/wp-content\/uploads\/2020\/06\/DRC-logo@2x.png","width":261,"height":140,"caption":"Fruit and Vegetable Dispute Resolution Corporation"},"image":{"@id":"https:\/\/fvdrc.com\/#\/schema\/logo\/image\/"}}]}},"featured_image_src":null,"featured_image_src_square":null,"uagb_featured_image_src":{"full":false,"thumbnail":false,"medium":false,"medium_large":false,"large":false,"gs-tiny":false,"xl":false,"xxl":false,"xxxl":false,"xxxxl":false,"xxxxxl":false,"1536x1536":false,"2048x2048":false,"gb-block-post-grid-landscape":false,"gb-block-post-grid-square":false,"post-thumbnail":false,"twentytwenty-fullscreen":false},"uagb_author_info":{"display_name":"DRC","author_link":"https:\/\/fvdrc.com\/fr\/solutions\/author\/drc\/"},"uagb_comment_info":0,"uagb_excerpt":"Profitez des avantages de l\u2019adh\u00e9sion \u00e0 la DRC \u00c0 titre de membre, vous b\u00e9n\u00e9ficiez de toute une gamme d\u2019avantages qui contribueront au succ\u00e8s de votre entreprise. Vous profitez de : Si vous avez des questions ou des pr\u00e9occupations, appelez-nous. Nous sommes l\u00e0 pour vous aider!","_links":{"self":[{"href":"https:\/\/fvdrc.com\/fr\/wp-json\/wp\/v2\/pages\/324","targetHints":{"allow":["GET"]}}],"collection":[{"href":"https:\/\/fvdrc.com\/fr\/wp-json\/wp\/v2\/pages"}],"about":[{"href":"https:\/\/fvdrc.com\/fr\/wp-json\/wp\/v2\/types\/page"}],"author":[{"embeddable":true,"href":"https:\/\/fvdrc.com\/fr\/wp-json\/wp\/v2\/users\/2"}],"replies":[{"embeddable":true,"href":"https:\/\/fvdrc.com\/fr\/wp-json\/wp\/v2\/comments?post=324"}],"version-history":[{"count":27,"href":"https:\/\/fvdrc.com\/fr\/wp-json\/wp\/v2\/pages\/324\/revisions"}],"predecessor-version":[{"id":12935,"href":"https:\/\/fvdrc.com\/fr\/wp-json\/wp\/v2\/pages\/324\/revisions\/12935"}],"up":[{"embeddable":true,"href":"https:\/\/fvdrc.com\/fr\/wp-json\/wp\/v2\/pages\/322"}],"wp:attachment":[{"href":"https:\/\/fvdrc.com\/fr\/wp-json\/wp\/v2\/media?parent=324"}],"curies":[{"name":"wp","href":"https:\/\/api.w.org\/{rel}","templated":true}]}}