{"id":321,"date":"2017-01-16T09:13:56","date_gmt":"2017-01-16T14:13:56","guid":{"rendered":"http:\/\/fvdrc.com\/?page_id=321"},"modified":"2020-06-16T13:32:55","modified_gmt":"2020-06-16T17:32:55","slug":"avis-exoneration-responsabilite","status":"publish","type":"page","link":"https:\/\/fvdrc.com\/fr\/a-notre-sujet\/avis-exoneration-responsabilite\/","title":{"rendered":"Avis d\u2019exon\u00e9ration de responsabilit\u00e9"},"content":{"rendered":"<p>NOTE : Veuillez lire cet avis en entier avant d&#8217;utiliser le site Web de la DRC.<br \/>\nAux fins de cet avis, la Corporation de r\u00e8glement des diff\u00e9rends dans les fruits et l\u00e9gumes est ci-apr\u00e8s d\u00e9sign\u00e9e sous le nom de la COMPAGNIE.<\/p>\n<h2>Avis d&#8217;exon\u00e9ration g\u00e9n\u00e9rale de responsabilit\u00e9<\/h2>\n<p>LE SERVICE ET LE CONTENU PROVENANT DE CE SITE OU QUI S&#8217;Y TROUVE SONT FOURNIS \u00ab TEL QUEL \u00bb, \u00ab SELON LEUR DISPONIBILIT\u00c9 \u00bb ET TOUTES GARANTIES, QU&#8217;ELLES SOIENT EXPRESSES OU IMPLICITES, SONT EXON\u00c9R\u00c9ES (Y COMPRIS TOUUE GARANTIE COMMERCIALE OU D&#8217;AD\u00c9QUATION \u00c0 UN USAGE PARTICULIER). L&#8217;INFORMATION CONTENUE DANS CE SITE PEUT PR\u00c9SENTER DES BOGUES, DES ERREURS, DES PROBL\u00c8MES OU D&#8217;AUTRES LIMITATIONS. LE PROPRI\u00c9TAIRE DE CE SITE D\u00c9CLINE TOUTES RESPONSABILIT\u00c9S POUR TOUTE ERREUR OU TOUTE OMISSION DANS LE CONTENU APPARAISSANT DANS CE SITE.<\/p>\n<p>L&#8217;utilisateur convient d&#8217;indemniser, de d\u00e9fendre et de tenir le propri\u00e9taire et ses associ\u00e9s, ses fournisseurs de licences, ses fournisseurs de services et de contenu, ceux qui y publient du contenu, les auteurs, les commer\u00e7ants et les fournisseurs, exempts de toute responsabilit\u00e9, de toute perte, de toute d\u00e9penses, y compris les droits et les frais juridiques, li\u00e9s \u00e0 une violation par l&#8217;utilisateur de cet accord ou par l&#8217;utilisation de ce site Web.<\/p>\n<p>La COMPAGNIE d\u00e9cline toute responsabilit\u00e9 \u00e0 l&#8217;\u00e9gard de tous dommages subis en raison de virus dans les fichiers \u00e9lectroniques ou dans le site.<\/p>\n<h2>Hyperliens<\/h2>\n<p>Ce site contient des liens vers d&#8217;autres sites Internet. Ces liens ne constituent pas un endossement des produits ou services de ces autres sites et aucune information apparaissant dans ces sites n&#8217;a \u00e9t\u00e9 endoss\u00e9e ou approuv\u00e9e par la COMPAGNIE.<\/p>\n<h2>Soumissions<\/h2>\n<p>Toutes les remarques, suggestions, id\u00e9es, images graphiques ou autre information communiqu\u00e9es \u00e0 la COMPAGNIE par le biais de ce site (appel\u00e9es collectivement les soumissions) deviennent la propri\u00e9t\u00e9 de la COMPAGNIE \u00e0 perp\u00e9tuit\u00e9. La COMPAGNIE n&#8217;est pas tenue de traiter ces soumissions de mani\u00e8re confidentielle. Elle ne peut \u00eatre tenue responsable de toute id\u00e9e qu&#8217;elle peut utiliser pour ses affaires (y compris pour ses produits et sa publicit\u00e9) et elle ne peut \u00eatre tenue responsable en raison de toute similitude qui pourrait appara\u00eetre dans d&#8217;\u00e9ventuels produits ou op\u00e9rations de la COMPAGNIE. Sans qu&#8217;elle soit limit\u00e9e d&#8217;une quelconque fa\u00e7on, la COMPAGNIE poss\u00e8de la propri\u00e9t\u00e9 exclusive de tous les droits actuels et futurs li\u00e9s \u00e0 ces soumissions, quelle qu&#8217;en soit la nature, quel qu&#8217;en soit le type ou quel qu&#8217;en soit l&#8217;endroit. La COMPAGNIE a le droit d&#8217;utiliser toute soumission \u00e0 toutes fins commerciales ou autres qu&#8217;elle juge \u00e0 propos, sans qu&#8217;elle n&#8217;ait \u00e0 compenser de quelque mani\u00e8re que ce soit ni vous-m\u00eame ni quiconque lui a transmis cette soumission. Vous reconnaissez que c&#8217;est vous, et non la COMPAGNIE, qui \u00eates pleinement et enti\u00e8rement responsable de tout mat\u00e9riel que vous soumettez et que vous \u00eates responsable de la l\u00e9galit\u00e9, la fiabilit\u00e9, le caract\u00e8re appropri\u00e9, l&#8217;originalit\u00e9 ou la propri\u00e9t\u00e9 intellectuelle de toute soumission \u00e0 la COMPAGNIE.<\/p>\n","protected":false},"excerpt":{"rendered":"<p>NOTE : Veuillez lire cet avis en entier avant d&#8217;utiliser le site Web de la DRC. Aux fins de cet avis, la Corporation de r\u00e8glement des diff\u00e9rends dans les fruits et l\u00e9gumes est ci-apr\u00e8s d\u00e9sign\u00e9e sous le nom de la COMPAGNIE. Avis d&#8217;exon\u00e9ration g\u00e9n\u00e9rale de responsabilit\u00e9 LE SERVICE ET LE CONTENU PROVENANT DE CE SITE [&hellip;]<\/p>\n","protected":false},"author":2,"featured_media":0,"parent":312,"menu_order":58,"comment_status":"closed","ping_status":"closed","template":"","meta":{"_acf_changed":false,"_coblocks_attr":"","_coblocks_dimensions":"","_coblocks_responsive_height":"","_coblocks_accordion_ie_support":"","om_disable_all_campaigns":false,"_uag_custom_page_level_css":"","_monsterinsights_skip_tracking":false,"_monsterinsights_sitenote_active":false,"_monsterinsights_sitenote_note":"","_monsterinsights_sitenote_category":0,"_uf_show_specific_survey":0,"_uf_disable_surveys":false,"footnotes":""},"class_list":["post-321","page","type-page","status-publish","hentry"],"acf":[],"aioseo_notices":[],"yoast_head":"<!-- This site is optimized with the Yoast SEO plugin v27.4 - https:\/\/yoast.com\/product\/yoast-seo-wordpress\/ -->\n<title>Avis d\u2019exon\u00e9ration de responsabilit\u00e9 - Fruit and Vegetable Dispute Resolution Corporation<\/title>\n<meta name=\"robots\" content=\"index, follow, max-snippet:-1, max-image-preview:large, max-video-preview:-1\" \/>\n<link rel=\"canonical\" href=\"https:\/\/fvdrc.com\/fr\/a-notre-sujet\/avis-exoneration-responsabilite\/\" \/>\n<meta property=\"og:locale\" content=\"fr_FR\" \/>\n<meta property=\"og:type\" content=\"article\" \/>\n<meta property=\"og:title\" content=\"Avis d\u2019exon\u00e9ration de responsabilit\u00e9 - Fruit and Vegetable Dispute Resolution Corporation\" \/>\n<meta property=\"og:description\" content=\"NOTE : Veuillez lire cet avis en entier avant d&#8217;utiliser le site Web de la DRC. Aux fins de cet avis, la Corporation de r\u00e8glement des diff\u00e9rends dans les fruits et l\u00e9gumes est ci-apr\u00e8s d\u00e9sign\u00e9e sous le nom de la COMPAGNIE. Avis d&#8217;exon\u00e9ration g\u00e9n\u00e9rale de responsabilit\u00e9 LE SERVICE ET LE CONTENU PROVENANT DE CE SITE [&hellip;]\" \/>\n<meta property=\"og:url\" content=\"https:\/\/fvdrc.com\/fr\/a-notre-sujet\/avis-exoneration-responsabilite\/\" \/>\n<meta property=\"og:site_name\" content=\"Fruit and Vegetable Dispute Resolution Corporation\" \/>\n<meta property=\"article:modified_time\" content=\"2020-06-16T17:32:55+00:00\" \/>\n<meta name=\"twitter:card\" content=\"summary_large_image\" \/>\n<meta name=\"twitter:label1\" content=\"Est. reading time\" \/>\n\t<meta name=\"twitter:data1\" content=\"3 minutes\" \/>\n<script type=\"application\/ld+json\" class=\"yoast-schema-graph\">{\"@context\":\"https:\\\/\\\/schema.org\",\"@graph\":[{\"@type\":\"WebPage\",\"@id\":\"https:\\\/\\\/fvdrc.com\\\/fr\\\/a-notre-sujet\\\/avis-exoneration-responsabilite\\\/\",\"url\":\"https:\\\/\\\/fvdrc.com\\\/fr\\\/a-notre-sujet\\\/avis-exoneration-responsabilite\\\/\",\"name\":\"Avis d\u2019exon\u00e9ration de responsabilit\u00e9 - Fruit and Vegetable Dispute Resolution Corporation\",\"isPartOf\":{\"@id\":\"https:\\\/\\\/fvdrc.com\\\/#website\"},\"datePublished\":\"2017-01-16T14:13:56+00:00\",\"dateModified\":\"2020-06-16T17:32:55+00:00\",\"breadcrumb\":{\"@id\":\"https:\\\/\\\/fvdrc.com\\\/fr\\\/a-notre-sujet\\\/avis-exoneration-responsabilite\\\/#breadcrumb\"},\"inLanguage\":\"fr-FR\",\"potentialAction\":[{\"@type\":\"ReadAction\",\"target\":[\"https:\\\/\\\/fvdrc.com\\\/fr\\\/a-notre-sujet\\\/avis-exoneration-responsabilite\\\/\"]}]},{\"@type\":\"BreadcrumbList\",\"@id\":\"https:\\\/\\\/fvdrc.com\\\/fr\\\/a-notre-sujet\\\/avis-exoneration-responsabilite\\\/#breadcrumb\",\"itemListElement\":[{\"@type\":\"ListItem\",\"position\":1,\"name\":\"Home\",\"item\":\"https:\\\/\\\/fvdrc.com\\\/fr\\\/\"},{\"@type\":\"ListItem\",\"position\":2,\"name\":\"\u00c0 notre sujet\",\"item\":\"https:\\\/\\\/fvdrc.com\\\/fr\\\/a-notre-sujet\\\/\"},{\"@type\":\"ListItem\",\"position\":3,\"name\":\"Avis d\u2019exon\u00e9ration de responsabilit\u00e9\"}]},{\"@type\":\"WebSite\",\"@id\":\"https:\\\/\\\/fvdrc.com\\\/#website\",\"url\":\"https:\\\/\\\/fvdrc.com\\\/\",\"name\":\"Fruit and Vegetable Dispute Resolution Corporation\",\"description\":\"Trade with Confidence\",\"publisher\":{\"@id\":\"https:\\\/\\\/fvdrc.com\\\/#organization\"},\"potentialAction\":[{\"@type\":\"SearchAction\",\"target\":{\"@type\":\"EntryPoint\",\"urlTemplate\":\"https:\\\/\\\/fvdrc.com\\\/?s={search_term_string}\"},\"query-input\":{\"@type\":\"PropertyValueSpecification\",\"valueRequired\":true,\"valueName\":\"search_term_string\"}}],\"inLanguage\":\"fr-FR\"},{\"@type\":\"Organization\",\"@id\":\"https:\\\/\\\/fvdrc.com\\\/#organization\",\"name\":\"Fruit and Vegetable Dispute Resolution Corporation\",\"url\":\"https:\\\/\\\/fvdrc.com\\\/\",\"logo\":{\"@type\":\"ImageObject\",\"inLanguage\":\"fr-FR\",\"@id\":\"https:\\\/\\\/fvdrc.com\\\/#\\\/schema\\\/logo\\\/image\\\/\",\"url\":\"https:\\\/\\\/fvdrc.com\\\/wp-content\\\/uploads\\\/2020\\\/06\\\/DRC-logo@2x.png\",\"contentUrl\":\"https:\\\/\\\/fvdrc.com\\\/wp-content\\\/uploads\\\/2020\\\/06\\\/DRC-logo@2x.png\",\"width\":261,\"height\":140,\"caption\":\"Fruit and Vegetable Dispute Resolution Corporation\"},\"image\":{\"@id\":\"https:\\\/\\\/fvdrc.com\\\/#\\\/schema\\\/logo\\\/image\\\/\"}}]}<\/script>\n<!-- \/ Yoast SEO plugin. -->","yoast_head_json":{"title":"Avis d\u2019exon\u00e9ration de responsabilit\u00e9 - Fruit and Vegetable Dispute Resolution Corporation","robots":{"index":"index","follow":"follow","max-snippet":"max-snippet:-1","max-image-preview":"max-image-preview:large","max-video-preview":"max-video-preview:-1"},"canonical":"https:\/\/fvdrc.com\/fr\/a-notre-sujet\/avis-exoneration-responsabilite\/","og_locale":"fr_FR","og_type":"article","og_title":"Avis d\u2019exon\u00e9ration de responsabilit\u00e9 - Fruit and Vegetable Dispute Resolution Corporation","og_description":"NOTE : Veuillez lire cet avis en entier avant d&#8217;utiliser le site Web de la DRC. Aux fins de cet avis, la Corporation de r\u00e8glement des diff\u00e9rends dans les fruits et l\u00e9gumes est ci-apr\u00e8s d\u00e9sign\u00e9e sous le nom de la COMPAGNIE. Avis d&#8217;exon\u00e9ration g\u00e9n\u00e9rale de responsabilit\u00e9 LE SERVICE ET LE CONTENU PROVENANT DE CE SITE [&hellip;]","og_url":"https:\/\/fvdrc.com\/fr\/a-notre-sujet\/avis-exoneration-responsabilite\/","og_site_name":"Fruit and Vegetable Dispute Resolution Corporation","article_modified_time":"2020-06-16T17:32:55+00:00","twitter_card":"summary_large_image","twitter_misc":{"Est. reading time":"3 minutes"},"schema":{"@context":"https:\/\/schema.org","@graph":[{"@type":"WebPage","@id":"https:\/\/fvdrc.com\/fr\/a-notre-sujet\/avis-exoneration-responsabilite\/","url":"https:\/\/fvdrc.com\/fr\/a-notre-sujet\/avis-exoneration-responsabilite\/","name":"Avis d\u2019exon\u00e9ration de responsabilit\u00e9 - Fruit and Vegetable Dispute Resolution Corporation","isPartOf":{"@id":"https:\/\/fvdrc.com\/#website"},"datePublished":"2017-01-16T14:13:56+00:00","dateModified":"2020-06-16T17:32:55+00:00","breadcrumb":{"@id":"https:\/\/fvdrc.com\/fr\/a-notre-sujet\/avis-exoneration-responsabilite\/#breadcrumb"},"inLanguage":"fr-FR","potentialAction":[{"@type":"ReadAction","target":["https:\/\/fvdrc.com\/fr\/a-notre-sujet\/avis-exoneration-responsabilite\/"]}]},{"@type":"BreadcrumbList","@id":"https:\/\/fvdrc.com\/fr\/a-notre-sujet\/avis-exoneration-responsabilite\/#breadcrumb","itemListElement":[{"@type":"ListItem","position":1,"name":"Home","item":"https:\/\/fvdrc.com\/fr\/"},{"@type":"ListItem","position":2,"name":"\u00c0 notre sujet","item":"https:\/\/fvdrc.com\/fr\/a-notre-sujet\/"},{"@type":"ListItem","position":3,"name":"Avis d\u2019exon\u00e9ration de responsabilit\u00e9"}]},{"@type":"WebSite","@id":"https:\/\/fvdrc.com\/#website","url":"https:\/\/fvdrc.com\/","name":"Fruit and Vegetable Dispute Resolution Corporation","description":"Trade with Confidence","publisher":{"@id":"https:\/\/fvdrc.com\/#organization"},"potentialAction":[{"@type":"SearchAction","target":{"@type":"EntryPoint","urlTemplate":"https:\/\/fvdrc.com\/?s={search_term_string}"},"query-input":{"@type":"PropertyValueSpecification","valueRequired":true,"valueName":"search_term_string"}}],"inLanguage":"fr-FR"},{"@type":"Organization","@id":"https:\/\/fvdrc.com\/#organization","name":"Fruit and Vegetable Dispute Resolution Corporation","url":"https:\/\/fvdrc.com\/","logo":{"@type":"ImageObject","inLanguage":"fr-FR","@id":"https:\/\/fvdrc.com\/#\/schema\/logo\/image\/","url":"https:\/\/fvdrc.com\/wp-content\/uploads\/2020\/06\/DRC-logo@2x.png","contentUrl":"https:\/\/fvdrc.com\/wp-content\/uploads\/2020\/06\/DRC-logo@2x.png","width":261,"height":140,"caption":"Fruit and Vegetable Dispute Resolution Corporation"},"image":{"@id":"https:\/\/fvdrc.com\/#\/schema\/logo\/image\/"}}]}},"featured_image_src":null,"featured_image_src_square":null,"uagb_featured_image_src":{"full":false,"thumbnail":false,"medium":false,"medium_large":false,"large":false,"gs-tiny":false,"xl":false,"xxl":false,"xxxl":false,"xxxxl":false,"xxxxxl":false,"1536x1536":false,"2048x2048":false,"gb-block-post-grid-landscape":false,"gb-block-post-grid-square":false,"post-thumbnail":false,"twentytwenty-fullscreen":false},"uagb_author_info":{"display_name":"DRC","author_link":"https:\/\/fvdrc.com\/fr\/solutions\/author\/drc\/"},"uagb_comment_info":0,"uagb_excerpt":"NOTE : Veuillez lire cet avis en entier avant d&#8217;utiliser le site Web de la DRC. Aux fins de cet avis, la Corporation de r\u00e8glement des diff\u00e9rends dans les fruits et l\u00e9gumes est ci-apr\u00e8s d\u00e9sign\u00e9e sous le nom de la COMPAGNIE. Avis d&#8217;exon\u00e9ration g\u00e9n\u00e9rale de responsabilit\u00e9 LE SERVICE ET LE CONTENU PROVENANT DE CE SITE&hellip;","_links":{"self":[{"href":"https:\/\/fvdrc.com\/fr\/wp-json\/wp\/v2\/pages\/321","targetHints":{"allow":["GET"]}}],"collection":[{"href":"https:\/\/fvdrc.com\/fr\/wp-json\/wp\/v2\/pages"}],"about":[{"href":"https:\/\/fvdrc.com\/fr\/wp-json\/wp\/v2\/types\/page"}],"author":[{"embeddable":true,"href":"https:\/\/fvdrc.com\/fr\/wp-json\/wp\/v2\/users\/2"}],"replies":[{"embeddable":true,"href":"https:\/\/fvdrc.com\/fr\/wp-json\/wp\/v2\/comments?post=321"}],"version-history":[{"count":2,"href":"https:\/\/fvdrc.com\/fr\/wp-json\/wp\/v2\/pages\/321\/revisions"}],"predecessor-version":[{"id":2871,"href":"https:\/\/fvdrc.com\/fr\/wp-json\/wp\/v2\/pages\/321\/revisions\/2871"}],"up":[{"embeddable":true,"href":"https:\/\/fvdrc.com\/fr\/wp-json\/wp\/v2\/pages\/312"}],"wp:attachment":[{"href":"https:\/\/fvdrc.com\/fr\/wp-json\/wp\/v2\/media?parent=321"}],"curies":[{"name":"wp","href":"https:\/\/api.w.org\/{rel}","templated":true}]}}