{"id":319,"date":"2017-01-16T09:13:42","date_gmt":"2017-01-16T14:13:42","guid":{"rendered":"http:\/\/fvdrc.com\/?page_id=319"},"modified":"2024-04-03T18:00:47","modified_gmt":"2024-04-03T22:00:47","slug":"nous-joindre","status":"publish","type":"page","link":"https:\/\/fvdrc.com\/fr\/a-notre-sujet\/nous-joindre\/","title":{"rendered":"Nous joindre"},"content":{"rendered":"\n<p>Veuillez noter que nos heures d&#8217;ouverture sont de <strong>8h30\u00a0\u00e0\u00a017h00<\/strong>\u00a0(HE) , du <strong>lundi au vendredi<\/strong>.<\/p>\n\n\n\n<h2 class=\"wp-block-heading\">Pour communiquer avec le service d&#8217;assistance de la DRC<\/h2>\n\n\n\n<p>T\u00e9l: <strong>613-234-0982<\/strong><br>T\u00e9l\u00e9c: <strong>613-234-8036<\/strong><\/p>\n\n\n\n<p>\u00c9difice 75, Ferme exp\u00e9rimentale centrale<br>960, avenue Carling, <br>Ottawa (Ontario) K1A 0C6 Canada<br><a href=\"https:\/\/maps.google.ca\/maps?q=Fruit+%26+Vegetable+Dispute+Resolution&amp;hl=en&amp;ll=45.415322,-75.71228&amp;spn=0.18822,0.528374&amp;sll=45.401343,-75.710564&amp;sspn=0.188267,0.528374&amp;hq=Fruit+%26+Vegetable+Dispute+Resolution&amp;t=m&amp;z=12&amp;iwloc=A\" target=\"_blank\" rel=\"noopener noreferrer\">Indications<\/a><\/p>\n","protected":false},"excerpt":{"rendered":"<p>Veuillez noter que nos heures d&#8217;ouverture sont de 8h30\u00a0\u00e0\u00a017h00\u00a0(HE) , du lundi au vendredi. Pour communiquer avec le service d&#8217;assistance de la DRC T\u00e9l: 613-234-0982T\u00e9l\u00e9c: 613-234-8036 \u00c9difice 75, Ferme exp\u00e9rimentale centrale960, avenue Carling, Ottawa (Ontario) K1A 0C6 CanadaIndications<\/p>\n","protected":false},"author":2,"featured_media":0,"parent":312,"menu_order":22,"comment_status":"closed","ping_status":"closed","template":"","meta":{"_acf_changed":false,"_coblocks_attr":"","_coblocks_dimensions":"","_coblocks_responsive_height":"","_coblocks_accordion_ie_support":"","om_disable_all_campaigns":false,"_uag_custom_page_level_css":"","_monsterinsights_skip_tracking":false,"_monsterinsights_sitenote_active":false,"_monsterinsights_sitenote_note":"","_monsterinsights_sitenote_category":0,"_uf_show_specific_survey":0,"_uf_disable_surveys":false,"footnotes":""},"class_list":["post-319","page","type-page","status-publish","hentry"],"acf":[],"aioseo_notices":[],"yoast_head":"<!-- This site is optimized with the Yoast SEO plugin v27.4 - https:\/\/yoast.com\/product\/yoast-seo-wordpress\/ -->\n<title>Nous joindre - Fruit and Vegetable Dispute Resolution Corporation<\/title>\n<meta name=\"robots\" content=\"index, follow, max-snippet:-1, max-image-preview:large, max-video-preview:-1\" \/>\n<link rel=\"canonical\" href=\"https:\/\/fvdrc.com\/fr\/a-notre-sujet\/nous-joindre\/\" \/>\n<meta property=\"og:locale\" content=\"fr_FR\" \/>\n<meta property=\"og:type\" content=\"article\" \/>\n<meta property=\"og:title\" content=\"Nous joindre - Fruit and Vegetable Dispute Resolution Corporation\" \/>\n<meta property=\"og:description\" content=\"Veuillez noter que nos heures d&#8217;ouverture sont de 8h30\u00a0\u00e0\u00a017h00\u00a0(HE) , du lundi au vendredi. Pour communiquer avec le service d&#8217;assistance de la DRC T\u00e9l: 613-234-0982T\u00e9l\u00e9c: 613-234-8036 \u00c9difice 75, Ferme exp\u00e9rimentale centrale960, avenue Carling, Ottawa (Ontario) K1A 0C6 CanadaIndications\" \/>\n<meta property=\"og:url\" content=\"https:\/\/fvdrc.com\/fr\/a-notre-sujet\/nous-joindre\/\" \/>\n<meta property=\"og:site_name\" content=\"Fruit and Vegetable Dispute Resolution Corporation\" \/>\n<meta property=\"article:modified_time\" content=\"2024-04-03T22:00:47+00:00\" \/>\n<meta name=\"twitter:card\" content=\"summary_large_image\" \/>\n<meta name=\"twitter:label1\" content=\"Est. reading time\" \/>\n\t<meta name=\"twitter:data1\" content=\"1 minute\" \/>\n<script type=\"application\/ld+json\" class=\"yoast-schema-graph\">{\"@context\":\"https:\\\/\\\/schema.org\",\"@graph\":[{\"@type\":\"WebPage\",\"@id\":\"https:\\\/\\\/fvdrc.com\\\/fr\\\/a-notre-sujet\\\/nous-joindre\\\/\",\"url\":\"https:\\\/\\\/fvdrc.com\\\/fr\\\/a-notre-sujet\\\/nous-joindre\\\/\",\"name\":\"Nous joindre - Fruit and Vegetable Dispute Resolution Corporation\",\"isPartOf\":{\"@id\":\"https:\\\/\\\/fvdrc.com\\\/#website\"},\"datePublished\":\"2017-01-16T14:13:42+00:00\",\"dateModified\":\"2024-04-03T22:00:47+00:00\",\"breadcrumb\":{\"@id\":\"https:\\\/\\\/fvdrc.com\\\/fr\\\/a-notre-sujet\\\/nous-joindre\\\/#breadcrumb\"},\"inLanguage\":\"fr-FR\",\"potentialAction\":[{\"@type\":\"ReadAction\",\"target\":[\"https:\\\/\\\/fvdrc.com\\\/fr\\\/a-notre-sujet\\\/nous-joindre\\\/\"]}]},{\"@type\":\"BreadcrumbList\",\"@id\":\"https:\\\/\\\/fvdrc.com\\\/fr\\\/a-notre-sujet\\\/nous-joindre\\\/#breadcrumb\",\"itemListElement\":[{\"@type\":\"ListItem\",\"position\":1,\"name\":\"Home\",\"item\":\"https:\\\/\\\/fvdrc.com\\\/fr\\\/\"},{\"@type\":\"ListItem\",\"position\":2,\"name\":\"\u00c0 notre sujet\",\"item\":\"https:\\\/\\\/fvdrc.com\\\/fr\\\/a-notre-sujet\\\/\"},{\"@type\":\"ListItem\",\"position\":3,\"name\":\"Nous joindre\"}]},{\"@type\":\"WebSite\",\"@id\":\"https:\\\/\\\/fvdrc.com\\\/#website\",\"url\":\"https:\\\/\\\/fvdrc.com\\\/\",\"name\":\"Fruit and Vegetable Dispute Resolution Corporation\",\"description\":\"Trade with Confidence\",\"publisher\":{\"@id\":\"https:\\\/\\\/fvdrc.com\\\/#organization\"},\"potentialAction\":[{\"@type\":\"SearchAction\",\"target\":{\"@type\":\"EntryPoint\",\"urlTemplate\":\"https:\\\/\\\/fvdrc.com\\\/?s={search_term_string}\"},\"query-input\":{\"@type\":\"PropertyValueSpecification\",\"valueRequired\":true,\"valueName\":\"search_term_string\"}}],\"inLanguage\":\"fr-FR\"},{\"@type\":\"Organization\",\"@id\":\"https:\\\/\\\/fvdrc.com\\\/#organization\",\"name\":\"Fruit and Vegetable Dispute Resolution Corporation\",\"url\":\"https:\\\/\\\/fvdrc.com\\\/\",\"logo\":{\"@type\":\"ImageObject\",\"inLanguage\":\"fr-FR\",\"@id\":\"https:\\\/\\\/fvdrc.com\\\/#\\\/schema\\\/logo\\\/image\\\/\",\"url\":\"https:\\\/\\\/fvdrc.com\\\/wp-content\\\/uploads\\\/2020\\\/06\\\/DRC-logo@2x.png\",\"contentUrl\":\"https:\\\/\\\/fvdrc.com\\\/wp-content\\\/uploads\\\/2020\\\/06\\\/DRC-logo@2x.png\",\"width\":261,\"height\":140,\"caption\":\"Fruit and Vegetable Dispute Resolution Corporation\"},\"image\":{\"@id\":\"https:\\\/\\\/fvdrc.com\\\/#\\\/schema\\\/logo\\\/image\\\/\"}}]}<\/script>\n<!-- \/ Yoast SEO plugin. -->","yoast_head_json":{"title":"Nous joindre - Fruit and Vegetable Dispute Resolution Corporation","robots":{"index":"index","follow":"follow","max-snippet":"max-snippet:-1","max-image-preview":"max-image-preview:large","max-video-preview":"max-video-preview:-1"},"canonical":"https:\/\/fvdrc.com\/fr\/a-notre-sujet\/nous-joindre\/","og_locale":"fr_FR","og_type":"article","og_title":"Nous joindre - Fruit and Vegetable Dispute Resolution Corporation","og_description":"Veuillez noter que nos heures d&#8217;ouverture sont de 8h30\u00a0\u00e0\u00a017h00\u00a0(HE) , du lundi au vendredi. Pour communiquer avec le service d&#8217;assistance de la DRC T\u00e9l: 613-234-0982T\u00e9l\u00e9c: 613-234-8036 \u00c9difice 75, Ferme exp\u00e9rimentale centrale960, avenue Carling, Ottawa (Ontario) K1A 0C6 CanadaIndications","og_url":"https:\/\/fvdrc.com\/fr\/a-notre-sujet\/nous-joindre\/","og_site_name":"Fruit and Vegetable Dispute Resolution Corporation","article_modified_time":"2024-04-03T22:00:47+00:00","twitter_card":"summary_large_image","twitter_misc":{"Est. reading time":"1 minute"},"schema":{"@context":"https:\/\/schema.org","@graph":[{"@type":"WebPage","@id":"https:\/\/fvdrc.com\/fr\/a-notre-sujet\/nous-joindre\/","url":"https:\/\/fvdrc.com\/fr\/a-notre-sujet\/nous-joindre\/","name":"Nous joindre - Fruit and Vegetable Dispute Resolution Corporation","isPartOf":{"@id":"https:\/\/fvdrc.com\/#website"},"datePublished":"2017-01-16T14:13:42+00:00","dateModified":"2024-04-03T22:00:47+00:00","breadcrumb":{"@id":"https:\/\/fvdrc.com\/fr\/a-notre-sujet\/nous-joindre\/#breadcrumb"},"inLanguage":"fr-FR","potentialAction":[{"@type":"ReadAction","target":["https:\/\/fvdrc.com\/fr\/a-notre-sujet\/nous-joindre\/"]}]},{"@type":"BreadcrumbList","@id":"https:\/\/fvdrc.com\/fr\/a-notre-sujet\/nous-joindre\/#breadcrumb","itemListElement":[{"@type":"ListItem","position":1,"name":"Home","item":"https:\/\/fvdrc.com\/fr\/"},{"@type":"ListItem","position":2,"name":"\u00c0 notre sujet","item":"https:\/\/fvdrc.com\/fr\/a-notre-sujet\/"},{"@type":"ListItem","position":3,"name":"Nous joindre"}]},{"@type":"WebSite","@id":"https:\/\/fvdrc.com\/#website","url":"https:\/\/fvdrc.com\/","name":"Fruit and Vegetable Dispute Resolution Corporation","description":"Trade with Confidence","publisher":{"@id":"https:\/\/fvdrc.com\/#organization"},"potentialAction":[{"@type":"SearchAction","target":{"@type":"EntryPoint","urlTemplate":"https:\/\/fvdrc.com\/?s={search_term_string}"},"query-input":{"@type":"PropertyValueSpecification","valueRequired":true,"valueName":"search_term_string"}}],"inLanguage":"fr-FR"},{"@type":"Organization","@id":"https:\/\/fvdrc.com\/#organization","name":"Fruit and Vegetable Dispute Resolution Corporation","url":"https:\/\/fvdrc.com\/","logo":{"@type":"ImageObject","inLanguage":"fr-FR","@id":"https:\/\/fvdrc.com\/#\/schema\/logo\/image\/","url":"https:\/\/fvdrc.com\/wp-content\/uploads\/2020\/06\/DRC-logo@2x.png","contentUrl":"https:\/\/fvdrc.com\/wp-content\/uploads\/2020\/06\/DRC-logo@2x.png","width":261,"height":140,"caption":"Fruit and Vegetable Dispute Resolution Corporation"},"image":{"@id":"https:\/\/fvdrc.com\/#\/schema\/logo\/image\/"}}]}},"featured_image_src":null,"featured_image_src_square":null,"uagb_featured_image_src":{"full":false,"thumbnail":false,"medium":false,"medium_large":false,"large":false,"gs-tiny":false,"xl":false,"xxl":false,"xxxl":false,"xxxxl":false,"xxxxxl":false,"1536x1536":false,"2048x2048":false,"gb-block-post-grid-landscape":false,"gb-block-post-grid-square":false,"post-thumbnail":false,"twentytwenty-fullscreen":false},"uagb_author_info":{"display_name":"DRC","author_link":"https:\/\/fvdrc.com\/fr\/solutions\/author\/drc\/"},"uagb_comment_info":0,"uagb_excerpt":"Veuillez noter que nos heures d&#8217;ouverture sont de 8h30\u00a0\u00e0\u00a017h00\u00a0(HE) , du lundi au vendredi. Pour communiquer avec le service d&#8217;assistance de la DRC T\u00e9l: 613-234-0982T\u00e9l\u00e9c: 613-234-8036 \u00c9difice 75, Ferme exp\u00e9rimentale centrale960, avenue Carling, Ottawa (Ontario) K1A 0C6 CanadaIndications","_links":{"self":[{"href":"https:\/\/fvdrc.com\/fr\/wp-json\/wp\/v2\/pages\/319","targetHints":{"allow":["GET"]}}],"collection":[{"href":"https:\/\/fvdrc.com\/fr\/wp-json\/wp\/v2\/pages"}],"about":[{"href":"https:\/\/fvdrc.com\/fr\/wp-json\/wp\/v2\/types\/page"}],"author":[{"embeddable":true,"href":"https:\/\/fvdrc.com\/fr\/wp-json\/wp\/v2\/users\/2"}],"replies":[{"embeddable":true,"href":"https:\/\/fvdrc.com\/fr\/wp-json\/wp\/v2\/comments?post=319"}],"version-history":[{"count":5,"href":"https:\/\/fvdrc.com\/fr\/wp-json\/wp\/v2\/pages\/319\/revisions"}],"predecessor-version":[{"id":9937,"href":"https:\/\/fvdrc.com\/fr\/wp-json\/wp\/v2\/pages\/319\/revisions\/9937"}],"up":[{"embeddable":true,"href":"https:\/\/fvdrc.com\/fr\/wp-json\/wp\/v2\/pages\/312"}],"wp:attachment":[{"href":"https:\/\/fvdrc.com\/fr\/wp-json\/wp\/v2\/media?parent=319"}],"curies":[{"name":"wp","href":"https:\/\/api.w.org\/{rel}","templated":true}]}}