{"id":317,"date":"2017-01-16T09:13:36","date_gmt":"2017-01-16T14:13:36","guid":{"rendered":"http:\/\/fvdrc.com\/?page_id=317"},"modified":"2021-02-18T15:11:58","modified_gmt":"2021-02-18T20:11:58","slug":"le-personnel-de-la-drc","status":"publish","type":"page","link":"https:\/\/fvdrc.com\/fr\/a-notre-sujet\/le-personnel-de-la-drc\/","title":{"rendered":"Le personnel de la DRC"},"content":{"rendered":"\t\t<div class=\"fvdrc-post-lists drc-staff-team-list\">\r\n\t\t\t\t\t\t<div class=\"fvdrc-post-list post-list-3595\">\r\n\t\t\t\t\t\t\t\t\t\t<div class=\"post-content-featured_image\">\r\n\t\t\t\t\t\t\t<figure>\r\n\t\t\t\t\t\t\t\t<img decoding=\"async\" data-src=\"https:\/\/fvdrc.com\/wp-content\/uploads\/2018\/03\/Luc_Mougeot_Web_Colour.jpg\" alt=\"Luc Mougeot\nVice-President\" src=\"data:image\/svg+xml;base64,PHN2ZyB3aWR0aD0iMSIgaGVpZ2h0PSIxIiB4bWxucz0iaHR0cDovL3d3dy53My5vcmcvMjAwMC9zdmciPjwvc3ZnPg==\" class=\"lazyload\" style=\"--smush-placeholder-width: 600px; --smush-placeholder-aspect-ratio: 600\/750;\" \/>\r\n\t\t\t\t\t\t\t<\/figure>\r\n\t\t\t\t\t\t<\/div>\r\n\t\t\t\t\t\t<div class=\"post-content\">\t\t\t\t\t<div class=\"post-title\">\r\n\t\t\t\t\t\t\t\t\t\t\t\t\t<h3>Luc Mougeot<\/h3>\r\n\t\t\t\t\t\t\t\t\t\t\t<\/div>\r\n\t\t\t\t\t\t\t\t\t\t\t\t<div class=\"post-content-title\">\r\n\t\t\t\t\t\t\t\tPr\u00e9sident-directeur g\u00e9n\u00e9ral\t\t\t\t\t\t\t<\/div>\r\n\t\t\t\t\t\t\t\t\t\t\t\t\t<div class=\"post-content-contact_id\">\r\n\t\t\t\t\t\t\t<i class=\"fa fa-address-card\" aria-hidden=\"true\"><\/i> <a href=\"https:\/\/fvdrc.com\/about\/contact\/?cr=3\">\u00c9crivez \u00e0 Luc Mougeot<\/a>\r\n\t\t\t\t\t\t<\/div>\r\n\t\t\t\t\t\t\t\t\t\t\t<div class=\"post-content-service\">\r\n\t\t\t\t\t\t<i class=\"fa fa-commenting\" aria-hidden=\"true\"><\/i>\r\n\t\t\t\t\t\tService en anglais et en fran\u00e7ais\t\t\t\t\t<\/div>\r\n\t\t\t\t\t<\/div><!-- .post-content -->\t\t\t<\/div><!-- .fvdrc-post-list -->\r\n\t\t\t\n\t\t\t<div class=\"fvdrc-post-list post-list-3607\">\r\n\t\t\t\t\t\t\t\t\t\t<div class=\"post-content-featured_image\">\r\n\t\t\t\t\t\t\t<figure>\r\n\t\t\t\t\t\t\t\t<img decoding=\"async\" data-src=\"https:\/\/fvdrc.com\/wp-content\/uploads\/2018\/07\/Jaime_Web_Colour.jpg\" alt=\"Jaime Bustamante\" src=\"data:image\/svg+xml;base64,PHN2ZyB3aWR0aD0iMSIgaGVpZ2h0PSIxIiB4bWxucz0iaHR0cDovL3d3dy53My5vcmcvMjAwMC9zdmciPjwvc3ZnPg==\" class=\"lazyload\" style=\"--smush-placeholder-width: 600px; --smush-placeholder-aspect-ratio: 600\/750;\" \/>\r\n\t\t\t\t\t\t\t<\/figure>\r\n\t\t\t\t\t\t<\/div>\r\n\t\t\t\t\t\t<div class=\"post-content\">\t\t\t\t\t<div class=\"post-title\">\r\n\t\t\t\t\t\t\t\t\t\t\t\t\t<h3>Jaime Bustamante<\/h3>\r\n\t\t\t\t\t\t\t\t\t\t\t<\/div>\r\n\t\t\t\t\t\t\t\t\t\t\t\t<div class=\"post-content-title\">\r\n\t\t\t\t\t\t\t\tVice-pr\u00e9sident de l&#039;assistance commerciale et du d\u00e9veloppement des affaires\t\t\t\t\t\t\t<\/div>\r\n\t\t\t\t\t\t\t\t\t\t\t\t\t<div class=\"post-content-contact_id\">\r\n\t\t\t\t\t\t\t<i class=\"fa fa-address-card\" aria-hidden=\"true\"><\/i> <a href=\"https:\/\/fvdrc.com\/about\/contact\/?cr=5\">\u00c9crivez \u00e0 Jaime Bustamante<\/a>\r\n\t\t\t\t\t\t<\/div>\r\n\t\t\t\t\t\t\t\t\t\t\t<div class=\"post-content-service\">\r\n\t\t\t\t\t\t<i class=\"fa fa-commenting\" aria-hidden=\"true\"><\/i>\r\n\t\t\t\t\t\tService en anglais et en espagnol\t\t\t\t\t<\/div>\r\n\t\t\t\t\t<\/div><!-- .post-content -->\t\t\t<\/div><!-- .fvdrc-post-list -->\r\n\t\t\t\n\t\t\t<div class=\"fvdrc-post-list post-list-3599\">\r\n\t\t\t\t\t\t\t\t\t\t<div class=\"post-content-featured_image\">\r\n\t\t\t\t\t\t\t<figure>\r\n\t\t\t\t\t\t\t\t<img decoding=\"async\" data-src=\"https:\/\/fvdrc.com\/wp-content\/uploads\/2018\/07\/Iryna_Web_Colour-2.jpg\" alt=\"\" src=\"data:image\/svg+xml;base64,PHN2ZyB3aWR0aD0iMSIgaGVpZ2h0PSIxIiB4bWxucz0iaHR0cDovL3d3dy53My5vcmcvMjAwMC9zdmciPjwvc3ZnPg==\" class=\"lazyload\" style=\"--smush-placeholder-width: 1000px; --smush-placeholder-aspect-ratio: 1000\/1250;\" \/>\r\n\t\t\t\t\t\t\t<\/figure>\r\n\t\t\t\t\t\t<\/div>\r\n\t\t\t\t\t\t<div class=\"post-content\">\t\t\t\t\t<div class=\"post-title\">\r\n\t\t\t\t\t\t\t\t\t\t\t\t\t<h3>Iryna Romanenko<\/h3>\r\n\t\t\t\t\t\t\t\t\t\t\t<\/div>\r\n\t\t\t\t\t\t\t\t\t\t\t\t<div class=\"post-content-title\">\r\n\t\t\t\t\t\t\t\tComptabilit\u00e9 et administration\t\t\t\t\t\t\t<\/div>\r\n\t\t\t\t\t\t\t\t\t\t\t\t\t<div class=\"post-content-contact_id\">\r\n\t\t\t\t\t\t\t<i class=\"fa fa-address-card\" aria-hidden=\"true\"><\/i> <a href=\"https:\/\/fvdrc.com\/about\/contact\/?cr=6\">\u00c9crivez \u00e0 Iryna Romanenko<\/a>\r\n\t\t\t\t\t\t<\/div>\r\n\t\t\t\t\t\t\t\t\t\t\t<div class=\"post-content-service\">\r\n\t\t\t\t\t\t<i class=\"fa fa-commenting\" aria-hidden=\"true\"><\/i>\r\n\t\t\t\t\t\tService en anglais, fran\u00e7ais et espagnol\t\t\t\t\t<\/div>\r\n\t\t\t\t\t<\/div><!-- .post-content -->\t\t\t<\/div><!-- .fvdrc-post-list -->\r\n\t\t\t\n\t\t\t<div class=\"fvdrc-post-list post-list-4765\">\r\n\t\t\t\t\t\t\t\t\t\t<div class=\"post-content-featured_image\">\r\n\t\t\t\t\t\t\t<figure>\r\n\t\t\t\t\t\t\t\t<img decoding=\"async\" data-src=\"https:\/\/fvdrc.com\/wp-content\/uploads\/2021\/02\/Dafne.jpg\" alt=\"\" src=\"data:image\/svg+xml;base64,PHN2ZyB3aWR0aD0iMSIgaGVpZ2h0PSIxIiB4bWxucz0iaHR0cDovL3d3dy53My5vcmcvMjAwMC9zdmciPjwvc3ZnPg==\" class=\"lazyload\" style=\"--smush-placeholder-width: 982px; --smush-placeholder-aspect-ratio: 982\/1226;\" \/>\r\n\t\t\t\t\t\t\t<\/figure>\r\n\t\t\t\t\t\t<\/div>\r\n\t\t\t\t\t\t<div class=\"post-content\">\t\t\t\t\t<div class=\"post-title\">\r\n\t\t\t\t\t\t\t\t\t\t\t\t\t<h3>Dafne Palomino<\/h3>\r\n\t\t\t\t\t\t\t\t\t\t\t<\/div>\r\n\t\t\t\t\t\t\t\t\t\t\t\t<div class=\"post-content-title\">\r\n\t\t\t\t\t\t\t\tAgente d&#039;assistance commerciale\t\t\t\t\t\t\t<\/div>\r\n\t\t\t\t\t\t\t\t\t\t\t\t\t<div class=\"post-content-contact_id\">\r\n\t\t\t\t\t\t\t<i class=\"fa fa-address-card\" aria-hidden=\"true\"><\/i> <a href=\"https:\/\/fvdrc.com\/about\/contact\/?cr=7\">\u00c9crivez \u00e0 Dafne Palomino<\/a>\r\n\t\t\t\t\t\t<\/div>\r\n\t\t\t\t\t\t\t\t\t\t\t<div class=\"post-content-service\">\r\n\t\t\t\t\t\t<i class=\"fa fa-commenting\" aria-hidden=\"true\"><\/i>\r\n\t\t\t\t\t\tService en anglais et espagnol\t\t\t\t\t<\/div>\r\n\t\t\t\t\t<\/div><!-- .post-content -->\t\t\t<\/div><!-- .fvdrc-post-list -->\r\n\t\t\t\n\t\t\t<div class=\"fvdrc-post-list post-list-3615\">\r\n\t\t\t\t\t\t\t\t\t\t<div class=\"post-content-featured_image\">\r\n\t\t\t\t\t\t\t<figure>\r\n\t\t\t\t\t\t\t\t<img decoding=\"async\" data-src=\"https:\/\/fvdrc.com\/wp-content\/uploads\/2018\/07\/Anne_Web_Colour.jpg\" alt=\"\" src=\"data:image\/svg+xml;base64,PHN2ZyB3aWR0aD0iMSIgaGVpZ2h0PSIxIiB4bWxucz0iaHR0cDovL3d3dy53My5vcmcvMjAwMC9zdmciPjwvc3ZnPg==\" class=\"lazyload\" style=\"--smush-placeholder-width: 1000px; --smush-placeholder-aspect-ratio: 1000\/1250;\" \/>\r\n\t\t\t\t\t\t\t<\/figure>\r\n\t\t\t\t\t\t<\/div>\r\n\t\t\t\t\t\t<div class=\"post-content\">\t\t\t\t\t<div class=\"post-title\">\r\n\t\t\t\t\t\t\t\t\t\t\t\t\t<h3>Anne Fowlie<\/h3>\r\n\t\t\t\t\t\t\t\t\t\t\t<\/div>\r\n\t\t\t\t\t\t\t\t\t\t\t\t<div class=\"post-content-title\">\r\n\t\t\t\t\t\t\t\tProjets Sp\u00e9ciaux\t\t\t\t\t\t\t<\/div>\r\n\t\t\t\t\t\t\t\t\t\t\t\t\t<div class=\"post-content-contact_id\">\r\n\t\t\t\t\t\t\t<i class=\"fa fa-address-card\" aria-hidden=\"true\"><\/i> <a href=\"https:\/\/fvdrc.com\/about\/contact\/?cr=8\">\u00c9crivez \u00e0 Anne Fowlie<\/a>\r\n\t\t\t\t\t\t<\/div>\r\n\t\t\t\t\t\t\t\t\t\t\t<div class=\"post-content-service\">\r\n\t\t\t\t\t\t<i class=\"fa fa-commenting\" aria-hidden=\"true\"><\/i>\r\n\t\t\t\t\t\tService en anglais et en fran\u00e7ais\t\t\t\t\t<\/div>\r\n\t\t\t\t\t<\/div><!-- .post-content -->\t\t\t<\/div><!-- .fvdrc-post-list -->\r\n\t\t\t\n\t\t\t<div class=\"fvdrc-post-list post-list-8022\">\r\n\t\t\t\t\t\t\t\t\t\t<div class=\"post-content-featured_image\">\r\n\t\t\t\t\t\t\t<figure>\r\n\t\t\t\t\t\t\t\t<img decoding=\"async\" data-src=\"https:\/\/fvdrc.com\/wp-content\/uploads\/2023\/05\/profile_nm_2026_website.jpg\" alt=\"Nicole MacDonald\" src=\"data:image\/svg+xml;base64,PHN2ZyB3aWR0aD0iMSIgaGVpZ2h0PSIxIiB4bWxucz0iaHR0cDovL3d3dy53My5vcmcvMjAwMC9zdmciPjwvc3ZnPg==\" class=\"lazyload\" style=\"--smush-placeholder-width: 371px; --smush-placeholder-aspect-ratio: 371\/458;\" \/>\r\n\t\t\t\t\t\t\t<\/figure>\r\n\t\t\t\t\t\t<\/div>\r\n\t\t\t\t\t\t<div class=\"post-content\">\t\t\t\t\t<div class=\"post-title\">\r\n\t\t\t\t\t\t\t\t\t\t\t\t\t<h3>Nicole MacDonald<\/h3>\r\n\t\t\t\t\t\t\t\t\t\t\t<\/div>\r\n\t\t\t\t\t\t\t\t\t\t\t\t<div class=\"post-content-title\">\r\n\t\t\t\t\t\t\t\tSp\u00e9cialiste en Communications et Marketing\t\t\t\t\t\t\t<\/div>\r\n\t\t\t\t\t\t\t\t\t\t\t\t\t<div class=\"post-content-contact_id\">\r\n\t\t\t\t\t\t\t<i class=\"fa fa-address-card\" aria-hidden=\"true\"><\/i> <a href=\"https:\/\/fvdrc.com\/about\/contact\/?cr=9\">\u00c9crivez \u00e0 Nicole MacDonald<\/a>\r\n\t\t\t\t\t\t<\/div>\r\n\t\t\t\t\t\t\t\t\t\t\t<div class=\"post-content-service\">\r\n\t\t\t\t\t\t<i class=\"fa fa-commenting\" aria-hidden=\"true\"><\/i>\r\n\t\t\t\t\t\tService en anglais\t\t\t\t\t<\/div>\r\n\t\t\t\t\t<\/div><!-- .post-content -->\t\t\t<\/div><!-- .fvdrc-post-list -->\r\n\t\t\t\n\t\t\t<div class=\"fvdrc-post-list post-list-3603\">\r\n\t\t\t\t\t\t\t\t\t\t<div class=\"post-content-featured_image\">\r\n\t\t\t\t\t\t\t<figure>\r\n\t\t\t\t\t\t\t\t<img decoding=\"async\" data-src=\"https:\/\/fvdrc.com\/wp-content\/uploads\/2018\/07\/Dawn_Hughes_Web_Colour.jpg\" alt=\"\" src=\"data:image\/svg+xml;base64,PHN2ZyB3aWR0aD0iMSIgaGVpZ2h0PSIxIiB4bWxucz0iaHR0cDovL3d3dy53My5vcmcvMjAwMC9zdmciPjwvc3ZnPg==\" class=\"lazyload\" style=\"--smush-placeholder-width: 600px; --smush-placeholder-aspect-ratio: 600\/750;\" \/>\r\n\t\t\t\t\t\t\t<\/figure>\r\n\t\t\t\t\t\t<\/div>\r\n\t\t\t\t\t\t<div class=\"post-content\">\t\t\t\t\t<div class=\"post-title\">\r\n\t\t\t\t\t\t\t\t\t\t\t\t\t<h3>Dawn Hughes<\/h3>\r\n\t\t\t\t\t\t\t\t\t\t\t<\/div>\r\n\t\t\t\t\t\t\t\t\t\t\t\t<div class=\"post-content-title\">\r\n\t\t\t\t\t\t\t\tResponsable des services aux membres\t\t\t\t\t\t\t<\/div>\r\n\t\t\t\t\t\t\t\t\t\t\t\t\t<div class=\"post-content-contact_id\">\r\n\t\t\t\t\t\t\t<i class=\"fa fa-address-card\" aria-hidden=\"true\"><\/i> <a href=\"https:\/\/fvdrc.com\/about\/contact\/?cr=10\">\u00c9crivez \u00e0 Dawn Hughes<\/a>\r\n\t\t\t\t\t\t<\/div>\r\n\t\t\t\t\t\t\t\t\t\t\t<div class=\"post-content-service\">\r\n\t\t\t\t\t\t<i class=\"fa fa-commenting\" aria-hidden=\"true\"><\/i>\r\n\t\t\t\t\t\tService en anglais et en fran\u00e7ais\t\t\t\t\t<\/div>\r\n\t\t\t\t\t<\/div><!-- .post-content -->\t\t\t<\/div><!-- .fvdrc-post-list -->\r\n\t\t\t\n\t\t\t<div class=\"fvdrc-post-list post-list-3611\">\r\n\t\t\t\t\t\t\t\t\t\t<div class=\"post-content-featured_image\">\r\n\t\t\t\t\t\t\t<figure>\r\n\t\t\t\t\t\t\t\t<img decoding=\"async\" data-src=\"https:\/\/fvdrc.com\/wp-content\/uploads\/2018\/07\/Olena_Web_Colour.jpg\" alt=\"\" src=\"data:image\/svg+xml;base64,PHN2ZyB3aWR0aD0iMSIgaGVpZ2h0PSIxIiB4bWxucz0iaHR0cDovL3d3dy53My5vcmcvMjAwMC9zdmciPjwvc3ZnPg==\" class=\"lazyload\" style=\"--smush-placeholder-width: 1000px; --smush-placeholder-aspect-ratio: 1000\/1250;\" \/>\r\n\t\t\t\t\t\t\t<\/figure>\r\n\t\t\t\t\t\t<\/div>\r\n\t\t\t\t\t\t<div class=\"post-content\">\t\t\t\t\t<div class=\"post-title\">\r\n\t\t\t\t\t\t\t\t\t\t\t\t\t<h3>Olena Hnativ<\/h3>\r\n\t\t\t\t\t\t\t\t\t\t\t<\/div>\r\n\t\t\t\t\t\t\t\t\t\t\t\t<div class=\"post-content-title\">\r\n\t\t\t\t\t\t\t\tAdjointe Administrative\t\t\t\t\t\t\t<\/div>\r\n\t\t\t\t\t\t\t\t\t\t\t\t\t<div class=\"post-content-contact_id\">\r\n\t\t\t\t\t\t\t<i class=\"fa fa-address-card\" aria-hidden=\"true\"><\/i> <a href=\"https:\/\/fvdrc.com\/about\/contact\/?cr=11\">\u00c9crivez \u00e0 Olena Hnativ<\/a>\r\n\t\t\t\t\t\t<\/div>\r\n\t\t\t\t\t\t\t\t\t\t\t<div class=\"post-content-service\">\r\n\t\t\t\t\t\t<i class=\"fa fa-commenting\" aria-hidden=\"true\"><\/i>\r\n\t\t\t\t\t\tService en anglais et en fran\u00e7ais\t\t\t\t\t<\/div>\r\n\t\t\t\t\t<\/div><!-- .post-content -->\t\t\t<\/div><!-- .fvdrc-post-list -->\r\n\t\t\t\t\t<\/div>\r\n\t\t","protected":false},"excerpt":{"rendered":"","protected":false},"author":2,"featured_media":0,"parent":312,"menu_order":32,"comment_status":"closed","ping_status":"closed","template":"","meta":{"_acf_changed":false,"_coblocks_attr":"","_coblocks_dimensions":"","_coblocks_responsive_height":"","_coblocks_accordion_ie_support":"","om_disable_all_campaigns":false,"_uag_custom_page_level_css":"","_monsterinsights_skip_tracking":false,"_monsterinsights_sitenote_active":false,"_monsterinsights_sitenote_note":"","_monsterinsights_sitenote_category":0,"_uf_show_specific_survey":0,"_uf_disable_surveys":false,"footnotes":""},"class_list":["post-317","page","type-page","status-publish","hentry"],"acf":[],"aioseo_notices":[],"yoast_head":"<!-- This site is optimized with the Yoast SEO plugin v27.4 - https:\/\/yoast.com\/product\/yoast-seo-wordpress\/ -->\n<title>Le personnel de la DRC - Fruit and Vegetable Dispute Resolution Corporation<\/title>\n<meta name=\"robots\" content=\"index, follow, max-snippet:-1, max-image-preview:large, max-video-preview:-1\" \/>\n<link rel=\"canonical\" href=\"https:\/\/fvdrc.com\/fr\/a-notre-sujet\/le-personnel-de-la-drc\/\" \/>\n<meta property=\"og:locale\" content=\"fr_FR\" \/>\n<meta property=\"og:type\" content=\"article\" \/>\n<meta property=\"og:title\" content=\"Le personnel de la DRC - Fruit and Vegetable Dispute Resolution Corporation\" \/>\n<meta property=\"og:url\" content=\"https:\/\/fvdrc.com\/fr\/a-notre-sujet\/le-personnel-de-la-drc\/\" \/>\n<meta property=\"og:site_name\" content=\"Fruit and Vegetable Dispute Resolution Corporation\" \/>\n<meta property=\"article:modified_time\" content=\"2021-02-18T20:11:58+00:00\" \/>\n<meta name=\"twitter:card\" content=\"summary_large_image\" \/>\n<script type=\"application\/ld+json\" class=\"yoast-schema-graph\">{\"@context\":\"https:\\\/\\\/schema.org\",\"@graph\":[{\"@type\":\"WebPage\",\"@id\":\"https:\\\/\\\/fvdrc.com\\\/fr\\\/a-notre-sujet\\\/le-personnel-de-la-drc\\\/\",\"url\":\"https:\\\/\\\/fvdrc.com\\\/fr\\\/a-notre-sujet\\\/le-personnel-de-la-drc\\\/\",\"name\":\"Le personnel de la DRC - Fruit and Vegetable Dispute Resolution Corporation\",\"isPartOf\":{\"@id\":\"https:\\\/\\\/fvdrc.com\\\/#website\"},\"datePublished\":\"2017-01-16T14:13:36+00:00\",\"dateModified\":\"2021-02-18T20:11:58+00:00\",\"breadcrumb\":{\"@id\":\"https:\\\/\\\/fvdrc.com\\\/fr\\\/a-notre-sujet\\\/le-personnel-de-la-drc\\\/#breadcrumb\"},\"inLanguage\":\"fr-FR\",\"potentialAction\":[{\"@type\":\"ReadAction\",\"target\":[\"https:\\\/\\\/fvdrc.com\\\/fr\\\/a-notre-sujet\\\/le-personnel-de-la-drc\\\/\"]}]},{\"@type\":\"BreadcrumbList\",\"@id\":\"https:\\\/\\\/fvdrc.com\\\/fr\\\/a-notre-sujet\\\/le-personnel-de-la-drc\\\/#breadcrumb\",\"itemListElement\":[{\"@type\":\"ListItem\",\"position\":1,\"name\":\"Home\",\"item\":\"https:\\\/\\\/fvdrc.com\\\/fr\\\/\"},{\"@type\":\"ListItem\",\"position\":2,\"name\":\"\u00c0 notre sujet\",\"item\":\"https:\\\/\\\/fvdrc.com\\\/fr\\\/a-notre-sujet\\\/\"},{\"@type\":\"ListItem\",\"position\":3,\"name\":\"Le personnel de la DRC\"}]},{\"@type\":\"WebSite\",\"@id\":\"https:\\\/\\\/fvdrc.com\\\/#website\",\"url\":\"https:\\\/\\\/fvdrc.com\\\/\",\"name\":\"Fruit and Vegetable Dispute Resolution Corporation\",\"description\":\"Trade with Confidence\",\"publisher\":{\"@id\":\"https:\\\/\\\/fvdrc.com\\\/#organization\"},\"potentialAction\":[{\"@type\":\"SearchAction\",\"target\":{\"@type\":\"EntryPoint\",\"urlTemplate\":\"https:\\\/\\\/fvdrc.com\\\/?s={search_term_string}\"},\"query-input\":{\"@type\":\"PropertyValueSpecification\",\"valueRequired\":true,\"valueName\":\"search_term_string\"}}],\"inLanguage\":\"fr-FR\"},{\"@type\":\"Organization\",\"@id\":\"https:\\\/\\\/fvdrc.com\\\/#organization\",\"name\":\"Fruit and Vegetable Dispute Resolution Corporation\",\"url\":\"https:\\\/\\\/fvdrc.com\\\/\",\"logo\":{\"@type\":\"ImageObject\",\"inLanguage\":\"fr-FR\",\"@id\":\"https:\\\/\\\/fvdrc.com\\\/#\\\/schema\\\/logo\\\/image\\\/\",\"url\":\"https:\\\/\\\/fvdrc.com\\\/wp-content\\\/uploads\\\/2020\\\/06\\\/DRC-logo@2x.png\",\"contentUrl\":\"https:\\\/\\\/fvdrc.com\\\/wp-content\\\/uploads\\\/2020\\\/06\\\/DRC-logo@2x.png\",\"width\":261,\"height\":140,\"caption\":\"Fruit and Vegetable Dispute Resolution Corporation\"},\"image\":{\"@id\":\"https:\\\/\\\/fvdrc.com\\\/#\\\/schema\\\/logo\\\/image\\\/\"}}]}<\/script>\n<!-- \/ Yoast SEO plugin. -->","yoast_head_json":{"title":"Le personnel de la DRC - Fruit and Vegetable Dispute Resolution Corporation","robots":{"index":"index","follow":"follow","max-snippet":"max-snippet:-1","max-image-preview":"max-image-preview:large","max-video-preview":"max-video-preview:-1"},"canonical":"https:\/\/fvdrc.com\/fr\/a-notre-sujet\/le-personnel-de-la-drc\/","og_locale":"fr_FR","og_type":"article","og_title":"Le personnel de la DRC - Fruit and Vegetable Dispute Resolution Corporation","og_url":"https:\/\/fvdrc.com\/fr\/a-notre-sujet\/le-personnel-de-la-drc\/","og_site_name":"Fruit and Vegetable Dispute Resolution Corporation","article_modified_time":"2021-02-18T20:11:58+00:00","twitter_card":"summary_large_image","schema":{"@context":"https:\/\/schema.org","@graph":[{"@type":"WebPage","@id":"https:\/\/fvdrc.com\/fr\/a-notre-sujet\/le-personnel-de-la-drc\/","url":"https:\/\/fvdrc.com\/fr\/a-notre-sujet\/le-personnel-de-la-drc\/","name":"Le personnel de la DRC - Fruit and Vegetable Dispute Resolution Corporation","isPartOf":{"@id":"https:\/\/fvdrc.com\/#website"},"datePublished":"2017-01-16T14:13:36+00:00","dateModified":"2021-02-18T20:11:58+00:00","breadcrumb":{"@id":"https:\/\/fvdrc.com\/fr\/a-notre-sujet\/le-personnel-de-la-drc\/#breadcrumb"},"inLanguage":"fr-FR","potentialAction":[{"@type":"ReadAction","target":["https:\/\/fvdrc.com\/fr\/a-notre-sujet\/le-personnel-de-la-drc\/"]}]},{"@type":"BreadcrumbList","@id":"https:\/\/fvdrc.com\/fr\/a-notre-sujet\/le-personnel-de-la-drc\/#breadcrumb","itemListElement":[{"@type":"ListItem","position":1,"name":"Home","item":"https:\/\/fvdrc.com\/fr\/"},{"@type":"ListItem","position":2,"name":"\u00c0 notre sujet","item":"https:\/\/fvdrc.com\/fr\/a-notre-sujet\/"},{"@type":"ListItem","position":3,"name":"Le personnel de la DRC"}]},{"@type":"WebSite","@id":"https:\/\/fvdrc.com\/#website","url":"https:\/\/fvdrc.com\/","name":"Fruit and Vegetable Dispute Resolution Corporation","description":"Trade with Confidence","publisher":{"@id":"https:\/\/fvdrc.com\/#organization"},"potentialAction":[{"@type":"SearchAction","target":{"@type":"EntryPoint","urlTemplate":"https:\/\/fvdrc.com\/?s={search_term_string}"},"query-input":{"@type":"PropertyValueSpecification","valueRequired":true,"valueName":"search_term_string"}}],"inLanguage":"fr-FR"},{"@type":"Organization","@id":"https:\/\/fvdrc.com\/#organization","name":"Fruit and Vegetable Dispute Resolution Corporation","url":"https:\/\/fvdrc.com\/","logo":{"@type":"ImageObject","inLanguage":"fr-FR","@id":"https:\/\/fvdrc.com\/#\/schema\/logo\/image\/","url":"https:\/\/fvdrc.com\/wp-content\/uploads\/2020\/06\/DRC-logo@2x.png","contentUrl":"https:\/\/fvdrc.com\/wp-content\/uploads\/2020\/06\/DRC-logo@2x.png","width":261,"height":140,"caption":"Fruit and Vegetable Dispute Resolution Corporation"},"image":{"@id":"https:\/\/fvdrc.com\/#\/schema\/logo\/image\/"}}]}},"featured_image_src":null,"featured_image_src_square":null,"uagb_featured_image_src":{"full":false,"thumbnail":false,"medium":false,"medium_large":false,"large":false,"gs-tiny":false,"xl":false,"xxl":false,"xxxl":false,"xxxxl":false,"xxxxxl":false,"1536x1536":false,"2048x2048":false,"gb-block-post-grid-landscape":false,"gb-block-post-grid-square":false,"post-thumbnail":false,"twentytwenty-fullscreen":false},"uagb_author_info":{"display_name":"DRC","author_link":"https:\/\/fvdrc.com\/fr\/solutions\/author\/drc\/"},"uagb_comment_info":0,"uagb_excerpt":null,"_links":{"self":[{"href":"https:\/\/fvdrc.com\/fr\/wp-json\/wp\/v2\/pages\/317","targetHints":{"allow":["GET"]}}],"collection":[{"href":"https:\/\/fvdrc.com\/fr\/wp-json\/wp\/v2\/pages"}],"about":[{"href":"https:\/\/fvdrc.com\/fr\/wp-json\/wp\/v2\/types\/page"}],"author":[{"embeddable":true,"href":"https:\/\/fvdrc.com\/fr\/wp-json\/wp\/v2\/users\/2"}],"replies":[{"embeddable":true,"href":"https:\/\/fvdrc.com\/fr\/wp-json\/wp\/v2\/comments?post=317"}],"version-history":[{"count":5,"href":"https:\/\/fvdrc.com\/fr\/wp-json\/wp\/v2\/pages\/317\/revisions"}],"predecessor-version":[{"id":4795,"href":"https:\/\/fvdrc.com\/fr\/wp-json\/wp\/v2\/pages\/317\/revisions\/4795"}],"up":[{"embeddable":true,"href":"https:\/\/fvdrc.com\/fr\/wp-json\/wp\/v2\/pages\/312"}],"wp:attachment":[{"href":"https:\/\/fvdrc.com\/fr\/wp-json\/wp\/v2\/media?parent=317"}],"curies":[{"name":"wp","href":"https:\/\/api.w.org\/{rel}","templated":true}]}}