{"id":313,"date":"2017-01-16T09:12:54","date_gmt":"2017-01-16T14:12:54","guid":{"rendered":"http:\/\/fvdrc.com\/?page_id=313"},"modified":"2025-12-19T14:41:00","modified_gmt":"2025-12-19T19:41:00","slug":"reglement-des-differends","status":"publish","type":"page","link":"https:\/\/fvdrc.com\/fr\/reglement-des-differends\/","title":{"rendered":"R\u00e8glement des diff\u00e9rends"},"content":{"rendered":"\n<p>La Corporation de r\u00e8glement des diff\u00e9rends dans les fruits et l\u00e9gumes, ou la DRC, est un organisme priv\u00e9 \u00e0 but non lucratif form\u00e9 par ses membres pour desservir le secteur des fruits et l\u00e9gumes. Elle procure \u00e0 ses membres les normes, proc\u00e9dures et services harmonis\u00e9s qui visent en premier lieu \u00e0 les aider \u00e0 \u00e9viter les diff\u00e9rends commerciaux et, ensuite, pour les diff\u00e9rends qui, \u00e0 l&#8217;occasion, surviennent malgr\u00e9 tout entre eux, \u00e0 leur dispenser les services de m\u00e9diation et d&#8217;arbitrage n\u00e9cessaires pour les r\u00e9gler rapidement et \u00e0 co\u00fbt abordable.<\/p>\n\n\n\n<p>La DRC cherche constamment \u00e0 \u00e9duquer davantage ses membres sur les meilleures pratiques de fa\u00e7on \u00e0 \u00e9viter les diff\u00e9rends avant m\u00eame qu&#8217;ils ne surviennent. Le syst\u00e8me de r\u00e8glement des diff\u00e9rends de la DRC est con\u00e7u de mani\u00e8re \u00e0 r\u00e9duire les risques et \u00e0 faciliter le commerce entre les membres. Au besoin, elle fournit \u00e9galement des solutions rapides, \u00e9quitables et ex\u00e9cutoires pour r\u00e9gler les diff\u00e9rends qui, parfois, surviennent malgr\u00e9 tout dans les transactions entre membres.<\/p>\n\n\n\n<div class=\"wp-block-uagb-buttons uagb-buttons__outer-wrap uagb-btn__medium-btn uagb-btn-tablet__default-btn uagb-btn-mobile__default-btn uagb-block-aa8c4e2d\"><div class=\"uagb-buttons__wrap uagb-buttons-layout-wrap \">\n<div class=\"wp-block-uagb-buttons-child uagb-buttons__outer-wrap uagb-block-02ed0586 wp-block-button\"><div class=\"uagb-button__wrapper\"><a class=\"uagb-buttons-repeater wp-block-button__link\" aria-label=\"\" href=\"https:\/\/fvdrc.com\/fr\/reglement-des-differends\/education-et-consultation\/\" rel=\"follow noopener\" target=\"_blank\" role=\"button\"><div class=\"uagb-button__link\">\u00e9ducation<\/div><\/a><\/div><\/div>\n\n\n\n<div class=\"wp-block-uagb-buttons-child uagb-buttons__outer-wrap uagb-block-533ef22a wp-block-button\"><div class=\"uagb-button__wrapper\"><a class=\"uagb-buttons-repeater wp-block-button__link\" aria-label=\"\" href=\"https:\/\/fvdrc.com\/fr\/reglement-des-differends\/mediation\/\" rel=\"follow noopener\" target=\"_blank\" role=\"button\"><div class=\"uagb-button__link\">m\u00e9diation<\/div><\/a><\/div><\/div>\n\n\n\n<div class=\"wp-block-uagb-buttons-child uagb-buttons__outer-wrap uagb-block-7fa4adee wp-block-button\"><div class=\"uagb-button__wrapper\"><a class=\"uagb-buttons-repeater wp-block-button__link\" aria-label=\"\" href=\"https:\/\/fvdrc.com\/fr\/reglement-des-differends\/larbitrage\/\" rel=\"follow noopener\" target=\"_blank\" role=\"button\"><div class=\"uagb-button__link\">L&#8217;arbitrage<\/div><\/a><\/div><\/div>\n\n\n\n<div class=\"wp-block-uagb-buttons-child uagb-buttons__outer-wrap uagb-block-a70e2607 wp-block-button\"><div class=\"uagb-button__wrapper\"><a class=\"uagb-buttons-repeater wp-block-button__link\" aria-label=\"\" href=\"https:\/\/fvdrc.com\/fr\/reglement-des-differends\/formulaires-types-arbitrage\/\" rel=\"follow noopener\" target=\"_blank\" role=\"button\"><div class=\"uagb-button__link\">Formulaires-types en arbitrage<\/div><\/a><\/div><\/div>\n<\/div><\/div>\n","protected":false},"excerpt":{"rendered":"<p>La Corporation de r\u00e8glement des diff\u00e9rends dans les fruits et l\u00e9gumes, ou la DRC, est un organisme priv\u00e9 \u00e0 but non lucratif form\u00e9 par ses membres pour desservir le secteur des fruits et l\u00e9gumes. Elle procure \u00e0 ses membres les normes, proc\u00e9dures et services harmonis\u00e9s qui visent en premier lieu \u00e0 les aider \u00e0 \u00e9viter [&hellip;]<\/p>\n","protected":false},"author":2,"featured_media":0,"parent":0,"menu_order":102,"comment_status":"closed","ping_status":"closed","template":"","meta":{"_acf_changed":false,"_coblocks_attr":"","_coblocks_dimensions":"","_coblocks_responsive_height":"","_coblocks_accordion_ie_support":"","om_disable_all_campaigns":false,"_uag_custom_page_level_css":"","_monsterinsights_skip_tracking":false,"_monsterinsights_sitenote_active":false,"_monsterinsights_sitenote_note":"","_monsterinsights_sitenote_category":0,"_uf_show_specific_survey":0,"_uf_disable_surveys":false,"footnotes":""},"class_list":["post-313","page","type-page","status-publish","hentry"],"acf":[],"aioseo_notices":[],"yoast_head":"<!-- This site is optimized with the Yoast SEO plugin v27.4 - https:\/\/yoast.com\/product\/yoast-seo-wordpress\/ -->\n<title>R\u00e8glement des diff\u00e9rends - Fruit and Vegetable Dispute Resolution Corporation<\/title>\n<meta name=\"description\" content=\"La Corporation de r\u00e8glement des diff\u00e9rends dans les fruits et l\u00e9gumes, ou la DRC, est un organisme priv\u00e9 \u00e0 but non lucratif form\u00e9 ...\" \/>\n<meta name=\"robots\" content=\"index, follow, max-snippet:-1, max-image-preview:large, max-video-preview:-1\" \/>\n<link rel=\"canonical\" href=\"https:\/\/fvdrc.com\/fr\/reglement-des-differends\/\" \/>\n<meta property=\"og:locale\" content=\"fr_FR\" \/>\n<meta property=\"og:type\" content=\"article\" \/>\n<meta property=\"og:title\" content=\"R\u00e8glement des diff\u00e9rends - Fruit and Vegetable Dispute Resolution Corporation\" \/>\n<meta property=\"og:description\" content=\"La Corporation de r\u00e8glement des diff\u00e9rends dans les fruits et l\u00e9gumes, ou la DRC, est un organisme priv\u00e9 \u00e0 but non lucratif form\u00e9 ...\" \/>\n<meta property=\"og:url\" content=\"https:\/\/fvdrc.com\/fr\/reglement-des-differends\/\" \/>\n<meta property=\"og:site_name\" content=\"Fruit and Vegetable Dispute Resolution Corporation\" \/>\n<meta property=\"article:modified_time\" content=\"2025-12-19T19:41:00+00:00\" \/>\n<meta name=\"twitter:card\" content=\"summary_large_image\" \/>\n<meta name=\"twitter:label1\" content=\"Est. reading time\" \/>\n\t<meta name=\"twitter:data1\" content=\"1 minute\" \/>\n<script type=\"application\/ld+json\" class=\"yoast-schema-graph\">{\"@context\":\"https:\\\/\\\/schema.org\",\"@graph\":[{\"@type\":\"WebPage\",\"@id\":\"https:\\\/\\\/fvdrc.com\\\/fr\\\/reglement-des-differends\\\/\",\"url\":\"https:\\\/\\\/fvdrc.com\\\/fr\\\/reglement-des-differends\\\/\",\"name\":\"R\u00e8glement des diff\u00e9rends - Fruit and Vegetable Dispute Resolution Corporation\",\"isPartOf\":{\"@id\":\"https:\\\/\\\/fvdrc.com\\\/#website\"},\"datePublished\":\"2017-01-16T14:12:54+00:00\",\"dateModified\":\"2025-12-19T19:41:00+00:00\",\"description\":\"La Corporation de r\u00e8glement des diff\u00e9rends dans les fruits et l\u00e9gumes, ou la DRC, est un organisme priv\u00e9 \u00e0 but non lucratif form\u00e9 ...\",\"breadcrumb\":{\"@id\":\"https:\\\/\\\/fvdrc.com\\\/fr\\\/reglement-des-differends\\\/#breadcrumb\"},\"inLanguage\":\"fr-FR\",\"potentialAction\":[{\"@type\":\"ReadAction\",\"target\":[\"https:\\\/\\\/fvdrc.com\\\/fr\\\/reglement-des-differends\\\/\"]}]},{\"@type\":\"BreadcrumbList\",\"@id\":\"https:\\\/\\\/fvdrc.com\\\/fr\\\/reglement-des-differends\\\/#breadcrumb\",\"itemListElement\":[{\"@type\":\"ListItem\",\"position\":1,\"name\":\"Home\",\"item\":\"https:\\\/\\\/fvdrc.com\\\/fr\\\/\"},{\"@type\":\"ListItem\",\"position\":2,\"name\":\"R\u00e8glement des diff\u00e9rends\"}]},{\"@type\":\"WebSite\",\"@id\":\"https:\\\/\\\/fvdrc.com\\\/#website\",\"url\":\"https:\\\/\\\/fvdrc.com\\\/\",\"name\":\"Fruit and Vegetable Dispute Resolution Corporation\",\"description\":\"Trade with Confidence\",\"publisher\":{\"@id\":\"https:\\\/\\\/fvdrc.com\\\/#organization\"},\"potentialAction\":[{\"@type\":\"SearchAction\",\"target\":{\"@type\":\"EntryPoint\",\"urlTemplate\":\"https:\\\/\\\/fvdrc.com\\\/?s={search_term_string}\"},\"query-input\":{\"@type\":\"PropertyValueSpecification\",\"valueRequired\":true,\"valueName\":\"search_term_string\"}}],\"inLanguage\":\"fr-FR\"},{\"@type\":\"Organization\",\"@id\":\"https:\\\/\\\/fvdrc.com\\\/#organization\",\"name\":\"Fruit and Vegetable Dispute Resolution Corporation\",\"url\":\"https:\\\/\\\/fvdrc.com\\\/\",\"logo\":{\"@type\":\"ImageObject\",\"inLanguage\":\"fr-FR\",\"@id\":\"https:\\\/\\\/fvdrc.com\\\/#\\\/schema\\\/logo\\\/image\\\/\",\"url\":\"https:\\\/\\\/fvdrc.com\\\/wp-content\\\/uploads\\\/2020\\\/06\\\/DRC-logo@2x.png\",\"contentUrl\":\"https:\\\/\\\/fvdrc.com\\\/wp-content\\\/uploads\\\/2020\\\/06\\\/DRC-logo@2x.png\",\"width\":261,\"height\":140,\"caption\":\"Fruit and Vegetable Dispute Resolution Corporation\"},\"image\":{\"@id\":\"https:\\\/\\\/fvdrc.com\\\/#\\\/schema\\\/logo\\\/image\\\/\"}}]}<\/script>\n<!-- \/ Yoast SEO plugin. -->","yoast_head_json":{"title":"R\u00e8glement des diff\u00e9rends - Fruit and Vegetable Dispute Resolution Corporation","description":"La Corporation de r\u00e8glement des diff\u00e9rends dans les fruits et l\u00e9gumes, ou la DRC, est un organisme priv\u00e9 \u00e0 but non lucratif form\u00e9 ...","robots":{"index":"index","follow":"follow","max-snippet":"max-snippet:-1","max-image-preview":"max-image-preview:large","max-video-preview":"max-video-preview:-1"},"canonical":"https:\/\/fvdrc.com\/fr\/reglement-des-differends\/","og_locale":"fr_FR","og_type":"article","og_title":"R\u00e8glement des diff\u00e9rends - Fruit and Vegetable Dispute Resolution Corporation","og_description":"La Corporation de r\u00e8glement des diff\u00e9rends dans les fruits et l\u00e9gumes, ou la DRC, est un organisme priv\u00e9 \u00e0 but non lucratif form\u00e9 ...","og_url":"https:\/\/fvdrc.com\/fr\/reglement-des-differends\/","og_site_name":"Fruit and Vegetable Dispute Resolution Corporation","article_modified_time":"2025-12-19T19:41:00+00:00","twitter_card":"summary_large_image","twitter_misc":{"Est. reading time":"1 minute"},"schema":{"@context":"https:\/\/schema.org","@graph":[{"@type":"WebPage","@id":"https:\/\/fvdrc.com\/fr\/reglement-des-differends\/","url":"https:\/\/fvdrc.com\/fr\/reglement-des-differends\/","name":"R\u00e8glement des diff\u00e9rends - Fruit and Vegetable Dispute Resolution Corporation","isPartOf":{"@id":"https:\/\/fvdrc.com\/#website"},"datePublished":"2017-01-16T14:12:54+00:00","dateModified":"2025-12-19T19:41:00+00:00","description":"La Corporation de r\u00e8glement des diff\u00e9rends dans les fruits et l\u00e9gumes, ou la DRC, est un organisme priv\u00e9 \u00e0 but non lucratif form\u00e9 ...","breadcrumb":{"@id":"https:\/\/fvdrc.com\/fr\/reglement-des-differends\/#breadcrumb"},"inLanguage":"fr-FR","potentialAction":[{"@type":"ReadAction","target":["https:\/\/fvdrc.com\/fr\/reglement-des-differends\/"]}]},{"@type":"BreadcrumbList","@id":"https:\/\/fvdrc.com\/fr\/reglement-des-differends\/#breadcrumb","itemListElement":[{"@type":"ListItem","position":1,"name":"Home","item":"https:\/\/fvdrc.com\/fr\/"},{"@type":"ListItem","position":2,"name":"R\u00e8glement des diff\u00e9rends"}]},{"@type":"WebSite","@id":"https:\/\/fvdrc.com\/#website","url":"https:\/\/fvdrc.com\/","name":"Fruit and Vegetable Dispute Resolution Corporation","description":"Trade with Confidence","publisher":{"@id":"https:\/\/fvdrc.com\/#organization"},"potentialAction":[{"@type":"SearchAction","target":{"@type":"EntryPoint","urlTemplate":"https:\/\/fvdrc.com\/?s={search_term_string}"},"query-input":{"@type":"PropertyValueSpecification","valueRequired":true,"valueName":"search_term_string"}}],"inLanguage":"fr-FR"},{"@type":"Organization","@id":"https:\/\/fvdrc.com\/#organization","name":"Fruit and Vegetable Dispute Resolution Corporation","url":"https:\/\/fvdrc.com\/","logo":{"@type":"ImageObject","inLanguage":"fr-FR","@id":"https:\/\/fvdrc.com\/#\/schema\/logo\/image\/","url":"https:\/\/fvdrc.com\/wp-content\/uploads\/2020\/06\/DRC-logo@2x.png","contentUrl":"https:\/\/fvdrc.com\/wp-content\/uploads\/2020\/06\/DRC-logo@2x.png","width":261,"height":140,"caption":"Fruit and Vegetable Dispute Resolution Corporation"},"image":{"@id":"https:\/\/fvdrc.com\/#\/schema\/logo\/image\/"}}]}},"featured_image_src":null,"featured_image_src_square":null,"uagb_featured_image_src":{"full":false,"thumbnail":false,"medium":false,"medium_large":false,"large":false,"gs-tiny":false,"xl":false,"xxl":false,"xxxl":false,"xxxxl":false,"xxxxxl":false,"1536x1536":false,"2048x2048":false,"gb-block-post-grid-landscape":false,"gb-block-post-grid-square":false,"post-thumbnail":false,"twentytwenty-fullscreen":false},"uagb_author_info":{"display_name":"DRC","author_link":"https:\/\/fvdrc.com\/fr\/solutions\/author\/drc\/"},"uagb_comment_info":0,"uagb_excerpt":"La Corporation de r\u00e8glement des diff\u00e9rends dans les fruits et l\u00e9gumes, ou la DRC, est un organisme priv\u00e9 \u00e0 but non lucratif form\u00e9 par ses membres pour desservir le secteur des fruits et l\u00e9gumes. Elle procure \u00e0 ses membres les normes, proc\u00e9dures et services harmonis\u00e9s qui visent en premier lieu \u00e0 les aider \u00e0 \u00e9viter&hellip;","_links":{"self":[{"href":"https:\/\/fvdrc.com\/fr\/wp-json\/wp\/v2\/pages\/313","targetHints":{"allow":["GET"]}}],"collection":[{"href":"https:\/\/fvdrc.com\/fr\/wp-json\/wp\/v2\/pages"}],"about":[{"href":"https:\/\/fvdrc.com\/fr\/wp-json\/wp\/v2\/types\/page"}],"author":[{"embeddable":true,"href":"https:\/\/fvdrc.com\/fr\/wp-json\/wp\/v2\/users\/2"}],"replies":[{"embeddable":true,"href":"https:\/\/fvdrc.com\/fr\/wp-json\/wp\/v2\/comments?post=313"}],"version-history":[{"count":16,"href":"https:\/\/fvdrc.com\/fr\/wp-json\/wp\/v2\/pages\/313\/revisions"}],"predecessor-version":[{"id":14653,"href":"https:\/\/fvdrc.com\/fr\/wp-json\/wp\/v2\/pages\/313\/revisions\/14653"}],"wp:attachment":[{"href":"https:\/\/fvdrc.com\/fr\/wp-json\/wp\/v2\/media?parent=313"}],"curies":[{"name":"wp","href":"https:\/\/api.w.org\/{rel}","templated":true}]}}