{"id":312,"date":"2017-01-16T09:11:46","date_gmt":"2017-01-16T14:11:46","guid":{"rendered":"http:\/\/fvdrc.com\/?page_id=312"},"modified":"2026-03-16T14:12:53","modified_gmt":"2026-03-16T18:12:53","slug":"a-notre-sujet","status":"publish","type":"page","link":"https:\/\/fvdrc.com\/fr\/a-notre-sujet\/","title":{"rendered":"\u00c0 notre sujet"},"content":{"rendered":"\n<h5>Notre organisation et nos services :<\/h5>\n\n\n\n<p>Found\u00e9e en 2000, la Corporation de r\u00e8glement des diff\u00e9rends dans les fruits et l\u00e9gumes, un organisme international sans but lucratif, fond\u00e9 sur l\u2019adh\u00e9sion, d\u00e9di\u00e9 \u00e0 servir et \u00e0 soutenir l\u2019industrie du commerce des produits frais. Elle leur dispense les normes, proc\u00e9dures et services harmonis\u00e9s afin de les aider \u00e0 \u00e9viter les diff\u00e9rends commerciaux, de m\u00eame que les services de consultation, m\u00e9diation et arbitrage n\u00e9cessaires lorsqu\u2019un diff\u00e9rend survient malgr\u00e9 tout.<\/p>\n\n\n\n<p>La DRC procure \u00e0 ses membres les normes, proc\u00e9dures et services requis. Nous les aidons \u00e0 \u00e9viter les diff\u00e9rends commerciaux et leur prodiguons l\u2019\u00e9ducation et la m\u00e9diation, voire l\u2019arbitrage lorsque \u00e7a devient n\u00e9cessaire. Nous traitons tous les types de diff\u00e9rends, dont ceux portant sur les conditions, les dispositions contractuelles et les enjeux de paiement. Nous pouvons aussi aider les membres avec leurs diff\u00e9rends tant internationaux que locaux.<\/p>\n\n\n\n<p>Nous \u0153uvrons \u00e9troitement aupr\u00e8s des associations sectorielles et des gouvernements au nom de nos membres afin de faire modifier les lois, de rendre les inspections f\u00e9d\u00e9rales plus accessibles, de d\u00e9velopper davantage les meilleures pratiques et d\u2019offrir des r\u00e8gles uniformes \u00e0 tous les joueurs.<\/p>\n\n\n\n<p>Tr\u00e8s r\u00e9cemment, la DRC a jou\u00e9 un r\u00f4le cl\u00e9 dans les efforts de cr\u00e9ation par les gouvernements canadiens et am\u00e9ricains d\u2019outils visant \u00e0 att\u00e9nuer les risques financiers en vue de traiter les probl\u00e8mes de paiements tardifs et de non-paiement au Canada. M\u00eame si le r\u00e8glement de diff\u00e9rends constitue une large part de ce que nous faisons, plusieurs membres nous disent avoir adh\u00e9r\u00e9 \u00e0 la DRC parce ce qu\u2019ils consid\u00e8rent ce geste comme un investissement visant \u00e0 rendre notre secteur industriel encore meilleur. Si vous souhaitez en savoir davantage au sujet des initiatives courantes de la DRC, veuillez communiquer avec le <a href=\"https:\/\/fvdrc.com\/fr\/a-notre-sujet\/nous-joindre\/\">service d\u2019assistance de la DRC<\/a>.<\/p>\n\n\n\n<h5>Notre vision :&nbsp;<\/h5>\n\n\n\n<p>La vision de la DRC consiste \u00e0 promouvoir la viabilit\u00e9 \u00e9conomique du secteur des fruits et l\u00e9gumes en favorisant des transactions sans heurt entre ses acheteurs et ses vendeurs.<\/p>\n\n\n\n<h5>Notre mission :&nbsp;<\/h5>\n\n\n\n<p>Notre mission est d\u2019assurer un commerce juste et \u00e9quitable pour tous nos membres.\u00a0<\/p>\n\n\n<section class=\"gb-block-post-grid featuredpage aligncenter fvdrc-post-lists child-pages\"><div class=\"gb-post-grid-items is-grid columns-3\"><article id=\"post-315\" class=\"gb-post-grid-item hide-featured-image post-315 page type-page status-publish hentry\"><div class=\"gb-block-post-grid-text\"><header class=\"gb-block-post-grid-header\"><h3 class=\"gb-block-post-grid-title\"><a href=\"https:\/\/fvdrc.com\/fr\/a-notre-sujet\/conseil-administration\/\" rel=\"bookmark\">Le conseil d\u2019administration<\/a><\/h3><\/header><div class=\"gb-block-post-grid-excerpt\"><\/div><\/div><\/article>\n<article id=\"post-317\" class=\"gb-post-grid-item hide-featured-image post-317 page type-page status-publish hentry\"><div class=\"gb-block-post-grid-text\"><header class=\"gb-block-post-grid-header\"><h3 class=\"gb-block-post-grid-title\"><a href=\"https:\/\/fvdrc.com\/fr\/a-notre-sujet\/le-personnel-de-la-drc\/\" rel=\"bookmark\">Le personnel de la DRC<\/a><\/h3><\/header><div class=\"gb-block-post-grid-excerpt\"><\/div><\/div><\/article>\n<article id=\"post-342\" class=\"gb-post-grid-item hide-featured-image post-342 page type-page status-publish hentry\"><div class=\"gb-block-post-grid-text\"><header class=\"gb-block-post-grid-header\"><h3 class=\"gb-block-post-grid-title\"><a href=\"https:\/\/fvdrc.com\/fr\/a-notre-sujet\/faq\/\" rel=\"bookmark\">Foire aux questions<\/a><\/h3><\/header><div class=\"gb-block-post-grid-excerpt\"><\/div><\/div><\/article>\n<\/div><\/section>","protected":false},"excerpt":{"rendered":"<p>Notre organisation et nos services : Found\u00e9e en 2000, la Corporation de r\u00e8glement des diff\u00e9rends dans les fruits et l\u00e9gumes, un organisme international sans but lucratif, fond\u00e9 sur l\u2019adh\u00e9sion, d\u00e9di\u00e9 \u00e0 servir et \u00e0 soutenir l\u2019industrie du commerce des produits frais. Elle leur dispense les normes, proc\u00e9dures et services harmonis\u00e9s afin de les aider \u00e0 [&hellip;]<\/p>\n","protected":false},"author":2,"featured_media":0,"parent":0,"menu_order":10,"comment_status":"closed","ping_status":"closed","template":"","meta":{"_acf_changed":false,"_coblocks_attr":"","_coblocks_dimensions":"","_coblocks_responsive_height":"","_coblocks_accordion_ie_support":"","om_disable_all_campaigns":false,"_uag_custom_page_level_css":"","_monsterinsights_skip_tracking":false,"_monsterinsights_sitenote_active":false,"_monsterinsights_sitenote_note":"","_monsterinsights_sitenote_category":0,"_uf_show_specific_survey":0,"_uf_disable_surveys":false,"footnotes":""},"class_list":["post-312","page","type-page","status-publish","hentry"],"acf":[],"aioseo_notices":[],"yoast_head":"<!-- This site is optimized with the Yoast SEO plugin v27.4 - https:\/\/yoast.com\/product\/yoast-seo-wordpress\/ -->\n<title>\u00c0 notre sujet - Fruit and Vegetable Dispute Resolution Corporation<\/title>\n<meta name=\"robots\" content=\"index, follow, max-snippet:-1, max-image-preview:large, max-video-preview:-1\" \/>\n<link rel=\"canonical\" href=\"https:\/\/fvdrc.com\/fr\/a-notre-sujet\/\" \/>\n<meta property=\"og:locale\" content=\"fr_FR\" \/>\n<meta property=\"og:type\" content=\"article\" \/>\n<meta property=\"og:title\" content=\"\u00c0 notre sujet - Fruit and Vegetable Dispute Resolution Corporation\" \/>\n<meta property=\"og:description\" content=\"Notre organisation et nos services : Found\u00e9e en 2000, la Corporation de r\u00e8glement des diff\u00e9rends dans les fruits et l\u00e9gumes, un organisme international sans but lucratif, fond\u00e9 sur l\u2019adh\u00e9sion, d\u00e9di\u00e9 \u00e0 servir et \u00e0 soutenir l\u2019industrie du commerce des produits frais. Elle leur dispense les normes, proc\u00e9dures et services harmonis\u00e9s afin de les aider \u00e0 [&hellip;]\" \/>\n<meta property=\"og:url\" content=\"https:\/\/fvdrc.com\/fr\/a-notre-sujet\/\" \/>\n<meta property=\"og:site_name\" content=\"Fruit and Vegetable Dispute Resolution Corporation\" \/>\n<meta property=\"article:modified_time\" content=\"2026-03-16T18:12:53+00:00\" \/>\n<meta name=\"twitter:card\" content=\"summary_large_image\" \/>\n<meta name=\"twitter:label1\" content=\"Est. reading time\" \/>\n\t<meta name=\"twitter:data1\" content=\"2 minutes\" \/>\n<script type=\"application\/ld+json\" class=\"yoast-schema-graph\">{\"@context\":\"https:\\\/\\\/schema.org\",\"@graph\":[{\"@type\":\"WebPage\",\"@id\":\"https:\\\/\\\/fvdrc.com\\\/fr\\\/a-notre-sujet\\\/\",\"url\":\"https:\\\/\\\/fvdrc.com\\\/fr\\\/a-notre-sujet\\\/\",\"name\":\"\u00c0 notre sujet - Fruit and Vegetable Dispute Resolution Corporation\",\"isPartOf\":{\"@id\":\"https:\\\/\\\/fvdrc.com\\\/#website\"},\"datePublished\":\"2017-01-16T14:11:46+00:00\",\"dateModified\":\"2026-03-16T18:12:53+00:00\",\"breadcrumb\":{\"@id\":\"https:\\\/\\\/fvdrc.com\\\/fr\\\/a-notre-sujet\\\/#breadcrumb\"},\"inLanguage\":\"fr-FR\",\"potentialAction\":[{\"@type\":\"ReadAction\",\"target\":[\"https:\\\/\\\/fvdrc.com\\\/fr\\\/a-notre-sujet\\\/\"]}]},{\"@type\":\"BreadcrumbList\",\"@id\":\"https:\\\/\\\/fvdrc.com\\\/fr\\\/a-notre-sujet\\\/#breadcrumb\",\"itemListElement\":[{\"@type\":\"ListItem\",\"position\":1,\"name\":\"Home\",\"item\":\"https:\\\/\\\/fvdrc.com\\\/fr\\\/\"},{\"@type\":\"ListItem\",\"position\":2,\"name\":\"\u00c0 notre sujet\"}]},{\"@type\":\"WebSite\",\"@id\":\"https:\\\/\\\/fvdrc.com\\\/#website\",\"url\":\"https:\\\/\\\/fvdrc.com\\\/\",\"name\":\"Fruit and Vegetable Dispute Resolution Corporation\",\"description\":\"Trade with Confidence\",\"publisher\":{\"@id\":\"https:\\\/\\\/fvdrc.com\\\/#organization\"},\"potentialAction\":[{\"@type\":\"SearchAction\",\"target\":{\"@type\":\"EntryPoint\",\"urlTemplate\":\"https:\\\/\\\/fvdrc.com\\\/?s={search_term_string}\"},\"query-input\":{\"@type\":\"PropertyValueSpecification\",\"valueRequired\":true,\"valueName\":\"search_term_string\"}}],\"inLanguage\":\"fr-FR\"},{\"@type\":\"Organization\",\"@id\":\"https:\\\/\\\/fvdrc.com\\\/#organization\",\"name\":\"Fruit and Vegetable Dispute Resolution Corporation\",\"url\":\"https:\\\/\\\/fvdrc.com\\\/\",\"logo\":{\"@type\":\"ImageObject\",\"inLanguage\":\"fr-FR\",\"@id\":\"https:\\\/\\\/fvdrc.com\\\/#\\\/schema\\\/logo\\\/image\\\/\",\"url\":\"https:\\\/\\\/fvdrc.com\\\/wp-content\\\/uploads\\\/2020\\\/06\\\/DRC-logo@2x.png\",\"contentUrl\":\"https:\\\/\\\/fvdrc.com\\\/wp-content\\\/uploads\\\/2020\\\/06\\\/DRC-logo@2x.png\",\"width\":261,\"height\":140,\"caption\":\"Fruit and Vegetable Dispute Resolution Corporation\"},\"image\":{\"@id\":\"https:\\\/\\\/fvdrc.com\\\/#\\\/schema\\\/logo\\\/image\\\/\"}}]}<\/script>\n<!-- \/ Yoast SEO plugin. -->","yoast_head_json":{"title":"\u00c0 notre sujet - Fruit and Vegetable Dispute Resolution Corporation","robots":{"index":"index","follow":"follow","max-snippet":"max-snippet:-1","max-image-preview":"max-image-preview:large","max-video-preview":"max-video-preview:-1"},"canonical":"https:\/\/fvdrc.com\/fr\/a-notre-sujet\/","og_locale":"fr_FR","og_type":"article","og_title":"\u00c0 notre sujet - Fruit and Vegetable Dispute Resolution Corporation","og_description":"Notre organisation et nos services : Found\u00e9e en 2000, la Corporation de r\u00e8glement des diff\u00e9rends dans les fruits et l\u00e9gumes, un organisme international sans but lucratif, fond\u00e9 sur l\u2019adh\u00e9sion, d\u00e9di\u00e9 \u00e0 servir et \u00e0 soutenir l\u2019industrie du commerce des produits frais. Elle leur dispense les normes, proc\u00e9dures et services harmonis\u00e9s afin de les aider \u00e0 [&hellip;]","og_url":"https:\/\/fvdrc.com\/fr\/a-notre-sujet\/","og_site_name":"Fruit and Vegetable Dispute Resolution Corporation","article_modified_time":"2026-03-16T18:12:53+00:00","twitter_card":"summary_large_image","twitter_misc":{"Est. reading time":"2 minutes"},"schema":{"@context":"https:\/\/schema.org","@graph":[{"@type":"WebPage","@id":"https:\/\/fvdrc.com\/fr\/a-notre-sujet\/","url":"https:\/\/fvdrc.com\/fr\/a-notre-sujet\/","name":"\u00c0 notre sujet - Fruit and Vegetable Dispute Resolution Corporation","isPartOf":{"@id":"https:\/\/fvdrc.com\/#website"},"datePublished":"2017-01-16T14:11:46+00:00","dateModified":"2026-03-16T18:12:53+00:00","breadcrumb":{"@id":"https:\/\/fvdrc.com\/fr\/a-notre-sujet\/#breadcrumb"},"inLanguage":"fr-FR","potentialAction":[{"@type":"ReadAction","target":["https:\/\/fvdrc.com\/fr\/a-notre-sujet\/"]}]},{"@type":"BreadcrumbList","@id":"https:\/\/fvdrc.com\/fr\/a-notre-sujet\/#breadcrumb","itemListElement":[{"@type":"ListItem","position":1,"name":"Home","item":"https:\/\/fvdrc.com\/fr\/"},{"@type":"ListItem","position":2,"name":"\u00c0 notre sujet"}]},{"@type":"WebSite","@id":"https:\/\/fvdrc.com\/#website","url":"https:\/\/fvdrc.com\/","name":"Fruit and Vegetable Dispute Resolution Corporation","description":"Trade with Confidence","publisher":{"@id":"https:\/\/fvdrc.com\/#organization"},"potentialAction":[{"@type":"SearchAction","target":{"@type":"EntryPoint","urlTemplate":"https:\/\/fvdrc.com\/?s={search_term_string}"},"query-input":{"@type":"PropertyValueSpecification","valueRequired":true,"valueName":"search_term_string"}}],"inLanguage":"fr-FR"},{"@type":"Organization","@id":"https:\/\/fvdrc.com\/#organization","name":"Fruit and Vegetable Dispute Resolution Corporation","url":"https:\/\/fvdrc.com\/","logo":{"@type":"ImageObject","inLanguage":"fr-FR","@id":"https:\/\/fvdrc.com\/#\/schema\/logo\/image\/","url":"https:\/\/fvdrc.com\/wp-content\/uploads\/2020\/06\/DRC-logo@2x.png","contentUrl":"https:\/\/fvdrc.com\/wp-content\/uploads\/2020\/06\/DRC-logo@2x.png","width":261,"height":140,"caption":"Fruit and Vegetable Dispute Resolution Corporation"},"image":{"@id":"https:\/\/fvdrc.com\/#\/schema\/logo\/image\/"}}]}},"featured_image_src":null,"featured_image_src_square":null,"uagb_featured_image_src":{"full":false,"thumbnail":false,"medium":false,"medium_large":false,"large":false,"gs-tiny":false,"xl":false,"xxl":false,"xxxl":false,"xxxxl":false,"xxxxxl":false,"1536x1536":false,"2048x2048":false,"gb-block-post-grid-landscape":false,"gb-block-post-grid-square":false,"post-thumbnail":false,"twentytwenty-fullscreen":false},"uagb_author_info":{"display_name":"DRC","author_link":"https:\/\/fvdrc.com\/fr\/solutions\/author\/drc\/"},"uagb_comment_info":0,"uagb_excerpt":"Notre organisation et nos services : Found\u00e9e en 2000, la Corporation de r\u00e8glement des diff\u00e9rends dans les fruits et l\u00e9gumes, un organisme international sans but lucratif, fond\u00e9 sur l\u2019adh\u00e9sion, d\u00e9di\u00e9 \u00e0 servir et \u00e0 soutenir l\u2019industrie du commerce des produits frais. Elle leur dispense les normes, proc\u00e9dures et services harmonis\u00e9s afin de les aider \u00e0&hellip;","_links":{"self":[{"href":"https:\/\/fvdrc.com\/fr\/wp-json\/wp\/v2\/pages\/312","targetHints":{"allow":["GET"]}}],"collection":[{"href":"https:\/\/fvdrc.com\/fr\/wp-json\/wp\/v2\/pages"}],"about":[{"href":"https:\/\/fvdrc.com\/fr\/wp-json\/wp\/v2\/types\/page"}],"author":[{"embeddable":true,"href":"https:\/\/fvdrc.com\/fr\/wp-json\/wp\/v2\/users\/2"}],"replies":[{"embeddable":true,"href":"https:\/\/fvdrc.com\/fr\/wp-json\/wp\/v2\/comments?post=312"}],"version-history":[{"count":15,"href":"https:\/\/fvdrc.com\/fr\/wp-json\/wp\/v2\/pages\/312\/revisions"}],"predecessor-version":[{"id":15755,"href":"https:\/\/fvdrc.com\/fr\/wp-json\/wp\/v2\/pages\/312\/revisions\/15755"}],"wp:attachment":[{"href":"https:\/\/fvdrc.com\/fr\/wp-json\/wp\/v2\/media?parent=312"}],"curies":[{"name":"wp","href":"https:\/\/api.w.org\/{rel}","templated":true}]}}