{"id":13492,"date":"2025-05-23T16:49:54","date_gmt":"2025-05-23T20:49:54","guid":{"rendered":"https:\/\/fvdrc.com\/?page_id=13492"},"modified":"2025-12-19T14:35:33","modified_gmt":"2025-12-19T19:35:33","slug":"les-regles-concernant-le-reglement-des-differends","status":"publish","type":"page","link":"https:\/\/fvdrc.com\/fr\/les-regles-concernant-le-reglement-des-differends\/","title":{"rendered":"Les r\u00e8gles concernant le r\u00e8glement des diff\u00e9rends"},"content":{"rendered":"\n<p>Les r\u00e8gles concernant le r\u00e8glement des diff\u00e9rends de la DRC gouvernent le processus de m\u00e9diation et d\u2019arbitrage. Elles \u00e9tablissent, \u00e9tape par \u00e9tape, la mani\u00e8re de proc\u00e9der pour r\u00e9gler une r\u00e9clamation, y compris les limitations prescrites, la nomination d\u2019un m\u00e9diateur ou d\u2019un arbitre, la soumission de preuves, la grille tarifaire et encore davantage.<\/p>\n<p>La DRC s\u2019efforce d\u2019\u00e9duquer ses membres afin qu\u2019ils appliquent les meilleures pratiques pour, d\u2019abord et avant tout, \u00e9viter les diff\u00e9rends. Le mod\u00e8le de r\u00e8glement des diff\u00e9rends de la DRC est con\u00e7u de mani\u00e8re \u00e0 r\u00e9duire les risques et \u00e0 faciliter le commerce entre eux. Lorsque cela devient n\u00e9cessaire, la DRC leur fournit des solutions rapides, \u00e9quitables et ex\u00e9cutoires pour r\u00e9gler les diff\u00e9rends qui, malgr\u00e9 tout, surviennent parfois dans leurs transactions avec les autres membres.<\/p>\n\n\n\n<div class=\"wp-block-uagb-buttons uagb-buttons__outer-wrap uagb-btn__default-btn uagb-btn-tablet__default-btn uagb-btn-mobile__default-btn uagb-block-b36b21e1\"><div class=\"uagb-buttons__wrap uagb-buttons-layout-wrap \">\n<div class=\"wp-block-uagb-buttons-child uagb-buttons__outer-wrap uagb-block-31099c4e wp-block-button\"><div class=\"uagb-button__wrapper\"><a class=\"uagb-buttons-repeater wp-block-button__link\" aria-label=\"\" href=\"https:\/\/fvdrc.com\/wp-content\/uploads\/2025\/12\/DRC-Dispute-Resolution-Rules_December-4-2025_French.pdf\" rel=\"follow noopener\" target=\"_blank\" role=\"button\"><div class=\"uagb-button__link\">t\u00e9l\u00e9chargez le pdf<\/div><\/a><\/div><\/div>\n<\/div><\/div>\n\n\n","protected":false},"excerpt":{"rendered":"<p>Les r\u00e8gles concernant le r\u00e8glement des diff\u00e9rends de la DRC gouvernent le processus de m\u00e9diation et d\u2019arbitrage. Elles \u00e9tablissent, \u00e9tape par \u00e9tape, la mani\u00e8re de proc\u00e9der pour r\u00e9gler une r\u00e9clamation, y compris les limitations prescrites, la nomination d\u2019un m\u00e9diateur ou d\u2019un arbitre, la soumission de preuves, la grille tarifaire et encore davantage. La DRC s\u2019efforce [&hellip;]<\/p>\n","protected":false},"author":2,"featured_media":0,"parent":0,"menu_order":0,"comment_status":"closed","ping_status":"closed","template":"","meta":{"_acf_changed":false,"_coblocks_attr":"","_coblocks_dimensions":"","_coblocks_responsive_height":"","_coblocks_accordion_ie_support":"","om_disable_all_campaigns":false,"_uag_custom_page_level_css":"","_monsterinsights_skip_tracking":false,"_monsterinsights_sitenote_active":false,"_monsterinsights_sitenote_note":"","_monsterinsights_sitenote_category":0,"_uf_show_specific_survey":0,"_uf_disable_surveys":false,"footnotes":""},"class_list":["post-13492","page","type-page","status-publish","hentry"],"acf":[],"aioseo_notices":[],"yoast_head":"<!-- This site is optimized with the Yoast SEO plugin v27.4 - https:\/\/yoast.com\/product\/yoast-seo-wordpress\/ -->\n<title>Les r\u00e8gles concernant le r\u00e8glement des diff\u00e9rends - Fruit and Vegetable Dispute Resolution Corporation<\/title>\n<meta name=\"description\" content=\"Les r\u00e8gles concernant le r\u00e8glement des diff\u00e9rends de la DRC gouvernent le processus de m\u00e9diation et d\u2019arbitrage. Elles \u00e9tablissent, ...\" \/>\n<meta name=\"robots\" content=\"index, follow, max-snippet:-1, max-image-preview:large, max-video-preview:-1\" \/>\n<link rel=\"canonical\" href=\"https:\/\/fvdrc.com\/fr\/les-regles-concernant-le-reglement-des-differends\/\" \/>\n<meta property=\"og:locale\" content=\"fr_FR\" \/>\n<meta property=\"og:type\" content=\"article\" \/>\n<meta property=\"og:title\" content=\"Les r\u00e8gles concernant le r\u00e8glement des diff\u00e9rends - Fruit and Vegetable Dispute Resolution Corporation\" \/>\n<meta property=\"og:description\" content=\"Les r\u00e8gles concernant le r\u00e8glement des diff\u00e9rends de la DRC gouvernent le processus de m\u00e9diation et d\u2019arbitrage. Elles \u00e9tablissent, ...\" \/>\n<meta property=\"og:url\" content=\"https:\/\/fvdrc.com\/fr\/les-regles-concernant-le-reglement-des-differends\/\" \/>\n<meta property=\"og:site_name\" content=\"Fruit and Vegetable Dispute Resolution Corporation\" \/>\n<meta property=\"article:modified_time\" content=\"2025-12-19T19:35:33+00:00\" \/>\n<meta name=\"twitter:card\" content=\"summary_large_image\" \/>\n<meta name=\"twitter:label1\" content=\"Est. reading time\" \/>\n\t<meta name=\"twitter:data1\" content=\"1 minute\" \/>\n<script type=\"application\/ld+json\" class=\"yoast-schema-graph\">{\"@context\":\"https:\\\/\\\/schema.org\",\"@graph\":[{\"@type\":\"WebPage\",\"@id\":\"https:\\\/\\\/fvdrc.com\\\/fr\\\/les-regles-concernant-le-reglement-des-differends\\\/\",\"url\":\"https:\\\/\\\/fvdrc.com\\\/fr\\\/les-regles-concernant-le-reglement-des-differends\\\/\",\"name\":\"Les r\u00e8gles concernant le r\u00e8glement des diff\u00e9rends - Fruit and Vegetable Dispute Resolution Corporation\",\"isPartOf\":{\"@id\":\"https:\\\/\\\/fvdrc.com\\\/#website\"},\"datePublished\":\"2025-05-23T20:49:54+00:00\",\"dateModified\":\"2025-12-19T19:35:33+00:00\",\"description\":\"Les r\u00e8gles concernant le r\u00e8glement des diff\u00e9rends de la DRC gouvernent le processus de m\u00e9diation et d\u2019arbitrage. Elles \u00e9tablissent, ...\",\"breadcrumb\":{\"@id\":\"https:\\\/\\\/fvdrc.com\\\/fr\\\/les-regles-concernant-le-reglement-des-differends\\\/#breadcrumb\"},\"inLanguage\":\"fr-FR\",\"potentialAction\":[{\"@type\":\"ReadAction\",\"target\":[\"https:\\\/\\\/fvdrc.com\\\/fr\\\/les-regles-concernant-le-reglement-des-differends\\\/\"]}]},{\"@type\":\"BreadcrumbList\",\"@id\":\"https:\\\/\\\/fvdrc.com\\\/fr\\\/les-regles-concernant-le-reglement-des-differends\\\/#breadcrumb\",\"itemListElement\":[{\"@type\":\"ListItem\",\"position\":1,\"name\":\"Home\",\"item\":\"https:\\\/\\\/fvdrc.com\\\/fr\\\/\"},{\"@type\":\"ListItem\",\"position\":2,\"name\":\"Les r\u00e8gles concernant le r\u00e8glement des diff\u00e9rends\"}]},{\"@type\":\"WebSite\",\"@id\":\"https:\\\/\\\/fvdrc.com\\\/#website\",\"url\":\"https:\\\/\\\/fvdrc.com\\\/\",\"name\":\"Fruit and Vegetable Dispute Resolution Corporation\",\"description\":\"Trade with Confidence\",\"publisher\":{\"@id\":\"https:\\\/\\\/fvdrc.com\\\/#organization\"},\"potentialAction\":[{\"@type\":\"SearchAction\",\"target\":{\"@type\":\"EntryPoint\",\"urlTemplate\":\"https:\\\/\\\/fvdrc.com\\\/?s={search_term_string}\"},\"query-input\":{\"@type\":\"PropertyValueSpecification\",\"valueRequired\":true,\"valueName\":\"search_term_string\"}}],\"inLanguage\":\"fr-FR\"},{\"@type\":\"Organization\",\"@id\":\"https:\\\/\\\/fvdrc.com\\\/#organization\",\"name\":\"Fruit and Vegetable Dispute Resolution Corporation\",\"url\":\"https:\\\/\\\/fvdrc.com\\\/\",\"logo\":{\"@type\":\"ImageObject\",\"inLanguage\":\"fr-FR\",\"@id\":\"https:\\\/\\\/fvdrc.com\\\/#\\\/schema\\\/logo\\\/image\\\/\",\"url\":\"https:\\\/\\\/fvdrc.com\\\/wp-content\\\/uploads\\\/2020\\\/06\\\/DRC-logo@2x.png\",\"contentUrl\":\"https:\\\/\\\/fvdrc.com\\\/wp-content\\\/uploads\\\/2020\\\/06\\\/DRC-logo@2x.png\",\"width\":261,\"height\":140,\"caption\":\"Fruit and Vegetable Dispute Resolution Corporation\"},\"image\":{\"@id\":\"https:\\\/\\\/fvdrc.com\\\/#\\\/schema\\\/logo\\\/image\\\/\"}}]}<\/script>\n<!-- \/ Yoast SEO plugin. -->","yoast_head_json":{"title":"Les r\u00e8gles concernant le r\u00e8glement des diff\u00e9rends - Fruit and Vegetable Dispute Resolution Corporation","description":"Les r\u00e8gles concernant le r\u00e8glement des diff\u00e9rends de la DRC gouvernent le processus de m\u00e9diation et d\u2019arbitrage. Elles \u00e9tablissent, ...","robots":{"index":"index","follow":"follow","max-snippet":"max-snippet:-1","max-image-preview":"max-image-preview:large","max-video-preview":"max-video-preview:-1"},"canonical":"https:\/\/fvdrc.com\/fr\/les-regles-concernant-le-reglement-des-differends\/","og_locale":"fr_FR","og_type":"article","og_title":"Les r\u00e8gles concernant le r\u00e8glement des diff\u00e9rends - Fruit and Vegetable Dispute Resolution Corporation","og_description":"Les r\u00e8gles concernant le r\u00e8glement des diff\u00e9rends de la DRC gouvernent le processus de m\u00e9diation et d\u2019arbitrage. Elles \u00e9tablissent, ...","og_url":"https:\/\/fvdrc.com\/fr\/les-regles-concernant-le-reglement-des-differends\/","og_site_name":"Fruit and Vegetable Dispute Resolution Corporation","article_modified_time":"2025-12-19T19:35:33+00:00","twitter_card":"summary_large_image","twitter_misc":{"Est. reading time":"1 minute"},"schema":{"@context":"https:\/\/schema.org","@graph":[{"@type":"WebPage","@id":"https:\/\/fvdrc.com\/fr\/les-regles-concernant-le-reglement-des-differends\/","url":"https:\/\/fvdrc.com\/fr\/les-regles-concernant-le-reglement-des-differends\/","name":"Les r\u00e8gles concernant le r\u00e8glement des diff\u00e9rends - Fruit and Vegetable Dispute Resolution Corporation","isPartOf":{"@id":"https:\/\/fvdrc.com\/#website"},"datePublished":"2025-05-23T20:49:54+00:00","dateModified":"2025-12-19T19:35:33+00:00","description":"Les r\u00e8gles concernant le r\u00e8glement des diff\u00e9rends de la DRC gouvernent le processus de m\u00e9diation et d\u2019arbitrage. Elles \u00e9tablissent, ...","breadcrumb":{"@id":"https:\/\/fvdrc.com\/fr\/les-regles-concernant-le-reglement-des-differends\/#breadcrumb"},"inLanguage":"fr-FR","potentialAction":[{"@type":"ReadAction","target":["https:\/\/fvdrc.com\/fr\/les-regles-concernant-le-reglement-des-differends\/"]}]},{"@type":"BreadcrumbList","@id":"https:\/\/fvdrc.com\/fr\/les-regles-concernant-le-reglement-des-differends\/#breadcrumb","itemListElement":[{"@type":"ListItem","position":1,"name":"Home","item":"https:\/\/fvdrc.com\/fr\/"},{"@type":"ListItem","position":2,"name":"Les r\u00e8gles concernant le r\u00e8glement des diff\u00e9rends"}]},{"@type":"WebSite","@id":"https:\/\/fvdrc.com\/#website","url":"https:\/\/fvdrc.com\/","name":"Fruit and Vegetable Dispute Resolution Corporation","description":"Trade with Confidence","publisher":{"@id":"https:\/\/fvdrc.com\/#organization"},"potentialAction":[{"@type":"SearchAction","target":{"@type":"EntryPoint","urlTemplate":"https:\/\/fvdrc.com\/?s={search_term_string}"},"query-input":{"@type":"PropertyValueSpecification","valueRequired":true,"valueName":"search_term_string"}}],"inLanguage":"fr-FR"},{"@type":"Organization","@id":"https:\/\/fvdrc.com\/#organization","name":"Fruit and Vegetable Dispute Resolution Corporation","url":"https:\/\/fvdrc.com\/","logo":{"@type":"ImageObject","inLanguage":"fr-FR","@id":"https:\/\/fvdrc.com\/#\/schema\/logo\/image\/","url":"https:\/\/fvdrc.com\/wp-content\/uploads\/2020\/06\/DRC-logo@2x.png","contentUrl":"https:\/\/fvdrc.com\/wp-content\/uploads\/2020\/06\/DRC-logo@2x.png","width":261,"height":140,"caption":"Fruit and Vegetable Dispute Resolution Corporation"},"image":{"@id":"https:\/\/fvdrc.com\/#\/schema\/logo\/image\/"}}]}},"featured_image_src":null,"featured_image_src_square":null,"uagb_featured_image_src":{"full":false,"thumbnail":false,"medium":false,"medium_large":false,"large":false,"gs-tiny":false,"xl":false,"xxl":false,"xxxl":false,"xxxxl":false,"xxxxxl":false,"1536x1536":false,"2048x2048":false,"gb-block-post-grid-landscape":false,"gb-block-post-grid-square":false,"post-thumbnail":false,"twentytwenty-fullscreen":false},"uagb_author_info":{"display_name":"DRC","author_link":"https:\/\/fvdrc.com\/fr\/solutions\/author\/drc\/"},"uagb_comment_info":0,"uagb_excerpt":"Les r\u00e8gles concernant le r\u00e8glement des diff\u00e9rends de la DRC gouvernent le processus de m\u00e9diation et d\u2019arbitrage. Elles \u00e9tablissent, \u00e9tape par \u00e9tape, la mani\u00e8re de proc\u00e9der pour r\u00e9gler une r\u00e9clamation, y compris les limitations prescrites, la nomination d\u2019un m\u00e9diateur ou d\u2019un arbitre, la soumission de preuves, la grille tarifaire et encore davantage. La DRC s\u2019efforce&hellip;","_links":{"self":[{"href":"https:\/\/fvdrc.com\/fr\/wp-json\/wp\/v2\/pages\/13492","targetHints":{"allow":["GET"]}}],"collection":[{"href":"https:\/\/fvdrc.com\/fr\/wp-json\/wp\/v2\/pages"}],"about":[{"href":"https:\/\/fvdrc.com\/fr\/wp-json\/wp\/v2\/types\/page"}],"author":[{"embeddable":true,"href":"https:\/\/fvdrc.com\/fr\/wp-json\/wp\/v2\/users\/2"}],"replies":[{"embeddable":true,"href":"https:\/\/fvdrc.com\/fr\/wp-json\/wp\/v2\/comments?post=13492"}],"version-history":[{"count":4,"href":"https:\/\/fvdrc.com\/fr\/wp-json\/wp\/v2\/pages\/13492\/revisions"}],"predecessor-version":[{"id":14652,"href":"https:\/\/fvdrc.com\/fr\/wp-json\/wp\/v2\/pages\/13492\/revisions\/14652"}],"wp:attachment":[{"href":"https:\/\/fvdrc.com\/fr\/wp-json\/wp\/v2\/media?parent=13492"}],"curies":[{"name":"wp","href":"https:\/\/api.w.org\/{rel}","templated":true}]}}