{"id":13292,"date":"2025-05-12T15:09:30","date_gmt":"2025-05-12T19:09:30","guid":{"rendered":"https:\/\/fvdrc.com\/?page_id=13292"},"modified":"2025-05-12T15:09:32","modified_gmt":"2025-05-12T19:09:32","slug":"les-normes-de-transport","status":"publish","type":"page","link":"https:\/\/fvdrc.com\/fr\/les-normes-de-transport\/","title":{"rendered":"Les normes de transport"},"content":{"rendered":"\n<p>Les Normes de transport de la DRC \u00e9tablissent les attentes raisonnables qu\u2019ont toutes les parties prenantes au transport de fruits et l\u00e9gumes. Comme les normes commerciales, elles sont appliqu\u00e9es par d\u00e9faut lorsque les parties ne peuvent convenir des modalit\u00e9s de la vente. Elles guident les membres en ce qui a trait aux r\u00e9clamations, aux d\u00e9lais et temp\u00e9ratures de transit, aux cueillettes multiples, aux chargements partiels ou en commun, ainsi qu\u2019aux modalit\u00e9s de paiement.<\/p>\n<p>La DRC procure \u00e0 ses membres des normes, des proc\u00e9dures et des services harmonis\u00e9s afin de les aider \u00e0 \u00e9viter les diff\u00e9rends commerciaux.<\/p>\n\n\n\n<div class=\"wp-block-uagb-buttons uagb-buttons__outer-wrap uagb-btn__default-btn uagb-btn-tablet__default-btn uagb-btn-mobile__default-btn uagb-block-dceadffe\"><div class=\"uagb-buttons__wrap uagb-buttons-layout-wrap \">\n<div class=\"wp-block-uagb-buttons-child uagb-buttons__outer-wrap uagb-block-7fc2a150 wp-block-button\"><div class=\"uagb-button__wrapper\"><a class=\"uagb-buttons-repeater wp-block-button__link\" aria-label=\"\" href=\"https:\/\/fvdrc.com\/wp-content\/uploads\/2017\/01\/DRC_Trans_Stds_December_4_2008_FR.pdf\" rel=\"follow noopener\" target=\"_blank\" role=\"button\"><div class=\"uagb-button__link\">t\u00e9l\u00e9chargez le pdf<\/div><\/a><\/div><\/div>\n<\/div><\/div>\n","protected":false},"excerpt":{"rendered":"<p>Les Normes de transport de la DRC \u00e9tablissent les attentes raisonnables qu\u2019ont toutes les parties prenantes au transport de fruits et l\u00e9gumes. Comme les normes commerciales, elles sont appliqu\u00e9es par d\u00e9faut lorsque les parties ne peuvent convenir des modalit\u00e9s de la vente. Elles guident les membres en ce qui a trait aux r\u00e9clamations, aux d\u00e9lais [&hellip;]<\/p>\n","protected":false},"author":2,"featured_media":0,"parent":0,"menu_order":0,"comment_status":"closed","ping_status":"closed","template":"","meta":{"_acf_changed":false,"_coblocks_attr":"","_coblocks_dimensions":"","_coblocks_responsive_height":"","_coblocks_accordion_ie_support":"","om_disable_all_campaigns":false,"_uag_custom_page_level_css":"","_monsterinsights_skip_tracking":false,"_monsterinsights_sitenote_active":false,"_monsterinsights_sitenote_note":"","_monsterinsights_sitenote_category":0,"_uf_show_specific_survey":0,"_uf_disable_surveys":false,"footnotes":""},"class_list":["post-13292","page","type-page","status-publish","hentry"],"acf":[],"aioseo_notices":[],"yoast_head":"<!-- This site is optimized with the Yoast SEO plugin v27.4 - https:\/\/yoast.com\/product\/yoast-seo-wordpress\/ -->\n<title>Les normes de transport - Fruit and Vegetable Dispute Resolution Corporation<\/title>\n<meta name=\"description\" content=\"Les Normes de transport de la DRC \u00e9tablissent les attentes raisonnables qu\u2019ont toutes les parties prenantes au transport de fruits et ...\" \/>\n<meta name=\"robots\" content=\"index, follow, max-snippet:-1, max-image-preview:large, max-video-preview:-1\" \/>\n<link rel=\"canonical\" href=\"https:\/\/fvdrc.com\/fr\/les-normes-de-transport\/\" \/>\n<meta property=\"og:locale\" content=\"fr_FR\" \/>\n<meta property=\"og:type\" content=\"article\" \/>\n<meta property=\"og:title\" content=\"Les normes de transport - Fruit and Vegetable Dispute Resolution Corporation\" \/>\n<meta property=\"og:description\" content=\"Les Normes de transport de la DRC \u00e9tablissent les attentes raisonnables qu\u2019ont toutes les parties prenantes au transport de fruits et ...\" \/>\n<meta property=\"og:url\" content=\"https:\/\/fvdrc.com\/fr\/les-normes-de-transport\/\" \/>\n<meta property=\"og:site_name\" content=\"Fruit and Vegetable Dispute Resolution Corporation\" \/>\n<meta property=\"article:modified_time\" content=\"2025-05-12T19:09:32+00:00\" \/>\n<meta name=\"twitter:card\" content=\"summary_large_image\" \/>\n<meta name=\"twitter:label1\" content=\"Est. reading time\" \/>\n\t<meta name=\"twitter:data1\" content=\"1 minute\" \/>\n<script type=\"application\/ld+json\" class=\"yoast-schema-graph\">{\"@context\":\"https:\\\/\\\/schema.org\",\"@graph\":[{\"@type\":\"WebPage\",\"@id\":\"https:\\\/\\\/fvdrc.com\\\/fr\\\/les-normes-de-transport\\\/\",\"url\":\"https:\\\/\\\/fvdrc.com\\\/fr\\\/les-normes-de-transport\\\/\",\"name\":\"Les normes de transport - Fruit and Vegetable Dispute Resolution Corporation\",\"isPartOf\":{\"@id\":\"https:\\\/\\\/fvdrc.com\\\/#website\"},\"datePublished\":\"2025-05-12T19:09:30+00:00\",\"dateModified\":\"2025-05-12T19:09:32+00:00\",\"description\":\"Les Normes de transport de la DRC \u00e9tablissent les attentes raisonnables qu\u2019ont toutes les parties prenantes au transport de fruits et ...\",\"breadcrumb\":{\"@id\":\"https:\\\/\\\/fvdrc.com\\\/fr\\\/les-normes-de-transport\\\/#breadcrumb\"},\"inLanguage\":\"fr-FR\",\"potentialAction\":[{\"@type\":\"ReadAction\",\"target\":[\"https:\\\/\\\/fvdrc.com\\\/fr\\\/les-normes-de-transport\\\/\"]}]},{\"@type\":\"BreadcrumbList\",\"@id\":\"https:\\\/\\\/fvdrc.com\\\/fr\\\/les-normes-de-transport\\\/#breadcrumb\",\"itemListElement\":[{\"@type\":\"ListItem\",\"position\":1,\"name\":\"Home\",\"item\":\"https:\\\/\\\/fvdrc.com\\\/fr\\\/\"},{\"@type\":\"ListItem\",\"position\":2,\"name\":\"Les normes de transport\"}]},{\"@type\":\"WebSite\",\"@id\":\"https:\\\/\\\/fvdrc.com\\\/#website\",\"url\":\"https:\\\/\\\/fvdrc.com\\\/\",\"name\":\"Fruit and Vegetable Dispute Resolution Corporation\",\"description\":\"Trade with Confidence\",\"publisher\":{\"@id\":\"https:\\\/\\\/fvdrc.com\\\/#organization\"},\"potentialAction\":[{\"@type\":\"SearchAction\",\"target\":{\"@type\":\"EntryPoint\",\"urlTemplate\":\"https:\\\/\\\/fvdrc.com\\\/?s={search_term_string}\"},\"query-input\":{\"@type\":\"PropertyValueSpecification\",\"valueRequired\":true,\"valueName\":\"search_term_string\"}}],\"inLanguage\":\"fr-FR\"},{\"@type\":\"Organization\",\"@id\":\"https:\\\/\\\/fvdrc.com\\\/#organization\",\"name\":\"Fruit and Vegetable Dispute Resolution Corporation\",\"url\":\"https:\\\/\\\/fvdrc.com\\\/\",\"logo\":{\"@type\":\"ImageObject\",\"inLanguage\":\"fr-FR\",\"@id\":\"https:\\\/\\\/fvdrc.com\\\/#\\\/schema\\\/logo\\\/image\\\/\",\"url\":\"https:\\\/\\\/fvdrc.com\\\/wp-content\\\/uploads\\\/2020\\\/06\\\/DRC-logo@2x.png\",\"contentUrl\":\"https:\\\/\\\/fvdrc.com\\\/wp-content\\\/uploads\\\/2020\\\/06\\\/DRC-logo@2x.png\",\"width\":261,\"height\":140,\"caption\":\"Fruit and Vegetable Dispute Resolution Corporation\"},\"image\":{\"@id\":\"https:\\\/\\\/fvdrc.com\\\/#\\\/schema\\\/logo\\\/image\\\/\"}}]}<\/script>\n<!-- \/ Yoast SEO plugin. -->","yoast_head_json":{"title":"Les normes de transport - Fruit and Vegetable Dispute Resolution Corporation","description":"Les Normes de transport de la DRC \u00e9tablissent les attentes raisonnables qu\u2019ont toutes les parties prenantes au transport de fruits et ...","robots":{"index":"index","follow":"follow","max-snippet":"max-snippet:-1","max-image-preview":"max-image-preview:large","max-video-preview":"max-video-preview:-1"},"canonical":"https:\/\/fvdrc.com\/fr\/les-normes-de-transport\/","og_locale":"fr_FR","og_type":"article","og_title":"Les normes de transport - Fruit and Vegetable Dispute Resolution Corporation","og_description":"Les Normes de transport de la DRC \u00e9tablissent les attentes raisonnables qu\u2019ont toutes les parties prenantes au transport de fruits et ...","og_url":"https:\/\/fvdrc.com\/fr\/les-normes-de-transport\/","og_site_name":"Fruit and Vegetable Dispute Resolution Corporation","article_modified_time":"2025-05-12T19:09:32+00:00","twitter_card":"summary_large_image","twitter_misc":{"Est. reading time":"1 minute"},"schema":{"@context":"https:\/\/schema.org","@graph":[{"@type":"WebPage","@id":"https:\/\/fvdrc.com\/fr\/les-normes-de-transport\/","url":"https:\/\/fvdrc.com\/fr\/les-normes-de-transport\/","name":"Les normes de transport - Fruit and Vegetable Dispute Resolution Corporation","isPartOf":{"@id":"https:\/\/fvdrc.com\/#website"},"datePublished":"2025-05-12T19:09:30+00:00","dateModified":"2025-05-12T19:09:32+00:00","description":"Les Normes de transport de la DRC \u00e9tablissent les attentes raisonnables qu\u2019ont toutes les parties prenantes au transport de fruits et ...","breadcrumb":{"@id":"https:\/\/fvdrc.com\/fr\/les-normes-de-transport\/#breadcrumb"},"inLanguage":"fr-FR","potentialAction":[{"@type":"ReadAction","target":["https:\/\/fvdrc.com\/fr\/les-normes-de-transport\/"]}]},{"@type":"BreadcrumbList","@id":"https:\/\/fvdrc.com\/fr\/les-normes-de-transport\/#breadcrumb","itemListElement":[{"@type":"ListItem","position":1,"name":"Home","item":"https:\/\/fvdrc.com\/fr\/"},{"@type":"ListItem","position":2,"name":"Les normes de transport"}]},{"@type":"WebSite","@id":"https:\/\/fvdrc.com\/#website","url":"https:\/\/fvdrc.com\/","name":"Fruit and Vegetable Dispute Resolution Corporation","description":"Trade with Confidence","publisher":{"@id":"https:\/\/fvdrc.com\/#organization"},"potentialAction":[{"@type":"SearchAction","target":{"@type":"EntryPoint","urlTemplate":"https:\/\/fvdrc.com\/?s={search_term_string}"},"query-input":{"@type":"PropertyValueSpecification","valueRequired":true,"valueName":"search_term_string"}}],"inLanguage":"fr-FR"},{"@type":"Organization","@id":"https:\/\/fvdrc.com\/#organization","name":"Fruit and Vegetable Dispute Resolution Corporation","url":"https:\/\/fvdrc.com\/","logo":{"@type":"ImageObject","inLanguage":"fr-FR","@id":"https:\/\/fvdrc.com\/#\/schema\/logo\/image\/","url":"https:\/\/fvdrc.com\/wp-content\/uploads\/2020\/06\/DRC-logo@2x.png","contentUrl":"https:\/\/fvdrc.com\/wp-content\/uploads\/2020\/06\/DRC-logo@2x.png","width":261,"height":140,"caption":"Fruit and Vegetable Dispute Resolution Corporation"},"image":{"@id":"https:\/\/fvdrc.com\/#\/schema\/logo\/image\/"}}]}},"featured_image_src":null,"featured_image_src_square":null,"uagb_featured_image_src":{"full":false,"thumbnail":false,"medium":false,"medium_large":false,"large":false,"gs-tiny":false,"xl":false,"xxl":false,"xxxl":false,"xxxxl":false,"xxxxxl":false,"1536x1536":false,"2048x2048":false,"gb-block-post-grid-landscape":false,"gb-block-post-grid-square":false,"post-thumbnail":false,"twentytwenty-fullscreen":false},"uagb_author_info":{"display_name":"DRC","author_link":"https:\/\/fvdrc.com\/fr\/solutions\/author\/drc\/"},"uagb_comment_info":0,"uagb_excerpt":"Les Normes de transport de la DRC \u00e9tablissent les attentes raisonnables qu\u2019ont toutes les parties prenantes au transport de fruits et l\u00e9gumes. Comme les normes commerciales, elles sont appliqu\u00e9es par d\u00e9faut lorsque les parties ne peuvent convenir des modalit\u00e9s de la vente. Elles guident les membres en ce qui a trait aux r\u00e9clamations, aux d\u00e9lais&hellip;","_links":{"self":[{"href":"https:\/\/fvdrc.com\/fr\/wp-json\/wp\/v2\/pages\/13292","targetHints":{"allow":["GET"]}}],"collection":[{"href":"https:\/\/fvdrc.com\/fr\/wp-json\/wp\/v2\/pages"}],"about":[{"href":"https:\/\/fvdrc.com\/fr\/wp-json\/wp\/v2\/types\/page"}],"author":[{"embeddable":true,"href":"https:\/\/fvdrc.com\/fr\/wp-json\/wp\/v2\/users\/2"}],"replies":[{"embeddable":true,"href":"https:\/\/fvdrc.com\/fr\/wp-json\/wp\/v2\/comments?post=13292"}],"version-history":[{"count":1,"href":"https:\/\/fvdrc.com\/fr\/wp-json\/wp\/v2\/pages\/13292\/revisions"}],"predecessor-version":[{"id":13293,"href":"https:\/\/fvdrc.com\/fr\/wp-json\/wp\/v2\/pages\/13292\/revisions\/13293"}],"wp:attachment":[{"href":"https:\/\/fvdrc.com\/fr\/wp-json\/wp\/v2\/media?parent=13292"}],"curies":[{"name":"wp","href":"https:\/\/api.w.org\/{rel}","templated":true}]}}