{"id":1308,"date":"2017-11-04T12:09:15","date_gmt":"2017-11-04T16:09:15","guid":{"rendered":"https:\/\/www.fvdrc.com\/aide-negociation\/safe-food-canadians-regulations\/"},"modified":"2020-11-05T09:34:49","modified_gmt":"2020-11-05T14:34:49","slug":"sfcr","status":"publish","type":"page","link":"https:\/\/fvdrc.com\/fr\/sfcr\/","title":{"rendered":"R\u00e8glement sur la salubrit\u00e9 des aliments au Canada (RSAC)"},"content":{"rendered":"\n<p>Le R\u00e8glement sur la salubrit\u00e9 des aliments au Canada (RSAC) est entr\u00e9 en vigueur le 15 janvier 2019.<\/p>\n\n\n\n<p>Bien qu\u2019une grande partie des d\u00e9tails figurant dans le r\u00e8glement concerne la salubrit\u00e9 et la tra\u00e7abilit\u00e9 des aliments, on y trouve \u00e9galement d\u2019importantes exigences relatives aux \u00e9changes et au commerce portant particuli\u00e8rement sur les acheteurs et les vendeurs de fruits et l\u00e9gumes frais.<strong> Le R\u00e8glement pr\u00e9voit des exigences particuli\u00e8res pour les Canadiens concern\u00e9s.<\/strong><\/p>\n\n\n\n<h2 class=\"wp-block-heading\">Transition vers le R\u00e8glement sur la salubrit\u00e9 des aliments au Canada (RSAC)<\/h2>\n\n\n\n<p>L\u2019adh\u00e9sion \u00e0 la DRC est requise pour faire le commerce des fruits et l\u00e9gumes frais (c.-\u00e0-d. : acheter, vendre, importer, exporter), sauf exemption. Pour les membres actuels de la DRC, rien ne changera. En revanche, si vous n\u2019\u00eates pas membre, il est important de d\u00e9terminer si vous devez adh\u00e9rer afin de vous conformer au R\u00e8glement.<\/p>\n\n\n\n<p>La DRC a \u00e9labor\u00e9 une s\u00e9rie d\u2019outils d\u2019auto-\u00e9valuation afin vous aider \u00e0 savoir si vous devez adh\u00e9rer, ou si vous \u00eates exempt\u00e9 de cette exigence.<\/p>\n\n\n\n<p>Pour en savoir plus sur Partie 6, Section 6 &#8211; Fruits ou l\u00e9gumes frais Sous-section C &#8211; Commerce de fruits ou l\u00e9gumes frais, veuillez consulter les ressources de la DRC concernant le RSAC ou communiquer avec notre service d\u2019assistance.<\/p>\n\n\n\n<p>Le texte int\u00e9gral du R\u00e8glement sur la salubrit\u00e9 des aliments au Canada (RSAC) peut \u00eatre consult\u00e9 sur&nbsp;<a href=\"http:\/\/www.gazette.gc.ca\/rp-pr\/p2\/2018\/2018-06-13\/html\/sor-dors108-fra.html\">http:\/\/www.gazette.gc.ca\/rp-pr\/p2\/2018\/2018-06-13\/html\/sor-dors108-fra.html<\/a><\/p>\n","protected":false},"excerpt":{"rendered":"<p>Le R\u00e8glement sur la salubrit\u00e9 des aliments au Canada (RSAC) est entr\u00e9 en vigueur le 15 janvier 2019. Bien qu\u2019une grande partie des d\u00e9tails figurant dans le r\u00e8glement concerne la salubrit\u00e9 et la tra\u00e7abilit\u00e9 des aliments, on y trouve \u00e9galement d\u2019importantes exigences relatives aux \u00e9changes et au commerce portant particuli\u00e8rement sur les acheteurs et les [&hellip;]<\/p>\n","protected":false},"author":1,"featured_media":0,"parent":0,"menu_order":34,"comment_status":"closed","ping_status":"closed","template":"","meta":{"_acf_changed":false,"_coblocks_attr":"","_coblocks_dimensions":"","_coblocks_responsive_height":"","_coblocks_accordion_ie_support":"","om_disable_all_campaigns":false,"_uag_custom_page_level_css":"","_monsterinsights_skip_tracking":false,"_monsterinsights_sitenote_active":false,"_monsterinsights_sitenote_note":"","_monsterinsights_sitenote_category":0,"_uf_show_specific_survey":0,"_uf_disable_surveys":false,"footnotes":""},"class_list":["post-1308","page","type-page","status-publish","hentry"],"acf":[],"aioseo_notices":[],"yoast_head":"<!-- This site is optimized with the Yoast SEO plugin v27.4 - https:\/\/yoast.com\/product\/yoast-seo-wordpress\/ -->\n<title>R\u00e8glement sur la salubrit\u00e9 des aliments au Canada (RSAC) - Fruit and Vegetable Dispute Resolution Corporation<\/title>\n<meta name=\"robots\" content=\"index, follow, max-snippet:-1, max-image-preview:large, max-video-preview:-1\" \/>\n<link rel=\"canonical\" href=\"https:\/\/www.fvdrc.com\/fr\/sfcr\/\" \/>\n<meta property=\"og:locale\" content=\"fr_FR\" \/>\n<meta property=\"og:type\" content=\"article\" \/>\n<meta property=\"og:title\" content=\"R\u00e8glement sur la salubrit\u00e9 des aliments au Canada (RSAC) - Fruit and Vegetable Dispute Resolution Corporation\" \/>\n<meta property=\"og:description\" content=\"Le R\u00e8glement sur la salubrit\u00e9 des aliments au Canada (RSAC) est entr\u00e9 en vigueur le 15 janvier 2019. Bien qu\u2019une grande partie des d\u00e9tails figurant dans le r\u00e8glement concerne la salubrit\u00e9 et la tra\u00e7abilit\u00e9 des aliments, on y trouve \u00e9galement d\u2019importantes exigences relatives aux \u00e9changes et au commerce portant particuli\u00e8rement sur les acheteurs et les [&hellip;]\" \/>\n<meta property=\"og:url\" content=\"https:\/\/www.fvdrc.com\/fr\/sfcr\/\" \/>\n<meta property=\"og:site_name\" content=\"Fruit and Vegetable Dispute Resolution Corporation\" \/>\n<meta property=\"article:modified_time\" content=\"2020-11-05T14:34:49+00:00\" \/>\n<meta name=\"twitter:card\" content=\"summary_large_image\" \/>\n<meta name=\"twitter:label1\" content=\"Est. reading time\" \/>\n\t<meta name=\"twitter:data1\" content=\"1 minute\" \/>\n<script type=\"application\/ld+json\" class=\"yoast-schema-graph\">{\"@context\":\"https:\\\/\\\/schema.org\",\"@graph\":[{\"@type\":\"WebPage\",\"@id\":\"https:\\\/\\\/www.fvdrc.com\\\/fr\\\/sfcr\\\/\",\"url\":\"https:\\\/\\\/www.fvdrc.com\\\/fr\\\/sfcr\\\/\",\"name\":\"R\u00e8glement sur la salubrit\u00e9 des aliments au Canada (RSAC) - Fruit and Vegetable Dispute Resolution Corporation\",\"isPartOf\":{\"@id\":\"https:\\\/\\\/fvdrc.com\\\/#website\"},\"datePublished\":\"2017-11-04T16:09:15+00:00\",\"dateModified\":\"2020-11-05T14:34:49+00:00\",\"breadcrumb\":{\"@id\":\"https:\\\/\\\/www.fvdrc.com\\\/fr\\\/sfcr\\\/#breadcrumb\"},\"inLanguage\":\"fr-FR\",\"potentialAction\":[{\"@type\":\"ReadAction\",\"target\":[\"https:\\\/\\\/www.fvdrc.com\\\/fr\\\/sfcr\\\/\"]}]},{\"@type\":\"BreadcrumbList\",\"@id\":\"https:\\\/\\\/www.fvdrc.com\\\/fr\\\/sfcr\\\/#breadcrumb\",\"itemListElement\":[{\"@type\":\"ListItem\",\"position\":1,\"name\":\"Home\",\"item\":\"https:\\\/\\\/fvdrc.com\\\/fr\\\/\"},{\"@type\":\"ListItem\",\"position\":2,\"name\":\"R\u00e8glement sur la salubrit\u00e9 des aliments au Canada (RSAC)\"}]},{\"@type\":\"WebSite\",\"@id\":\"https:\\\/\\\/fvdrc.com\\\/#website\",\"url\":\"https:\\\/\\\/fvdrc.com\\\/\",\"name\":\"Fruit and Vegetable Dispute Resolution Corporation\",\"description\":\"Trade with Confidence\",\"publisher\":{\"@id\":\"https:\\\/\\\/fvdrc.com\\\/#organization\"},\"potentialAction\":[{\"@type\":\"SearchAction\",\"target\":{\"@type\":\"EntryPoint\",\"urlTemplate\":\"https:\\\/\\\/fvdrc.com\\\/?s={search_term_string}\"},\"query-input\":{\"@type\":\"PropertyValueSpecification\",\"valueRequired\":true,\"valueName\":\"search_term_string\"}}],\"inLanguage\":\"fr-FR\"},{\"@type\":\"Organization\",\"@id\":\"https:\\\/\\\/fvdrc.com\\\/#organization\",\"name\":\"Fruit and Vegetable Dispute Resolution Corporation\",\"url\":\"https:\\\/\\\/fvdrc.com\\\/\",\"logo\":{\"@type\":\"ImageObject\",\"inLanguage\":\"fr-FR\",\"@id\":\"https:\\\/\\\/fvdrc.com\\\/#\\\/schema\\\/logo\\\/image\\\/\",\"url\":\"https:\\\/\\\/fvdrc.com\\\/wp-content\\\/uploads\\\/2020\\\/06\\\/DRC-logo@2x.png\",\"contentUrl\":\"https:\\\/\\\/fvdrc.com\\\/wp-content\\\/uploads\\\/2020\\\/06\\\/DRC-logo@2x.png\",\"width\":261,\"height\":140,\"caption\":\"Fruit and Vegetable Dispute Resolution Corporation\"},\"image\":{\"@id\":\"https:\\\/\\\/fvdrc.com\\\/#\\\/schema\\\/logo\\\/image\\\/\"}}]}<\/script>\n<!-- \/ Yoast SEO plugin. -->","yoast_head_json":{"title":"R\u00e8glement sur la salubrit\u00e9 des aliments au Canada (RSAC) - Fruit and Vegetable Dispute Resolution Corporation","robots":{"index":"index","follow":"follow","max-snippet":"max-snippet:-1","max-image-preview":"max-image-preview:large","max-video-preview":"max-video-preview:-1"},"canonical":"https:\/\/www.fvdrc.com\/fr\/sfcr\/","og_locale":"fr_FR","og_type":"article","og_title":"R\u00e8glement sur la salubrit\u00e9 des aliments au Canada (RSAC) - Fruit and Vegetable Dispute Resolution Corporation","og_description":"Le R\u00e8glement sur la salubrit\u00e9 des aliments au Canada (RSAC) est entr\u00e9 en vigueur le 15 janvier 2019. Bien qu\u2019une grande partie des d\u00e9tails figurant dans le r\u00e8glement concerne la salubrit\u00e9 et la tra\u00e7abilit\u00e9 des aliments, on y trouve \u00e9galement d\u2019importantes exigences relatives aux \u00e9changes et au commerce portant particuli\u00e8rement sur les acheteurs et les [&hellip;]","og_url":"https:\/\/www.fvdrc.com\/fr\/sfcr\/","og_site_name":"Fruit and Vegetable Dispute Resolution Corporation","article_modified_time":"2020-11-05T14:34:49+00:00","twitter_card":"summary_large_image","twitter_misc":{"Est. reading time":"1 minute"},"schema":{"@context":"https:\/\/schema.org","@graph":[{"@type":"WebPage","@id":"https:\/\/www.fvdrc.com\/fr\/sfcr\/","url":"https:\/\/www.fvdrc.com\/fr\/sfcr\/","name":"R\u00e8glement sur la salubrit\u00e9 des aliments au Canada (RSAC) - Fruit and Vegetable Dispute Resolution Corporation","isPartOf":{"@id":"https:\/\/fvdrc.com\/#website"},"datePublished":"2017-11-04T16:09:15+00:00","dateModified":"2020-11-05T14:34:49+00:00","breadcrumb":{"@id":"https:\/\/www.fvdrc.com\/fr\/sfcr\/#breadcrumb"},"inLanguage":"fr-FR","potentialAction":[{"@type":"ReadAction","target":["https:\/\/www.fvdrc.com\/fr\/sfcr\/"]}]},{"@type":"BreadcrumbList","@id":"https:\/\/www.fvdrc.com\/fr\/sfcr\/#breadcrumb","itemListElement":[{"@type":"ListItem","position":1,"name":"Home","item":"https:\/\/fvdrc.com\/fr\/"},{"@type":"ListItem","position":2,"name":"R\u00e8glement sur la salubrit\u00e9 des aliments au Canada (RSAC)"}]},{"@type":"WebSite","@id":"https:\/\/fvdrc.com\/#website","url":"https:\/\/fvdrc.com\/","name":"Fruit and Vegetable Dispute Resolution Corporation","description":"Trade with Confidence","publisher":{"@id":"https:\/\/fvdrc.com\/#organization"},"potentialAction":[{"@type":"SearchAction","target":{"@type":"EntryPoint","urlTemplate":"https:\/\/fvdrc.com\/?s={search_term_string}"},"query-input":{"@type":"PropertyValueSpecification","valueRequired":true,"valueName":"search_term_string"}}],"inLanguage":"fr-FR"},{"@type":"Organization","@id":"https:\/\/fvdrc.com\/#organization","name":"Fruit and Vegetable Dispute Resolution Corporation","url":"https:\/\/fvdrc.com\/","logo":{"@type":"ImageObject","inLanguage":"fr-FR","@id":"https:\/\/fvdrc.com\/#\/schema\/logo\/image\/","url":"https:\/\/fvdrc.com\/wp-content\/uploads\/2020\/06\/DRC-logo@2x.png","contentUrl":"https:\/\/fvdrc.com\/wp-content\/uploads\/2020\/06\/DRC-logo@2x.png","width":261,"height":140,"caption":"Fruit and Vegetable Dispute Resolution Corporation"},"image":{"@id":"https:\/\/fvdrc.com\/#\/schema\/logo\/image\/"}}]}},"featured_image_src":null,"featured_image_src_square":null,"uagb_featured_image_src":{"full":false,"thumbnail":false,"medium":false,"medium_large":false,"large":false,"gs-tiny":false,"xl":false,"xxl":false,"xxxl":false,"xxxxl":false,"xxxxxl":false,"1536x1536":false,"2048x2048":false,"gb-block-post-grid-landscape":false,"gb-block-post-grid-square":false,"post-thumbnail":false,"twentytwenty-fullscreen":false},"uagb_author_info":{"display_name":"Steven McCoy","author_link":"https:\/\/fvdrc.com\/fr\/solutions\/author\/steven-mccoy\/"},"uagb_comment_info":0,"uagb_excerpt":"Le R\u00e8glement sur la salubrit\u00e9 des aliments au Canada (RSAC) est entr\u00e9 en vigueur le 15 janvier 2019. Bien qu\u2019une grande partie des d\u00e9tails figurant dans le r\u00e8glement concerne la salubrit\u00e9 et la tra\u00e7abilit\u00e9 des aliments, on y trouve \u00e9galement d\u2019importantes exigences relatives aux \u00e9changes et au commerce portant particuli\u00e8rement sur les acheteurs et les&hellip;","_links":{"self":[{"href":"https:\/\/fvdrc.com\/fr\/wp-json\/wp\/v2\/pages\/1308","targetHints":{"allow":["GET"]}}],"collection":[{"href":"https:\/\/fvdrc.com\/fr\/wp-json\/wp\/v2\/pages"}],"about":[{"href":"https:\/\/fvdrc.com\/fr\/wp-json\/wp\/v2\/types\/page"}],"author":[{"embeddable":true,"href":"https:\/\/fvdrc.com\/fr\/wp-json\/wp\/v2\/users\/1"}],"replies":[{"embeddable":true,"href":"https:\/\/fvdrc.com\/fr\/wp-json\/wp\/v2\/comments?post=1308"}],"version-history":[{"count":4,"href":"https:\/\/fvdrc.com\/fr\/wp-json\/wp\/v2\/pages\/1308\/revisions"}],"predecessor-version":[{"id":4389,"href":"https:\/\/fvdrc.com\/fr\/wp-json\/wp\/v2\/pages\/1308\/revisions\/4389"}],"wp:attachment":[{"href":"https:\/\/fvdrc.com\/fr\/wp-json\/wp\/v2\/media?parent=1308"}],"curies":[{"name":"wp","href":"https:\/\/api.w.org\/{rel}","templated":true}]}}