{"id":12574,"date":"2025-02-25T13:29:39","date_gmt":"2025-02-25T18:29:39","guid":{"rendered":"https:\/\/fvdrc.com\/?page_id=12574"},"modified":"2025-04-23T14:36:35","modified_gmt":"2025-04-23T18:36:35","slug":"les-normes-commerciales","status":"publish","type":"page","link":"https:\/\/fvdrc.com\/fr\/les-normes-commerciales\/","title":{"rendered":"Normes commerciales"},"content":{"rendered":"\n<p>Les normes commerciales de la DRC sont des r\u00e8gles g\u00e9n\u00e9rales de conduite auxquelles doivent adh\u00e9rer les membres de la DRC. Elles s\u2019appliquent par d\u00e9faut lorsque les parties ne peuvent pas s\u2019entendre sur les modalit\u00e9s de la vente. Si un membre pr\u00e9f\u00e8re \u00e9tablir avec son partenaire un contrat qui ne soit pas conforme \u00e0 ces normes, ce sont les dispositions de ce contrat qui seront alors appliqu\u00e9es au cours d\u2019un \u00e9ventuel processus de r\u00e8glement des diff\u00e9rends plut\u00f4t que les normes commerciales de la DRC.<\/p>\n\n\n\n<div class=\"wp-block-uagb-buttons uagb-buttons__outer-wrap uagb-btn__default-btn uagb-btn-tablet__default-btn uagb-btn-mobile__default-btn uagb-block-9b95755d\"><div class=\"uagb-buttons__wrap uagb-buttons-layout-wrap \">\n<div class=\"wp-block-uagb-buttons-child uagb-buttons__outer-wrap uagb-block-8ddd5876 wp-block-button\"><div class=\"uagb-button__wrapper\"><a class=\"uagb-buttons-repeater wp-block-button__link\" aria-label=\"\" href=\"https:\/\/fvdrc.com\/wp-content\/uploads\/2023\/01\/Trading_Standards_January_2023_french.pdf\" rel=\"follow noopener\" target=\"_self\" role=\"button\"><div class=\"uagb-button__link\">voir ou t\u00e9l\u00e9chargez le pdf<\/div><\/a><\/div><\/div>\n<\/div><\/div>\n\n\n\n<div class=\"wp-block-uagb-buttons uagb-buttons__outer-wrap uagb-btn__default-btn uagb-btn-tablet__default-btn uagb-btn-mobile__default-btn uagb-block-a6b70dfc\"><div class=\"uagb-buttons__wrap uagb-buttons-layout-wrap \">\n<div class=\"wp-block-uagb-buttons-child uagb-buttons__outer-wrap uagb-block-a7cbdc64 wp-block-button\"><div class=\"uagb-button__wrapper\"><a class=\"uagb-buttons-repeater wp-block-button__link\" aria-label=\"\" href=\"https:\/\/fvdrc.com\/fr\/adhesion\/les-normes\/les-directives-en-matiere-dinspection\/\" rel=\"follow noopener\" target=\"_blank\" role=\"button\"><div class=\"uagb-button__link\">les directives en mati\u00e8re d&#8217;inspection<\/div><\/a><\/div><\/div>\n\n\n\n<div class=\"wp-block-uagb-buttons-child uagb-buttons__outer-wrap uagb-block-9d4822ca wp-block-button\"><div class=\"uagb-button__wrapper\"><a class=\"uagb-buttons-repeater wp-block-button__link\" aria-label=\"\" href=\"https:\/\/fvdrc.com\/fr\/adhesion\/les-normes\/les-directives-sur-larrivage-de-marchandises\/\" rel=\"follow noopener\" target=\"_blank\" role=\"button\"><div class=\"uagb-button__link\">les directives sur l&#8217;arrivage de marchandises<\/div><\/a><\/div><\/div>\n<\/div><\/div>\n","protected":false},"excerpt":{"rendered":"<p>Les normes commerciales de la DRC sont des r\u00e8gles g\u00e9n\u00e9rales de conduite auxquelles doivent adh\u00e9rer les membres de la DRC. Elles s\u2019appliquent par d\u00e9faut lorsque les parties ne peuvent pas s\u2019entendre sur les modalit\u00e9s de la vente. Si un membre pr\u00e9f\u00e8re \u00e9tablir avec son partenaire un contrat qui ne soit pas conforme \u00e0 ces normes, [&hellip;]<\/p>\n","protected":false},"author":2,"featured_media":0,"parent":0,"menu_order":0,"comment_status":"closed","ping_status":"closed","template":"","meta":{"_acf_changed":false,"_coblocks_attr":"","_coblocks_dimensions":"","_coblocks_responsive_height":"","_coblocks_accordion_ie_support":"","om_disable_all_campaigns":false,"_uag_custom_page_level_css":"","_monsterinsights_skip_tracking":false,"_monsterinsights_sitenote_active":false,"_monsterinsights_sitenote_note":"","_monsterinsights_sitenote_category":0,"_uf_show_specific_survey":0,"_uf_disable_surveys":false,"footnotes":""},"class_list":["post-12574","page","type-page","status-publish","hentry"],"acf":[],"aioseo_notices":[],"yoast_head":"<!-- This site is optimized with the Yoast SEO plugin v27.4 - https:\/\/yoast.com\/product\/yoast-seo-wordpress\/ -->\n<title>Normes commerciales - Fruit and Vegetable Dispute Resolution Corporation<\/title>\n<meta name=\"description\" content=\"Les normes commerciales de la DRC sont des r\u00e8gles g\u00e9n\u00e9rales de conduite auxquelles doivent adh\u00e9rer les membres de la DRC. Elles s\u2019appliquent\" \/>\n<meta name=\"robots\" content=\"index, follow, max-snippet:-1, max-image-preview:large, max-video-preview:-1\" \/>\n<link rel=\"canonical\" href=\"https:\/\/fvdrc.com\/fr\/les-normes-commerciales\/\" \/>\n<meta property=\"og:locale\" content=\"fr_FR\" \/>\n<meta property=\"og:type\" content=\"article\" \/>\n<meta property=\"og:title\" content=\"Normes commerciales - Fruit and Vegetable Dispute Resolution Corporation\" \/>\n<meta property=\"og:description\" content=\"Les normes commerciales de la DRC sont des r\u00e8gles g\u00e9n\u00e9rales de conduite auxquelles doivent adh\u00e9rer les membres de la DRC. Elles s\u2019appliquent\" \/>\n<meta property=\"og:url\" content=\"https:\/\/fvdrc.com\/fr\/les-normes-commerciales\/\" \/>\n<meta property=\"og:site_name\" content=\"Fruit and Vegetable Dispute Resolution Corporation\" \/>\n<meta property=\"article:modified_time\" content=\"2025-04-23T18:36:35+00:00\" \/>\n<meta name=\"twitter:card\" content=\"summary_large_image\" \/>\n<meta name=\"twitter:label1\" content=\"Est. reading time\" \/>\n\t<meta name=\"twitter:data1\" content=\"1 minute\" \/>\n<script type=\"application\/ld+json\" class=\"yoast-schema-graph\">{\"@context\":\"https:\\\/\\\/schema.org\",\"@graph\":[{\"@type\":\"WebPage\",\"@id\":\"https:\\\/\\\/fvdrc.com\\\/fr\\\/les-normes-commerciales\\\/\",\"url\":\"https:\\\/\\\/fvdrc.com\\\/fr\\\/les-normes-commerciales\\\/\",\"name\":\"Normes commerciales - Fruit and Vegetable Dispute Resolution Corporation\",\"isPartOf\":{\"@id\":\"https:\\\/\\\/fvdrc.com\\\/#website\"},\"datePublished\":\"2025-02-25T18:29:39+00:00\",\"dateModified\":\"2025-04-23T18:36:35+00:00\",\"description\":\"Les normes commerciales de la DRC sont des r\u00e8gles g\u00e9n\u00e9rales de conduite auxquelles doivent adh\u00e9rer les membres de la DRC. Elles s\u2019appliquent\",\"breadcrumb\":{\"@id\":\"https:\\\/\\\/fvdrc.com\\\/fr\\\/les-normes-commerciales\\\/#breadcrumb\"},\"inLanguage\":\"fr-FR\",\"potentialAction\":[{\"@type\":\"ReadAction\",\"target\":[\"https:\\\/\\\/fvdrc.com\\\/fr\\\/les-normes-commerciales\\\/\"]}]},{\"@type\":\"BreadcrumbList\",\"@id\":\"https:\\\/\\\/fvdrc.com\\\/fr\\\/les-normes-commerciales\\\/#breadcrumb\",\"itemListElement\":[{\"@type\":\"ListItem\",\"position\":1,\"name\":\"Home\",\"item\":\"https:\\\/\\\/fvdrc.com\\\/fr\\\/\"},{\"@type\":\"ListItem\",\"position\":2,\"name\":\"Normes commerciales\"}]},{\"@type\":\"WebSite\",\"@id\":\"https:\\\/\\\/fvdrc.com\\\/#website\",\"url\":\"https:\\\/\\\/fvdrc.com\\\/\",\"name\":\"Fruit and Vegetable Dispute Resolution Corporation\",\"description\":\"Trade with Confidence\",\"publisher\":{\"@id\":\"https:\\\/\\\/fvdrc.com\\\/#organization\"},\"potentialAction\":[{\"@type\":\"SearchAction\",\"target\":{\"@type\":\"EntryPoint\",\"urlTemplate\":\"https:\\\/\\\/fvdrc.com\\\/?s={search_term_string}\"},\"query-input\":{\"@type\":\"PropertyValueSpecification\",\"valueRequired\":true,\"valueName\":\"search_term_string\"}}],\"inLanguage\":\"fr-FR\"},{\"@type\":\"Organization\",\"@id\":\"https:\\\/\\\/fvdrc.com\\\/#organization\",\"name\":\"Fruit and Vegetable Dispute Resolution Corporation\",\"url\":\"https:\\\/\\\/fvdrc.com\\\/\",\"logo\":{\"@type\":\"ImageObject\",\"inLanguage\":\"fr-FR\",\"@id\":\"https:\\\/\\\/fvdrc.com\\\/#\\\/schema\\\/logo\\\/image\\\/\",\"url\":\"https:\\\/\\\/fvdrc.com\\\/wp-content\\\/uploads\\\/2020\\\/06\\\/DRC-logo@2x.png\",\"contentUrl\":\"https:\\\/\\\/fvdrc.com\\\/wp-content\\\/uploads\\\/2020\\\/06\\\/DRC-logo@2x.png\",\"width\":261,\"height\":140,\"caption\":\"Fruit and Vegetable Dispute Resolution Corporation\"},\"image\":{\"@id\":\"https:\\\/\\\/fvdrc.com\\\/#\\\/schema\\\/logo\\\/image\\\/\"}}]}<\/script>\n<!-- \/ Yoast SEO plugin. -->","yoast_head_json":{"title":"Normes commerciales - Fruit and Vegetable Dispute Resolution Corporation","description":"Les normes commerciales de la DRC sont des r\u00e8gles g\u00e9n\u00e9rales de conduite auxquelles doivent adh\u00e9rer les membres de la DRC. Elles s\u2019appliquent","robots":{"index":"index","follow":"follow","max-snippet":"max-snippet:-1","max-image-preview":"max-image-preview:large","max-video-preview":"max-video-preview:-1"},"canonical":"https:\/\/fvdrc.com\/fr\/les-normes-commerciales\/","og_locale":"fr_FR","og_type":"article","og_title":"Normes commerciales - Fruit and Vegetable Dispute Resolution Corporation","og_description":"Les normes commerciales de la DRC sont des r\u00e8gles g\u00e9n\u00e9rales de conduite auxquelles doivent adh\u00e9rer les membres de la DRC. Elles s\u2019appliquent","og_url":"https:\/\/fvdrc.com\/fr\/les-normes-commerciales\/","og_site_name":"Fruit and Vegetable Dispute Resolution Corporation","article_modified_time":"2025-04-23T18:36:35+00:00","twitter_card":"summary_large_image","twitter_misc":{"Est. reading time":"1 minute"},"schema":{"@context":"https:\/\/schema.org","@graph":[{"@type":"WebPage","@id":"https:\/\/fvdrc.com\/fr\/les-normes-commerciales\/","url":"https:\/\/fvdrc.com\/fr\/les-normes-commerciales\/","name":"Normes commerciales - Fruit and Vegetable Dispute Resolution Corporation","isPartOf":{"@id":"https:\/\/fvdrc.com\/#website"},"datePublished":"2025-02-25T18:29:39+00:00","dateModified":"2025-04-23T18:36:35+00:00","description":"Les normes commerciales de la DRC sont des r\u00e8gles g\u00e9n\u00e9rales de conduite auxquelles doivent adh\u00e9rer les membres de la DRC. Elles s\u2019appliquent","breadcrumb":{"@id":"https:\/\/fvdrc.com\/fr\/les-normes-commerciales\/#breadcrumb"},"inLanguage":"fr-FR","potentialAction":[{"@type":"ReadAction","target":["https:\/\/fvdrc.com\/fr\/les-normes-commerciales\/"]}]},{"@type":"BreadcrumbList","@id":"https:\/\/fvdrc.com\/fr\/les-normes-commerciales\/#breadcrumb","itemListElement":[{"@type":"ListItem","position":1,"name":"Home","item":"https:\/\/fvdrc.com\/fr\/"},{"@type":"ListItem","position":2,"name":"Normes commerciales"}]},{"@type":"WebSite","@id":"https:\/\/fvdrc.com\/#website","url":"https:\/\/fvdrc.com\/","name":"Fruit and Vegetable Dispute Resolution Corporation","description":"Trade with Confidence","publisher":{"@id":"https:\/\/fvdrc.com\/#organization"},"potentialAction":[{"@type":"SearchAction","target":{"@type":"EntryPoint","urlTemplate":"https:\/\/fvdrc.com\/?s={search_term_string}"},"query-input":{"@type":"PropertyValueSpecification","valueRequired":true,"valueName":"search_term_string"}}],"inLanguage":"fr-FR"},{"@type":"Organization","@id":"https:\/\/fvdrc.com\/#organization","name":"Fruit and Vegetable Dispute Resolution Corporation","url":"https:\/\/fvdrc.com\/","logo":{"@type":"ImageObject","inLanguage":"fr-FR","@id":"https:\/\/fvdrc.com\/#\/schema\/logo\/image\/","url":"https:\/\/fvdrc.com\/wp-content\/uploads\/2020\/06\/DRC-logo@2x.png","contentUrl":"https:\/\/fvdrc.com\/wp-content\/uploads\/2020\/06\/DRC-logo@2x.png","width":261,"height":140,"caption":"Fruit and Vegetable Dispute Resolution Corporation"},"image":{"@id":"https:\/\/fvdrc.com\/#\/schema\/logo\/image\/"}}]}},"featured_image_src":null,"featured_image_src_square":null,"uagb_featured_image_src":{"full":false,"thumbnail":false,"medium":false,"medium_large":false,"large":false,"gs-tiny":false,"xl":false,"xxl":false,"xxxl":false,"xxxxl":false,"xxxxxl":false,"1536x1536":false,"2048x2048":false,"gb-block-post-grid-landscape":false,"gb-block-post-grid-square":false,"post-thumbnail":false,"twentytwenty-fullscreen":false},"uagb_author_info":{"display_name":"DRC","author_link":"https:\/\/fvdrc.com\/fr\/solutions\/author\/drc\/"},"uagb_comment_info":0,"uagb_excerpt":"Les normes commerciales de la DRC sont des r\u00e8gles g\u00e9n\u00e9rales de conduite auxquelles doivent adh\u00e9rer les membres de la DRC. Elles s\u2019appliquent par d\u00e9faut lorsque les parties ne peuvent pas s\u2019entendre sur les modalit\u00e9s de la vente. Si un membre pr\u00e9f\u00e8re \u00e9tablir avec son partenaire un contrat qui ne soit pas conforme \u00e0 ces normes,&hellip;","_links":{"self":[{"href":"https:\/\/fvdrc.com\/fr\/wp-json\/wp\/v2\/pages\/12574","targetHints":{"allow":["GET"]}}],"collection":[{"href":"https:\/\/fvdrc.com\/fr\/wp-json\/wp\/v2\/pages"}],"about":[{"href":"https:\/\/fvdrc.com\/fr\/wp-json\/wp\/v2\/types\/page"}],"author":[{"embeddable":true,"href":"https:\/\/fvdrc.com\/fr\/wp-json\/wp\/v2\/users\/2"}],"replies":[{"embeddable":true,"href":"https:\/\/fvdrc.com\/fr\/wp-json\/wp\/v2\/comments?post=12574"}],"version-history":[{"count":8,"href":"https:\/\/fvdrc.com\/fr\/wp-json\/wp\/v2\/pages\/12574\/revisions"}],"predecessor-version":[{"id":13155,"href":"https:\/\/fvdrc.com\/fr\/wp-json\/wp\/v2\/pages\/12574\/revisions\/13155"}],"wp:attachment":[{"href":"https:\/\/fvdrc.com\/fr\/wp-json\/wp\/v2\/media?parent=12574"}],"curies":[{"name":"wp","href":"https:\/\/api.w.org\/{rel}","templated":true}]}}