{"id":9709,"date":"2024-03-21T17:38:00","date_gmt":"2024-03-21T21:38:00","guid":{"rendered":"https:\/\/fvdrc.com\/?page_id=9709"},"modified":"2026-01-05T09:17:01","modified_gmt":"2026-01-05T14:17:01","slug":"formularios-de-solicitud","status":"publish","type":"page","link":"https:\/\/fvdrc.com\/es\/formularios-de-solicitud\/","title":{"rendered":"Formularios de solicitud"},"content":{"rendered":"\n<h5>CONVERTIRSE EN MIEMBRO<\/h5>\n<p>Entre los miembros de la DRC se incluyen:<\/p>\n<ul>\n<li>Productores, expedidores, mayoristas, minoristas, distribuidores para los servicios alimentarios y corredores que manejan frutas y hortalizas frescas.<\/li>\n<li>Transportistas, intermediarios del transporte y contratistas de fletes que est\u00e1n involucrados en el transporte de frutas u hortalizas frescas.<\/li>\n<\/ul>\n<p>Para postularse, elija el formulario de solicitud (PDF para completar) seg\u00fan la ubicaci\u00f3n.<\/p>\n\n\n\n<div class=\"wp-block-uagb-buttons uagb-buttons__outer-wrap uagb-btn__small-btn uagb-btn-tablet__default-btn uagb-btn-mobile__default-btn uagb-block-2fa6b752\"><div class=\"uagb-buttons__wrap uagb-buttons-layout-wrap \">\n<div class=\"wp-block-uagb-buttons-child uagb-buttons__outer-wrap uagb-block-f3bba7b3 wp-block-button\"><div class=\"uagb-button__wrapper\"><a class=\"uagb-buttons-repeater wp-block-button__link\" aria-label=\"\" href=\"https:\/\/fvdrc.com\/wp-content\/uploads\/2025\/12\/DRC_Membership_Application_Checklist_Canada_SPA_2026.pdf\" rel=\"follow noopener\" target=\"_blank\" role=\"button\"><div class=\"uagb-button__link\">Solicitud de membres\u00eda para compa\u00f1\u00edas ubicadas en Canad\u00e1<\/div><\/a><\/div><\/div>\n\n\n\n<div class=\"wp-block-uagb-buttons-child uagb-buttons__outer-wrap uagb-block-11a9b58d wp-block-button\"><div class=\"uagb-button__wrapper\"><a class=\"uagb-buttons-repeater wp-block-button__link\" aria-label=\"\" href=\"https:\/\/fvdrc.com\/wp-content\/uploads\/2025\/12\/DRC_Membership_Application_Checklist_Mexico_2026.pdf\" rel=\"follow noopener\" target=\"_blank\" role=\"button\"><div class=\"uagb-button__link\">Solicitud de membres\u00eda para compa\u00f1\u00edas ubicadas en M\u00e9xico<\/div><\/a><\/div><\/div>\n\n\n\n<div class=\"wp-block-uagb-buttons-child uagb-buttons__outer-wrap uagb-block-822001d5 wp-block-button\"><div class=\"uagb-button__wrapper\"><a class=\"uagb-buttons-repeater wp-block-button__link\" aria-label=\"\" href=\"https:\/\/fvdrc.com\/wp-content\/uploads\/2025\/12\/DRC_Membership_Application_Checklist_SPA_2026.pdf\" rel=\"follow noopener\" target=\"_blank\" role=\"button\"><div class=\"uagb-button__link\">para compa\u00f1\u00edas ubicadas fuera de Canad\u00e1 y M\u00e9xico<\/div><\/a><\/div><\/div>\n<\/div><\/div>\n\n\n\n<p>S\u00edrvase completar y devolver la solicitud correspondiente por email, fax o por correo:<\/p>\n<p>Correo electr\u00f3nico: <a href=\"mailto:info@fvdrc.com\" target=\"_blank\" rel=\"noopener\">info@fvdrc.com<\/a><br>Fax: (613) 234-8036<br>Por correo: Fruit and Vegetable Dispute Resolution Corporation (DRC)<br>Building 75, Central Experimental Farm<br>960 Carling Avenue<br>Ottawa, Ontario, Canad\u00e1 K1A 0C6<\/p>\n\n\n\n<h5>Cuotas de membres\u00eda<\/h5>\n<p>La cuota cubre un per\u00edodo de 12 meses y se paga anualmente. La cuota puede aumentar nominalmente cada a\u00f1o para compensar la inflaci\u00f3n. Los detalles completos se en el formulario de solicitud.<\/p>\n<ul>\n<li>Para las empresas con sede en Canad\u00e1, la cuota anual de membres\u00eda es de <strong>$1306,00 CAD<\/strong> m\u00e1s impuestos, si aplica.<\/li>\n<li>Para empresas con sede fuera de Canad\u00e1, la cuota de membres\u00eda anual es de <strong>$925,00 USD + impuesto si aplica<\/strong>.<\/li>\n<li>Si su situaci\u00f3n conduce a un arbitraje, la tarifa de arbitraje comienza desde <strong>$600,00 USD + impuestos si aplica<\/strong>.<\/li>\n<\/ul>\n\n\n\n<p>\u00bfPreguntas sobre c\u00f3mo hacerse miembro? <a title=\"Contacto\" href=\"https:\/\/fvdrc.com\/es\/acerca-de\/contacto\/\">Contacte a Asesor\u00eda Comercial<\/a> de la DRC.<\/p>\n","protected":false},"excerpt":{"rendered":"<p>CONVERTIRSE EN MIEMBRO Entre los miembros de la DRC se incluyen: Productores, expedidores, mayoristas, minoristas, distribuidores para los servicios alimentarios y corredores que manejan frutas y hortalizas frescas. Transportistas, intermediarios del transporte y contratistas de fletes que est\u00e1n involucrados en el transporte de frutas u hortalizas frescas. Para postularse, elija el formulario de solicitud (PDF [&hellip;]<\/p>\n","protected":false},"author":2,"featured_media":0,"parent":0,"menu_order":0,"comment_status":"closed","ping_status":"closed","template":"","meta":{"_acf_changed":false,"_coblocks_attr":"","_coblocks_dimensions":"","_coblocks_responsive_height":"","_coblocks_accordion_ie_support":"","om_disable_all_campaigns":false,"_uag_custom_page_level_css":"","_monsterinsights_skip_tracking":false,"_monsterinsights_sitenote_active":false,"_monsterinsights_sitenote_note":"","_monsterinsights_sitenote_category":0,"_uf_show_specific_survey":0,"_uf_disable_surveys":false,"footnotes":""},"class_list":["post-9709","page","type-page","status-publish","hentry"],"acf":[],"aioseo_notices":[],"yoast_head":"<!-- This site is optimized with the Yoast SEO plugin v27.4 - https:\/\/yoast.com\/product\/yoast-seo-wordpress\/ -->\n<title>Formularios de solicitud - Fruit and Vegetable Dispute Resolution Corporation<\/title>\n<meta name=\"robots\" content=\"index, follow, max-snippet:-1, max-image-preview:large, max-video-preview:-1\" \/>\n<link rel=\"canonical\" href=\"https:\/\/fvdrc.com\/es\/formularios-de-solicitud\/\" \/>\n<meta property=\"og:locale\" content=\"es_ES\" \/>\n<meta property=\"og:type\" content=\"article\" \/>\n<meta property=\"og:title\" content=\"Formularios de solicitud - Fruit and Vegetable Dispute Resolution Corporation\" \/>\n<meta property=\"og:description\" content=\"CONVERTIRSE EN MIEMBRO Entre los miembros de la DRC se incluyen: Productores, expedidores, mayoristas, minoristas, distribuidores para los servicios alimentarios y corredores que manejan frutas y hortalizas frescas. Transportistas, intermediarios del transporte y contratistas de fletes que est\u00e1n involucrados en el transporte de frutas u hortalizas frescas. Para postularse, elija el formulario de solicitud (PDF [&hellip;]\" \/>\n<meta property=\"og:url\" content=\"https:\/\/fvdrc.com\/es\/formularios-de-solicitud\/\" \/>\n<meta property=\"og:site_name\" content=\"Fruit and Vegetable Dispute Resolution Corporation\" \/>\n<meta property=\"article:modified_time\" content=\"2026-01-05T14:17:01+00:00\" \/>\n<meta name=\"twitter:card\" content=\"summary_large_image\" \/>\n<meta name=\"twitter:label1\" content=\"Est. reading time\" \/>\n\t<meta name=\"twitter:data1\" content=\"2 minutes\" \/>\n<script type=\"application\/ld+json\" class=\"yoast-schema-graph\">{\"@context\":\"https:\\\/\\\/schema.org\",\"@graph\":[{\"@type\":\"WebPage\",\"@id\":\"https:\\\/\\\/fvdrc.com\\\/es\\\/formularios-de-solicitud\\\/\",\"url\":\"https:\\\/\\\/fvdrc.com\\\/es\\\/formularios-de-solicitud\\\/\",\"name\":\"Formularios de solicitud - Fruit and Vegetable Dispute Resolution Corporation\",\"isPartOf\":{\"@id\":\"https:\\\/\\\/fvdrc.com\\\/#website\"},\"datePublished\":\"2024-03-21T21:38:00+00:00\",\"dateModified\":\"2026-01-05T14:17:01+00:00\",\"breadcrumb\":{\"@id\":\"https:\\\/\\\/fvdrc.com\\\/es\\\/formularios-de-solicitud\\\/#breadcrumb\"},\"inLanguage\":\"es-ES\",\"potentialAction\":[{\"@type\":\"ReadAction\",\"target\":[\"https:\\\/\\\/fvdrc.com\\\/es\\\/formularios-de-solicitud\\\/\"]}]},{\"@type\":\"BreadcrumbList\",\"@id\":\"https:\\\/\\\/fvdrc.com\\\/es\\\/formularios-de-solicitud\\\/#breadcrumb\",\"itemListElement\":[{\"@type\":\"ListItem\",\"position\":1,\"name\":\"Home\",\"item\":\"https:\\\/\\\/fvdrc.com\\\/es\\\/\"},{\"@type\":\"ListItem\",\"position\":2,\"name\":\"Formularios de solicitud\"}]},{\"@type\":\"WebSite\",\"@id\":\"https:\\\/\\\/fvdrc.com\\\/#website\",\"url\":\"https:\\\/\\\/fvdrc.com\\\/\",\"name\":\"Fruit and Vegetable Dispute Resolution Corporation\",\"description\":\"Trade with Confidence\",\"publisher\":{\"@id\":\"https:\\\/\\\/fvdrc.com\\\/#organization\"},\"potentialAction\":[{\"@type\":\"SearchAction\",\"target\":{\"@type\":\"EntryPoint\",\"urlTemplate\":\"https:\\\/\\\/fvdrc.com\\\/?s={search_term_string}\"},\"query-input\":{\"@type\":\"PropertyValueSpecification\",\"valueRequired\":true,\"valueName\":\"search_term_string\"}}],\"inLanguage\":\"es-ES\"},{\"@type\":\"Organization\",\"@id\":\"https:\\\/\\\/fvdrc.com\\\/#organization\",\"name\":\"Fruit and Vegetable Dispute Resolution Corporation\",\"url\":\"https:\\\/\\\/fvdrc.com\\\/\",\"logo\":{\"@type\":\"ImageObject\",\"inLanguage\":\"es-ES\",\"@id\":\"https:\\\/\\\/fvdrc.com\\\/#\\\/schema\\\/logo\\\/image\\\/\",\"url\":\"https:\\\/\\\/fvdrc.com\\\/wp-content\\\/uploads\\\/2020\\\/06\\\/DRC-logo@2x.png\",\"contentUrl\":\"https:\\\/\\\/fvdrc.com\\\/wp-content\\\/uploads\\\/2020\\\/06\\\/DRC-logo@2x.png\",\"width\":261,\"height\":140,\"caption\":\"Fruit and Vegetable Dispute Resolution Corporation\"},\"image\":{\"@id\":\"https:\\\/\\\/fvdrc.com\\\/#\\\/schema\\\/logo\\\/image\\\/\"}}]}<\/script>\n<!-- \/ Yoast SEO plugin. -->","yoast_head_json":{"title":"Formularios de solicitud - Fruit and Vegetable Dispute Resolution Corporation","robots":{"index":"index","follow":"follow","max-snippet":"max-snippet:-1","max-image-preview":"max-image-preview:large","max-video-preview":"max-video-preview:-1"},"canonical":"https:\/\/fvdrc.com\/es\/formularios-de-solicitud\/","og_locale":"es_ES","og_type":"article","og_title":"Formularios de solicitud - Fruit and Vegetable Dispute Resolution Corporation","og_description":"CONVERTIRSE EN MIEMBRO Entre los miembros de la DRC se incluyen: Productores, expedidores, mayoristas, minoristas, distribuidores para los servicios alimentarios y corredores que manejan frutas y hortalizas frescas. Transportistas, intermediarios del transporte y contratistas de fletes que est\u00e1n involucrados en el transporte de frutas u hortalizas frescas. Para postularse, elija el formulario de solicitud (PDF [&hellip;]","og_url":"https:\/\/fvdrc.com\/es\/formularios-de-solicitud\/","og_site_name":"Fruit and Vegetable Dispute Resolution Corporation","article_modified_time":"2026-01-05T14:17:01+00:00","twitter_card":"summary_large_image","twitter_misc":{"Est. reading time":"2 minutes"},"schema":{"@context":"https:\/\/schema.org","@graph":[{"@type":"WebPage","@id":"https:\/\/fvdrc.com\/es\/formularios-de-solicitud\/","url":"https:\/\/fvdrc.com\/es\/formularios-de-solicitud\/","name":"Formularios de solicitud - Fruit and Vegetable Dispute Resolution Corporation","isPartOf":{"@id":"https:\/\/fvdrc.com\/#website"},"datePublished":"2024-03-21T21:38:00+00:00","dateModified":"2026-01-05T14:17:01+00:00","breadcrumb":{"@id":"https:\/\/fvdrc.com\/es\/formularios-de-solicitud\/#breadcrumb"},"inLanguage":"es-ES","potentialAction":[{"@type":"ReadAction","target":["https:\/\/fvdrc.com\/es\/formularios-de-solicitud\/"]}]},{"@type":"BreadcrumbList","@id":"https:\/\/fvdrc.com\/es\/formularios-de-solicitud\/#breadcrumb","itemListElement":[{"@type":"ListItem","position":1,"name":"Home","item":"https:\/\/fvdrc.com\/es\/"},{"@type":"ListItem","position":2,"name":"Formularios de solicitud"}]},{"@type":"WebSite","@id":"https:\/\/fvdrc.com\/#website","url":"https:\/\/fvdrc.com\/","name":"Fruit and Vegetable Dispute Resolution Corporation","description":"Trade with Confidence","publisher":{"@id":"https:\/\/fvdrc.com\/#organization"},"potentialAction":[{"@type":"SearchAction","target":{"@type":"EntryPoint","urlTemplate":"https:\/\/fvdrc.com\/?s={search_term_string}"},"query-input":{"@type":"PropertyValueSpecification","valueRequired":true,"valueName":"search_term_string"}}],"inLanguage":"es-ES"},{"@type":"Organization","@id":"https:\/\/fvdrc.com\/#organization","name":"Fruit and Vegetable Dispute Resolution Corporation","url":"https:\/\/fvdrc.com\/","logo":{"@type":"ImageObject","inLanguage":"es-ES","@id":"https:\/\/fvdrc.com\/#\/schema\/logo\/image\/","url":"https:\/\/fvdrc.com\/wp-content\/uploads\/2020\/06\/DRC-logo@2x.png","contentUrl":"https:\/\/fvdrc.com\/wp-content\/uploads\/2020\/06\/DRC-logo@2x.png","width":261,"height":140,"caption":"Fruit and Vegetable Dispute Resolution Corporation"},"image":{"@id":"https:\/\/fvdrc.com\/#\/schema\/logo\/image\/"}}]}},"featured_image_src":null,"featured_image_src_square":null,"uagb_featured_image_src":{"full":false,"thumbnail":false,"medium":false,"medium_large":false,"large":false,"gs-tiny":false,"xl":false,"xxl":false,"xxxl":false,"xxxxl":false,"xxxxxl":false,"1536x1536":false,"2048x2048":false,"gb-block-post-grid-landscape":false,"gb-block-post-grid-square":false,"post-thumbnail":false,"twentytwenty-fullscreen":false},"uagb_author_info":{"display_name":"DRC","author_link":"https:\/\/fvdrc.com\/es\/solutions\/author\/drc\/"},"uagb_comment_info":0,"uagb_excerpt":"CONVERTIRSE EN MIEMBRO Entre los miembros de la DRC se incluyen: Productores, expedidores, mayoristas, minoristas, distribuidores para los servicios alimentarios y corredores que manejan frutas y hortalizas frescas. Transportistas, intermediarios del transporte y contratistas de fletes que est\u00e1n involucrados en el transporte de frutas u hortalizas frescas. Para postularse, elija el formulario de solicitud (PDF&hellip;","_links":{"self":[{"href":"https:\/\/fvdrc.com\/es\/wp-json\/wp\/v2\/pages\/9709","targetHints":{"allow":["GET"]}}],"collection":[{"href":"https:\/\/fvdrc.com\/es\/wp-json\/wp\/v2\/pages"}],"about":[{"href":"https:\/\/fvdrc.com\/es\/wp-json\/wp\/v2\/types\/page"}],"author":[{"embeddable":true,"href":"https:\/\/fvdrc.com\/es\/wp-json\/wp\/v2\/users\/2"}],"replies":[{"embeddable":true,"href":"https:\/\/fvdrc.com\/es\/wp-json\/wp\/v2\/comments?post=9709"}],"version-history":[{"count":40,"href":"https:\/\/fvdrc.com\/es\/wp-json\/wp\/v2\/pages\/9709\/revisions"}],"predecessor-version":[{"id":14818,"href":"https:\/\/fvdrc.com\/es\/wp-json\/wp\/v2\/pages\/9709\/revisions\/14818"}],"wp:attachment":[{"href":"https:\/\/fvdrc.com\/es\/wp-json\/wp\/v2\/media?parent=9709"}],"curies":[{"name":"wp","href":"https:\/\/api.w.org\/{rel}","templated":true}]}}