{"id":7875,"date":"2023-05-17T15:47:47","date_gmt":"2023-05-17T19:47:47","guid":{"rendered":"https:\/\/www.fvdrc.com\/events-2\/"},"modified":"2026-01-08T12:27:33","modified_gmt":"2026-01-08T17:27:33","slug":"eventos-2","status":"publish","type":"page","link":"https:\/\/fvdrc.com\/es\/eventos-2\/","title":{"rendered":"Eventos"},"content":{"rendered":"\n<p>\u00bfAsistir\u00e1 a una feria comercial o a una conferencia enfocada en la industria de productos frescos? Lo m\u00e1s probable es que nosotros tambi\u00e9n estemos all\u00ed. A la DRC le encanta participar en estos eventos, ya que ofrecen valiosas oportunidades de networking para conocer a profesionales del sector, entablar conversaciones cara a cara y compartir los beneficios de ser miembro de la DRC.<\/p>\n\n\n\n<h5><span style=\"color: #008000;\">EVENTOS EN LOS QUE EXPONEMOS:<\/span><\/h5>\n<ul>\n<li><span style=\"color: #000000;\"><a style=\"color: #000000;\" title=\"Fruit Logistica\" href=\"https:\/\/www.fruitlogistica.com\/\" target=\"_blank\" rel=\"noopener\"><strong>Fruit Logistica<\/strong><\/a><\/span><br \/><span style=\"color: #000000;\">Del 4 al 6 de febrero de 2026 en Berl\u00edn, Alemania<br \/>Vis\u00edtanos en el pabell\u00f3n 25, stand B-22<br \/><\/span><\/li>\n<li><span style=\"color: #000000;\"><a style=\"color: #000000;\" title=\"CPMA Convention &amp; Trade Show 2026\" href=\"https:\/\/convention.cpma.ca\/\" target=\"_blank\" rel=\"noopener\"><strong>Convenci\u00f3n y Feria de la CPMA<\/strong><\/a><\/span><br \/><span style=\"color: #000000;\">Del 28 al 30 de abril de 2026 en Toronto, Canad\u00e1<br \/>Vis\u00edtanos en el stand 124<br \/><\/span><\/li>\n<li><span style=\"color: #000000;\"><a style=\"color: #000000;\" title=\"Expoalimentaria 2026\" href=\"https:\/\/expoalimentariaperu.com\/\" target=\"_blank\" rel=\"noopener\"><b>Expoalimentaria<\/b><\/a><\/span><br \/><span style=\"color: #000000;\">Del 23 al 25 de septiembre de 2026 en Lima, Per\u00fa<\/span><\/li>\n<li><span style=\"color: #000000;\"><a style=\"color: #000000;\" title=\"Fruit Attraction 2026\" href=\"https:\/\/www.ifema.es\/en\/fruit-attraction\" target=\"_blank\" rel=\"noopener\"><b>Fruit Attraction<\/b><\/a><\/span><br \/><span style=\"color: #000000;\">Del 6 al 8 de octubre de 2026 en Madrid, Espa\u00f1a<\/span><\/li>\n<li><span style=\"color: #000000;\"><strong>IFPA,\u00a0<a style=\"color: #000000;\" title=\"Global Produce &amp; Floral Show 2026\" href=\"https:\/\/www.freshproduce.com\/events\/the-global-produce-and-floral-show\/\" target=\"_blank\" rel=\"noopener\">Global Produce &amp; Floral Show 2026<\/a><\/strong><\/span><br \/><span style=\"color: #000000;\">Del 14 al 16 de octubre de 2026 en Orlando, Estados Unidos<\/span><\/li>\n<\/ul>\n<p>\u00bfTe gustar\u00eda reunirte con un representante de la DRC en alguno de estos eventos? Para ponernos de acuerdo, m\u00e1ndanos un correo a <a title=\"info@fvdrc.com\" href=\"mailto:info@fvdrc.com\" target=\"_blank\" rel=\"noopener\">info@fvdrc.com<\/a>.<\/p>\n<p>Nos encanta tener la oportunidad de conectar contigo y esperamos con mucho gusto poder conocerte en persona.<\/p>\n","protected":false},"excerpt":{"rendered":"<p>\u00bfAsistir\u00e1 a una feria comercial o a una conferencia enfocada en la industria de productos frescos? Lo m\u00e1s probable es que nosotros tambi\u00e9n estemos all\u00ed. A la DRC le encanta participar en estos eventos, ya que ofrecen valiosas oportunidades de networking para conocer a profesionales del sector, entablar conversaciones cara a cara y compartir los [&hellip;]<\/p>\n","protected":false},"author":2,"featured_media":0,"parent":0,"menu_order":0,"comment_status":"closed","ping_status":"closed","template":"","meta":{"_acf_changed":false,"_coblocks_attr":"","_coblocks_dimensions":"","_coblocks_responsive_height":"","_coblocks_accordion_ie_support":"","om_disable_all_campaigns":false,"_uag_custom_page_level_css":"","_monsterinsights_skip_tracking":false,"_monsterinsights_sitenote_active":false,"_monsterinsights_sitenote_note":"","_monsterinsights_sitenote_category":0,"_uf_show_specific_survey":0,"_uf_disable_surveys":false,"footnotes":""},"class_list":["post-7875","page","type-page","status-publish","hentry"],"acf":[],"aioseo_notices":[],"yoast_head":"<!-- This site is optimized with the Yoast SEO plugin v27.4 - https:\/\/yoast.com\/product\/yoast-seo-wordpress\/ -->\n<title>Eventos - Fruit and Vegetable Dispute Resolution Corporation<\/title>\n<meta name=\"description\" content=\"\u00bfAsistir\u00e1 a una feria comercial o conferencia enfocada en la industria de productos frescos? Lo m\u00e1s probable es que nosotros ...\" \/>\n<meta name=\"robots\" content=\"index, follow, max-snippet:-1, max-image-preview:large, max-video-preview:-1\" \/>\n<link rel=\"canonical\" href=\"https:\/\/fvdrc.com\/es\/eventos-2\/\" \/>\n<meta property=\"og:locale\" content=\"es_ES\" \/>\n<meta property=\"og:type\" content=\"article\" \/>\n<meta property=\"og:title\" content=\"Eventos - Fruit and Vegetable Dispute Resolution Corporation\" \/>\n<meta property=\"og:description\" content=\"\u00bfAsistir\u00e1 a una feria comercial o conferencia enfocada en la industria de productos frescos? Lo m\u00e1s probable es que nosotros ...\" \/>\n<meta property=\"og:url\" content=\"https:\/\/fvdrc.com\/es\/eventos-2\/\" \/>\n<meta property=\"og:site_name\" content=\"Fruit and Vegetable Dispute Resolution Corporation\" \/>\n<meta property=\"article:modified_time\" content=\"2026-01-08T17:27:33+00:00\" \/>\n<meta name=\"twitter:card\" content=\"summary_large_image\" \/>\n<meta name=\"twitter:label1\" content=\"Est. reading time\" \/>\n\t<meta name=\"twitter:data1\" content=\"1 minute\" \/>\n<script type=\"application\/ld+json\" class=\"yoast-schema-graph\">{\"@context\":\"https:\\\/\\\/schema.org\",\"@graph\":[{\"@type\":\"WebPage\",\"@id\":\"https:\\\/\\\/fvdrc.com\\\/es\\\/eventos-2\\\/\",\"url\":\"https:\\\/\\\/fvdrc.com\\\/es\\\/eventos-2\\\/\",\"name\":\"Eventos - Fruit and Vegetable Dispute Resolution Corporation\",\"isPartOf\":{\"@id\":\"https:\\\/\\\/fvdrc.com\\\/#website\"},\"datePublished\":\"2023-05-17T19:47:47+00:00\",\"dateModified\":\"2026-01-08T17:27:33+00:00\",\"description\":\"\u00bfAsistir\u00e1 a una feria comercial o conferencia enfocada en la industria de productos frescos? Lo m\u00e1s probable es que nosotros ...\",\"breadcrumb\":{\"@id\":\"https:\\\/\\\/fvdrc.com\\\/es\\\/eventos-2\\\/#breadcrumb\"},\"inLanguage\":\"es-ES\",\"potentialAction\":[{\"@type\":\"ReadAction\",\"target\":[\"https:\\\/\\\/fvdrc.com\\\/es\\\/eventos-2\\\/\"]}]},{\"@type\":\"BreadcrumbList\",\"@id\":\"https:\\\/\\\/fvdrc.com\\\/es\\\/eventos-2\\\/#breadcrumb\",\"itemListElement\":[{\"@type\":\"ListItem\",\"position\":1,\"name\":\"Home\",\"item\":\"https:\\\/\\\/fvdrc.com\\\/es\\\/\"},{\"@type\":\"ListItem\",\"position\":2,\"name\":\"Eventos\"}]},{\"@type\":\"WebSite\",\"@id\":\"https:\\\/\\\/fvdrc.com\\\/#website\",\"url\":\"https:\\\/\\\/fvdrc.com\\\/\",\"name\":\"Fruit and Vegetable Dispute Resolution Corporation\",\"description\":\"Trade with Confidence\",\"publisher\":{\"@id\":\"https:\\\/\\\/fvdrc.com\\\/#organization\"},\"potentialAction\":[{\"@type\":\"SearchAction\",\"target\":{\"@type\":\"EntryPoint\",\"urlTemplate\":\"https:\\\/\\\/fvdrc.com\\\/?s={search_term_string}\"},\"query-input\":{\"@type\":\"PropertyValueSpecification\",\"valueRequired\":true,\"valueName\":\"search_term_string\"}}],\"inLanguage\":\"es-ES\"},{\"@type\":\"Organization\",\"@id\":\"https:\\\/\\\/fvdrc.com\\\/#organization\",\"name\":\"Fruit and Vegetable Dispute Resolution Corporation\",\"url\":\"https:\\\/\\\/fvdrc.com\\\/\",\"logo\":{\"@type\":\"ImageObject\",\"inLanguage\":\"es-ES\",\"@id\":\"https:\\\/\\\/fvdrc.com\\\/#\\\/schema\\\/logo\\\/image\\\/\",\"url\":\"https:\\\/\\\/fvdrc.com\\\/wp-content\\\/uploads\\\/2020\\\/06\\\/DRC-logo@2x.png\",\"contentUrl\":\"https:\\\/\\\/fvdrc.com\\\/wp-content\\\/uploads\\\/2020\\\/06\\\/DRC-logo@2x.png\",\"width\":261,\"height\":140,\"caption\":\"Fruit and Vegetable Dispute Resolution Corporation\"},\"image\":{\"@id\":\"https:\\\/\\\/fvdrc.com\\\/#\\\/schema\\\/logo\\\/image\\\/\"}}]}<\/script>\n<!-- \/ Yoast SEO plugin. -->","yoast_head_json":{"title":"Eventos - Fruit and Vegetable Dispute Resolution Corporation","description":"\u00bfAsistir\u00e1 a una feria comercial o conferencia enfocada en la industria de productos frescos? Lo m\u00e1s probable es que nosotros ...","robots":{"index":"index","follow":"follow","max-snippet":"max-snippet:-1","max-image-preview":"max-image-preview:large","max-video-preview":"max-video-preview:-1"},"canonical":"https:\/\/fvdrc.com\/es\/eventos-2\/","og_locale":"es_ES","og_type":"article","og_title":"Eventos - Fruit and Vegetable Dispute Resolution Corporation","og_description":"\u00bfAsistir\u00e1 a una feria comercial o conferencia enfocada en la industria de productos frescos? Lo m\u00e1s probable es que nosotros ...","og_url":"https:\/\/fvdrc.com\/es\/eventos-2\/","og_site_name":"Fruit and Vegetable Dispute Resolution Corporation","article_modified_time":"2026-01-08T17:27:33+00:00","twitter_card":"summary_large_image","twitter_misc":{"Est. reading time":"1 minute"},"schema":{"@context":"https:\/\/schema.org","@graph":[{"@type":"WebPage","@id":"https:\/\/fvdrc.com\/es\/eventos-2\/","url":"https:\/\/fvdrc.com\/es\/eventos-2\/","name":"Eventos - Fruit and Vegetable Dispute Resolution Corporation","isPartOf":{"@id":"https:\/\/fvdrc.com\/#website"},"datePublished":"2023-05-17T19:47:47+00:00","dateModified":"2026-01-08T17:27:33+00:00","description":"\u00bfAsistir\u00e1 a una feria comercial o conferencia enfocada en la industria de productos frescos? Lo m\u00e1s probable es que nosotros ...","breadcrumb":{"@id":"https:\/\/fvdrc.com\/es\/eventos-2\/#breadcrumb"},"inLanguage":"es-ES","potentialAction":[{"@type":"ReadAction","target":["https:\/\/fvdrc.com\/es\/eventos-2\/"]}]},{"@type":"BreadcrumbList","@id":"https:\/\/fvdrc.com\/es\/eventos-2\/#breadcrumb","itemListElement":[{"@type":"ListItem","position":1,"name":"Home","item":"https:\/\/fvdrc.com\/es\/"},{"@type":"ListItem","position":2,"name":"Eventos"}]},{"@type":"WebSite","@id":"https:\/\/fvdrc.com\/#website","url":"https:\/\/fvdrc.com\/","name":"Fruit and Vegetable Dispute Resolution Corporation","description":"Trade with Confidence","publisher":{"@id":"https:\/\/fvdrc.com\/#organization"},"potentialAction":[{"@type":"SearchAction","target":{"@type":"EntryPoint","urlTemplate":"https:\/\/fvdrc.com\/?s={search_term_string}"},"query-input":{"@type":"PropertyValueSpecification","valueRequired":true,"valueName":"search_term_string"}}],"inLanguage":"es-ES"},{"@type":"Organization","@id":"https:\/\/fvdrc.com\/#organization","name":"Fruit and Vegetable Dispute Resolution Corporation","url":"https:\/\/fvdrc.com\/","logo":{"@type":"ImageObject","inLanguage":"es-ES","@id":"https:\/\/fvdrc.com\/#\/schema\/logo\/image\/","url":"https:\/\/fvdrc.com\/wp-content\/uploads\/2020\/06\/DRC-logo@2x.png","contentUrl":"https:\/\/fvdrc.com\/wp-content\/uploads\/2020\/06\/DRC-logo@2x.png","width":261,"height":140,"caption":"Fruit and Vegetable Dispute Resolution Corporation"},"image":{"@id":"https:\/\/fvdrc.com\/#\/schema\/logo\/image\/"}}]}},"featured_image_src":null,"featured_image_src_square":null,"uagb_featured_image_src":{"full":false,"thumbnail":false,"medium":false,"medium_large":false,"large":false,"gs-tiny":false,"xl":false,"xxl":false,"xxxl":false,"xxxxl":false,"xxxxxl":false,"1536x1536":false,"2048x2048":false,"gb-block-post-grid-landscape":false,"gb-block-post-grid-square":false,"post-thumbnail":false,"twentytwenty-fullscreen":false},"uagb_author_info":{"display_name":"DRC","author_link":"https:\/\/fvdrc.com\/es\/solutions\/author\/drc\/"},"uagb_comment_info":0,"uagb_excerpt":"\u00bfAsistir\u00e1 a una feria comercial o a una conferencia enfocada en la industria de productos frescos? Lo m\u00e1s probable es que nosotros tambi\u00e9n estemos all\u00ed. A la DRC le encanta participar en estos eventos, ya que ofrecen valiosas oportunidades de networking para conocer a profesionales del sector, entablar conversaciones cara a cara y compartir los&hellip;","_links":{"self":[{"href":"https:\/\/fvdrc.com\/es\/wp-json\/wp\/v2\/pages\/7875","targetHints":{"allow":["GET"]}}],"collection":[{"href":"https:\/\/fvdrc.com\/es\/wp-json\/wp\/v2\/pages"}],"about":[{"href":"https:\/\/fvdrc.com\/es\/wp-json\/wp\/v2\/types\/page"}],"author":[{"embeddable":true,"href":"https:\/\/fvdrc.com\/es\/wp-json\/wp\/v2\/users\/2"}],"replies":[{"embeddable":true,"href":"https:\/\/fvdrc.com\/es\/wp-json\/wp\/v2\/comments?post=7875"}],"version-history":[{"count":45,"href":"https:\/\/fvdrc.com\/es\/wp-json\/wp\/v2\/pages\/7875\/revisions"}],"predecessor-version":[{"id":14892,"href":"https:\/\/fvdrc.com\/es\/wp-json\/wp\/v2\/pages\/7875\/revisions\/14892"}],"wp:attachment":[{"href":"https:\/\/fvdrc.com\/es\/wp-json\/wp\/v2\/media?parent=7875"}],"curies":[{"name":"wp","href":"https:\/\/api.w.org\/{rel}","templated":true}]}}