{"id":590,"date":"2017-01-17T14:44:44","date_gmt":"2017-01-17T19:44:44","guid":{"rendered":"https:\/\/www.fvdrc.com\/?page_id=590\/"},"modified":"2021-03-29T13:46:30","modified_gmt":"2021-03-29T17:46:30","slug":"directrices-de-buena-llegada","status":"publish","type":"page","link":"https:\/\/fvdrc.com\/es\/normas-comerciales\/directrices-de-buena-llegada\/","title":{"rendered":"Directrices de buena llegada"},"content":{"rendered":"\n<p class=\"ColorfulShading-Accent31\">La DRC ofrece normas, procedimientos y servicios armonizados a nuestros miembros para ayudarlos a evitar controversias comerciales.<\/p>\n\n\n\n<p>Respecto a la clasificaci\u00f3n y condici\u00f3n del producto, las partes pueden acordar cualquier norma espec\u00edfica antes del embarque, a condici\u00f3n que tales normas cumplan con cualquier clasificaci\u00f3n m\u00ednima y con las normas de condici\u00f3n aplicables que hayan sido establecidas por el pa\u00eds importador o por el pa\u00eds exportador.&nbsp; <\/p>\n\n\n\n<p>En la ausencia de un acuerdo sobre clasificaciones no se puede asumir ninguna clasificaci\u00f3n pero, en tal caso, los c\u00e1lculos de conformidad con el contrato se basar\u00e1n en las Directrices de Buena Llegada de la Corporaci\u00f3n.<\/p>\n\n\n\n<div class=\"wp-block-coblocks-accordion\">\n<div class=\"wp-block-coblocks-accordion-item\"><details><summary class=\"wp-block-coblocks-accordion-item__title\">V\u00e9anse las Directrices de buena llegada de la DRC<\/summary><div class=\"wp-block-coblocks-accordion-item__content\">\n<div class=\"wp-block-buttons multi-buttons is-layout-flex wp-block-buttons-is-layout-flex\">\n<div class=\"wp-block-button\"><a class=\"wp-block-button__link\" href=\"https:\/\/fvdrc.com\/wp-content\/uploads\/2017\/01\/Good_Arrival_Guidelines_FINAL_May_26_2016_spanish.pdf\" target=\"_blank\" rel=\"noreferrer noopener\">DESCARGUE EL PDF<\/a><\/div>\n\n\n\n<div class=\"wp-block-button\"><a class=\"wp-block-button__link\" href=\"https:\/\/fvdrc.com\/es\/membresia\/normas\/directrices-de-buena-llegada\/directrices-de-buena-llegada-de-la-drc\/\">VER<\/a><\/div>\n<\/div>\n<\/div><\/details><\/div>\n<\/div>\n","protected":false},"excerpt":{"rendered":"<p>La DRC ofrece normas, procedimientos y servicios armonizados a nuestros miembros para ayudarlos a evitar controversias comerciales. Respecto a la clasificaci\u00f3n y condici\u00f3n del producto, las partes pueden acordar cualquier norma espec\u00edfica antes del embarque, a condici\u00f3n que tales normas cumplan con cualquier clasificaci\u00f3n m\u00ednima y con las normas de condici\u00f3n aplicables que hayan sido [&hellip;]<\/p>\n","protected":false},"author":2,"featured_media":0,"parent":12577,"menu_order":43,"comment_status":"closed","ping_status":"closed","template":"","meta":{"_acf_changed":false,"_coblocks_attr":"","_coblocks_dimensions":"","_coblocks_responsive_height":"","_coblocks_accordion_ie_support":"","om_disable_all_campaigns":false,"_uag_custom_page_level_css":"","_monsterinsights_skip_tracking":false,"_monsterinsights_sitenote_active":false,"_monsterinsights_sitenote_note":"","_monsterinsights_sitenote_category":0,"_uf_show_specific_survey":0,"_uf_disable_surveys":false,"footnotes":""},"class_list":["post-590","page","type-page","status-publish","hentry"],"acf":[],"aioseo_notices":[],"yoast_head":"<!-- This site is optimized with the Yoast SEO plugin v27.4 - https:\/\/yoast.com\/product\/yoast-seo-wordpress\/ -->\n<title>Directrices de buena llegada - Fruit and Vegetable Dispute Resolution Corporation<\/title>\n<meta name=\"robots\" content=\"index, follow, max-snippet:-1, max-image-preview:large, max-video-preview:-1\" \/>\n<link rel=\"canonical\" href=\"https:\/\/fvdrc.com\/es\/membresia\/normas\/directrices-de-buena-llegada\/\" \/>\n<meta property=\"og:locale\" content=\"es_ES\" \/>\n<meta property=\"og:type\" content=\"article\" \/>\n<meta property=\"og:title\" content=\"Directrices de buena llegada - Fruit and Vegetable Dispute Resolution Corporation\" \/>\n<meta property=\"og:description\" content=\"La DRC ofrece normas, procedimientos y servicios armonizados a nuestros miembros para ayudarlos a evitar controversias comerciales. Respecto a la clasificaci\u00f3n y condici\u00f3n del producto, las partes pueden acordar cualquier norma espec\u00edfica antes del embarque, a condici\u00f3n que tales normas cumplan con cualquier clasificaci\u00f3n m\u00ednima y con las normas de condici\u00f3n aplicables que hayan sido [&hellip;]\" \/>\n<meta property=\"og:url\" content=\"https:\/\/fvdrc.com\/es\/membresia\/normas\/directrices-de-buena-llegada\/\" \/>\n<meta property=\"og:site_name\" content=\"Fruit and Vegetable Dispute Resolution Corporation\" \/>\n<meta property=\"article:modified_time\" content=\"2021-03-29T17:46:30+00:00\" \/>\n<meta name=\"twitter:card\" content=\"summary_large_image\" \/>\n<meta name=\"twitter:label1\" content=\"Est. reading time\" \/>\n\t<meta name=\"twitter:data1\" content=\"1 minute\" \/>\n<script type=\"application\/ld+json\" class=\"yoast-schema-graph\">{\"@context\":\"https:\\\/\\\/schema.org\",\"@graph\":[{\"@type\":\"WebPage\",\"@id\":\"https:\\\/\\\/fvdrc.com\\\/es\\\/membresia\\\/normas\\\/directrices-de-buena-llegada\\\/\",\"url\":\"https:\\\/\\\/fvdrc.com\\\/es\\\/membresia\\\/normas\\\/directrices-de-buena-llegada\\\/\",\"name\":\"Directrices de buena llegada - Fruit and Vegetable Dispute Resolution Corporation\",\"isPartOf\":{\"@id\":\"https:\\\/\\\/fvdrc.com\\\/#website\"},\"datePublished\":\"2017-01-17T19:44:44+00:00\",\"dateModified\":\"2021-03-29T17:46:30+00:00\",\"breadcrumb\":{\"@id\":\"https:\\\/\\\/fvdrc.com\\\/es\\\/membresia\\\/normas\\\/directrices-de-buena-llegada\\\/#breadcrumb\"},\"inLanguage\":\"es-ES\",\"potentialAction\":[{\"@type\":\"ReadAction\",\"target\":[\"https:\\\/\\\/fvdrc.com\\\/es\\\/membresia\\\/normas\\\/directrices-de-buena-llegada\\\/\"]}]},{\"@type\":\"BreadcrumbList\",\"@id\":\"https:\\\/\\\/fvdrc.com\\\/es\\\/membresia\\\/normas\\\/directrices-de-buena-llegada\\\/#breadcrumb\",\"itemListElement\":[{\"@type\":\"ListItem\",\"position\":1,\"name\":\"Home\",\"item\":\"https:\\\/\\\/fvdrc.com\\\/es\\\/\"},{\"@type\":\"ListItem\",\"position\":2,\"name\":\"Membres\u00eda\",\"item\":\"https:\\\/\\\/fvdrc.com\\\/es\\\/membresia\\\/\"},{\"@type\":\"ListItem\",\"position\":3,\"name\":\"Normas\",\"item\":\"https:\\\/\\\/fvdrc.com\\\/es\\\/membresia\\\/normas\\\/\"},{\"@type\":\"ListItem\",\"position\":4,\"name\":\"Directrices de buena llegada\"}]},{\"@type\":\"WebSite\",\"@id\":\"https:\\\/\\\/fvdrc.com\\\/#website\",\"url\":\"https:\\\/\\\/fvdrc.com\\\/\",\"name\":\"Fruit and Vegetable Dispute Resolution Corporation\",\"description\":\"Trade with Confidence\",\"publisher\":{\"@id\":\"https:\\\/\\\/fvdrc.com\\\/#organization\"},\"potentialAction\":[{\"@type\":\"SearchAction\",\"target\":{\"@type\":\"EntryPoint\",\"urlTemplate\":\"https:\\\/\\\/fvdrc.com\\\/?s={search_term_string}\"},\"query-input\":{\"@type\":\"PropertyValueSpecification\",\"valueRequired\":true,\"valueName\":\"search_term_string\"}}],\"inLanguage\":\"es-ES\"},{\"@type\":\"Organization\",\"@id\":\"https:\\\/\\\/fvdrc.com\\\/#organization\",\"name\":\"Fruit and Vegetable Dispute Resolution Corporation\",\"url\":\"https:\\\/\\\/fvdrc.com\\\/\",\"logo\":{\"@type\":\"ImageObject\",\"inLanguage\":\"es-ES\",\"@id\":\"https:\\\/\\\/fvdrc.com\\\/#\\\/schema\\\/logo\\\/image\\\/\",\"url\":\"https:\\\/\\\/fvdrc.com\\\/wp-content\\\/uploads\\\/2020\\\/06\\\/DRC-logo@2x.png\",\"contentUrl\":\"https:\\\/\\\/fvdrc.com\\\/wp-content\\\/uploads\\\/2020\\\/06\\\/DRC-logo@2x.png\",\"width\":261,\"height\":140,\"caption\":\"Fruit and Vegetable Dispute Resolution Corporation\"},\"image\":{\"@id\":\"https:\\\/\\\/fvdrc.com\\\/#\\\/schema\\\/logo\\\/image\\\/\"}}]}<\/script>\n<!-- \/ Yoast SEO plugin. -->","yoast_head_json":{"title":"Directrices de buena llegada - Fruit and Vegetable Dispute Resolution Corporation","robots":{"index":"index","follow":"follow","max-snippet":"max-snippet:-1","max-image-preview":"max-image-preview:large","max-video-preview":"max-video-preview:-1"},"canonical":"https:\/\/fvdrc.com\/es\/membresia\/normas\/directrices-de-buena-llegada\/","og_locale":"es_ES","og_type":"article","og_title":"Directrices de buena llegada - Fruit and Vegetable Dispute Resolution Corporation","og_description":"La DRC ofrece normas, procedimientos y servicios armonizados a nuestros miembros para ayudarlos a evitar controversias comerciales. Respecto a la clasificaci\u00f3n y condici\u00f3n del producto, las partes pueden acordar cualquier norma espec\u00edfica antes del embarque, a condici\u00f3n que tales normas cumplan con cualquier clasificaci\u00f3n m\u00ednima y con las normas de condici\u00f3n aplicables que hayan sido [&hellip;]","og_url":"https:\/\/fvdrc.com\/es\/membresia\/normas\/directrices-de-buena-llegada\/","og_site_name":"Fruit and Vegetable Dispute Resolution Corporation","article_modified_time":"2021-03-29T17:46:30+00:00","twitter_card":"summary_large_image","twitter_misc":{"Est. reading time":"1 minute"},"schema":{"@context":"https:\/\/schema.org","@graph":[{"@type":"WebPage","@id":"https:\/\/fvdrc.com\/es\/membresia\/normas\/directrices-de-buena-llegada\/","url":"https:\/\/fvdrc.com\/es\/membresia\/normas\/directrices-de-buena-llegada\/","name":"Directrices de buena llegada - Fruit and Vegetable Dispute Resolution Corporation","isPartOf":{"@id":"https:\/\/fvdrc.com\/#website"},"datePublished":"2017-01-17T19:44:44+00:00","dateModified":"2021-03-29T17:46:30+00:00","breadcrumb":{"@id":"https:\/\/fvdrc.com\/es\/membresia\/normas\/directrices-de-buena-llegada\/#breadcrumb"},"inLanguage":"es-ES","potentialAction":[{"@type":"ReadAction","target":["https:\/\/fvdrc.com\/es\/membresia\/normas\/directrices-de-buena-llegada\/"]}]},{"@type":"BreadcrumbList","@id":"https:\/\/fvdrc.com\/es\/membresia\/normas\/directrices-de-buena-llegada\/#breadcrumb","itemListElement":[{"@type":"ListItem","position":1,"name":"Home","item":"https:\/\/fvdrc.com\/es\/"},{"@type":"ListItem","position":2,"name":"Membres\u00eda","item":"https:\/\/fvdrc.com\/es\/membresia\/"},{"@type":"ListItem","position":3,"name":"Normas","item":"https:\/\/fvdrc.com\/es\/membresia\/normas\/"},{"@type":"ListItem","position":4,"name":"Directrices de buena llegada"}]},{"@type":"WebSite","@id":"https:\/\/fvdrc.com\/#website","url":"https:\/\/fvdrc.com\/","name":"Fruit and Vegetable Dispute Resolution Corporation","description":"Trade with Confidence","publisher":{"@id":"https:\/\/fvdrc.com\/#organization"},"potentialAction":[{"@type":"SearchAction","target":{"@type":"EntryPoint","urlTemplate":"https:\/\/fvdrc.com\/?s={search_term_string}"},"query-input":{"@type":"PropertyValueSpecification","valueRequired":true,"valueName":"search_term_string"}}],"inLanguage":"es-ES"},{"@type":"Organization","@id":"https:\/\/fvdrc.com\/#organization","name":"Fruit and Vegetable Dispute Resolution Corporation","url":"https:\/\/fvdrc.com\/","logo":{"@type":"ImageObject","inLanguage":"es-ES","@id":"https:\/\/fvdrc.com\/#\/schema\/logo\/image\/","url":"https:\/\/fvdrc.com\/wp-content\/uploads\/2020\/06\/DRC-logo@2x.png","contentUrl":"https:\/\/fvdrc.com\/wp-content\/uploads\/2020\/06\/DRC-logo@2x.png","width":261,"height":140,"caption":"Fruit and Vegetable Dispute Resolution Corporation"},"image":{"@id":"https:\/\/fvdrc.com\/#\/schema\/logo\/image\/"}}]}},"featured_image_src":null,"featured_image_src_square":null,"uagb_featured_image_src":{"full":false,"thumbnail":false,"medium":false,"medium_large":false,"large":false,"gs-tiny":false,"xl":false,"xxl":false,"xxxl":false,"xxxxl":false,"xxxxxl":false,"1536x1536":false,"2048x2048":false,"gb-block-post-grid-landscape":false,"gb-block-post-grid-square":false,"post-thumbnail":false,"twentytwenty-fullscreen":false},"uagb_author_info":{"display_name":"DRC","author_link":"https:\/\/fvdrc.com\/es\/solutions\/author\/drc\/"},"uagb_comment_info":0,"uagb_excerpt":"La DRC ofrece normas, procedimientos y servicios armonizados a nuestros miembros para ayudarlos a evitar controversias comerciales. Respecto a la clasificaci\u00f3n y condici\u00f3n del producto, las partes pueden acordar cualquier norma espec\u00edfica antes del embarque, a condici\u00f3n que tales normas cumplan con cualquier clasificaci\u00f3n m\u00ednima y con las normas de condici\u00f3n aplicables que hayan sido&hellip;","_links":{"self":[{"href":"https:\/\/fvdrc.com\/es\/wp-json\/wp\/v2\/pages\/590","targetHints":{"allow":["GET"]}}],"collection":[{"href":"https:\/\/fvdrc.com\/es\/wp-json\/wp\/v2\/pages"}],"about":[{"href":"https:\/\/fvdrc.com\/es\/wp-json\/wp\/v2\/types\/page"}],"author":[{"embeddable":true,"href":"https:\/\/fvdrc.com\/es\/wp-json\/wp\/v2\/users\/2"}],"replies":[{"embeddable":true,"href":"https:\/\/fvdrc.com\/es\/wp-json\/wp\/v2\/comments?post=590"}],"version-history":[{"count":5,"href":"https:\/\/fvdrc.com\/es\/wp-json\/wp\/v2\/pages\/590\/revisions"}],"predecessor-version":[{"id":5045,"href":"https:\/\/fvdrc.com\/es\/wp-json\/wp\/v2\/pages\/590\/revisions\/5045"}],"up":[{"embeddable":true,"href":"https:\/\/fvdrc.com\/es\/wp-json\/wp\/v2\/pages\/12577"}],"wp:attachment":[{"href":"https:\/\/fvdrc.com\/es\/wp-json\/wp\/v2\/media?parent=590"}],"curies":[{"name":"wp","href":"https:\/\/api.w.org\/{rel}","templated":true}]}}