{"id":589,"date":"2017-01-17T14:00:43","date_gmt":"2017-01-17T19:00:43","guid":{"rendered":"https:\/\/www.fvdrc.com\/?page_id=589\/"},"modified":"2021-03-29T13:39:05","modified_gmt":"2021-03-29T17:39:05","slug":"directrices-de-inspeccion","status":"publish","type":"page","link":"https:\/\/fvdrc.com\/es\/normas-comerciales\/directrices-de-inspeccion\/","title":{"rendered":"Directrices de Inspecci\u00f3n"},"content":{"rendered":"\n<p>Las Directrices de buena inspecci\u00f3n de la DRC abordan los servicios de inspecci\u00f3n en el lugar de destino, la pol\u00edtica de inspecci\u00f3n, las normas de inspecci\u00f3n y los elementos de la inspecci\u00f3n.<\/p>\n\n\n\n<div class=\"wp-block-coblocks-accordion\">\n<div class=\"wp-block-coblocks-accordion-item\"><details><summary class=\"wp-block-coblocks-accordion-item__title\">V\u00e9anse las Directrices de inspecci\u00f3n de la DRC<\/summary><div class=\"wp-block-coblocks-accordion-item__content\">\n<div class=\"wp-block-buttons multi-buttons is-layout-flex wp-block-buttons-is-layout-flex\">\n<div class=\"wp-block-button\"><a class=\"wp-block-button__link\" href=\"https:\/\/fvdrc.com\/wp-content\/uploads\/2017\/01\/Good_Inspection_Guidelines_December_4_2008_spanish.pdf\" target=\"_blank\" rel=\"noreferrer noopener\">DESCARGUE EL PDF<\/a><\/div>\n\n\n\n<div class=\"wp-block-button\"><a class=\"wp-block-button__link\" href=\"https:\/\/fvdrc.com\/es\/membresia\/normas\/directrices-de-inspeccion\/directrices-de-buena-inspeccion-para-la-corporacion-de-solucion-de-controversias-sobre-frutas-y-hortalizas-drc\/\">VER<\/a><\/div>\n<\/div>\n<\/div><\/details><\/div>\n<\/div>\n","protected":false},"excerpt":{"rendered":"<p>Las Directrices de buena inspecci\u00f3n de la DRC abordan los servicios de inspecci\u00f3n en el lugar de destino, la pol\u00edtica de inspecci\u00f3n, las normas de inspecci\u00f3n y los elementos de la inspecci\u00f3n.<\/p>\n","protected":false},"author":2,"featured_media":0,"parent":12577,"menu_order":49,"comment_status":"closed","ping_status":"closed","template":"","meta":{"_acf_changed":false,"_coblocks_attr":"","_coblocks_dimensions":"","_coblocks_responsive_height":"","_coblocks_accordion_ie_support":"","om_disable_all_campaigns":false,"_uag_custom_page_level_css":"","_monsterinsights_skip_tracking":false,"_monsterinsights_sitenote_active":false,"_monsterinsights_sitenote_note":"","_monsterinsights_sitenote_category":0,"_uf_show_specific_survey":0,"_uf_disable_surveys":false,"footnotes":""},"class_list":["post-589","page","type-page","status-publish","hentry"],"acf":[],"aioseo_notices":[],"yoast_head":"<!-- This site is optimized with the Yoast SEO plugin v27.4 - https:\/\/yoast.com\/product\/yoast-seo-wordpress\/ -->\n<title>Directrices de Inspecci\u00f3n - Fruit and Vegetable Dispute Resolution Corporation<\/title>\n<meta name=\"robots\" content=\"index, follow, max-snippet:-1, max-image-preview:large, max-video-preview:-1\" \/>\n<link rel=\"canonical\" href=\"https:\/\/fvdrc.com\/es\/membresia\/normas\/directrices-de-inspeccion\/\" \/>\n<meta property=\"og:locale\" content=\"es_ES\" \/>\n<meta property=\"og:type\" content=\"article\" \/>\n<meta property=\"og:title\" content=\"Directrices de Inspecci\u00f3n - Fruit and Vegetable Dispute Resolution Corporation\" \/>\n<meta property=\"og:description\" content=\"Las Directrices de buena inspecci\u00f3n de la DRC abordan los servicios de inspecci\u00f3n en el lugar de destino, la pol\u00edtica de inspecci\u00f3n, las normas de inspecci\u00f3n y los elementos de la inspecci\u00f3n.\" \/>\n<meta property=\"og:url\" content=\"https:\/\/fvdrc.com\/es\/membresia\/normas\/directrices-de-inspeccion\/\" \/>\n<meta property=\"og:site_name\" content=\"Fruit and Vegetable Dispute Resolution Corporation\" \/>\n<meta property=\"article:modified_time\" content=\"2021-03-29T17:39:05+00:00\" \/>\n<meta name=\"twitter:card\" content=\"summary_large_image\" \/>\n<meta name=\"twitter:label1\" content=\"Est. reading time\" \/>\n\t<meta name=\"twitter:data1\" content=\"1 minute\" \/>\n<script type=\"application\/ld+json\" class=\"yoast-schema-graph\">{\"@context\":\"https:\\\/\\\/schema.org\",\"@graph\":[{\"@type\":\"WebPage\",\"@id\":\"https:\\\/\\\/fvdrc.com\\\/es\\\/membresia\\\/normas\\\/directrices-de-inspeccion\\\/\",\"url\":\"https:\\\/\\\/fvdrc.com\\\/es\\\/membresia\\\/normas\\\/directrices-de-inspeccion\\\/\",\"name\":\"Directrices de Inspecci\u00f3n - Fruit and Vegetable Dispute Resolution Corporation\",\"isPartOf\":{\"@id\":\"https:\\\/\\\/fvdrc.com\\\/#website\"},\"datePublished\":\"2017-01-17T19:00:43+00:00\",\"dateModified\":\"2021-03-29T17:39:05+00:00\",\"breadcrumb\":{\"@id\":\"https:\\\/\\\/fvdrc.com\\\/es\\\/membresia\\\/normas\\\/directrices-de-inspeccion\\\/#breadcrumb\"},\"inLanguage\":\"es-ES\",\"potentialAction\":[{\"@type\":\"ReadAction\",\"target\":[\"https:\\\/\\\/fvdrc.com\\\/es\\\/membresia\\\/normas\\\/directrices-de-inspeccion\\\/\"]}]},{\"@type\":\"BreadcrumbList\",\"@id\":\"https:\\\/\\\/fvdrc.com\\\/es\\\/membresia\\\/normas\\\/directrices-de-inspeccion\\\/#breadcrumb\",\"itemListElement\":[{\"@type\":\"ListItem\",\"position\":1,\"name\":\"Home\",\"item\":\"https:\\\/\\\/fvdrc.com\\\/es\\\/\"},{\"@type\":\"ListItem\",\"position\":2,\"name\":\"Membres\u00eda\",\"item\":\"https:\\\/\\\/fvdrc.com\\\/es\\\/membresia\\\/\"},{\"@type\":\"ListItem\",\"position\":3,\"name\":\"Normas\",\"item\":\"https:\\\/\\\/fvdrc.com\\\/es\\\/membresia\\\/normas\\\/\"},{\"@type\":\"ListItem\",\"position\":4,\"name\":\"Directrices de Inspecci\u00f3n\"}]},{\"@type\":\"WebSite\",\"@id\":\"https:\\\/\\\/fvdrc.com\\\/#website\",\"url\":\"https:\\\/\\\/fvdrc.com\\\/\",\"name\":\"Fruit and Vegetable Dispute Resolution Corporation\",\"description\":\"Trade with Confidence\",\"publisher\":{\"@id\":\"https:\\\/\\\/fvdrc.com\\\/#organization\"},\"potentialAction\":[{\"@type\":\"SearchAction\",\"target\":{\"@type\":\"EntryPoint\",\"urlTemplate\":\"https:\\\/\\\/fvdrc.com\\\/?s={search_term_string}\"},\"query-input\":{\"@type\":\"PropertyValueSpecification\",\"valueRequired\":true,\"valueName\":\"search_term_string\"}}],\"inLanguage\":\"es-ES\"},{\"@type\":\"Organization\",\"@id\":\"https:\\\/\\\/fvdrc.com\\\/#organization\",\"name\":\"Fruit and Vegetable Dispute Resolution Corporation\",\"url\":\"https:\\\/\\\/fvdrc.com\\\/\",\"logo\":{\"@type\":\"ImageObject\",\"inLanguage\":\"es-ES\",\"@id\":\"https:\\\/\\\/fvdrc.com\\\/#\\\/schema\\\/logo\\\/image\\\/\",\"url\":\"https:\\\/\\\/fvdrc.com\\\/wp-content\\\/uploads\\\/2020\\\/06\\\/DRC-logo@2x.png\",\"contentUrl\":\"https:\\\/\\\/fvdrc.com\\\/wp-content\\\/uploads\\\/2020\\\/06\\\/DRC-logo@2x.png\",\"width\":261,\"height\":140,\"caption\":\"Fruit and Vegetable Dispute Resolution Corporation\"},\"image\":{\"@id\":\"https:\\\/\\\/fvdrc.com\\\/#\\\/schema\\\/logo\\\/image\\\/\"}}]}<\/script>\n<!-- \/ Yoast SEO plugin. -->","yoast_head_json":{"title":"Directrices de Inspecci\u00f3n - Fruit and Vegetable Dispute Resolution Corporation","robots":{"index":"index","follow":"follow","max-snippet":"max-snippet:-1","max-image-preview":"max-image-preview:large","max-video-preview":"max-video-preview:-1"},"canonical":"https:\/\/fvdrc.com\/es\/membresia\/normas\/directrices-de-inspeccion\/","og_locale":"es_ES","og_type":"article","og_title":"Directrices de Inspecci\u00f3n - Fruit and Vegetable Dispute Resolution Corporation","og_description":"Las Directrices de buena inspecci\u00f3n de la DRC abordan los servicios de inspecci\u00f3n en el lugar de destino, la pol\u00edtica de inspecci\u00f3n, las normas de inspecci\u00f3n y los elementos de la inspecci\u00f3n.","og_url":"https:\/\/fvdrc.com\/es\/membresia\/normas\/directrices-de-inspeccion\/","og_site_name":"Fruit and Vegetable Dispute Resolution Corporation","article_modified_time":"2021-03-29T17:39:05+00:00","twitter_card":"summary_large_image","twitter_misc":{"Est. reading time":"1 minute"},"schema":{"@context":"https:\/\/schema.org","@graph":[{"@type":"WebPage","@id":"https:\/\/fvdrc.com\/es\/membresia\/normas\/directrices-de-inspeccion\/","url":"https:\/\/fvdrc.com\/es\/membresia\/normas\/directrices-de-inspeccion\/","name":"Directrices de Inspecci\u00f3n - Fruit and Vegetable Dispute Resolution Corporation","isPartOf":{"@id":"https:\/\/fvdrc.com\/#website"},"datePublished":"2017-01-17T19:00:43+00:00","dateModified":"2021-03-29T17:39:05+00:00","breadcrumb":{"@id":"https:\/\/fvdrc.com\/es\/membresia\/normas\/directrices-de-inspeccion\/#breadcrumb"},"inLanguage":"es-ES","potentialAction":[{"@type":"ReadAction","target":["https:\/\/fvdrc.com\/es\/membresia\/normas\/directrices-de-inspeccion\/"]}]},{"@type":"BreadcrumbList","@id":"https:\/\/fvdrc.com\/es\/membresia\/normas\/directrices-de-inspeccion\/#breadcrumb","itemListElement":[{"@type":"ListItem","position":1,"name":"Home","item":"https:\/\/fvdrc.com\/es\/"},{"@type":"ListItem","position":2,"name":"Membres\u00eda","item":"https:\/\/fvdrc.com\/es\/membresia\/"},{"@type":"ListItem","position":3,"name":"Normas","item":"https:\/\/fvdrc.com\/es\/membresia\/normas\/"},{"@type":"ListItem","position":4,"name":"Directrices de Inspecci\u00f3n"}]},{"@type":"WebSite","@id":"https:\/\/fvdrc.com\/#website","url":"https:\/\/fvdrc.com\/","name":"Fruit and Vegetable Dispute Resolution Corporation","description":"Trade with Confidence","publisher":{"@id":"https:\/\/fvdrc.com\/#organization"},"potentialAction":[{"@type":"SearchAction","target":{"@type":"EntryPoint","urlTemplate":"https:\/\/fvdrc.com\/?s={search_term_string}"},"query-input":{"@type":"PropertyValueSpecification","valueRequired":true,"valueName":"search_term_string"}}],"inLanguage":"es-ES"},{"@type":"Organization","@id":"https:\/\/fvdrc.com\/#organization","name":"Fruit and Vegetable Dispute Resolution Corporation","url":"https:\/\/fvdrc.com\/","logo":{"@type":"ImageObject","inLanguage":"es-ES","@id":"https:\/\/fvdrc.com\/#\/schema\/logo\/image\/","url":"https:\/\/fvdrc.com\/wp-content\/uploads\/2020\/06\/DRC-logo@2x.png","contentUrl":"https:\/\/fvdrc.com\/wp-content\/uploads\/2020\/06\/DRC-logo@2x.png","width":261,"height":140,"caption":"Fruit and Vegetable Dispute Resolution Corporation"},"image":{"@id":"https:\/\/fvdrc.com\/#\/schema\/logo\/image\/"}}]}},"featured_image_src":null,"featured_image_src_square":null,"uagb_featured_image_src":{"full":false,"thumbnail":false,"medium":false,"medium_large":false,"large":false,"gs-tiny":false,"xl":false,"xxl":false,"xxxl":false,"xxxxl":false,"xxxxxl":false,"1536x1536":false,"2048x2048":false,"gb-block-post-grid-landscape":false,"gb-block-post-grid-square":false,"post-thumbnail":false,"twentytwenty-fullscreen":false},"uagb_author_info":{"display_name":"DRC","author_link":"https:\/\/fvdrc.com\/es\/solutions\/author\/drc\/"},"uagb_comment_info":0,"uagb_excerpt":"Las Directrices de buena inspecci\u00f3n de la DRC abordan los servicios de inspecci\u00f3n en el lugar de destino, la pol\u00edtica de inspecci\u00f3n, las normas de inspecci\u00f3n y los elementos de la inspecci\u00f3n.","_links":{"self":[{"href":"https:\/\/fvdrc.com\/es\/wp-json\/wp\/v2\/pages\/589","targetHints":{"allow":["GET"]}}],"collection":[{"href":"https:\/\/fvdrc.com\/es\/wp-json\/wp\/v2\/pages"}],"about":[{"href":"https:\/\/fvdrc.com\/es\/wp-json\/wp\/v2\/types\/page"}],"author":[{"embeddable":true,"href":"https:\/\/fvdrc.com\/es\/wp-json\/wp\/v2\/users\/2"}],"replies":[{"embeddable":true,"href":"https:\/\/fvdrc.com\/es\/wp-json\/wp\/v2\/comments?post=589"}],"version-history":[{"count":4,"href":"https:\/\/fvdrc.com\/es\/wp-json\/wp\/v2\/pages\/589\/revisions"}],"predecessor-version":[{"id":5038,"href":"https:\/\/fvdrc.com\/es\/wp-json\/wp\/v2\/pages\/589\/revisions\/5038"}],"up":[{"embeddable":true,"href":"https:\/\/fvdrc.com\/es\/wp-json\/wp\/v2\/pages\/12577"}],"wp:attachment":[{"href":"https:\/\/fvdrc.com\/es\/wp-json\/wp\/v2\/media?parent=589"}],"curies":[{"name":"wp","href":"https:\/\/api.w.org\/{rel}","templated":true}]}}