{"id":583,"date":"2017-01-17T14:00:19","date_gmt":"2017-01-17T19:00:19","guid":{"rendered":"https:\/\/www.fvdrc.com\/?page_id=583\/"},"modified":"2020-11-16T12:21:55","modified_gmt":"2020-11-16T17:21:55","slug":"plantillas-de-disputa","status":"publish","type":"page","link":"https:\/\/fvdrc.com\/es\/solucion-de-controversias\/plantillas-de-disputa\/","title":{"rendered":"Plantillas de disputa"},"content":{"rendered":"\n<p>Las siguientes plantillas se han agregado a nuestro sitio web para la comodidad de nuestros miembros.<\/p>\n\n\n\n<p>Antes de enviar su plantilla, comun\u00edquese con el Escritorio de Asesor\u00eda de la DRC para obtener orientaci\u00f3n. La Oficina de <a href=\"https:\/\/fvdrc.com\/es\/acerca-de\/contacto\/?cr=2\">Asistencia Comercial de la DRC<\/a> proporcionar\u00e1 una gu\u00eda de procedimiento paso a paso sobre qu\u00e9 esperar, qu\u00e9 formularios completar y cu\u00e1ndo enviar los formularios completados.<\/p>\n\n\n\n<h2 class=\"wp-block-heading\">Informal<\/h2>\n\n\n\n<div class=\"wp-block-coblocks-accordion\">\n<div class=\"wp-block-coblocks-accordion-item\"><details><summary class=\"wp-block-coblocks-accordion-item__title\">Notificaci\u00f3n de Controversia (NOD)<\/summary><div class=\"wp-block-coblocks-accordion-item__content\">\n<p>El demandante completa esta plantilla para iniciar el proceso de mediaci\u00f3n informal. Una vez que se haya preparado un informe completo de la transacci\u00f3n, junto con documentaci\u00f3n de apoyo, s\u00edrvase presentar la NOD firmada al Equipo de Asesor\u00eda Comercial de la DRC. Para que la DRC confirme la NOD, ambas partes deben haber sido miembros al momento de la transacci\u00f3n, y la controversia debe haber sucedido en los \u00faltimos 9 meses.<\/p>\n\n\n\n<p>La DRC brinda normas, procedimientos y servicios armonizados a nuestros miembros para ayudarlos a evitar controversias comerciales.<\/p>\n\n\n\n<p class=\"inline-button\"><a href=\"https:\/\/fvdrc.com\/wp-content\/uploads\/2018\/10\/DRC-NOTICE-OF-DISPUTE.doc\" target=\"_blank\" rel=\"noreferrer noopener\">Descargue la NOD<\/a><\/p>\n<\/div><\/details><\/div>\n\n\n\n<div class=\"wp-block-coblocks-accordion-item\"><details><summary class=\"wp-block-coblocks-accordion-item__title\">Respuesta a la Notificaci\u00f3n de Controversia (RNOD)<\/summary><div class=\"wp-block-coblocks-accordion-item__content\">\n<p>El demandado completa esta plantilla en un per\u00edodo de 7 d\u00edas de haber recibido la Confirmaci\u00f3n de recibo de la Notificaci\u00f3n de controversia (CNOD). Este formulario ya debi\u00f3 hab\u00e9rsele proporcionado con la CNOD. Si no est\u00e1 seguro de que sea el documento apropiado, s\u00edrvase ponerse en contacto con <a href=\"https:\/\/fvdrc.com\/es\/acerca-de\/contacto\/?cr=2\">Asesor\u00eda Comercial de la DRC<\/a>.<\/p>\n\n\n\n<p>La DRC brinda normas, procedimientos y servicios armonizados a nuestros miembros para ayudarlos a evitar controversias comerciales.<\/p>\n\n\n\n<p class=\"inline-button\"><a href=\"https:\/\/fvdrc.com\/wp-content\/uploads\/2018\/10\/DRC-Reply-to-Notice-of-Dispute.doc\" target=\"_blank\" rel=\"noreferrer noopener\">Descargue la RNOD<\/a><\/p>\n<\/div><\/details><\/div>\n\n\n\n<div class=\"wp-block-coblocks-accordion-item\"><details><summary class=\"wp-block-coblocks-accordion-item__title\">Plantilla de Respuesta Est\u00e1ndar (SRT)<\/summary><div class=\"wp-block-coblocks-accordion-item__content\">\n<p>Una vez que el demandante y el demandado hayan proporcionado su NOD y RNOD, respectivamente, la DRC a\u00fan puede necesitar informaci\u00f3n adicional. Si se le solicita compartir sus comentarios o documentaci\u00f3n de apoyo, este documento deber\u00eda utilizarse para su respuesta.<\/p>\n\n\n\n<p>La DRC brinda normas, procedimientos y servicios armonizados a nuestros miembros para ayudarlos a evitar controversias comerciales.<\/p>\n\n\n\n<p class=\"inline-button\"><a href=\"https:\/\/fvdrc.com\/wp-content\/uploads\/2018\/10\/DRC-Standard-Reply-Template.doc\" target=\"_blank\" rel=\"noreferrer noopener\">Descargue (SRT)<\/a><\/p>\n<\/div><\/details><\/div>\n<\/div>\n\n\n\n<h2 class=\"wp-block-heading\">Formal<\/h2>\n\n\n\n<div class=\"wp-block-coblocks-accordion\">\n<div class=\"wp-block-coblocks-accordion-item\"><details><summary class=\"wp-block-coblocks-accordion-item__title\">Planteamiento de la demanda (SOC)<\/summary><div class=\"wp-block-coblocks-accordion-item__content\">\n<p>El proceso de arbitraje empieza presentando un Planteamiento de la demanda (SOC). Comun\u00edquese con el <a href=\"https:\/\/fvdrc.com\/es\/acerca-de\/contacto\/?cr=2\">Escritorio de Asesor\u00eda de la DRC<\/a> antes de enviar este formulario. Si no ha manifestado su intenci\u00f3n a la DRC de entablar una demanda y a\u00fan no ha recibido una factura, puede que no est\u00e9 confirmado su SOC.<\/p>\n\n\n\n<p><strong>V\u00e9ase el Planteamiento de la demanda de la DRC (SOC):<\/strong><\/p>\n\n\n\n<ul class=\"wp-block-list\"><li><a href=\"https:\/\/fvdrc.com\/wp-content\/uploads\/2018\/10\/For-Claims-less-than-15000.doc\" target=\"_blank\" rel=\"noreferrer noopener\">Para demandas menores de &nbsp;$15,000<\/a><\/li><li><a href=\"https:\/\/fvdrc.com\/wp-content\/uploads\/2018\/10\/For-claims-15000-50000.doc\" target=\"_blank\" rel=\"noreferrer noopener\">Para demandas de &nbsp;$15,000- $50,000<\/a><\/li><li><a href=\"https:\/\/fvdrc.com\/wp-content\/uploads\/2016\/10\/formal_arb_template_noa_soc_notice_of_arbitration_statement_of_claim.doc\" target=\"_blank\" rel=\"noreferrer noopener\">Para demandas de<\/a><a href=\"https:\/\/fvdrc.com\/wp-content\/uploads\/2018\/10\/For-claims-50000-and-up.doc\" target=\"_blank\" rel=\"noreferrer noopener\">&nbsp;$50,000 y m\u00e1s<\/a><\/li><\/ul>\n<\/div><\/details><\/div>\n\n\n\n<div class=\"wp-block-coblocks-accordion-item\"><details><summary class=\"wp-block-coblocks-accordion-item__title\">Contestaci\u00f3n a la Demanda (SODSOC)<\/summary><div class=\"wp-block-coblocks-accordion-item__content\">\n<p>El demandado presentar\u00e1 este formulario para dar respuesta a la SOC. Si tiene alguna pregunta sobre c\u00f3mo y cu\u00e1ndo presentar la Contestaci\u00f3n al Planteamiento de la demanda (SODSOC), s\u00edrvase ponerse en contacto con <a href=\"https:\/\/fvdrc.com\/es\/acerca-de\/contacto\/?cr=2\">Asesor\u00eda Comercial de la DRC<\/a>.<\/p>\n\n\n\n<p class=\"inline-button\"><a href=\"https:\/\/fvdrc.com\/wp-content\/uploads\/2018\/10\/DRC-Statement-of-Defence-to-Statement-of-Claim.doc\" target=\"_blank\" rel=\"noreferrer noopener\">V\u00e9ase la Contestaci\u00f3n al Planteamiento de la demanda de la DRC (SODSOC)<\/a><\/p>\n<\/div><\/details><\/div>\n\n\n\n<div class=\"wp-block-coblocks-accordion-item\"><details><summary class=\"wp-block-coblocks-accordion-item__title\">Respuesta a la Contestaci\u00f3n a la Demanda (RSOD)<\/summary><div class=\"wp-block-coblocks-accordion-item__content\">\n<p>Este formulario, que debe completarse por el demandante, es una oportunidad para responder al SODSOC del demandado. A diferencia de la SOC y la SODSOC, no es obligatorio completar este formulario.<\/p>\n\n\n\n<p class=\"inline-button\"><a href=\"https:\/\/fvdrc.com\/wp-content\/uploads\/2018\/10\/DRC-Reply-to-Statement-of-Defence-to-Statement-of-Claim.doc\" target=\"_blank\" rel=\"noreferrer noopener\">V\u00e9ase la Respuesta de la Contestaci\u00f3n de la DRC (RSOD)<\/a><\/p>\n<\/div><\/details><\/div>\n\n\n\n<div class=\"wp-block-coblocks-accordion-item\"><details><summary class=\"wp-block-coblocks-accordion-item__title\">Demanda Reconvencional (CC)<\/summary><div class=\"wp-block-coblocks-accordion-item__content\">\n<p>Una demanda reconvencional no deber\u00eda presentarse sin contactar primero a la Oficina de Asistencia Comercial de la DRC. Si no ha manifestado su intenci\u00f3n a la DRC de entablar una demanda y a\u00fan no ha recibido una factura, puede que no est\u00e9 confirmada su demanda reconvencional. S\u00edrvase ponerse en contacto con el <a href=\"https:\/\/fvdrc.com\/es\/acerca-de\/contacto\/?cr=2\">Escritorio de Asesor\u00eda de la DRC<\/a>.<\/p>\n\n\n\n<p>Art\u00edculo 1 (b) (vii) de Las Reglas&nbsp;de soluci\u00f3n de controversias definen a la demanda reconvencional como:<\/p>\n\n\n\n<blockquote class=\"wp-block-quote is-layout-flow wp-block-quote-is-layout-flow\"><p><em>\u2026una demanda por parte de un demandado que ha sido suscitada por la transacci\u00f3n u ocurrencia que es el objeto de la Demanda y que excede a la cantidad siendo reclamada por el demandante. Sujeto al Art\u00edculo 4, una Demanda Reconvencional se levanta por medio de una Demanda. Reconvencional con tal que el demandado haya dado notificaci\u00f3n previa de la Demanda Reconvencional durante el proceso de consulta informal. Las Demandas por parte de un demandado que han sido suscitadas por la transacci\u00f3n u ocurrencia que es el objeto de la Demanda y que sean menores a la cantidad siendo reclamada por el demandante ser\u00e1n declaradas como defensa solo en la Declaraci\u00f3n de Defensa. Las Demandas por parte de un demandado que han sido suscitadas por la transacci\u00f3n u ocurrencia que es el objeto de la Demanda y que se salgan del plazo establecido por el Art\u00edculo 4, podr\u00e1n ser declaradas como defensa contra la Demanda en la Declaraci\u00f3n de Defensa, pero ninguna cantidad en exceso de la Demanda ser\u00e1 recuperable.<\/em><\/p><\/blockquote>\n\n\n\n<p><strong>V\u00e9ase la demanda reconvencional de la DRC (CC):<\/strong><\/p>\n\n\n\n<ul class=\"wp-block-list\"><li><a href=\"https:\/\/fvdrc.com\/wp-content\/uploads\/2018\/10\/For-Counterclaims-less-than-600.doc\" target=\"_blank\" rel=\"noreferrer noopener\">Para demandas menores de $15,000<\/a><\/li><li><a href=\"https:\/\/fvdrc.com\/wp-content\/uploads\/2018\/10\/For-counterclaims-15000-50000.doc\" target=\"_blank\" rel=\"noreferrer noopener\">Para demandas de $15,000-$50,000<\/a><\/li><li><a href=\"https:\/\/fvdrc.com\/wp-content\/uploads\/2016\/10\/template_drc_15_counterclaim_formal_fee_schedule_arbitrator_fees1.doc\" target=\"_blank\" rel=\"noreferrer noopener\">Para demandas de $50,000 y m\u00e0s<\/a><\/li><\/ul>\n<\/div><\/details><\/div>\n\n\n\n<div class=\"wp-block-coblocks-accordion-item\"><details><summary class=\"wp-block-coblocks-accordion-item__title\">Contestaci\u00f3n a la Demanda Reconvencional (SODCC)<\/summary><div class=\"wp-block-coblocks-accordion-item__content\">\n<p>El demandante debe presentar este formulario para dar respuesta a una Demanda reconvencional.<\/p>\n\n\n\n<p class=\"inline-button\"><a href=\"https:\/\/fvdrc.com\/wp-content\/uploads\/2018\/10\/DRC-Statement-of-Defence-to-Counterclaim.doc\" target=\"_blank\" rel=\"noreferrer noopener\">V\u00e9ase la Contestaci\u00f3n a la Demanda reconvencional de la DRC (SODCC)<\/a><\/p>\n<\/div><\/details><\/div>\n\n\n\n<div class=\"wp-block-coblocks-accordion-item\"><details><summary class=\"wp-block-coblocks-accordion-item__title\">Respuesta a la Contestaci\u00f3n a la Demanda Reconvencional (RSODCC)<\/summary><div class=\"wp-block-coblocks-accordion-item__content\">\n<p>Para ser completado por el demandado; este formulario opcional es una oportunidad para responder a la SODCC del demandante.<\/p>\n\n\n\n<p class=\"inline-button\"><a href=\"https:\/\/fvdrc.com\/wp-content\/uploads\/2018\/10\/DRC-Reply-to-Statement-of-Defence-to-Counterclaim.doc\" target=\"_blank\" rel=\"noreferrer noopener\">V\u00e9ase la Respuesta a la Declaraci\u00f3n a la Demanda Reconvencional de la DRC (RSODCC)<\/a><\/p>\n<\/div><\/details><\/div>\n<\/div>\n","protected":false},"excerpt":{"rendered":"<p>Las siguientes plantillas se han agregado a nuestro sitio web para la comodidad de nuestros miembros. Antes de enviar su plantilla, comun\u00edquese con el Escritorio de Asesor\u00eda de la DRC para obtener orientaci\u00f3n. La Oficina de Asistencia Comercial de la DRC proporcionar\u00e1 una gu\u00eda de procedimiento paso a paso sobre qu\u00e9 esperar, qu\u00e9 formularios completar [&hellip;]<\/p>\n","protected":false},"author":2,"featured_media":0,"parent":526,"menu_order":4,"comment_status":"closed","ping_status":"closed","template":"","meta":{"_acf_changed":false,"_coblocks_attr":"","_coblocks_dimensions":"","_coblocks_responsive_height":"","_coblocks_accordion_ie_support":"","om_disable_all_campaigns":false,"_uag_custom_page_level_css":"","_monsterinsights_skip_tracking":false,"_monsterinsights_sitenote_active":false,"_monsterinsights_sitenote_note":"","_monsterinsights_sitenote_category":0,"_uf_show_specific_survey":0,"_uf_disable_surveys":false,"footnotes":""},"class_list":["post-583","page","type-page","status-publish","hentry"],"acf":[],"aioseo_notices":[],"yoast_head":"<!-- This site is optimized with the Yoast SEO plugin v27.4 - https:\/\/yoast.com\/product\/yoast-seo-wordpress\/ -->\n<title>Plantillas de disputa - Fruit and Vegetable Dispute Resolution Corporation<\/title>\n<meta name=\"robots\" content=\"index, follow, max-snippet:-1, max-image-preview:large, max-video-preview:-1\" \/>\n<link rel=\"canonical\" href=\"https:\/\/fvdrc.com\/es\/solucion-de-controversias\/plantillas-de-disputa\/\" \/>\n<meta property=\"og:locale\" content=\"es_ES\" \/>\n<meta property=\"og:type\" content=\"article\" \/>\n<meta property=\"og:title\" content=\"Plantillas de disputa - Fruit and Vegetable Dispute Resolution Corporation\" \/>\n<meta property=\"og:description\" content=\"Las siguientes plantillas se han agregado a nuestro sitio web para la comodidad de nuestros miembros. Antes de enviar su plantilla, comun\u00edquese con el Escritorio de Asesor\u00eda de la DRC para obtener orientaci\u00f3n. La Oficina de Asistencia Comercial de la DRC proporcionar\u00e1 una gu\u00eda de procedimiento paso a paso sobre qu\u00e9 esperar, qu\u00e9 formularios completar [&hellip;]\" \/>\n<meta property=\"og:url\" content=\"https:\/\/fvdrc.com\/es\/solucion-de-controversias\/plantillas-de-disputa\/\" \/>\n<meta property=\"og:site_name\" content=\"Fruit and Vegetable Dispute Resolution Corporation\" \/>\n<meta property=\"article:modified_time\" content=\"2020-11-16T17:21:55+00:00\" \/>\n<meta name=\"twitter:card\" content=\"summary_large_image\" \/>\n<meta name=\"twitter:label1\" content=\"Est. reading time\" \/>\n\t<meta name=\"twitter:data1\" content=\"4 minutes\" \/>\n<script type=\"application\/ld+json\" class=\"yoast-schema-graph\">{\"@context\":\"https:\\\/\\\/schema.org\",\"@graph\":[{\"@type\":\"WebPage\",\"@id\":\"https:\\\/\\\/fvdrc.com\\\/es\\\/solucion-de-controversias\\\/plantillas-de-disputa\\\/\",\"url\":\"https:\\\/\\\/fvdrc.com\\\/es\\\/solucion-de-controversias\\\/plantillas-de-disputa\\\/\",\"name\":\"Plantillas de disputa - Fruit and Vegetable Dispute Resolution Corporation\",\"isPartOf\":{\"@id\":\"https:\\\/\\\/fvdrc.com\\\/#website\"},\"datePublished\":\"2017-01-17T19:00:19+00:00\",\"dateModified\":\"2020-11-16T17:21:55+00:00\",\"breadcrumb\":{\"@id\":\"https:\\\/\\\/fvdrc.com\\\/es\\\/solucion-de-controversias\\\/plantillas-de-disputa\\\/#breadcrumb\"},\"inLanguage\":\"es-ES\",\"potentialAction\":[{\"@type\":\"ReadAction\",\"target\":[\"https:\\\/\\\/fvdrc.com\\\/es\\\/solucion-de-controversias\\\/plantillas-de-disputa\\\/\"]}]},{\"@type\":\"BreadcrumbList\",\"@id\":\"https:\\\/\\\/fvdrc.com\\\/es\\\/solucion-de-controversias\\\/plantillas-de-disputa\\\/#breadcrumb\",\"itemListElement\":[{\"@type\":\"ListItem\",\"position\":1,\"name\":\"Home\",\"item\":\"https:\\\/\\\/fvdrc.com\\\/es\\\/\"},{\"@type\":\"ListItem\",\"position\":2,\"name\":\"Soluci\u00f3n de controversias\",\"item\":\"https:\\\/\\\/fvdrc.com\\\/es\\\/solucion-de-controversias\\\/\"},{\"@type\":\"ListItem\",\"position\":3,\"name\":\"Plantillas de disputa\"}]},{\"@type\":\"WebSite\",\"@id\":\"https:\\\/\\\/fvdrc.com\\\/#website\",\"url\":\"https:\\\/\\\/fvdrc.com\\\/\",\"name\":\"Fruit and Vegetable Dispute Resolution Corporation\",\"description\":\"Trade with Confidence\",\"publisher\":{\"@id\":\"https:\\\/\\\/fvdrc.com\\\/#organization\"},\"potentialAction\":[{\"@type\":\"SearchAction\",\"target\":{\"@type\":\"EntryPoint\",\"urlTemplate\":\"https:\\\/\\\/fvdrc.com\\\/?s={search_term_string}\"},\"query-input\":{\"@type\":\"PropertyValueSpecification\",\"valueRequired\":true,\"valueName\":\"search_term_string\"}}],\"inLanguage\":\"es-ES\"},{\"@type\":\"Organization\",\"@id\":\"https:\\\/\\\/fvdrc.com\\\/#organization\",\"name\":\"Fruit and Vegetable Dispute Resolution Corporation\",\"url\":\"https:\\\/\\\/fvdrc.com\\\/\",\"logo\":{\"@type\":\"ImageObject\",\"inLanguage\":\"es-ES\",\"@id\":\"https:\\\/\\\/fvdrc.com\\\/#\\\/schema\\\/logo\\\/image\\\/\",\"url\":\"https:\\\/\\\/fvdrc.com\\\/wp-content\\\/uploads\\\/2020\\\/06\\\/DRC-logo@2x.png\",\"contentUrl\":\"https:\\\/\\\/fvdrc.com\\\/wp-content\\\/uploads\\\/2020\\\/06\\\/DRC-logo@2x.png\",\"width\":261,\"height\":140,\"caption\":\"Fruit and Vegetable Dispute Resolution Corporation\"},\"image\":{\"@id\":\"https:\\\/\\\/fvdrc.com\\\/#\\\/schema\\\/logo\\\/image\\\/\"}}]}<\/script>\n<!-- \/ Yoast SEO plugin. -->","yoast_head_json":{"title":"Plantillas de disputa - Fruit and Vegetable Dispute Resolution Corporation","robots":{"index":"index","follow":"follow","max-snippet":"max-snippet:-1","max-image-preview":"max-image-preview:large","max-video-preview":"max-video-preview:-1"},"canonical":"https:\/\/fvdrc.com\/es\/solucion-de-controversias\/plantillas-de-disputa\/","og_locale":"es_ES","og_type":"article","og_title":"Plantillas de disputa - Fruit and Vegetable Dispute Resolution Corporation","og_description":"Las siguientes plantillas se han agregado a nuestro sitio web para la comodidad de nuestros miembros. Antes de enviar su plantilla, comun\u00edquese con el Escritorio de Asesor\u00eda de la DRC para obtener orientaci\u00f3n. La Oficina de Asistencia Comercial de la DRC proporcionar\u00e1 una gu\u00eda de procedimiento paso a paso sobre qu\u00e9 esperar, qu\u00e9 formularios completar [&hellip;]","og_url":"https:\/\/fvdrc.com\/es\/solucion-de-controversias\/plantillas-de-disputa\/","og_site_name":"Fruit and Vegetable Dispute Resolution Corporation","article_modified_time":"2020-11-16T17:21:55+00:00","twitter_card":"summary_large_image","twitter_misc":{"Est. reading time":"4 minutes"},"schema":{"@context":"https:\/\/schema.org","@graph":[{"@type":"WebPage","@id":"https:\/\/fvdrc.com\/es\/solucion-de-controversias\/plantillas-de-disputa\/","url":"https:\/\/fvdrc.com\/es\/solucion-de-controversias\/plantillas-de-disputa\/","name":"Plantillas de disputa - Fruit and Vegetable Dispute Resolution Corporation","isPartOf":{"@id":"https:\/\/fvdrc.com\/#website"},"datePublished":"2017-01-17T19:00:19+00:00","dateModified":"2020-11-16T17:21:55+00:00","breadcrumb":{"@id":"https:\/\/fvdrc.com\/es\/solucion-de-controversias\/plantillas-de-disputa\/#breadcrumb"},"inLanguage":"es-ES","potentialAction":[{"@type":"ReadAction","target":["https:\/\/fvdrc.com\/es\/solucion-de-controversias\/plantillas-de-disputa\/"]}]},{"@type":"BreadcrumbList","@id":"https:\/\/fvdrc.com\/es\/solucion-de-controversias\/plantillas-de-disputa\/#breadcrumb","itemListElement":[{"@type":"ListItem","position":1,"name":"Home","item":"https:\/\/fvdrc.com\/es\/"},{"@type":"ListItem","position":2,"name":"Soluci\u00f3n de controversias","item":"https:\/\/fvdrc.com\/es\/solucion-de-controversias\/"},{"@type":"ListItem","position":3,"name":"Plantillas de disputa"}]},{"@type":"WebSite","@id":"https:\/\/fvdrc.com\/#website","url":"https:\/\/fvdrc.com\/","name":"Fruit and Vegetable Dispute Resolution Corporation","description":"Trade with Confidence","publisher":{"@id":"https:\/\/fvdrc.com\/#organization"},"potentialAction":[{"@type":"SearchAction","target":{"@type":"EntryPoint","urlTemplate":"https:\/\/fvdrc.com\/?s={search_term_string}"},"query-input":{"@type":"PropertyValueSpecification","valueRequired":true,"valueName":"search_term_string"}}],"inLanguage":"es-ES"},{"@type":"Organization","@id":"https:\/\/fvdrc.com\/#organization","name":"Fruit and Vegetable Dispute Resolution Corporation","url":"https:\/\/fvdrc.com\/","logo":{"@type":"ImageObject","inLanguage":"es-ES","@id":"https:\/\/fvdrc.com\/#\/schema\/logo\/image\/","url":"https:\/\/fvdrc.com\/wp-content\/uploads\/2020\/06\/DRC-logo@2x.png","contentUrl":"https:\/\/fvdrc.com\/wp-content\/uploads\/2020\/06\/DRC-logo@2x.png","width":261,"height":140,"caption":"Fruit and Vegetable Dispute Resolution Corporation"},"image":{"@id":"https:\/\/fvdrc.com\/#\/schema\/logo\/image\/"}}]}},"featured_image_src":null,"featured_image_src_square":null,"uagb_featured_image_src":{"full":false,"thumbnail":false,"medium":false,"medium_large":false,"large":false,"gs-tiny":false,"xl":false,"xxl":false,"xxxl":false,"xxxxl":false,"xxxxxl":false,"1536x1536":false,"2048x2048":false,"gb-block-post-grid-landscape":false,"gb-block-post-grid-square":false,"post-thumbnail":false,"twentytwenty-fullscreen":false},"uagb_author_info":{"display_name":"DRC","author_link":"https:\/\/fvdrc.com\/es\/solutions\/author\/drc\/"},"uagb_comment_info":0,"uagb_excerpt":"Las siguientes plantillas se han agregado a nuestro sitio web para la comodidad de nuestros miembros. Antes de enviar su plantilla, comun\u00edquese con el Escritorio de Asesor\u00eda de la DRC para obtener orientaci\u00f3n. La Oficina de Asistencia Comercial de la DRC proporcionar\u00e1 una gu\u00eda de procedimiento paso a paso sobre qu\u00e9 esperar, qu\u00e9 formularios completar&hellip;","_links":{"self":[{"href":"https:\/\/fvdrc.com\/es\/wp-json\/wp\/v2\/pages\/583","targetHints":{"allow":["GET"]}}],"collection":[{"href":"https:\/\/fvdrc.com\/es\/wp-json\/wp\/v2\/pages"}],"about":[{"href":"https:\/\/fvdrc.com\/es\/wp-json\/wp\/v2\/types\/page"}],"author":[{"embeddable":true,"href":"https:\/\/fvdrc.com\/es\/wp-json\/wp\/v2\/users\/2"}],"replies":[{"embeddable":true,"href":"https:\/\/fvdrc.com\/es\/wp-json\/wp\/v2\/comments?post=583"}],"version-history":[{"count":11,"href":"https:\/\/fvdrc.com\/es\/wp-json\/wp\/v2\/pages\/583\/revisions"}],"predecessor-version":[{"id":4528,"href":"https:\/\/fvdrc.com\/es\/wp-json\/wp\/v2\/pages\/583\/revisions\/4528"}],"up":[{"embeddable":true,"href":"https:\/\/fvdrc.com\/es\/wp-json\/wp\/v2\/pages\/526"}],"wp:attachment":[{"href":"https:\/\/fvdrc.com\/es\/wp-json\/wp\/v2\/media?parent=583"}],"curies":[{"name":"wp","href":"https:\/\/api.w.org\/{rel}","templated":true}]}}