{"id":571,"date":"2017-01-17T02:21:08","date_gmt":"2017-01-17T07:21:08","guid":{"rendered":"https:\/\/www.fvdrc.com\/?page_id=571\/"},"modified":"2020-06-16T13:33:03","modified_gmt":"2020-06-16T17:33:03","slug":"descargo-de-responsabilidad","status":"publish","type":"page","link":"https:\/\/fvdrc.com\/es\/acerca-de\/descargo-de-responsabilidad\/","title":{"rendered":"Descargo de responsabilidad"},"content":{"rendered":"<p>NOTA: Se ruega leer este descargo de responsabilidad en su totalidad antes de utilizar nuestro sitio web.<\/p>\n<p>Para los fines de este descargo de responsabilidad, la Corporaci\u00f3n de Soluci\u00f3n de Controversias sobre Frutas y Hortalizas ser\u00e1 en adelante &#8220;La COMPA\u00d1\u00cdA&#8221;<\/p>\n<h2>Descargo de responsabilidad de terceros<\/h2>\n<p>EL SERVICIO Y EL CONTENIDO DE ESTE SITIO O A TRAV\u00c9S DEL MISMO SE PROPORCIONAN &#8220;EN EL ESTADO EN EL QUE SE ENCUENTRA,&#8221; &#8220;Y TAL COMO EST\u00c1 DISPONIBLE,&#8221; Y RENUNCIAMOS A TODAS LAS GARANT\u00cdAS, EXPRESADAS O IMPL\u00cdCITAS, (INCLUYENDO, ENTRE OTRAS, AL DESCARGO DE RESPONSABILIDADE DE CUALQUIER GARANT\u00cdA IMPL\u00cdCITA DE COMERCIALIZACI\u00d3N Y CAPACIDAD PARA UN FIN PARTICULAR). LA INFORMACI\u00d3N AQU\u00cd PUEDE CONTENER ERRORES DE PROGRAMACI\u00d3N O DE OTRO TIPO, PROBLEMAS U OTRAS LIMITACIONES. EL PROPIETARIO DE ESTE SITIO NO ASUME RESPONSABILIDAD ALGUNA DE CUALQUIER ERROR U OMISI\u00d3N EN EL CONTENIDO DE ESTE SITIO.<\/p>\n<p>Los usuarios acuerdan indemnizar, defender y exonerar al propietario y sus afiliados, otorgante de licencia, proveedores de contenido y servicios, publicitarios participantes, autores, corredores, y proveedores de toda responsabilidad, p\u00e9rdida, reclamo y gastos incluyendo honorarios y gastos de abogados, relacionados con las violaciones de un usuario a este acuerdo o uso del sitio web.<\/p>\n<p>Se renuncia a toda obligaci\u00f3n o responsabilidad por da\u00f1os causados por virus que contengan los archivos electr\u00f3nicos o el sitio.<\/p>\n<h2>Enlaces<\/h2>\n<p>Este sitio contiene enlaces a otros sitios de internet. Dichos enlaces no constituyen nuestra aprobaci\u00f3n a ning\u00fan producto o servicio que ellos contengan, y ninguna informaci\u00f3n en dichos sitios ha sido avalada ni aprobada por la COMPA\u00d1\u00cdA.<\/p>\n<h2>Env\u00edos<\/h2>\n<p>Todo comentario, sugerencia, ideas, gr\u00e1ficos u otra informaci\u00f3n transmitida a la COMPA\u00d1\u00cdA a trav\u00e9s de este sitio (de manera colectiva, el &#8220;env\u00edo&#8221;) ser\u00e1 para siempre propiedad de la COMPA\u00d1\u00cdA. No ser\u00e1 necesario que la COMPA\u00d1\u00cdA considere cualquier env\u00edo como confidencial, y no ser\u00e1 responsable ante cualquier idea de sus actividades comerciales (incluyendo sin limitaciones, productos o ideas publicitarias) y no contraer\u00e1 ninguna responsabilidad a causa de similitudes que puedan surgir en productos u operaciones futuras de la COMPA\u00d1\u00cdA. Sin limitaciones, la COMPA\u00d1\u00cdA ser\u00e1 propietaria exclusiva de todo derecho presente o futuro del env\u00edo de cualquier tipo o naturaleza en cualquier parte. La COMPA\u00d1\u00cdA tendr\u00e1 derecho a utilizar el env\u00edo para cualquier fin comercial o de otro tipo que fuera, sin tener que remunerar a usted o a cualquier otra persona que haga el env\u00edo. Acepta que todo material que presente queda bajo su responsabilidad, y usted, no la COMPA\u00d1\u00cdA, es plenamente responsable del mensaje, incluyendo su aspecto legal, confiabilidad, pertinencia, originalidad y derechos de reproducci\u00f3n.<\/p>\n<p>&nbsp;<\/p>\n","protected":false},"excerpt":{"rendered":"<p>NOTA: Se ruega leer este descargo de responsabilidad en su totalidad antes de utilizar nuestro sitio web. Para los fines de este descargo de responsabilidad, la Corporaci\u00f3n de Soluci\u00f3n de Controversias sobre Frutas y Hortalizas ser\u00e1 en adelante &#8220;La COMPA\u00d1\u00cdA&#8221; Descargo de responsabilidad de terceros EL SERVICIO Y EL CONTENIDO DE ESTE SITIO O A [&hellip;]<\/p>\n","protected":false},"author":2,"featured_media":0,"parent":525,"menu_order":58,"comment_status":"closed","ping_status":"closed","template":"","meta":{"_acf_changed":false,"_coblocks_attr":"","_coblocks_dimensions":"","_coblocks_responsive_height":"","_coblocks_accordion_ie_support":"","om_disable_all_campaigns":false,"_uag_custom_page_level_css":"","_monsterinsights_skip_tracking":false,"_monsterinsights_sitenote_active":false,"_monsterinsights_sitenote_note":"","_monsterinsights_sitenote_category":0,"_uf_show_specific_survey":0,"_uf_disable_surveys":false,"footnotes":""},"class_list":["post-571","page","type-page","status-publish","hentry"],"acf":[],"aioseo_notices":[],"yoast_head":"<!-- This site is optimized with the Yoast SEO plugin v27.4 - https:\/\/yoast.com\/product\/yoast-seo-wordpress\/ -->\n<title>Descargo de responsabilidad - Fruit and Vegetable Dispute Resolution Corporation<\/title>\n<meta name=\"robots\" content=\"index, follow, max-snippet:-1, max-image-preview:large, max-video-preview:-1\" \/>\n<link rel=\"canonical\" href=\"https:\/\/fvdrc.com\/es\/acerca-de\/descargo-de-responsabilidad\/\" \/>\n<meta property=\"og:locale\" content=\"es_ES\" \/>\n<meta property=\"og:type\" content=\"article\" \/>\n<meta property=\"og:title\" content=\"Descargo de responsabilidad - Fruit and Vegetable Dispute Resolution Corporation\" \/>\n<meta property=\"og:description\" content=\"NOTA: Se ruega leer este descargo de responsabilidad en su totalidad antes de utilizar nuestro sitio web. Para los fines de este descargo de responsabilidad, la Corporaci\u00f3n de Soluci\u00f3n de Controversias sobre Frutas y Hortalizas ser\u00e1 en adelante &#8220;La COMPA\u00d1\u00cdA&#8221; Descargo de responsabilidad de terceros EL SERVICIO Y EL CONTENIDO DE ESTE SITIO O A [&hellip;]\" \/>\n<meta property=\"og:url\" content=\"https:\/\/fvdrc.com\/es\/acerca-de\/descargo-de-responsabilidad\/\" \/>\n<meta property=\"og:site_name\" content=\"Fruit and Vegetable Dispute Resolution Corporation\" \/>\n<meta property=\"article:modified_time\" content=\"2020-06-16T17:33:03+00:00\" \/>\n<meta name=\"twitter:card\" content=\"summary_large_image\" \/>\n<meta name=\"twitter:label1\" content=\"Est. reading time\" \/>\n\t<meta name=\"twitter:data1\" content=\"2 minutes\" \/>\n<script type=\"application\/ld+json\" class=\"yoast-schema-graph\">{\"@context\":\"https:\\\/\\\/schema.org\",\"@graph\":[{\"@type\":\"WebPage\",\"@id\":\"https:\\\/\\\/fvdrc.com\\\/es\\\/acerca-de\\\/descargo-de-responsabilidad\\\/\",\"url\":\"https:\\\/\\\/fvdrc.com\\\/es\\\/acerca-de\\\/descargo-de-responsabilidad\\\/\",\"name\":\"Descargo de responsabilidad - Fruit and Vegetable Dispute Resolution Corporation\",\"isPartOf\":{\"@id\":\"https:\\\/\\\/fvdrc.com\\\/#website\"},\"datePublished\":\"2017-01-17T07:21:08+00:00\",\"dateModified\":\"2020-06-16T17:33:03+00:00\",\"breadcrumb\":{\"@id\":\"https:\\\/\\\/fvdrc.com\\\/es\\\/acerca-de\\\/descargo-de-responsabilidad\\\/#breadcrumb\"},\"inLanguage\":\"es-ES\",\"potentialAction\":[{\"@type\":\"ReadAction\",\"target\":[\"https:\\\/\\\/fvdrc.com\\\/es\\\/acerca-de\\\/descargo-de-responsabilidad\\\/\"]}]},{\"@type\":\"BreadcrumbList\",\"@id\":\"https:\\\/\\\/fvdrc.com\\\/es\\\/acerca-de\\\/descargo-de-responsabilidad\\\/#breadcrumb\",\"itemListElement\":[{\"@type\":\"ListItem\",\"position\":1,\"name\":\"Home\",\"item\":\"https:\\\/\\\/fvdrc.com\\\/es\\\/\"},{\"@type\":\"ListItem\",\"position\":2,\"name\":\"Acerca de\",\"item\":\"https:\\\/\\\/fvdrc.com\\\/es\\\/acerca-de\\\/\"},{\"@type\":\"ListItem\",\"position\":3,\"name\":\"Descargo de responsabilidad\"}]},{\"@type\":\"WebSite\",\"@id\":\"https:\\\/\\\/fvdrc.com\\\/#website\",\"url\":\"https:\\\/\\\/fvdrc.com\\\/\",\"name\":\"Fruit and Vegetable Dispute Resolution Corporation\",\"description\":\"Trade with Confidence\",\"publisher\":{\"@id\":\"https:\\\/\\\/fvdrc.com\\\/#organization\"},\"potentialAction\":[{\"@type\":\"SearchAction\",\"target\":{\"@type\":\"EntryPoint\",\"urlTemplate\":\"https:\\\/\\\/fvdrc.com\\\/?s={search_term_string}\"},\"query-input\":{\"@type\":\"PropertyValueSpecification\",\"valueRequired\":true,\"valueName\":\"search_term_string\"}}],\"inLanguage\":\"es-ES\"},{\"@type\":\"Organization\",\"@id\":\"https:\\\/\\\/fvdrc.com\\\/#organization\",\"name\":\"Fruit and Vegetable Dispute Resolution Corporation\",\"url\":\"https:\\\/\\\/fvdrc.com\\\/\",\"logo\":{\"@type\":\"ImageObject\",\"inLanguage\":\"es-ES\",\"@id\":\"https:\\\/\\\/fvdrc.com\\\/#\\\/schema\\\/logo\\\/image\\\/\",\"url\":\"https:\\\/\\\/fvdrc.com\\\/wp-content\\\/uploads\\\/2020\\\/06\\\/DRC-logo@2x.png\",\"contentUrl\":\"https:\\\/\\\/fvdrc.com\\\/wp-content\\\/uploads\\\/2020\\\/06\\\/DRC-logo@2x.png\",\"width\":261,\"height\":140,\"caption\":\"Fruit and Vegetable Dispute Resolution Corporation\"},\"image\":{\"@id\":\"https:\\\/\\\/fvdrc.com\\\/#\\\/schema\\\/logo\\\/image\\\/\"}}]}<\/script>\n<!-- \/ Yoast SEO plugin. -->","yoast_head_json":{"title":"Descargo de responsabilidad - Fruit and Vegetable Dispute Resolution Corporation","robots":{"index":"index","follow":"follow","max-snippet":"max-snippet:-1","max-image-preview":"max-image-preview:large","max-video-preview":"max-video-preview:-1"},"canonical":"https:\/\/fvdrc.com\/es\/acerca-de\/descargo-de-responsabilidad\/","og_locale":"es_ES","og_type":"article","og_title":"Descargo de responsabilidad - Fruit and Vegetable Dispute Resolution Corporation","og_description":"NOTA: Se ruega leer este descargo de responsabilidad en su totalidad antes de utilizar nuestro sitio web. Para los fines de este descargo de responsabilidad, la Corporaci\u00f3n de Soluci\u00f3n de Controversias sobre Frutas y Hortalizas ser\u00e1 en adelante &#8220;La COMPA\u00d1\u00cdA&#8221; Descargo de responsabilidad de terceros EL SERVICIO Y EL CONTENIDO DE ESTE SITIO O A [&hellip;]","og_url":"https:\/\/fvdrc.com\/es\/acerca-de\/descargo-de-responsabilidad\/","og_site_name":"Fruit and Vegetable Dispute Resolution Corporation","article_modified_time":"2020-06-16T17:33:03+00:00","twitter_card":"summary_large_image","twitter_misc":{"Est. reading time":"2 minutes"},"schema":{"@context":"https:\/\/schema.org","@graph":[{"@type":"WebPage","@id":"https:\/\/fvdrc.com\/es\/acerca-de\/descargo-de-responsabilidad\/","url":"https:\/\/fvdrc.com\/es\/acerca-de\/descargo-de-responsabilidad\/","name":"Descargo de responsabilidad - Fruit and Vegetable Dispute Resolution Corporation","isPartOf":{"@id":"https:\/\/fvdrc.com\/#website"},"datePublished":"2017-01-17T07:21:08+00:00","dateModified":"2020-06-16T17:33:03+00:00","breadcrumb":{"@id":"https:\/\/fvdrc.com\/es\/acerca-de\/descargo-de-responsabilidad\/#breadcrumb"},"inLanguage":"es-ES","potentialAction":[{"@type":"ReadAction","target":["https:\/\/fvdrc.com\/es\/acerca-de\/descargo-de-responsabilidad\/"]}]},{"@type":"BreadcrumbList","@id":"https:\/\/fvdrc.com\/es\/acerca-de\/descargo-de-responsabilidad\/#breadcrumb","itemListElement":[{"@type":"ListItem","position":1,"name":"Home","item":"https:\/\/fvdrc.com\/es\/"},{"@type":"ListItem","position":2,"name":"Acerca de","item":"https:\/\/fvdrc.com\/es\/acerca-de\/"},{"@type":"ListItem","position":3,"name":"Descargo de responsabilidad"}]},{"@type":"WebSite","@id":"https:\/\/fvdrc.com\/#website","url":"https:\/\/fvdrc.com\/","name":"Fruit and Vegetable Dispute Resolution Corporation","description":"Trade with Confidence","publisher":{"@id":"https:\/\/fvdrc.com\/#organization"},"potentialAction":[{"@type":"SearchAction","target":{"@type":"EntryPoint","urlTemplate":"https:\/\/fvdrc.com\/?s={search_term_string}"},"query-input":{"@type":"PropertyValueSpecification","valueRequired":true,"valueName":"search_term_string"}}],"inLanguage":"es-ES"},{"@type":"Organization","@id":"https:\/\/fvdrc.com\/#organization","name":"Fruit and Vegetable Dispute Resolution Corporation","url":"https:\/\/fvdrc.com\/","logo":{"@type":"ImageObject","inLanguage":"es-ES","@id":"https:\/\/fvdrc.com\/#\/schema\/logo\/image\/","url":"https:\/\/fvdrc.com\/wp-content\/uploads\/2020\/06\/DRC-logo@2x.png","contentUrl":"https:\/\/fvdrc.com\/wp-content\/uploads\/2020\/06\/DRC-logo@2x.png","width":261,"height":140,"caption":"Fruit and Vegetable Dispute Resolution Corporation"},"image":{"@id":"https:\/\/fvdrc.com\/#\/schema\/logo\/image\/"}}]}},"featured_image_src":null,"featured_image_src_square":null,"uagb_featured_image_src":{"full":false,"thumbnail":false,"medium":false,"medium_large":false,"large":false,"gs-tiny":false,"xl":false,"xxl":false,"xxxl":false,"xxxxl":false,"xxxxxl":false,"1536x1536":false,"2048x2048":false,"gb-block-post-grid-landscape":false,"gb-block-post-grid-square":false,"post-thumbnail":false,"twentytwenty-fullscreen":false},"uagb_author_info":{"display_name":"DRC","author_link":"https:\/\/fvdrc.com\/es\/solutions\/author\/drc\/"},"uagb_comment_info":0,"uagb_excerpt":"NOTA: Se ruega leer este descargo de responsabilidad en su totalidad antes de utilizar nuestro sitio web. Para los fines de este descargo de responsabilidad, la Corporaci\u00f3n de Soluci\u00f3n de Controversias sobre Frutas y Hortalizas ser\u00e1 en adelante &#8220;La COMPA\u00d1\u00cdA&#8221; Descargo de responsabilidad de terceros EL SERVICIO Y EL CONTENIDO DE ESTE SITIO O A&hellip;","_links":{"self":[{"href":"https:\/\/fvdrc.com\/es\/wp-json\/wp\/v2\/pages\/571","targetHints":{"allow":["GET"]}}],"collection":[{"href":"https:\/\/fvdrc.com\/es\/wp-json\/wp\/v2\/pages"}],"about":[{"href":"https:\/\/fvdrc.com\/es\/wp-json\/wp\/v2\/types\/page"}],"author":[{"embeddable":true,"href":"https:\/\/fvdrc.com\/es\/wp-json\/wp\/v2\/users\/2"}],"replies":[{"embeddable":true,"href":"https:\/\/fvdrc.com\/es\/wp-json\/wp\/v2\/comments?post=571"}],"version-history":[{"count":2,"href":"https:\/\/fvdrc.com\/es\/wp-json\/wp\/v2\/pages\/571\/revisions"}],"predecessor-version":[{"id":2900,"href":"https:\/\/fvdrc.com\/es\/wp-json\/wp\/v2\/pages\/571\/revisions\/2900"}],"up":[{"embeddable":true,"href":"https:\/\/fvdrc.com\/es\/wp-json\/wp\/v2\/pages\/525"}],"wp:attachment":[{"href":"https:\/\/fvdrc.com\/es\/wp-json\/wp\/v2\/media?parent=571"}],"curies":[{"name":"wp","href":"https:\/\/api.w.org\/{rel}","templated":true}]}}