{"id":559,"date":"2017-01-17T01:53:56","date_gmt":"2017-01-17T06:53:56","guid":{"rendered":"https:\/\/www.fvdrc.com\/?page_id=559\/"},"modified":"2020-06-16T13:33:02","modified_gmt":"2020-06-16T17:33:02","slug":"beneficios","status":"publish","type":"page","link":"https:\/\/fvdrc.com\/es\/membresia\/beneficios\/","title":{"rendered":"Beneficios"},"content":{"rendered":"<h2>Beneficios de la membres\u00eda de la DRC<\/h2>\n<p>Aunque la DRC ha ayudado a resolver controversias que suman millones de d\u00f3lares, nuestro mandato es proveer asesor\u00eda y educaci\u00f3n para prevenir y minimizar las controversias. Entre los beneficios de la membres\u00eda de la DRC se incluyen:<\/p>\n<table class=\"styled-table\" border=\"0\">\n<tbody>\n<tr>\n<td>Mayor garant\u00eda comercial para los exportadores, importadores y comerciantes nacionales cuando hacen negocios con otros miembros de la DRC.<\/td>\n<\/tr>\n<tr>\n<td>Educaci\u00f3n a sus miembros para prevenir controversias, por medio de consultas confidenciales, asesor\u00eda comercial, seminarios, documentos informativos, boletines electr\u00f3nicos &#8220;Soluciones&#8221; y mucho m\u00e1s.<\/td>\n<\/tr>\n<tr>\n<td>Una mejor red de contactos comerciales y acceso a informaci\u00f3n actualizada sobre clientes potenciales, tanto nacionales como internacionales<\/td>\n<\/tr>\n<tr>\n<td>La DRC, de ser necesario, brinda a sus miembros soluciones r\u00e1pidas y justas, capaces de hacerse cumplir y registrar en la corte apropiada, para controversias que surgen en el transcurso de las transacciones entre los miembros.<\/td>\n<\/tr>\n<tr>\n<td>La DRC maneja todo tipo de controversias entre miembros a nivel internacional o nacional, relacionadas con condici\u00f3n del producto y asuntos de cobranza (incluso dentro de las provincias).<\/td>\n<\/tr>\n<\/tbody>\n<\/table>\n<p>Todos los servicios se ofrecen en ingl\u00e9s, franc\u00e9s y espa\u00f1ol<\/p>\n<p>H\u00e1gase miembro, <a title=\"\u00danase al DRC\" href=\"https:\/\/fvdrc.com\/es\/membresia\/unase-la-drc\/\">\u00daNASE A LA DRC<\/a> hoy mismo<\/p>\n","protected":false},"excerpt":{"rendered":"<p>Beneficios de la membres\u00eda de la DRC Aunque la DRC ha ayudado a resolver controversias que suman millones de d\u00f3lares, nuestro mandato es proveer asesor\u00eda y educaci\u00f3n para prevenir y minimizar las controversias. Entre los beneficios de la membres\u00eda de la DRC se incluyen: Mayor garant\u00eda comercial para los exportadores, importadores y comerciantes nacionales cuando [&hellip;]<\/p>\n","protected":false},"author":2,"featured_media":0,"parent":549,"menu_order":18,"comment_status":"closed","ping_status":"closed","template":"","meta":{"_acf_changed":false,"_coblocks_attr":"","_coblocks_dimensions":"","_coblocks_responsive_height":"","_coblocks_accordion_ie_support":"","om_disable_all_campaigns":false,"_uag_custom_page_level_css":"","_monsterinsights_skip_tracking":false,"_monsterinsights_sitenote_active":false,"_monsterinsights_sitenote_note":"","_monsterinsights_sitenote_category":0,"_uf_show_specific_survey":0,"_uf_disable_surveys":false,"footnotes":""},"class_list":["post-559","page","type-page","status-publish","hentry"],"acf":[],"aioseo_notices":[],"yoast_head":"<!-- This site is optimized with the Yoast SEO plugin v27.4 - https:\/\/yoast.com\/product\/yoast-seo-wordpress\/ -->\n<title>Beneficios - Fruit and Vegetable Dispute Resolution Corporation<\/title>\n<meta name=\"robots\" content=\"index, follow, max-snippet:-1, max-image-preview:large, max-video-preview:-1\" \/>\n<link rel=\"canonical\" href=\"https:\/\/fvdrc.com\/es\/membresia\/beneficios\/\" \/>\n<meta property=\"og:locale\" content=\"es_ES\" \/>\n<meta property=\"og:type\" content=\"article\" \/>\n<meta property=\"og:title\" content=\"Beneficios - Fruit and Vegetable Dispute Resolution Corporation\" \/>\n<meta property=\"og:description\" content=\"Beneficios de la membres\u00eda de la DRC Aunque la DRC ha ayudado a resolver controversias que suman millones de d\u00f3lares, nuestro mandato es proveer asesor\u00eda y educaci\u00f3n para prevenir y minimizar las controversias. Entre los beneficios de la membres\u00eda de la DRC se incluyen: Mayor garant\u00eda comercial para los exportadores, importadores y comerciantes nacionales cuando [&hellip;]\" \/>\n<meta property=\"og:url\" content=\"https:\/\/fvdrc.com\/es\/membresia\/beneficios\/\" \/>\n<meta property=\"og:site_name\" content=\"Fruit and Vegetable Dispute Resolution Corporation\" \/>\n<meta property=\"article:modified_time\" content=\"2020-06-16T17:33:02+00:00\" \/>\n<meta name=\"twitter:card\" content=\"summary_large_image\" \/>\n<meta name=\"twitter:label1\" content=\"Est. reading time\" \/>\n\t<meta name=\"twitter:data1\" content=\"1 minute\" \/>\n<script type=\"application\/ld+json\" class=\"yoast-schema-graph\">{\"@context\":\"https:\\\/\\\/schema.org\",\"@graph\":[{\"@type\":\"WebPage\",\"@id\":\"https:\\\/\\\/fvdrc.com\\\/es\\\/membresia\\\/beneficios\\\/\",\"url\":\"https:\\\/\\\/fvdrc.com\\\/es\\\/membresia\\\/beneficios\\\/\",\"name\":\"Beneficios - Fruit and Vegetable Dispute Resolution Corporation\",\"isPartOf\":{\"@id\":\"https:\\\/\\\/fvdrc.com\\\/#website\"},\"datePublished\":\"2017-01-17T06:53:56+00:00\",\"dateModified\":\"2020-06-16T17:33:02+00:00\",\"breadcrumb\":{\"@id\":\"https:\\\/\\\/fvdrc.com\\\/es\\\/membresia\\\/beneficios\\\/#breadcrumb\"},\"inLanguage\":\"es-ES\",\"potentialAction\":[{\"@type\":\"ReadAction\",\"target\":[\"https:\\\/\\\/fvdrc.com\\\/es\\\/membresia\\\/beneficios\\\/\"]}]},{\"@type\":\"BreadcrumbList\",\"@id\":\"https:\\\/\\\/fvdrc.com\\\/es\\\/membresia\\\/beneficios\\\/#breadcrumb\",\"itemListElement\":[{\"@type\":\"ListItem\",\"position\":1,\"name\":\"Home\",\"item\":\"https:\\\/\\\/fvdrc.com\\\/es\\\/\"},{\"@type\":\"ListItem\",\"position\":2,\"name\":\"Membres\u00eda\",\"item\":\"https:\\\/\\\/fvdrc.com\\\/es\\\/membresia\\\/\"},{\"@type\":\"ListItem\",\"position\":3,\"name\":\"Beneficios\"}]},{\"@type\":\"WebSite\",\"@id\":\"https:\\\/\\\/fvdrc.com\\\/#website\",\"url\":\"https:\\\/\\\/fvdrc.com\\\/\",\"name\":\"Fruit and Vegetable Dispute Resolution Corporation\",\"description\":\"Trade with Confidence\",\"publisher\":{\"@id\":\"https:\\\/\\\/fvdrc.com\\\/#organization\"},\"potentialAction\":[{\"@type\":\"SearchAction\",\"target\":{\"@type\":\"EntryPoint\",\"urlTemplate\":\"https:\\\/\\\/fvdrc.com\\\/?s={search_term_string}\"},\"query-input\":{\"@type\":\"PropertyValueSpecification\",\"valueRequired\":true,\"valueName\":\"search_term_string\"}}],\"inLanguage\":\"es-ES\"},{\"@type\":\"Organization\",\"@id\":\"https:\\\/\\\/fvdrc.com\\\/#organization\",\"name\":\"Fruit and Vegetable Dispute Resolution Corporation\",\"url\":\"https:\\\/\\\/fvdrc.com\\\/\",\"logo\":{\"@type\":\"ImageObject\",\"inLanguage\":\"es-ES\",\"@id\":\"https:\\\/\\\/fvdrc.com\\\/#\\\/schema\\\/logo\\\/image\\\/\",\"url\":\"https:\\\/\\\/fvdrc.com\\\/wp-content\\\/uploads\\\/2020\\\/06\\\/DRC-logo@2x.png\",\"contentUrl\":\"https:\\\/\\\/fvdrc.com\\\/wp-content\\\/uploads\\\/2020\\\/06\\\/DRC-logo@2x.png\",\"width\":261,\"height\":140,\"caption\":\"Fruit and Vegetable Dispute Resolution Corporation\"},\"image\":{\"@id\":\"https:\\\/\\\/fvdrc.com\\\/#\\\/schema\\\/logo\\\/image\\\/\"}}]}<\/script>\n<!-- \/ Yoast SEO plugin. -->","yoast_head_json":{"title":"Beneficios - Fruit and Vegetable Dispute Resolution Corporation","robots":{"index":"index","follow":"follow","max-snippet":"max-snippet:-1","max-image-preview":"max-image-preview:large","max-video-preview":"max-video-preview:-1"},"canonical":"https:\/\/fvdrc.com\/es\/membresia\/beneficios\/","og_locale":"es_ES","og_type":"article","og_title":"Beneficios - Fruit and Vegetable Dispute Resolution Corporation","og_description":"Beneficios de la membres\u00eda de la DRC Aunque la DRC ha ayudado a resolver controversias que suman millones de d\u00f3lares, nuestro mandato es proveer asesor\u00eda y educaci\u00f3n para prevenir y minimizar las controversias. Entre los beneficios de la membres\u00eda de la DRC se incluyen: Mayor garant\u00eda comercial para los exportadores, importadores y comerciantes nacionales cuando [&hellip;]","og_url":"https:\/\/fvdrc.com\/es\/membresia\/beneficios\/","og_site_name":"Fruit and Vegetable Dispute Resolution Corporation","article_modified_time":"2020-06-16T17:33:02+00:00","twitter_card":"summary_large_image","twitter_misc":{"Est. reading time":"1 minute"},"schema":{"@context":"https:\/\/schema.org","@graph":[{"@type":"WebPage","@id":"https:\/\/fvdrc.com\/es\/membresia\/beneficios\/","url":"https:\/\/fvdrc.com\/es\/membresia\/beneficios\/","name":"Beneficios - Fruit and Vegetable Dispute Resolution Corporation","isPartOf":{"@id":"https:\/\/fvdrc.com\/#website"},"datePublished":"2017-01-17T06:53:56+00:00","dateModified":"2020-06-16T17:33:02+00:00","breadcrumb":{"@id":"https:\/\/fvdrc.com\/es\/membresia\/beneficios\/#breadcrumb"},"inLanguage":"es-ES","potentialAction":[{"@type":"ReadAction","target":["https:\/\/fvdrc.com\/es\/membresia\/beneficios\/"]}]},{"@type":"BreadcrumbList","@id":"https:\/\/fvdrc.com\/es\/membresia\/beneficios\/#breadcrumb","itemListElement":[{"@type":"ListItem","position":1,"name":"Home","item":"https:\/\/fvdrc.com\/es\/"},{"@type":"ListItem","position":2,"name":"Membres\u00eda","item":"https:\/\/fvdrc.com\/es\/membresia\/"},{"@type":"ListItem","position":3,"name":"Beneficios"}]},{"@type":"WebSite","@id":"https:\/\/fvdrc.com\/#website","url":"https:\/\/fvdrc.com\/","name":"Fruit and Vegetable Dispute Resolution Corporation","description":"Trade with Confidence","publisher":{"@id":"https:\/\/fvdrc.com\/#organization"},"potentialAction":[{"@type":"SearchAction","target":{"@type":"EntryPoint","urlTemplate":"https:\/\/fvdrc.com\/?s={search_term_string}"},"query-input":{"@type":"PropertyValueSpecification","valueRequired":true,"valueName":"search_term_string"}}],"inLanguage":"es-ES"},{"@type":"Organization","@id":"https:\/\/fvdrc.com\/#organization","name":"Fruit and Vegetable Dispute Resolution Corporation","url":"https:\/\/fvdrc.com\/","logo":{"@type":"ImageObject","inLanguage":"es-ES","@id":"https:\/\/fvdrc.com\/#\/schema\/logo\/image\/","url":"https:\/\/fvdrc.com\/wp-content\/uploads\/2020\/06\/DRC-logo@2x.png","contentUrl":"https:\/\/fvdrc.com\/wp-content\/uploads\/2020\/06\/DRC-logo@2x.png","width":261,"height":140,"caption":"Fruit and Vegetable Dispute Resolution Corporation"},"image":{"@id":"https:\/\/fvdrc.com\/#\/schema\/logo\/image\/"}}]}},"featured_image_src":null,"featured_image_src_square":null,"uagb_featured_image_src":{"full":false,"thumbnail":false,"medium":false,"medium_large":false,"large":false,"gs-tiny":false,"xl":false,"xxl":false,"xxxl":false,"xxxxl":false,"xxxxxl":false,"1536x1536":false,"2048x2048":false,"gb-block-post-grid-landscape":false,"gb-block-post-grid-square":false,"post-thumbnail":false,"twentytwenty-fullscreen":false},"uagb_author_info":{"display_name":"DRC","author_link":"https:\/\/fvdrc.com\/es\/solutions\/author\/drc\/"},"uagb_comment_info":0,"uagb_excerpt":"Beneficios de la membres\u00eda de la DRC Aunque la DRC ha ayudado a resolver controversias que suman millones de d\u00f3lares, nuestro mandato es proveer asesor\u00eda y educaci\u00f3n para prevenir y minimizar las controversias. Entre los beneficios de la membres\u00eda de la DRC se incluyen: Mayor garant\u00eda comercial para los exportadores, importadores y comerciantes nacionales cuando&hellip;","_links":{"self":[{"href":"https:\/\/fvdrc.com\/es\/wp-json\/wp\/v2\/pages\/559","targetHints":{"allow":["GET"]}}],"collection":[{"href":"https:\/\/fvdrc.com\/es\/wp-json\/wp\/v2\/pages"}],"about":[{"href":"https:\/\/fvdrc.com\/es\/wp-json\/wp\/v2\/types\/page"}],"author":[{"embeddable":true,"href":"https:\/\/fvdrc.com\/es\/wp-json\/wp\/v2\/users\/2"}],"replies":[{"embeddable":true,"href":"https:\/\/fvdrc.com\/es\/wp-json\/wp\/v2\/comments?post=559"}],"version-history":[{"count":2,"href":"https:\/\/fvdrc.com\/es\/wp-json\/wp\/v2\/pages\/559\/revisions"}],"predecessor-version":[{"id":2897,"href":"https:\/\/fvdrc.com\/es\/wp-json\/wp\/v2\/pages\/559\/revisions\/2897"}],"up":[{"embeddable":true,"href":"https:\/\/fvdrc.com\/es\/wp-json\/wp\/v2\/pages\/549"}],"wp:attachment":[{"href":"https:\/\/fvdrc.com\/es\/wp-json\/wp\/v2\/media?parent=559"}],"curies":[{"name":"wp","href":"https:\/\/api.w.org\/{rel}","templated":true}]}}