{"id":558,"date":"2017-01-17T01:42:42","date_gmt":"2017-01-17T06:42:42","guid":{"rendered":"https:\/\/www.fvdrc.com\/?page_id=558\/"},"modified":"2025-03-25T14:49:41","modified_gmt":"2025-03-25T18:49:41","slug":"beneficios-para-miembros","status":"publish","type":"page","link":"https:\/\/fvdrc.com\/es\/membresia\/beneficios-para-miembros\/","title":{"rendered":"Beneficios para miembros"},"content":{"rendered":"\n<p>Como miembro, disfrutar\u00e1 de una variedad de beneficios que pueden ayudarlo a prosperar en su negocio. Estos beneficios incluyen:<\/p>\n\n\n\n<ul class=\"wp-block-list\">\n<li>Valiosas oportunidades de establecer contactos para ayudar a hacer crecer su negocio en la industria de productos agr\u00edcolas frescos. Con nuestra extensa lista de miembros, puede conectarse con otros miembros de la industria de productos agr\u00edcolas y establecer asociaciones comerciales globales.\n<ul class=\"wp-block-list\">\n<li>Si usted est\u00e1 contemplando afiliarse con la DRC y quiere echar un vistazo a nuestra lista actual, \u00a1est\u00e1 de suerte! Puede encontrar el enlace a nuestra lista de <a href=\"https:\/\/fvdrc.com\/es\/membresia\/miembros\/\" target=\"_blank\" rel=\"noreferrer noopener\">miembros existente aqu\u00ed<\/a>. Le invitamos a explorarla y, una vez que se convierta en miembro, tendr\u00e1 acceso a una recopilaci\u00f3n a\u00fan m\u00e1s extensa de nuestra comunidad. \u00a1Esperamos darle la bienvenida!<\/li>\n<\/ul>\n<\/li>\n\n\n\n<li>Reconocimiento como comprador y proveedor preferente, que puede ayudarlo a diferenciarse de la competencia.<\/li>\n\n\n\n<li>Mayor seguridad comercial, gracias a nuestro compromiso con las pr\u00e1cticas comerciales justas y \u00e9ticas.<\/li>\n\n\n\n<li>Consulta personalizada profesional y confidencial con nuestros expertos, que pueden ayudarlo a abordar cualquier desaf\u00edo comercial que llegue a enfrentar.<\/li>\n\n\n\n<li>Acceso a nuestro <a href=\"https:\/\/fvdrc.com\/es\/acerca-de\/contacto\/\/?cr=2\">Escritorio de Asesor\u00eda<\/a>, seminarios personalizados, seminarios web y listas de verificaci\u00f3n que se puede imprimir para el personal, as\u00ed como a nuestras publicaciones y otros recursos.<\/li>\n\n\n\n<li>Cumplimiento del requisito reglamentario para aquellos miembros que est\u00e1n sujetos al <em>Reglamento sobre la Salubridad de los Alimentos en Canad\u00e1 (SFCR)<\/em><\/li>\n\n\n\n<li>Los miembros podr\u00e1n acceder a su propio portal, que contiene:\n<ul class=\"wp-block-list\">\n<li>Acceso a la informaci\u00f3n relacionada con la membres\u00eda:\n<ul class=\"wp-block-list\">\n<li>Descargar e imprimir su certificado de membres\u00eda<\/li>\n\n\n\n<li>Buscar informaci\u00f3n sobre otros miembros en el directorio de miembros, extraer informes por ubicaci\u00f3n y tipo de negocio, y m\u00e1s.<\/li>\n\n\n\n<li>Ver informes relacionados con la membres\u00eda, como miembros activos, miembros inactivos y partes sancionadas.<\/li>\n\n\n\n<li>Actualizar la informaci\u00f3n de su membres\u00eda y agregar nuevos usuarios.<\/li>\n<\/ul>\n<\/li>\n\n\n\n<li>Acceso a la informaci\u00f3n de facturaci\u00f3n:\n<ul class=\"wp-block-list\">\n<li>Pagar sus cuotas de membres\u00eda.<\/li>\n\n\n\n<li>Buscar sus facturas y pagos anteriores.<\/li>\n<\/ul>\n<\/li>\n\n\n\n<li>Acceso a la informaci\u00f3n de asistencia comercial:\n<ul class=\"wp-block-list\">\n<li>Ver sus disputas pasadas o presentes.<\/li>\n\n\n\n<li>Solicitar asistencia comercial.<\/li>\n<\/ul>\n<\/li>\n<\/ul>\n<\/li>\n<\/ul>\n\n\n\n<p>Si tiene alguna pregunta o inquietud, no dude en <a href=\"https:\/\/fvdrc.com\/about\/contact\/\">comunicarse con nosotros<\/a>. \u00a1Estamos aqu\u00ed para ayudar!  <\/p>\n\n\n\n<div class=\"wp-block-buttons has-custom-font-size is-content-justification-center is-layout-flex wp-container-core-buttons-is-layout-16018d1d wp-block-buttons-is-layout-flex\" style=\"font-size:20px\">\n<div class=\"wp-block-button\"><a class=\"wp-block-button__link wp-element-button\">\u00danase a la drc<\/a><\/div>\n<\/div>\n","protected":false},"excerpt":{"rendered":"<p>Como miembro, disfrutar\u00e1 de una variedad de beneficios que pueden ayudarlo a prosperar en su negocio. Estos beneficios incluyen: Si tiene alguna pregunta o inquietud, no dude en comunicarse con nosotros. \u00a1Estamos aqu\u00ed para ayudar!<\/p>\n","protected":false},"author":2,"featured_media":0,"parent":549,"menu_order":50,"comment_status":"closed","ping_status":"closed","template":"","meta":{"_acf_changed":false,"_coblocks_attr":"","_coblocks_dimensions":"","_coblocks_responsive_height":"","_coblocks_accordion_ie_support":"","om_disable_all_campaigns":false,"_uag_custom_page_level_css":"","_monsterinsights_skip_tracking":false,"_monsterinsights_sitenote_active":false,"_monsterinsights_sitenote_note":"","_monsterinsights_sitenote_category":0,"_uf_show_specific_survey":0,"_uf_disable_surveys":false,"footnotes":""},"class_list":["post-558","page","type-page","status-publish","hentry"],"acf":[],"aioseo_notices":[],"yoast_head":"<!-- This site is optimized with the Yoast SEO plugin v27.4 - https:\/\/yoast.com\/product\/yoast-seo-wordpress\/ -->\n<title>Beneficios para miembros - Fruit and Vegetable Dispute Resolution Corporation<\/title>\n<meta name=\"robots\" content=\"index, follow, max-snippet:-1, max-image-preview:large, max-video-preview:-1\" \/>\n<link rel=\"canonical\" href=\"https:\/\/fvdrc.com\/es\/membresia\/beneficios-para-miembros\/\" \/>\n<meta property=\"og:locale\" content=\"es_ES\" \/>\n<meta property=\"og:type\" content=\"article\" \/>\n<meta property=\"og:title\" content=\"Beneficios para miembros - Fruit and Vegetable Dispute Resolution Corporation\" \/>\n<meta property=\"og:description\" content=\"Como miembro, disfrutar\u00e1 de una variedad de beneficios que pueden ayudarlo a prosperar en su negocio. Estos beneficios incluyen: Si tiene alguna pregunta o inquietud, no dude en comunicarse con nosotros. \u00a1Estamos aqu\u00ed para ayudar!\" \/>\n<meta property=\"og:url\" content=\"https:\/\/fvdrc.com\/es\/membresia\/beneficios-para-miembros\/\" \/>\n<meta property=\"og:site_name\" content=\"Fruit and Vegetable Dispute Resolution Corporation\" \/>\n<meta property=\"article:modified_time\" content=\"2025-03-25T18:49:41+00:00\" \/>\n<meta name=\"twitter:card\" content=\"summary_large_image\" \/>\n<meta name=\"twitter:label1\" content=\"Est. reading time\" \/>\n\t<meta name=\"twitter:data1\" content=\"2 minutes\" \/>\n<script type=\"application\/ld+json\" class=\"yoast-schema-graph\">{\"@context\":\"https:\\\/\\\/schema.org\",\"@graph\":[{\"@type\":\"WebPage\",\"@id\":\"https:\\\/\\\/fvdrc.com\\\/es\\\/membresia\\\/beneficios-para-miembros\\\/\",\"url\":\"https:\\\/\\\/fvdrc.com\\\/es\\\/membresia\\\/beneficios-para-miembros\\\/\",\"name\":\"Beneficios para miembros - Fruit and Vegetable Dispute Resolution Corporation\",\"isPartOf\":{\"@id\":\"https:\\\/\\\/fvdrc.com\\\/#website\"},\"datePublished\":\"2017-01-17T06:42:42+00:00\",\"dateModified\":\"2025-03-25T18:49:41+00:00\",\"breadcrumb\":{\"@id\":\"https:\\\/\\\/fvdrc.com\\\/es\\\/membresia\\\/beneficios-para-miembros\\\/#breadcrumb\"},\"inLanguage\":\"es-ES\",\"potentialAction\":[{\"@type\":\"ReadAction\",\"target\":[\"https:\\\/\\\/fvdrc.com\\\/es\\\/membresia\\\/beneficios-para-miembros\\\/\"]}]},{\"@type\":\"BreadcrumbList\",\"@id\":\"https:\\\/\\\/fvdrc.com\\\/es\\\/membresia\\\/beneficios-para-miembros\\\/#breadcrumb\",\"itemListElement\":[{\"@type\":\"ListItem\",\"position\":1,\"name\":\"Home\",\"item\":\"https:\\\/\\\/fvdrc.com\\\/es\\\/\"},{\"@type\":\"ListItem\",\"position\":2,\"name\":\"Membres\u00eda\",\"item\":\"https:\\\/\\\/fvdrc.com\\\/es\\\/membresia\\\/\"},{\"@type\":\"ListItem\",\"position\":3,\"name\":\"Beneficios para miembros\"}]},{\"@type\":\"WebSite\",\"@id\":\"https:\\\/\\\/fvdrc.com\\\/#website\",\"url\":\"https:\\\/\\\/fvdrc.com\\\/\",\"name\":\"Fruit and Vegetable Dispute Resolution Corporation\",\"description\":\"Trade with Confidence\",\"publisher\":{\"@id\":\"https:\\\/\\\/fvdrc.com\\\/#organization\"},\"potentialAction\":[{\"@type\":\"SearchAction\",\"target\":{\"@type\":\"EntryPoint\",\"urlTemplate\":\"https:\\\/\\\/fvdrc.com\\\/?s={search_term_string}\"},\"query-input\":{\"@type\":\"PropertyValueSpecification\",\"valueRequired\":true,\"valueName\":\"search_term_string\"}}],\"inLanguage\":\"es-ES\"},{\"@type\":\"Organization\",\"@id\":\"https:\\\/\\\/fvdrc.com\\\/#organization\",\"name\":\"Fruit and Vegetable Dispute Resolution Corporation\",\"url\":\"https:\\\/\\\/fvdrc.com\\\/\",\"logo\":{\"@type\":\"ImageObject\",\"inLanguage\":\"es-ES\",\"@id\":\"https:\\\/\\\/fvdrc.com\\\/#\\\/schema\\\/logo\\\/image\\\/\",\"url\":\"https:\\\/\\\/fvdrc.com\\\/wp-content\\\/uploads\\\/2020\\\/06\\\/DRC-logo@2x.png\",\"contentUrl\":\"https:\\\/\\\/fvdrc.com\\\/wp-content\\\/uploads\\\/2020\\\/06\\\/DRC-logo@2x.png\",\"width\":261,\"height\":140,\"caption\":\"Fruit and Vegetable Dispute Resolution Corporation\"},\"image\":{\"@id\":\"https:\\\/\\\/fvdrc.com\\\/#\\\/schema\\\/logo\\\/image\\\/\"}}]}<\/script>\n<!-- \/ Yoast SEO plugin. -->","yoast_head_json":{"title":"Beneficios para miembros - Fruit and Vegetable Dispute Resolution Corporation","robots":{"index":"index","follow":"follow","max-snippet":"max-snippet:-1","max-image-preview":"max-image-preview:large","max-video-preview":"max-video-preview:-1"},"canonical":"https:\/\/fvdrc.com\/es\/membresia\/beneficios-para-miembros\/","og_locale":"es_ES","og_type":"article","og_title":"Beneficios para miembros - Fruit and Vegetable Dispute Resolution Corporation","og_description":"Como miembro, disfrutar\u00e1 de una variedad de beneficios que pueden ayudarlo a prosperar en su negocio. Estos beneficios incluyen: Si tiene alguna pregunta o inquietud, no dude en comunicarse con nosotros. \u00a1Estamos aqu\u00ed para ayudar!","og_url":"https:\/\/fvdrc.com\/es\/membresia\/beneficios-para-miembros\/","og_site_name":"Fruit and Vegetable Dispute Resolution Corporation","article_modified_time":"2025-03-25T18:49:41+00:00","twitter_card":"summary_large_image","twitter_misc":{"Est. reading time":"2 minutes"},"schema":{"@context":"https:\/\/schema.org","@graph":[{"@type":"WebPage","@id":"https:\/\/fvdrc.com\/es\/membresia\/beneficios-para-miembros\/","url":"https:\/\/fvdrc.com\/es\/membresia\/beneficios-para-miembros\/","name":"Beneficios para miembros - Fruit and Vegetable Dispute Resolution Corporation","isPartOf":{"@id":"https:\/\/fvdrc.com\/#website"},"datePublished":"2017-01-17T06:42:42+00:00","dateModified":"2025-03-25T18:49:41+00:00","breadcrumb":{"@id":"https:\/\/fvdrc.com\/es\/membresia\/beneficios-para-miembros\/#breadcrumb"},"inLanguage":"es-ES","potentialAction":[{"@type":"ReadAction","target":["https:\/\/fvdrc.com\/es\/membresia\/beneficios-para-miembros\/"]}]},{"@type":"BreadcrumbList","@id":"https:\/\/fvdrc.com\/es\/membresia\/beneficios-para-miembros\/#breadcrumb","itemListElement":[{"@type":"ListItem","position":1,"name":"Home","item":"https:\/\/fvdrc.com\/es\/"},{"@type":"ListItem","position":2,"name":"Membres\u00eda","item":"https:\/\/fvdrc.com\/es\/membresia\/"},{"@type":"ListItem","position":3,"name":"Beneficios para miembros"}]},{"@type":"WebSite","@id":"https:\/\/fvdrc.com\/#website","url":"https:\/\/fvdrc.com\/","name":"Fruit and Vegetable Dispute Resolution Corporation","description":"Trade with Confidence","publisher":{"@id":"https:\/\/fvdrc.com\/#organization"},"potentialAction":[{"@type":"SearchAction","target":{"@type":"EntryPoint","urlTemplate":"https:\/\/fvdrc.com\/?s={search_term_string}"},"query-input":{"@type":"PropertyValueSpecification","valueRequired":true,"valueName":"search_term_string"}}],"inLanguage":"es-ES"},{"@type":"Organization","@id":"https:\/\/fvdrc.com\/#organization","name":"Fruit and Vegetable Dispute Resolution Corporation","url":"https:\/\/fvdrc.com\/","logo":{"@type":"ImageObject","inLanguage":"es-ES","@id":"https:\/\/fvdrc.com\/#\/schema\/logo\/image\/","url":"https:\/\/fvdrc.com\/wp-content\/uploads\/2020\/06\/DRC-logo@2x.png","contentUrl":"https:\/\/fvdrc.com\/wp-content\/uploads\/2020\/06\/DRC-logo@2x.png","width":261,"height":140,"caption":"Fruit and Vegetable Dispute Resolution Corporation"},"image":{"@id":"https:\/\/fvdrc.com\/#\/schema\/logo\/image\/"}}]}},"featured_image_src":null,"featured_image_src_square":null,"uagb_featured_image_src":{"full":false,"thumbnail":false,"medium":false,"medium_large":false,"large":false,"gs-tiny":false,"xl":false,"xxl":false,"xxxl":false,"xxxxl":false,"xxxxxl":false,"1536x1536":false,"2048x2048":false,"gb-block-post-grid-landscape":false,"gb-block-post-grid-square":false,"post-thumbnail":false,"twentytwenty-fullscreen":false},"uagb_author_info":{"display_name":"DRC","author_link":"https:\/\/fvdrc.com\/es\/solutions\/author\/drc\/"},"uagb_comment_info":0,"uagb_excerpt":"Como miembro, disfrutar\u00e1 de una variedad de beneficios que pueden ayudarlo a prosperar en su negocio. Estos beneficios incluyen: Si tiene alguna pregunta o inquietud, no dude en comunicarse con nosotros. \u00a1Estamos aqu\u00ed para ayudar!","_links":{"self":[{"href":"https:\/\/fvdrc.com\/es\/wp-json\/wp\/v2\/pages\/558","targetHints":{"allow":["GET"]}}],"collection":[{"href":"https:\/\/fvdrc.com\/es\/wp-json\/wp\/v2\/pages"}],"about":[{"href":"https:\/\/fvdrc.com\/es\/wp-json\/wp\/v2\/types\/page"}],"author":[{"embeddable":true,"href":"https:\/\/fvdrc.com\/es\/wp-json\/wp\/v2\/users\/2"}],"replies":[{"embeddable":true,"href":"https:\/\/fvdrc.com\/es\/wp-json\/wp\/v2\/comments?post=558"}],"version-history":[{"count":28,"href":"https:\/\/fvdrc.com\/es\/wp-json\/wp\/v2\/pages\/558\/revisions"}],"predecessor-version":[{"id":12941,"href":"https:\/\/fvdrc.com\/es\/wp-json\/wp\/v2\/pages\/558\/revisions\/12941"}],"up":[{"embeddable":true,"href":"https:\/\/fvdrc.com\/es\/wp-json\/wp\/v2\/pages\/549"}],"wp:attachment":[{"href":"https:\/\/fvdrc.com\/es\/wp-json\/wp\/v2\/media?parent=558"}],"curies":[{"name":"wp","href":"https:\/\/api.w.org\/{rel}","templated":true}]}}