{"id":549,"date":"2017-01-17T01:30:02","date_gmt":"2017-01-17T06:30:02","guid":{"rendered":"https:\/\/www.fvdrc.com\/?page_id=549\/"},"modified":"2024-03-22T12:49:48","modified_gmt":"2024-03-22T16:49:48","slug":"membresia","status":"publish","type":"page","link":"https:\/\/fvdrc.com\/es\/membresia\/","title":{"rendered":"Membres\u00eda"},"content":{"rendered":"\n<p>Tal como lo sugiere nuestro nombre, nuestra actividad principal es la soluci\u00f3n de controversias. Adem\u00e1s de consulta, mediaci\u00f3n y arbitraje, trabajamos estrechamente con las asociaciones de la industria y los gobiernos de parte de nuestros miembros para reformar la legislaci\u00f3n, hacer que las inspecciones federales sean m\u00e1s asequibles, elaborar buenas pr\u00e1cticas y asegurar que haya igualdad de condiciones para los participantes.<\/p>\n\n\n<section class=\"gb-block-post-grid featuredpage aligncenter fvdrc-post-lists child-pages\"><div class=\"gb-post-grid-items is-grid columns-4\"><article id=\"post-558\" class=\"gb-post-grid-item hide-featured-image post-558 page type-page status-publish hentry\"><div class=\"gb-block-post-grid-text\"><header class=\"gb-block-post-grid-header\"><h3 class=\"gb-block-post-grid-title\"><a href=\"https:\/\/fvdrc.com\/es\/membresia\/beneficios-para-miembros\/\" rel=\"bookmark\">Beneficios para miembros<\/a><\/h3><\/header><div class=\"gb-block-post-grid-excerpt\"><\/div><\/div><\/article>\n<article id=\"post-9709\" class=\"gb-post-grid-item hide-featured-image post-9709 page type-page status-publish hentry\"><div class=\"gb-block-post-grid-text\"><header class=\"gb-block-post-grid-header\"><h3 class=\"gb-block-post-grid-title\"><a href=\"https:\/\/fvdrc.com\/es\/formularios-de-solicitud\/\" rel=\"bookmark\">Formularios de solicitud<\/a><\/h3><\/header><div class=\"gb-block-post-grid-excerpt\"><\/div><\/div><\/article>\n<article id=\"post-544\" class=\"gb-post-grid-item hide-featured-image post-544 page type-page status-publish hentry\"><div class=\"gb-block-post-grid-text\"><header class=\"gb-block-post-grid-header\"><h3 class=\"gb-block-post-grid-title\"><a href=\"https:\/\/fvdrc.com\/es\/membresia\/miembros\/\" rel=\"bookmark\">Lista de miembros activos e inactivos<\/a><\/h3><\/header><div class=\"gb-block-post-grid-excerpt\"><\/div><\/div><\/article>\n<article id=\"post-588\" class=\"gb-post-grid-item hide-featured-image post-588 page type-page status-publish hentry\"><div class=\"gb-block-post-grid-text\"><header class=\"gb-block-post-grid-header\"><h3 class=\"gb-block-post-grid-title\"><a href=\"https:\/\/fvdrc.com\/es\/membresia\/normas\/\" rel=\"bookmark\">Normas<\/a><\/h3><\/header><div class=\"gb-block-post-grid-excerpt\"><\/div><\/div><\/article>\n<\/div><\/section>","protected":false},"excerpt":{"rendered":"<p>Tal como lo sugiere nuestro nombre, nuestra actividad principal es la soluci\u00f3n de controversias. Adem\u00e1s de consulta, mediaci\u00f3n y arbitraje, trabajamos estrechamente con las asociaciones de la industria y los gobiernos de parte de nuestros miembros para reformar la legislaci\u00f3n, hacer que las inspecciones federales sean m\u00e1s asequibles, elaborar buenas pr\u00e1cticas y asegurar que haya [&hellip;]<\/p>\n","protected":false},"author":2,"featured_media":0,"parent":0,"menu_order":25,"comment_status":"closed","ping_status":"closed","template":"","meta":{"_acf_changed":false,"_coblocks_attr":"","_coblocks_dimensions":"","_coblocks_responsive_height":"","_coblocks_accordion_ie_support":"","om_disable_all_campaigns":false,"_uag_custom_page_level_css":"","_monsterinsights_skip_tracking":false,"_monsterinsights_sitenote_active":false,"_monsterinsights_sitenote_note":"","_monsterinsights_sitenote_category":0,"_uf_show_specific_survey":0,"_uf_disable_surveys":false,"footnotes":""},"class_list":["post-549","page","type-page","status-publish","hentry"],"acf":[],"aioseo_notices":[],"yoast_head":"<!-- This site is optimized with the Yoast SEO plugin v27.4 - https:\/\/yoast.com\/product\/yoast-seo-wordpress\/ -->\n<title>Membres\u00eda - Fruit and Vegetable Dispute Resolution Corporation<\/title>\n<meta name=\"robots\" content=\"index, follow, max-snippet:-1, max-image-preview:large, max-video-preview:-1\" \/>\n<link rel=\"canonical\" href=\"https:\/\/fvdrc.com\/es\/membresia\/\" \/>\n<meta property=\"og:locale\" content=\"es_ES\" \/>\n<meta property=\"og:type\" content=\"article\" \/>\n<meta property=\"og:title\" content=\"Membres\u00eda - Fruit and Vegetable Dispute Resolution Corporation\" \/>\n<meta property=\"og:description\" content=\"Tal como lo sugiere nuestro nombre, nuestra actividad principal es la soluci\u00f3n de controversias. Adem\u00e1s de consulta, mediaci\u00f3n y arbitraje, trabajamos estrechamente con las asociaciones de la industria y los gobiernos de parte de nuestros miembros para reformar la legislaci\u00f3n, hacer que las inspecciones federales sean m\u00e1s asequibles, elaborar buenas pr\u00e1cticas y asegurar que haya [&hellip;]\" \/>\n<meta property=\"og:url\" content=\"https:\/\/fvdrc.com\/es\/membresia\/\" \/>\n<meta property=\"og:site_name\" content=\"Fruit and Vegetable Dispute Resolution Corporation\" \/>\n<meta property=\"article:modified_time\" content=\"2024-03-22T16:49:48+00:00\" \/>\n<meta name=\"twitter:card\" content=\"summary_large_image\" \/>\n<meta name=\"twitter:label1\" content=\"Est. reading time\" \/>\n\t<meta name=\"twitter:data1\" content=\"1 minute\" \/>\n<script type=\"application\/ld+json\" class=\"yoast-schema-graph\">{\"@context\":\"https:\\\/\\\/schema.org\",\"@graph\":[{\"@type\":\"WebPage\",\"@id\":\"https:\\\/\\\/fvdrc.com\\\/es\\\/membresia\\\/\",\"url\":\"https:\\\/\\\/fvdrc.com\\\/es\\\/membresia\\\/\",\"name\":\"Membres\u00eda - Fruit and Vegetable Dispute Resolution Corporation\",\"isPartOf\":{\"@id\":\"https:\\\/\\\/fvdrc.com\\\/#website\"},\"datePublished\":\"2017-01-17T06:30:02+00:00\",\"dateModified\":\"2024-03-22T16:49:48+00:00\",\"breadcrumb\":{\"@id\":\"https:\\\/\\\/fvdrc.com\\\/es\\\/membresia\\\/#breadcrumb\"},\"inLanguage\":\"es-ES\",\"potentialAction\":[{\"@type\":\"ReadAction\",\"target\":[\"https:\\\/\\\/fvdrc.com\\\/es\\\/membresia\\\/\"]}]},{\"@type\":\"BreadcrumbList\",\"@id\":\"https:\\\/\\\/fvdrc.com\\\/es\\\/membresia\\\/#breadcrumb\",\"itemListElement\":[{\"@type\":\"ListItem\",\"position\":1,\"name\":\"Home\",\"item\":\"https:\\\/\\\/fvdrc.com\\\/es\\\/\"},{\"@type\":\"ListItem\",\"position\":2,\"name\":\"Membres\u00eda\"}]},{\"@type\":\"WebSite\",\"@id\":\"https:\\\/\\\/fvdrc.com\\\/#website\",\"url\":\"https:\\\/\\\/fvdrc.com\\\/\",\"name\":\"Fruit and Vegetable Dispute Resolution Corporation\",\"description\":\"Trade with Confidence\",\"publisher\":{\"@id\":\"https:\\\/\\\/fvdrc.com\\\/#organization\"},\"potentialAction\":[{\"@type\":\"SearchAction\",\"target\":{\"@type\":\"EntryPoint\",\"urlTemplate\":\"https:\\\/\\\/fvdrc.com\\\/?s={search_term_string}\"},\"query-input\":{\"@type\":\"PropertyValueSpecification\",\"valueRequired\":true,\"valueName\":\"search_term_string\"}}],\"inLanguage\":\"es-ES\"},{\"@type\":\"Organization\",\"@id\":\"https:\\\/\\\/fvdrc.com\\\/#organization\",\"name\":\"Fruit and Vegetable Dispute Resolution Corporation\",\"url\":\"https:\\\/\\\/fvdrc.com\\\/\",\"logo\":{\"@type\":\"ImageObject\",\"inLanguage\":\"es-ES\",\"@id\":\"https:\\\/\\\/fvdrc.com\\\/#\\\/schema\\\/logo\\\/image\\\/\",\"url\":\"https:\\\/\\\/fvdrc.com\\\/wp-content\\\/uploads\\\/2020\\\/06\\\/DRC-logo@2x.png\",\"contentUrl\":\"https:\\\/\\\/fvdrc.com\\\/wp-content\\\/uploads\\\/2020\\\/06\\\/DRC-logo@2x.png\",\"width\":261,\"height\":140,\"caption\":\"Fruit and Vegetable Dispute Resolution Corporation\"},\"image\":{\"@id\":\"https:\\\/\\\/fvdrc.com\\\/#\\\/schema\\\/logo\\\/image\\\/\"}}]}<\/script>\n<!-- \/ Yoast SEO plugin. -->","yoast_head_json":{"title":"Membres\u00eda - Fruit and Vegetable Dispute Resolution Corporation","robots":{"index":"index","follow":"follow","max-snippet":"max-snippet:-1","max-image-preview":"max-image-preview:large","max-video-preview":"max-video-preview:-1"},"canonical":"https:\/\/fvdrc.com\/es\/membresia\/","og_locale":"es_ES","og_type":"article","og_title":"Membres\u00eda - Fruit and Vegetable Dispute Resolution Corporation","og_description":"Tal como lo sugiere nuestro nombre, nuestra actividad principal es la soluci\u00f3n de controversias. Adem\u00e1s de consulta, mediaci\u00f3n y arbitraje, trabajamos estrechamente con las asociaciones de la industria y los gobiernos de parte de nuestros miembros para reformar la legislaci\u00f3n, hacer que las inspecciones federales sean m\u00e1s asequibles, elaborar buenas pr\u00e1cticas y asegurar que haya [&hellip;]","og_url":"https:\/\/fvdrc.com\/es\/membresia\/","og_site_name":"Fruit and Vegetable Dispute Resolution Corporation","article_modified_time":"2024-03-22T16:49:48+00:00","twitter_card":"summary_large_image","twitter_misc":{"Est. reading time":"1 minute"},"schema":{"@context":"https:\/\/schema.org","@graph":[{"@type":"WebPage","@id":"https:\/\/fvdrc.com\/es\/membresia\/","url":"https:\/\/fvdrc.com\/es\/membresia\/","name":"Membres\u00eda - Fruit and Vegetable Dispute Resolution Corporation","isPartOf":{"@id":"https:\/\/fvdrc.com\/#website"},"datePublished":"2017-01-17T06:30:02+00:00","dateModified":"2024-03-22T16:49:48+00:00","breadcrumb":{"@id":"https:\/\/fvdrc.com\/es\/membresia\/#breadcrumb"},"inLanguage":"es-ES","potentialAction":[{"@type":"ReadAction","target":["https:\/\/fvdrc.com\/es\/membresia\/"]}]},{"@type":"BreadcrumbList","@id":"https:\/\/fvdrc.com\/es\/membresia\/#breadcrumb","itemListElement":[{"@type":"ListItem","position":1,"name":"Home","item":"https:\/\/fvdrc.com\/es\/"},{"@type":"ListItem","position":2,"name":"Membres\u00eda"}]},{"@type":"WebSite","@id":"https:\/\/fvdrc.com\/#website","url":"https:\/\/fvdrc.com\/","name":"Fruit and Vegetable Dispute Resolution Corporation","description":"Trade with Confidence","publisher":{"@id":"https:\/\/fvdrc.com\/#organization"},"potentialAction":[{"@type":"SearchAction","target":{"@type":"EntryPoint","urlTemplate":"https:\/\/fvdrc.com\/?s={search_term_string}"},"query-input":{"@type":"PropertyValueSpecification","valueRequired":true,"valueName":"search_term_string"}}],"inLanguage":"es-ES"},{"@type":"Organization","@id":"https:\/\/fvdrc.com\/#organization","name":"Fruit and Vegetable Dispute Resolution Corporation","url":"https:\/\/fvdrc.com\/","logo":{"@type":"ImageObject","inLanguage":"es-ES","@id":"https:\/\/fvdrc.com\/#\/schema\/logo\/image\/","url":"https:\/\/fvdrc.com\/wp-content\/uploads\/2020\/06\/DRC-logo@2x.png","contentUrl":"https:\/\/fvdrc.com\/wp-content\/uploads\/2020\/06\/DRC-logo@2x.png","width":261,"height":140,"caption":"Fruit and Vegetable Dispute Resolution Corporation"},"image":{"@id":"https:\/\/fvdrc.com\/#\/schema\/logo\/image\/"}}]}},"featured_image_src":null,"featured_image_src_square":null,"uagb_featured_image_src":{"full":false,"thumbnail":false,"medium":false,"medium_large":false,"large":false,"gs-tiny":false,"xl":false,"xxl":false,"xxxl":false,"xxxxl":false,"xxxxxl":false,"1536x1536":false,"2048x2048":false,"gb-block-post-grid-landscape":false,"gb-block-post-grid-square":false,"post-thumbnail":false,"twentytwenty-fullscreen":false},"uagb_author_info":{"display_name":"DRC","author_link":"https:\/\/fvdrc.com\/es\/solutions\/author\/drc\/"},"uagb_comment_info":0,"uagb_excerpt":"Tal como lo sugiere nuestro nombre, nuestra actividad principal es la soluci\u00f3n de controversias. Adem\u00e1s de consulta, mediaci\u00f3n y arbitraje, trabajamos estrechamente con las asociaciones de la industria y los gobiernos de parte de nuestros miembros para reformar la legislaci\u00f3n, hacer que las inspecciones federales sean m\u00e1s asequibles, elaborar buenas pr\u00e1cticas y asegurar que haya&hellip;","_links":{"self":[{"href":"https:\/\/fvdrc.com\/es\/wp-json\/wp\/v2\/pages\/549","targetHints":{"allow":["GET"]}}],"collection":[{"href":"https:\/\/fvdrc.com\/es\/wp-json\/wp\/v2\/pages"}],"about":[{"href":"https:\/\/fvdrc.com\/es\/wp-json\/wp\/v2\/types\/page"}],"author":[{"embeddable":true,"href":"https:\/\/fvdrc.com\/es\/wp-json\/wp\/v2\/users\/2"}],"replies":[{"embeddable":true,"href":"https:\/\/fvdrc.com\/es\/wp-json\/wp\/v2\/comments?post=549"}],"version-history":[{"count":7,"href":"https:\/\/fvdrc.com\/es\/wp-json\/wp\/v2\/pages\/549\/revisions"}],"predecessor-version":[{"id":9796,"href":"https:\/\/fvdrc.com\/es\/wp-json\/wp\/v2\/pages\/549\/revisions\/9796"}],"wp:attachment":[{"href":"https:\/\/fvdrc.com\/es\/wp-json\/wp\/v2\/media?parent=549"}],"curies":[{"name":"wp","href":"https:\/\/api.w.org\/{rel}","templated":true}]}}