{"id":4313,"date":"2020-11-04T17:23:50","date_gmt":"2020-11-04T22:23:50","guid":{"rendered":"https:\/\/www.fvdrc.com\/?page_id=4313"},"modified":"2026-03-19T14:32:22","modified_gmt":"2026-03-19T18:32:22","slug":"sistema-de-solucion-de-controversias","status":"publish","type":"page","link":"https:\/\/fvdrc.com\/es\/solucion-de-controversias\/sistema-de-solucion-de-controversias\/","title":{"rendered":"Sistema de soluci\u00f3n de controversias"},"content":{"rendered":"\n<p>El modelo de resoluci\u00f3n se basa en un proceso potencial de soluci\u00f3n de controversias de seis etapas, que se puede clasificar en nuestros tres servicios: educaci\u00f3n, mediaci\u00f3n y arbitraje.<\/p>\n\n\n\n<p>La mayor\u00eda de las controversias se resuelven antes o en la <strong>Etapa 3, Consulta y asesor\u00eda<\/strong>. Por lo general, s\u00f3lo requiere de un par de llamadas o correos electr\u00f3nicos para que la DRC pueda equipar a sus miembros con las herramientas necesarias para que lleguen ellos mismos a una soluci\u00f3n con los socios comerciales.<\/p>\n\n\n\n<p>Cuando no se pueda llegar a un acuerdo amigable de inmediato, los miembros pueden presentar una Notificaci\u00f3n de controversia para iniciar <strong>el paso 4, Mediaci\u00f3n informal<\/strong>.<\/p>\n\n\n\n<p>Las controversias que se prolongan por lo general saltan la <strong>Etapa 5, Mediaci\u00f3n formal<\/strong>, y proceden directamente a la <strong>Etapa 6, Arbitraje<\/strong>, para una decisi\u00f3n vinculante y ejecutable por un tribunal emitida por un \u00e1rbitro tercero.<\/p>\n\n\n\n<p>Es muy poco com\u00fan que un laudo arbitral no se pague tal como lo indique el \u00e1rbitro.<\/p>\n\n\n\n<h2 class=\"wp-block-heading\">Jurisdicci\u00f3n<\/h2>\n\n\n\n<p>La DRC maneja todo tipo de controversias incluyendo las de transporte, condici\u00f3n, contrato, asuntos de pagos. La DRC puede ayudar con controversias que surjan entre los miembros en el \u00e1mbito nacional.<\/p>\n\n\n\n<p>Para estar cubiertos, las compa\u00f1\u00edas necesitan ser miembros antes que surja la controversia. No espere, prot\u00e9jase y <a href=\"https:\/\/fvdrc.com\/es\/formularios-de-solicitud\/\" target=\"_blank\" rel=\"noreferrer noopener\">h\u00e1gase miembro de la DRC ahora mismo<\/a>.<\/p>\n\n\n\n<p>\u00bfEst\u00e1 realizando actividades comerciales con alguien que no es miembro? Exh\u00f3rtelos a unirse a la DRC: menci\u00f3nele todos <a title=\"Beneficios\" href=\"https:\/\/fvdrc.com\/es\/membresia\/beneficios\/\">los beneficios que puede recibir al unirse a la DRC<\/a>.<\/p>\n\n\n\n<div class=\"wp-block-group group-education\"><div class=\"wp-block-group__inner-container is-layout-flow wp-block-group-is-layout-flow\">\n<h2 class=\"wp-block-heading\">Educaci\u00f3n<\/h2>\n\n\n\n<div class=\"wp-block-group\"><div class=\"wp-block-group__inner-container is-layout-flow wp-block-group-is-layout-flow\">\n<div class=\"wp-block-group\"><div class=\"wp-block-group__inner-container is-layout-flow wp-block-group-is-layout-flow\">\n<figure class=\"wp-block-image size-large\"><img decoding=\"async\" data-src=\"https:\/\/fvdrc.com\/wp-content\/uploads\/2020\/06\/stage-1-icon.svg\" alt=\"\" class=\"wp-image-2792 lazyload\" src=\"data:image\/svg+xml;base64,PHN2ZyB3aWR0aD0iMSIgaGVpZ2h0PSIxIiB4bWxucz0iaHR0cDovL3d3dy53My5vcmcvMjAwMC9zdmciPjwvc3ZnPg==\" \/><figcaption class=\"wp-element-caption\">Etapa <strong>1<\/strong><\/figcaption><\/figure>\n\n\n\n<h3 class=\"wp-block-heading\">Medidas de prevenci\u00f3n<\/h3>\n\n\n\n<p>Educaci\u00f3n, capacitaci\u00f3n y divulgaci\u00f3n de informaci\u00f3n, estatutos y normas de la DRC.<\/p>\n<\/div><\/div>\n\n\n\n<div class=\"wp-block-group\"><div class=\"wp-block-group__inner-container is-layout-flow wp-block-group-is-layout-flow\">\n<figure class=\"wp-block-image size-large\"><img decoding=\"async\" data-src=\"https:\/\/fvdrc.com\/wp-content\/uploads\/2020\/06\/stage-2-icon.svg\" alt=\"\" class=\"wp-image-2795 lazyload\" src=\"data:image\/svg+xml;base64,PHN2ZyB3aWR0aD0iMSIgaGVpZ2h0PSIxIiB4bWxucz0iaHR0cDovL3d3dy53My5vcmcvMjAwMC9zdmciPjwvc3ZnPg==\" \/><figcaption class=\"wp-element-caption\">Etapa <strong>2<\/strong><\/figcaption><\/figure>\n\n\n\n<h3 class=\"wp-block-heading\">Soluci\u00f3n de problemas sin ayuda<\/h3>\n\n\n\n<p>Soluci\u00f3n de problema\/negociaci\u00f3n colaborativa entre disputadores.<\/p>\n<\/div><\/div>\n\n\n\n<div class=\"wp-block-group\"><div class=\"wp-block-group__inner-container is-layout-flow wp-block-group-is-layout-flow\">\n<figure class=\"wp-block-image size-large\"><img decoding=\"async\" data-src=\"https:\/\/fvdrc.com\/wp-content\/uploads\/2020\/06\/stage-3-icon.svg\" alt=\"\" class=\"wp-image-2798 lazyload\" src=\"data:image\/svg+xml;base64,PHN2ZyB3aWR0aD0iMSIgaGVpZ2h0PSIxIiB4bWxucz0iaHR0cDovL3d3dy53My5vcmcvMjAwMC9zdmciPjwvc3ZnPg==\" \/><figcaption class=\"wp-element-caption\">Etapa <strong>3<\/strong><\/figcaption><\/figure>\n\n\n\n<h3 class=\"wp-block-heading\">Consulta y asesor\u00eda (personal de la DRC y\/o terceras partes bajo contrato)<\/h3>\n\n\n\n<p>Asesoramiento\/informaci\u00f3n, orientaci\u00f3n, remisi\u00f3n a otros especialistas, an\u00e1lisis de caso.<\/p>\n<\/div><\/div>\n<\/div><\/div>\n\n\n\n<div class=\"wp-block-buttons is-layout-flex wp-block-buttons-is-layout-flex\">\n<div class=\"wp-block-button fvdrc-button-green\"><a class=\"wp-block-button__link wp-element-button\" href=\"https:\/\/fvdrc.com\/es\/solucion-de-controversias\/educacion\/\" target=\"_blank\" rel=\"noreferrer noopener\">Aprende m\u00e1s<\/a><\/div>\n<\/div>\n<\/div><\/div>\n\n\n\n<div class=\"wp-block-group group-mediation\"><div class=\"wp-block-group__inner-container is-layout-flow wp-block-group-is-layout-flow\">\n<h2 class=\"wp-block-heading\">Mediaci\u00f3n<\/h2>\n\n\n\n<div class=\"wp-block-group\"><div class=\"wp-block-group__inner-container is-layout-flow wp-block-group-is-layout-flow\">\n<div class=\"wp-block-group\"><div class=\"wp-block-group__inner-container is-layout-flow wp-block-group-is-layout-flow\">\n<figure class=\"wp-block-image size-large\"><img decoding=\"async\" data-src=\"https:\/\/fvdrc.com\/wp-content\/uploads\/2020\/06\/stage-4-icon.svg\" alt=\"\" class=\"wp-image-2801 lazyload\" src=\"data:image\/svg+xml;base64,PHN2ZyB3aWR0aD0iMSIgaGVpZ2h0PSIxIiB4bWxucz0iaHR0cDovL3d3dy53My5vcmcvMjAwMC9zdmciPjwvc3ZnPg==\" \/><figcaption class=\"wp-element-caption\">Etapa <strong>4<\/strong><\/figcaption><\/figure>\n\n\n\n<h3 class=\"wp-block-heading\">Mediaci\u00f3n informal (personal de la DRC y\/o terceras partes bajo contrato) <\/h3>\n\n\n\n<p><strong>Por un per\u00edodo m\u00e1ximo de 21 d\u00edas<\/strong><\/p>\n\n\n\n<p>La mediaci\u00f3n informal es el comienzo del proceso formal de soluci\u00f3n de controversias de la DRC. Este proceso requiere someter informaci\u00f3n a trav\u00e9s de formatos en un periodo de veinti\u00fan d\u00edas en el cual las partes trabajan con el objetivo de llegar a una soluci\u00f3n.<\/p>\n<\/div><\/div>\n\n\n\n<div class=\"wp-block-group\"><div class=\"wp-block-group__inner-container is-layout-flow wp-block-group-is-layout-flow\">\n<figure class=\"wp-block-image size-large\"><img decoding=\"async\" data-src=\"https:\/\/fvdrc.com\/wp-content\/uploads\/2020\/06\/stage-5-icon.svg\" alt=\"\" class=\"wp-image-2804 lazyload\" src=\"data:image\/svg+xml;base64,PHN2ZyB3aWR0aD0iMSIgaGVpZ2h0PSIxIiB4bWxucz0iaHR0cDovL3d3dy53My5vcmcvMjAwMC9zdmciPjwvc3ZnPg==\" \/><figcaption class=\"wp-element-caption\">Etapa <strong>5<\/strong><\/figcaption><\/figure>\n\n\n\n<h3 class=\"wp-block-heading\">Mediaci\u00f3n formal <\/h3>\n\n\n\n<p><strong>Por un plazo que no exceda de 60 d\u00edas<\/strong><\/p>\n\n\n\n<p>La mediaci\u00f3n formal es una opci\u00f3n previa al arbitraje que se puede utilizar sin importar el valor del reclamo. Ambas partes deben acordar utilizar esta opci\u00f3n y la mediaci\u00f3n es llevada a cabo por un mediador que puede ser asignado de nuestro panel de mediadores. Si las partes no acuerdan utilizar la mediaci\u00f3n formal o el proceso de mediaci\u00f3n formal no es satisfactorio, las partes pueden iniciar el proceso de arbitraje.<\/p>\n<\/div><\/div>\n<\/div><\/div>\n\n\n\n<div class=\"wp-block-buttons is-layout-flex wp-block-buttons-is-layout-flex\">\n<div class=\"wp-block-button fvdrc-button-orange\"><a class=\"wp-block-button__link wp-element-button\" href=\"https:\/\/fvdrc.com\/es\/solucion-de-controversias\/mediacion\/\" target=\"_blank\" rel=\"noreferrer noopener\">Aprende m\u00e1s<\/a><\/div>\n<\/div>\n<\/div><\/div>\n\n\n\n<div class=\"wp-block-group group-arbitration\"><div class=\"wp-block-group__inner-container is-layout-flow wp-block-group-is-layout-flow\">\n<h2 class=\"wp-block-heading\">Arbitraje<\/h2>\n\n\n\n<div class=\"wp-block-group\"><div class=\"wp-block-group__inner-container is-layout-flow wp-block-group-is-layout-flow\">\n<div class=\"wp-block-group\"><div class=\"wp-block-group__inner-container is-layout-flow wp-block-group-is-layout-flow\">\n<figure class=\"wp-block-image size-large\"><img decoding=\"async\" data-src=\"https:\/\/fvdrc.com\/wp-content\/uploads\/2020\/06\/stage-6-icon.svg\" alt=\"\" class=\"wp-image-2807 lazyload\" src=\"data:image\/svg+xml;base64,PHN2ZyB3aWR0aD0iMSIgaGVpZ2h0PSIxIiB4bWxucz0iaHR0cDovL3d3dy53My5vcmcvMjAwMC9zdmciPjwvc3ZnPg==\" \/><figcaption class=\"wp-element-caption\">\u00c9tape <strong>6<\/strong><\/figcaption><\/figure>\n\n\n\n<h3 class=\"wp-block-heading\">Arbitraje<\/h3>\n\n\n\n<p><strong>Arbitraje acelerado por un per\u00edodo de 60 a 90 d\u00edas<\/strong><\/p>\n\n\n\n<p><strong>Arbitraje formal por un per\u00edodo de 90 a 120 d\u00edas<\/strong><\/p>\n\n\n\n<p>Cuando las partes no logran llegar a un acuerdo durante las etapas previas, el siguiente paso es el arbitraje. El proceso de arbitraje resulta en un laudo arbitral por parte de un arbitro imparcial, cuya decisi\u00f3n es de cumplimiento obligatorio y puede ser ejecutado en la corte pertinente. El arbitraje puede ser iniciado sin importar el monto del reclamo. Nuestros miembros tienen acceso a procesos de arbitraje expedito y arbitraje formal, dependiendo del monto que se este reclamando.<\/p>\n<\/div><\/div>\n<\/div><\/div>\n\n\n\n<div class=\"wp-block-buttons is-layout-flex wp-block-buttons-is-layout-flex\">\n<div class=\"wp-block-button fvdrc-button-red\"><a class=\"wp-block-button__link wp-element-button\" href=\"https:\/\/fvdrc.com\/es\/solucion-de-controversias\/arbitraje\/\" target=\"_blank\" rel=\"noreferrer noopener\">Aprende m\u00e1s<\/a><\/div>\n<\/div>\n<\/div><\/div>\n","protected":false},"excerpt":{"rendered":"<p>El modelo de resoluci\u00f3n se basa en un proceso potencial de soluci\u00f3n de controversias de seis etapas, que se puede clasificar en nuestros tres servicios: educaci\u00f3n, mediaci\u00f3n y arbitraje. La mayor\u00eda de las controversias se resuelven antes o en la Etapa 3, Consulta y asesor\u00eda. Por lo general, s\u00f3lo requiere de un par de llamadas [&hellip;]<\/p>\n","protected":false},"author":5,"featured_media":0,"parent":526,"menu_order":0,"comment_status":"closed","ping_status":"closed","template":"","meta":{"_acf_changed":false,"_coblocks_attr":"","_coblocks_dimensions":"","_coblocks_responsive_height":"","_coblocks_accordion_ie_support":"","om_disable_all_campaigns":false,"_uag_custom_page_level_css":"","_monsterinsights_skip_tracking":false,"_monsterinsights_sitenote_active":false,"_monsterinsights_sitenote_note":"","_monsterinsights_sitenote_category":0,"_uf_show_specific_survey":0,"_uf_disable_surveys":false,"footnotes":""},"class_list":["post-4313","page","type-page","status-publish","hentry"],"acf":[],"aioseo_notices":[],"yoast_head":"<!-- This site is optimized with the Yoast SEO plugin v27.4 - https:\/\/yoast.com\/product\/yoast-seo-wordpress\/ -->\n<title>Sistema de soluci\u00f3n de controversias - Fruit and Vegetable Dispute Resolution Corporation<\/title>\n<meta name=\"robots\" content=\"index, follow, max-snippet:-1, max-image-preview:large, max-video-preview:-1\" \/>\n<link rel=\"canonical\" href=\"https:\/\/fvdrc.com\/es\/solucion-de-controversias\/sistema-de-solucion-de-controversias\/\" \/>\n<meta property=\"og:locale\" content=\"es_ES\" \/>\n<meta property=\"og:type\" content=\"article\" \/>\n<meta property=\"og:title\" content=\"Sistema de soluci\u00f3n de controversias - Fruit and Vegetable Dispute Resolution Corporation\" \/>\n<meta property=\"og:description\" content=\"El modelo de resoluci\u00f3n se basa en un proceso potencial de soluci\u00f3n de controversias de seis etapas, que se puede clasificar en nuestros tres servicios: educaci\u00f3n, mediaci\u00f3n y arbitraje. La mayor\u00eda de las controversias se resuelven antes o en la Etapa 3, Consulta y asesor\u00eda. Por lo general, s\u00f3lo requiere de un par de llamadas [&hellip;]\" \/>\n<meta property=\"og:url\" content=\"https:\/\/fvdrc.com\/es\/solucion-de-controversias\/sistema-de-solucion-de-controversias\/\" \/>\n<meta property=\"og:site_name\" content=\"Fruit and Vegetable Dispute Resolution Corporation\" \/>\n<meta property=\"article:modified_time\" content=\"2026-03-19T18:32:22+00:00\" \/>\n<meta name=\"twitter:card\" content=\"summary_large_image\" \/>\n<meta name=\"twitter:label1\" content=\"Est. reading time\" \/>\n\t<meta name=\"twitter:data1\" content=\"4 minutes\" \/>\n<script type=\"application\/ld+json\" class=\"yoast-schema-graph\">{\"@context\":\"https:\\\/\\\/schema.org\",\"@graph\":[{\"@type\":\"WebPage\",\"@id\":\"https:\\\/\\\/fvdrc.com\\\/es\\\/solucion-de-controversias\\\/sistema-de-solucion-de-controversias\\\/\",\"url\":\"https:\\\/\\\/fvdrc.com\\\/es\\\/solucion-de-controversias\\\/sistema-de-solucion-de-controversias\\\/\",\"name\":\"Sistema de soluci\u00f3n de controversias - Fruit and Vegetable Dispute Resolution Corporation\",\"isPartOf\":{\"@id\":\"https:\\\/\\\/fvdrc.com\\\/#website\"},\"primaryImageOfPage\":{\"@id\":\"https:\\\/\\\/fvdrc.com\\\/es\\\/solucion-de-controversias\\\/sistema-de-solucion-de-controversias\\\/#primaryimage\"},\"image\":{\"@id\":\"https:\\\/\\\/fvdrc.com\\\/es\\\/solucion-de-controversias\\\/sistema-de-solucion-de-controversias\\\/#primaryimage\"},\"thumbnailUrl\":\"https:\\\/\\\/fvdrc.com\\\/wp-content\\\/uploads\\\/2020\\\/06\\\/stage-1-icon.svg\",\"datePublished\":\"2020-11-04T22:23:50+00:00\",\"dateModified\":\"2026-03-19T18:32:22+00:00\",\"breadcrumb\":{\"@id\":\"https:\\\/\\\/fvdrc.com\\\/es\\\/solucion-de-controversias\\\/sistema-de-solucion-de-controversias\\\/#breadcrumb\"},\"inLanguage\":\"es-ES\",\"potentialAction\":[{\"@type\":\"ReadAction\",\"target\":[\"https:\\\/\\\/fvdrc.com\\\/es\\\/solucion-de-controversias\\\/sistema-de-solucion-de-controversias\\\/\"]}]},{\"@type\":\"ImageObject\",\"inLanguage\":\"es-ES\",\"@id\":\"https:\\\/\\\/fvdrc.com\\\/es\\\/solucion-de-controversias\\\/sistema-de-solucion-de-controversias\\\/#primaryimage\",\"url\":\"https:\\\/\\\/fvdrc.com\\\/wp-content\\\/uploads\\\/2020\\\/06\\\/stage-1-icon.svg\",\"contentUrl\":\"https:\\\/\\\/fvdrc.com\\\/wp-content\\\/uploads\\\/2020\\\/06\\\/stage-1-icon.svg\"},{\"@type\":\"BreadcrumbList\",\"@id\":\"https:\\\/\\\/fvdrc.com\\\/es\\\/solucion-de-controversias\\\/sistema-de-solucion-de-controversias\\\/#breadcrumb\",\"itemListElement\":[{\"@type\":\"ListItem\",\"position\":1,\"name\":\"Home\",\"item\":\"https:\\\/\\\/fvdrc.com\\\/es\\\/\"},{\"@type\":\"ListItem\",\"position\":2,\"name\":\"Soluci\u00f3n de controversias\",\"item\":\"https:\\\/\\\/fvdrc.com\\\/es\\\/solucion-de-controversias\\\/\"},{\"@type\":\"ListItem\",\"position\":3,\"name\":\"Sistema de soluci\u00f3n de controversias\"}]},{\"@type\":\"WebSite\",\"@id\":\"https:\\\/\\\/fvdrc.com\\\/#website\",\"url\":\"https:\\\/\\\/fvdrc.com\\\/\",\"name\":\"Fruit and Vegetable Dispute Resolution Corporation\",\"description\":\"Trade with Confidence\",\"publisher\":{\"@id\":\"https:\\\/\\\/fvdrc.com\\\/#organization\"},\"potentialAction\":[{\"@type\":\"SearchAction\",\"target\":{\"@type\":\"EntryPoint\",\"urlTemplate\":\"https:\\\/\\\/fvdrc.com\\\/?s={search_term_string}\"},\"query-input\":{\"@type\":\"PropertyValueSpecification\",\"valueRequired\":true,\"valueName\":\"search_term_string\"}}],\"inLanguage\":\"es-ES\"},{\"@type\":\"Organization\",\"@id\":\"https:\\\/\\\/fvdrc.com\\\/#organization\",\"name\":\"Fruit and Vegetable Dispute Resolution Corporation\",\"url\":\"https:\\\/\\\/fvdrc.com\\\/\",\"logo\":{\"@type\":\"ImageObject\",\"inLanguage\":\"es-ES\",\"@id\":\"https:\\\/\\\/fvdrc.com\\\/#\\\/schema\\\/logo\\\/image\\\/\",\"url\":\"https:\\\/\\\/fvdrc.com\\\/wp-content\\\/uploads\\\/2020\\\/06\\\/DRC-logo@2x.png\",\"contentUrl\":\"https:\\\/\\\/fvdrc.com\\\/wp-content\\\/uploads\\\/2020\\\/06\\\/DRC-logo@2x.png\",\"width\":261,\"height\":140,\"caption\":\"Fruit and Vegetable Dispute Resolution Corporation\"},\"image\":{\"@id\":\"https:\\\/\\\/fvdrc.com\\\/#\\\/schema\\\/logo\\\/image\\\/\"}}]}<\/script>\n<!-- \/ Yoast SEO plugin. -->","yoast_head_json":{"title":"Sistema de soluci\u00f3n de controversias - Fruit and Vegetable Dispute Resolution Corporation","robots":{"index":"index","follow":"follow","max-snippet":"max-snippet:-1","max-image-preview":"max-image-preview:large","max-video-preview":"max-video-preview:-1"},"canonical":"https:\/\/fvdrc.com\/es\/solucion-de-controversias\/sistema-de-solucion-de-controversias\/","og_locale":"es_ES","og_type":"article","og_title":"Sistema de soluci\u00f3n de controversias - Fruit and Vegetable Dispute Resolution Corporation","og_description":"El modelo de resoluci\u00f3n se basa en un proceso potencial de soluci\u00f3n de controversias de seis etapas, que se puede clasificar en nuestros tres servicios: educaci\u00f3n, mediaci\u00f3n y arbitraje. La mayor\u00eda de las controversias se resuelven antes o en la Etapa 3, Consulta y asesor\u00eda. Por lo general, s\u00f3lo requiere de un par de llamadas [&hellip;]","og_url":"https:\/\/fvdrc.com\/es\/solucion-de-controversias\/sistema-de-solucion-de-controversias\/","og_site_name":"Fruit and Vegetable Dispute Resolution Corporation","article_modified_time":"2026-03-19T18:32:22+00:00","twitter_card":"summary_large_image","twitter_misc":{"Est. reading time":"4 minutes"},"schema":{"@context":"https:\/\/schema.org","@graph":[{"@type":"WebPage","@id":"https:\/\/fvdrc.com\/es\/solucion-de-controversias\/sistema-de-solucion-de-controversias\/","url":"https:\/\/fvdrc.com\/es\/solucion-de-controversias\/sistema-de-solucion-de-controversias\/","name":"Sistema de soluci\u00f3n de controversias - Fruit and Vegetable Dispute Resolution Corporation","isPartOf":{"@id":"https:\/\/fvdrc.com\/#website"},"primaryImageOfPage":{"@id":"https:\/\/fvdrc.com\/es\/solucion-de-controversias\/sistema-de-solucion-de-controversias\/#primaryimage"},"image":{"@id":"https:\/\/fvdrc.com\/es\/solucion-de-controversias\/sistema-de-solucion-de-controversias\/#primaryimage"},"thumbnailUrl":"https:\/\/fvdrc.com\/wp-content\/uploads\/2020\/06\/stage-1-icon.svg","datePublished":"2020-11-04T22:23:50+00:00","dateModified":"2026-03-19T18:32:22+00:00","breadcrumb":{"@id":"https:\/\/fvdrc.com\/es\/solucion-de-controversias\/sistema-de-solucion-de-controversias\/#breadcrumb"},"inLanguage":"es-ES","potentialAction":[{"@type":"ReadAction","target":["https:\/\/fvdrc.com\/es\/solucion-de-controversias\/sistema-de-solucion-de-controversias\/"]}]},{"@type":"ImageObject","inLanguage":"es-ES","@id":"https:\/\/fvdrc.com\/es\/solucion-de-controversias\/sistema-de-solucion-de-controversias\/#primaryimage","url":"https:\/\/fvdrc.com\/wp-content\/uploads\/2020\/06\/stage-1-icon.svg","contentUrl":"https:\/\/fvdrc.com\/wp-content\/uploads\/2020\/06\/stage-1-icon.svg"},{"@type":"BreadcrumbList","@id":"https:\/\/fvdrc.com\/es\/solucion-de-controversias\/sistema-de-solucion-de-controversias\/#breadcrumb","itemListElement":[{"@type":"ListItem","position":1,"name":"Home","item":"https:\/\/fvdrc.com\/es\/"},{"@type":"ListItem","position":2,"name":"Soluci\u00f3n de controversias","item":"https:\/\/fvdrc.com\/es\/solucion-de-controversias\/"},{"@type":"ListItem","position":3,"name":"Sistema de soluci\u00f3n de controversias"}]},{"@type":"WebSite","@id":"https:\/\/fvdrc.com\/#website","url":"https:\/\/fvdrc.com\/","name":"Fruit and Vegetable Dispute Resolution Corporation","description":"Trade with Confidence","publisher":{"@id":"https:\/\/fvdrc.com\/#organization"},"potentialAction":[{"@type":"SearchAction","target":{"@type":"EntryPoint","urlTemplate":"https:\/\/fvdrc.com\/?s={search_term_string}"},"query-input":{"@type":"PropertyValueSpecification","valueRequired":true,"valueName":"search_term_string"}}],"inLanguage":"es-ES"},{"@type":"Organization","@id":"https:\/\/fvdrc.com\/#organization","name":"Fruit and Vegetable Dispute Resolution Corporation","url":"https:\/\/fvdrc.com\/","logo":{"@type":"ImageObject","inLanguage":"es-ES","@id":"https:\/\/fvdrc.com\/#\/schema\/logo\/image\/","url":"https:\/\/fvdrc.com\/wp-content\/uploads\/2020\/06\/DRC-logo@2x.png","contentUrl":"https:\/\/fvdrc.com\/wp-content\/uploads\/2020\/06\/DRC-logo@2x.png","width":261,"height":140,"caption":"Fruit and Vegetable Dispute Resolution Corporation"},"image":{"@id":"https:\/\/fvdrc.com\/#\/schema\/logo\/image\/"}}]}},"featured_image_src":null,"featured_image_src_square":null,"uagb_featured_image_src":{"full":false,"thumbnail":false,"medium":false,"medium_large":false,"large":false,"gs-tiny":false,"xl":false,"xxl":false,"xxxl":false,"xxxxl":false,"xxxxxl":false,"1536x1536":false,"2048x2048":false,"gb-block-post-grid-landscape":false,"gb-block-post-grid-square":false,"post-thumbnail":false,"twentytwenty-fullscreen":false},"uagb_author_info":{"display_name":"pande","author_link":"https:\/\/fvdrc.com\/es\/solutions\/author\/pande\/"},"uagb_comment_info":0,"uagb_excerpt":"El modelo de resoluci\u00f3n se basa en un proceso potencial de soluci\u00f3n de controversias de seis etapas, que se puede clasificar en nuestros tres servicios: educaci\u00f3n, mediaci\u00f3n y arbitraje. La mayor\u00eda de las controversias se resuelven antes o en la Etapa 3, Consulta y asesor\u00eda. Por lo general, s\u00f3lo requiere de un par de llamadas&hellip;","_links":{"self":[{"href":"https:\/\/fvdrc.com\/es\/wp-json\/wp\/v2\/pages\/4313","targetHints":{"allow":["GET"]}}],"collection":[{"href":"https:\/\/fvdrc.com\/es\/wp-json\/wp\/v2\/pages"}],"about":[{"href":"https:\/\/fvdrc.com\/es\/wp-json\/wp\/v2\/types\/page"}],"author":[{"embeddable":true,"href":"https:\/\/fvdrc.com\/es\/wp-json\/wp\/v2\/users\/5"}],"replies":[{"embeddable":true,"href":"https:\/\/fvdrc.com\/es\/wp-json\/wp\/v2\/comments?post=4313"}],"version-history":[{"count":10,"href":"https:\/\/fvdrc.com\/es\/wp-json\/wp\/v2\/pages\/4313\/revisions"}],"predecessor-version":[{"id":15773,"href":"https:\/\/fvdrc.com\/es\/wp-json\/wp\/v2\/pages\/4313\/revisions\/15773"}],"up":[{"embeddable":true,"href":"https:\/\/fvdrc.com\/es\/wp-json\/wp\/v2\/pages\/526"}],"wp:attachment":[{"href":"https:\/\/fvdrc.com\/es\/wp-json\/wp\/v2\/media?parent=4313"}],"curies":[{"name":"wp","href":"https:\/\/api.w.org\/{rel}","templated":true}]}}