{"id":3510,"date":"2020-06-23T08:10:23","date_gmt":"2020-06-23T12:10:23","guid":{"rendered":"https:\/\/www.fvdrc.com\/?page_id=3510"},"modified":"2025-06-02T15:29:05","modified_gmt":"2025-06-02T19:29:05","slug":"educacion-y-consulta","status":"publish","type":"page","link":"https:\/\/fvdrc.com\/es\/solucion-de-controversias\/educacion-y-consulta\/","title":{"rendered":"Educaci\u00f3n y Consulta"},"content":{"rendered":"\n<p>Mientras la DRC ha ayudado a resolver las controversias por valor de millones de d\u00f3lares, nos esforzamos por asesorar y educar a nuestros miembros sobre las mejores pr\u00e1cticas, para que puedan evitar conflictos por completo al brindar educaci\u00f3n sobre prevenci\u00f3n de disputas a trav\u00e9s de acceso al escritorio de asistencia de la DRC, seminarios modificados para requisitos particulares, seminarios en l\u00ednea (Webinars), publicaciones de la DRC y mucho m\u00e1s. <a id=\"contacto\"><\/a><\/p>\n\n\n\n<div class=\"wp-block-uagb-buttons uagb-buttons__outer-wrap uagb-btn__medium-btn uagb-btn-tablet__default-btn uagb-btn-mobile__default-btn uagb-block-f5bc96a1\"><div class=\"uagb-buttons__wrap uagb-buttons-layout-wrap \">\n<div class=\"wp-block-uagb-buttons-child uagb-buttons__outer-wrap uagb-block-23d1e819 wp-block-button\"><div class=\"uagb-button__wrapper\"><a class=\"uagb-buttons-repeater wp-block-button__link\" aria-label=\"\" href=\"https:\/\/fvdrc.com\/es\/solucion-de-controversias\/educacion-y-consulta\/seminarios\/\" rel=\"follow noopener\" target=\"_blank\" role=\"button\"><div class=\"uagb-button__link\">seminarios<\/div><\/a><\/div><\/div>\n\n\n\n<div class=\"wp-block-uagb-buttons-child uagb-buttons__outer-wrap uagb-block-a19c02b3 wp-block-button\"><div class=\"uagb-button__wrapper\"><a class=\"uagb-buttons-repeater wp-block-button__link\" aria-label=\"\" href=\"https:\/\/fvdrc.com\/es\/solucion-de-controversias\/educacion-y-consulta\/estudios-de-casos\/\" rel=\"follow noopener\" target=\"_blank\" role=\"button\"><div class=\"uagb-button__link\">estudios de casos<\/div><\/a><\/div><\/div>\n<\/div><\/div>\n","protected":false},"excerpt":{"rendered":"<p>Mientras la DRC ha ayudado a resolver las controversias por valor de millones de d\u00f3lares, nos esforzamos por asesorar y educar a nuestros miembros sobre las mejores pr\u00e1cticas, para que puedan evitar conflictos por completo al brindar educaci\u00f3n sobre prevenci\u00f3n de disputas a trav\u00e9s de acceso al escritorio de asistencia de la DRC, seminarios modificados [&hellip;]<\/p>\n","protected":false},"author":5,"featured_media":0,"parent":526,"menu_order":0,"comment_status":"closed","ping_status":"closed","template":"","meta":{"_acf_changed":false,"_coblocks_attr":"","_coblocks_dimensions":"","_coblocks_responsive_height":"","_coblocks_accordion_ie_support":"","om_disable_all_campaigns":false,"_uag_custom_page_level_css":"","_monsterinsights_skip_tracking":false,"_monsterinsights_sitenote_active":false,"_monsterinsights_sitenote_note":"","_monsterinsights_sitenote_category":0,"_uf_show_specific_survey":0,"_uf_disable_surveys":false,"footnotes":""},"class_list":["post-3510","page","type-page","status-publish","hentry"],"acf":[],"aioseo_notices":[],"yoast_head":"<!-- This site is optimized with the Yoast SEO plugin v27.4 - https:\/\/yoast.com\/product\/yoast-seo-wordpress\/ -->\n<title>Educaci\u00f3n y Consulta - Fruit and Vegetable Dispute Resolution Corporation<\/title>\n<meta name=\"description\" content=\"Mientras la DRC ha ayudado a resolver las controversias por valor de millones de d\u00f3lares, nos esforzamos por asesorar y educar ...\" \/>\n<meta name=\"robots\" content=\"index, follow, max-snippet:-1, max-image-preview:large, max-video-preview:-1\" \/>\n<link rel=\"canonical\" href=\"https:\/\/fvdrc.com\/es\/solucion-de-controversias\/educacion-y-consulta\/\" \/>\n<meta property=\"og:locale\" content=\"es_ES\" \/>\n<meta property=\"og:type\" content=\"article\" \/>\n<meta property=\"og:title\" content=\"Educaci\u00f3n y Consulta - Fruit and Vegetable Dispute Resolution Corporation\" \/>\n<meta property=\"og:description\" content=\"Mientras la DRC ha ayudado a resolver las controversias por valor de millones de d\u00f3lares, nos esforzamos por asesorar y educar ...\" \/>\n<meta property=\"og:url\" content=\"https:\/\/fvdrc.com\/es\/solucion-de-controversias\/educacion-y-consulta\/\" \/>\n<meta property=\"og:site_name\" content=\"Fruit and Vegetable Dispute Resolution Corporation\" \/>\n<meta property=\"article:modified_time\" content=\"2025-06-02T19:29:05+00:00\" \/>\n<meta name=\"twitter:card\" content=\"summary_large_image\" \/>\n<meta name=\"twitter:label1\" content=\"Est. reading time\" \/>\n\t<meta name=\"twitter:data1\" content=\"1 minute\" \/>\n<script type=\"application\/ld+json\" class=\"yoast-schema-graph\">{\"@context\":\"https:\\\/\\\/schema.org\",\"@graph\":[{\"@type\":\"WebPage\",\"@id\":\"https:\\\/\\\/fvdrc.com\\\/es\\\/solucion-de-controversias\\\/educacion-y-consulta\\\/\",\"url\":\"https:\\\/\\\/fvdrc.com\\\/es\\\/solucion-de-controversias\\\/educacion-y-consulta\\\/\",\"name\":\"Educaci\u00f3n y Consulta - Fruit and Vegetable Dispute Resolution Corporation\",\"isPartOf\":{\"@id\":\"https:\\\/\\\/fvdrc.com\\\/#website\"},\"datePublished\":\"2020-06-23T12:10:23+00:00\",\"dateModified\":\"2025-06-02T19:29:05+00:00\",\"description\":\"Mientras la DRC ha ayudado a resolver las controversias por valor de millones de d\u00f3lares, nos esforzamos por asesorar y educar ...\",\"breadcrumb\":{\"@id\":\"https:\\\/\\\/fvdrc.com\\\/es\\\/solucion-de-controversias\\\/educacion-y-consulta\\\/#breadcrumb\"},\"inLanguage\":\"es-ES\",\"potentialAction\":[{\"@type\":\"ReadAction\",\"target\":[\"https:\\\/\\\/fvdrc.com\\\/es\\\/solucion-de-controversias\\\/educacion-y-consulta\\\/\"]}]},{\"@type\":\"BreadcrumbList\",\"@id\":\"https:\\\/\\\/fvdrc.com\\\/es\\\/solucion-de-controversias\\\/educacion-y-consulta\\\/#breadcrumb\",\"itemListElement\":[{\"@type\":\"ListItem\",\"position\":1,\"name\":\"Home\",\"item\":\"https:\\\/\\\/fvdrc.com\\\/es\\\/\"},{\"@type\":\"ListItem\",\"position\":2,\"name\":\"Soluci\u00f3n de controversias\",\"item\":\"https:\\\/\\\/fvdrc.com\\\/es\\\/solucion-de-controversias\\\/\"},{\"@type\":\"ListItem\",\"position\":3,\"name\":\"Educaci\u00f3n y Consulta\"}]},{\"@type\":\"WebSite\",\"@id\":\"https:\\\/\\\/fvdrc.com\\\/#website\",\"url\":\"https:\\\/\\\/fvdrc.com\\\/\",\"name\":\"Fruit and Vegetable Dispute Resolution Corporation\",\"description\":\"Trade with Confidence\",\"publisher\":{\"@id\":\"https:\\\/\\\/fvdrc.com\\\/#organization\"},\"potentialAction\":[{\"@type\":\"SearchAction\",\"target\":{\"@type\":\"EntryPoint\",\"urlTemplate\":\"https:\\\/\\\/fvdrc.com\\\/?s={search_term_string}\"},\"query-input\":{\"@type\":\"PropertyValueSpecification\",\"valueRequired\":true,\"valueName\":\"search_term_string\"}}],\"inLanguage\":\"es-ES\"},{\"@type\":\"Organization\",\"@id\":\"https:\\\/\\\/fvdrc.com\\\/#organization\",\"name\":\"Fruit and Vegetable Dispute Resolution Corporation\",\"url\":\"https:\\\/\\\/fvdrc.com\\\/\",\"logo\":{\"@type\":\"ImageObject\",\"inLanguage\":\"es-ES\",\"@id\":\"https:\\\/\\\/fvdrc.com\\\/#\\\/schema\\\/logo\\\/image\\\/\",\"url\":\"https:\\\/\\\/fvdrc.com\\\/wp-content\\\/uploads\\\/2020\\\/06\\\/DRC-logo@2x.png\",\"contentUrl\":\"https:\\\/\\\/fvdrc.com\\\/wp-content\\\/uploads\\\/2020\\\/06\\\/DRC-logo@2x.png\",\"width\":261,\"height\":140,\"caption\":\"Fruit and Vegetable Dispute Resolution Corporation\"},\"image\":{\"@id\":\"https:\\\/\\\/fvdrc.com\\\/#\\\/schema\\\/logo\\\/image\\\/\"}}]}<\/script>\n<!-- \/ Yoast SEO plugin. -->","yoast_head_json":{"title":"Educaci\u00f3n y Consulta - Fruit and Vegetable Dispute Resolution Corporation","description":"Mientras la DRC ha ayudado a resolver las controversias por valor de millones de d\u00f3lares, nos esforzamos por asesorar y educar ...","robots":{"index":"index","follow":"follow","max-snippet":"max-snippet:-1","max-image-preview":"max-image-preview:large","max-video-preview":"max-video-preview:-1"},"canonical":"https:\/\/fvdrc.com\/es\/solucion-de-controversias\/educacion-y-consulta\/","og_locale":"es_ES","og_type":"article","og_title":"Educaci\u00f3n y Consulta - Fruit and Vegetable Dispute Resolution Corporation","og_description":"Mientras la DRC ha ayudado a resolver las controversias por valor de millones de d\u00f3lares, nos esforzamos por asesorar y educar ...","og_url":"https:\/\/fvdrc.com\/es\/solucion-de-controversias\/educacion-y-consulta\/","og_site_name":"Fruit and Vegetable Dispute Resolution Corporation","article_modified_time":"2025-06-02T19:29:05+00:00","twitter_card":"summary_large_image","twitter_misc":{"Est. reading time":"1 minute"},"schema":{"@context":"https:\/\/schema.org","@graph":[{"@type":"WebPage","@id":"https:\/\/fvdrc.com\/es\/solucion-de-controversias\/educacion-y-consulta\/","url":"https:\/\/fvdrc.com\/es\/solucion-de-controversias\/educacion-y-consulta\/","name":"Educaci\u00f3n y Consulta - Fruit and Vegetable Dispute Resolution Corporation","isPartOf":{"@id":"https:\/\/fvdrc.com\/#website"},"datePublished":"2020-06-23T12:10:23+00:00","dateModified":"2025-06-02T19:29:05+00:00","description":"Mientras la DRC ha ayudado a resolver las controversias por valor de millones de d\u00f3lares, nos esforzamos por asesorar y educar ...","breadcrumb":{"@id":"https:\/\/fvdrc.com\/es\/solucion-de-controversias\/educacion-y-consulta\/#breadcrumb"},"inLanguage":"es-ES","potentialAction":[{"@type":"ReadAction","target":["https:\/\/fvdrc.com\/es\/solucion-de-controversias\/educacion-y-consulta\/"]}]},{"@type":"BreadcrumbList","@id":"https:\/\/fvdrc.com\/es\/solucion-de-controversias\/educacion-y-consulta\/#breadcrumb","itemListElement":[{"@type":"ListItem","position":1,"name":"Home","item":"https:\/\/fvdrc.com\/es\/"},{"@type":"ListItem","position":2,"name":"Soluci\u00f3n de controversias","item":"https:\/\/fvdrc.com\/es\/solucion-de-controversias\/"},{"@type":"ListItem","position":3,"name":"Educaci\u00f3n y Consulta"}]},{"@type":"WebSite","@id":"https:\/\/fvdrc.com\/#website","url":"https:\/\/fvdrc.com\/","name":"Fruit and Vegetable Dispute Resolution Corporation","description":"Trade with Confidence","publisher":{"@id":"https:\/\/fvdrc.com\/#organization"},"potentialAction":[{"@type":"SearchAction","target":{"@type":"EntryPoint","urlTemplate":"https:\/\/fvdrc.com\/?s={search_term_string}"},"query-input":{"@type":"PropertyValueSpecification","valueRequired":true,"valueName":"search_term_string"}}],"inLanguage":"es-ES"},{"@type":"Organization","@id":"https:\/\/fvdrc.com\/#organization","name":"Fruit and Vegetable Dispute Resolution Corporation","url":"https:\/\/fvdrc.com\/","logo":{"@type":"ImageObject","inLanguage":"es-ES","@id":"https:\/\/fvdrc.com\/#\/schema\/logo\/image\/","url":"https:\/\/fvdrc.com\/wp-content\/uploads\/2020\/06\/DRC-logo@2x.png","contentUrl":"https:\/\/fvdrc.com\/wp-content\/uploads\/2020\/06\/DRC-logo@2x.png","width":261,"height":140,"caption":"Fruit and Vegetable Dispute Resolution Corporation"},"image":{"@id":"https:\/\/fvdrc.com\/#\/schema\/logo\/image\/"}}]}},"featured_image_src":null,"featured_image_src_square":null,"uagb_featured_image_src":{"full":false,"thumbnail":false,"medium":false,"medium_large":false,"large":false,"gs-tiny":false,"xl":false,"xxl":false,"xxxl":false,"xxxxl":false,"xxxxxl":false,"1536x1536":false,"2048x2048":false,"gb-block-post-grid-landscape":false,"gb-block-post-grid-square":false,"post-thumbnail":false,"twentytwenty-fullscreen":false},"uagb_author_info":{"display_name":"pande","author_link":"https:\/\/fvdrc.com\/es\/solutions\/author\/pande\/"},"uagb_comment_info":0,"uagb_excerpt":"Mientras la DRC ha ayudado a resolver las controversias por valor de millones de d\u00f3lares, nos esforzamos por asesorar y educar a nuestros miembros sobre las mejores pr\u00e1cticas, para que puedan evitar conflictos por completo al brindar educaci\u00f3n sobre prevenci\u00f3n de disputas a trav\u00e9s de acceso al escritorio de asistencia de la DRC, seminarios modificados&hellip;","_links":{"self":[{"href":"https:\/\/fvdrc.com\/es\/wp-json\/wp\/v2\/pages\/3510","targetHints":{"allow":["GET"]}}],"collection":[{"href":"https:\/\/fvdrc.com\/es\/wp-json\/wp\/v2\/pages"}],"about":[{"href":"https:\/\/fvdrc.com\/es\/wp-json\/wp\/v2\/types\/page"}],"author":[{"embeddable":true,"href":"https:\/\/fvdrc.com\/es\/wp-json\/wp\/v2\/users\/5"}],"replies":[{"embeddable":true,"href":"https:\/\/fvdrc.com\/es\/wp-json\/wp\/v2\/comments?post=3510"}],"version-history":[{"count":17,"href":"https:\/\/fvdrc.com\/es\/wp-json\/wp\/v2\/pages\/3510\/revisions"}],"predecessor-version":[{"id":13641,"href":"https:\/\/fvdrc.com\/es\/wp-json\/wp\/v2\/pages\/3510\/revisions\/13641"}],"up":[{"embeddable":true,"href":"https:\/\/fvdrc.com\/es\/wp-json\/wp\/v2\/pages\/526"}],"wp:attachment":[{"href":"https:\/\/fvdrc.com\/es\/wp-json\/wp\/v2\/media?parent=3510"}],"curies":[{"name":"wp","href":"https:\/\/api.w.org\/{rel}","templated":true}]}}