{"id":14614,"date":"2026-02-10T15:26:26","date_gmt":"2026-02-10T20:26:26","guid":{"rendered":"https:\/\/fvdrc.com\/?page_id=14614"},"modified":"2026-03-18T11:25:31","modified_gmt":"2026-03-18T15:25:31","slug":"ffv-flf","status":"publish","type":"page","link":"https:\/\/fvdrc.com\/es\/ffv-flf\/","title":{"rendered":"Requisitos de Est\u00e1ndares de Calidad"},"content":{"rendered":"\n<h2>Requisitos canadienses de est\u00e1ndares de calidad de frutas y hortalizas frescas<\/h2>\n\n\n\n<div class=\"wp-block-media-text is-stacked-on-mobile\" style=\"grid-template-columns:44% auto\"><figure class=\"wp-block-media-text__media\"><img decoding=\"async\" width=\"1024\" height=\"356\" data-src=\"https:\/\/fvdrc.com\/wp-content\/uploads\/2026\/02\/SLIDER_GRADES_SPA-1024x356.png\" alt=\"REQUISITOS DE ESANDARES\" class=\"wp-image-15407 size-full lazyload\" data-srcset=\"https:\/\/fvdrc.com\/wp-content\/uploads\/2026\/02\/SLIDER_GRADES_SPA-1024x356.png 1024w, https:\/\/fvdrc.com\/wp-content\/uploads\/2026\/02\/SLIDER_GRADES_SPA-300x104.png 300w, https:\/\/fvdrc.com\/wp-content\/uploads\/2026\/02\/SLIDER_GRADES_SPA-768x267.png 768w, https:\/\/fvdrc.com\/wp-content\/uploads\/2026\/02\/SLIDER_GRADES_SPA-50x17.png 50w, https:\/\/fvdrc.com\/wp-content\/uploads\/2026\/02\/SLIDER_GRADES_SPA-1200x417.png 1200w, https:\/\/fvdrc.com\/wp-content\/uploads\/2026\/02\/SLIDER_GRADES_SPA.png 1497w\" data-sizes=\"(max-width: 1024px) 100vw, 1024px\" src=\"data:image\/svg+xml;base64,PHN2ZyB3aWR0aD0iMSIgaGVpZ2h0PSIxIiB4bWxucz0iaHR0cDovL3d3dy53My5vcmcvMjAwMC9zdmciPjwvc3ZnPg==\" style=\"--smush-placeholder-width: 1024px; --smush-placeholder-aspect-ratio: 1024\/356;\" \/><\/figure><div class=\"wp-block-media-text__content\">\n<p>El 6 de febrero de 2026, la Corporaci\u00f3n de Soluci\u00f3n de Controversias sobre Frutas y Hortalizas (DRC) asumi\u00f3 la responsabilidad de gestionar y mantener los requisitos de los est\u00e1ndares de calidad para ciertas frutas y hortalizas frescas vendidas en Canad\u00e1.<\/p>\n\n\n\n<p>Para obtener m\u00e1s informaci\u00f3n, visite las p\u00e1ginas web de la DRC en <a href=\"https:\/\/fvdrc.com\/es\/ffv-flf\/\">ingl\u00e9s<\/a> y en <a href=\"https:\/\/fvdrc.com\/es\/ffv-flf\/\">franc\u00e9s<\/a>.<\/p>\n<\/div><\/div>\n","protected":false},"excerpt":{"rendered":"<p>Requisitos canadienses de est\u00e1ndares de calidad de frutas y hortalizas frescas El 6 de febrero de 2026, la Corporaci\u00f3n de Soluci\u00f3n de Controversias sobre Frutas y Hortalizas (DRC) asumi\u00f3 la responsabilidad de gestionar y mantener los requisitos de los est\u00e1ndares de calidad para ciertas frutas y hortalizas frescas vendidas en Canad\u00e1. Para obtener m\u00e1s informaci\u00f3n, [&hellip;]<\/p>\n","protected":false},"author":2,"featured_media":0,"parent":0,"menu_order":0,"comment_status":"closed","ping_status":"closed","template":"","meta":{"_acf_changed":false,"_coblocks_attr":"","_coblocks_dimensions":"","_coblocks_responsive_height":"","_coblocks_accordion_ie_support":"","om_disable_all_campaigns":false,"_uag_custom_page_level_css":"","_monsterinsights_skip_tracking":false,"_monsterinsights_sitenote_active":false,"_monsterinsights_sitenote_note":"","_monsterinsights_sitenote_category":0,"_uf_show_specific_survey":0,"_uf_disable_surveys":false,"footnotes":""},"class_list":["post-14614","page","type-page","status-publish","hentry"],"acf":[],"aioseo_notices":[],"yoast_head":"<!-- This site is optimized with the Yoast SEO plugin v27.4 - https:\/\/yoast.com\/product\/yoast-seo-wordpress\/ -->\n<title>Requisitos de Est\u00e1ndares de Calidad - Fruit and Vegetable Dispute Resolution Corporation<\/title>\n<meta name=\"description\" content=\"El 6 de febrero de 2026, la Corporaci\u00f3n de Soluci\u00f3n de Controversias sobre Frutas y Hortalizas (DRC) asumi\u00f3 la responsabilidad de gestionar\" \/>\n<meta name=\"robots\" content=\"index, follow, max-snippet:-1, max-image-preview:large, max-video-preview:-1\" \/>\n<link rel=\"canonical\" href=\"https:\/\/fvdrc.com\/es\/ffv-flf\/\" \/>\n<meta property=\"og:locale\" content=\"es_ES\" \/>\n<meta property=\"og:type\" content=\"article\" \/>\n<meta property=\"og:title\" content=\"Requisitos de Est\u00e1ndares de Calidad - Fruit and Vegetable Dispute Resolution Corporation\" \/>\n<meta property=\"og:description\" content=\"El 6 de febrero de 2026, la Corporaci\u00f3n de Soluci\u00f3n de Controversias sobre Frutas y Hortalizas (DRC) asumi\u00f3 la responsabilidad de gestionar\" \/>\n<meta property=\"og:url\" content=\"https:\/\/fvdrc.com\/es\/ffv-flf\/\" \/>\n<meta property=\"og:site_name\" content=\"Fruit and Vegetable Dispute Resolution Corporation\" \/>\n<meta property=\"article:modified_time\" content=\"2026-03-18T15:25:31+00:00\" \/>\n<meta property=\"og:image\" content=\"https:\/\/fvdrc.com\/wp-content\/uploads\/2026\/02\/SLIDER_GRADES_SPA.png\" \/>\n\t<meta property=\"og:image:width\" content=\"1497\" \/>\n\t<meta property=\"og:image:height\" content=\"520\" \/>\n\t<meta property=\"og:image:type\" content=\"image\/png\" \/>\n<meta name=\"twitter:card\" content=\"summary_large_image\" \/>\n<meta name=\"twitter:label1\" content=\"Est. reading time\" \/>\n\t<meta name=\"twitter:data1\" content=\"1 minute\" \/>\n<script type=\"application\/ld+json\" class=\"yoast-schema-graph\">{\"@context\":\"https:\\\/\\\/schema.org\",\"@graph\":[{\"@type\":\"WebPage\",\"@id\":\"https:\\\/\\\/fvdrc.com\\\/es\\\/ffv-flf\\\/\",\"url\":\"https:\\\/\\\/fvdrc.com\\\/es\\\/ffv-flf\\\/\",\"name\":\"Requisitos de Est\u00e1ndares de Calidad - Fruit and Vegetable Dispute Resolution Corporation\",\"isPartOf\":{\"@id\":\"https:\\\/\\\/fvdrc.com\\\/#website\"},\"primaryImageOfPage\":{\"@id\":\"https:\\\/\\\/fvdrc.com\\\/es\\\/ffv-flf\\\/#primaryimage\"},\"image\":{\"@id\":\"https:\\\/\\\/fvdrc.com\\\/es\\\/ffv-flf\\\/#primaryimage\"},\"thumbnailUrl\":\"https:\\\/\\\/fvdrc.com\\\/wp-content\\\/uploads\\\/2026\\\/02\\\/SLIDER_GRADES_SPA-1024x356.png\",\"datePublished\":\"2026-02-10T20:26:26+00:00\",\"dateModified\":\"2026-03-18T15:25:31+00:00\",\"description\":\"El 6 de febrero de 2026, la Corporaci\u00f3n de Soluci\u00f3n de Controversias sobre Frutas y Hortalizas (DRC) asumi\u00f3 la responsabilidad de gestionar\",\"breadcrumb\":{\"@id\":\"https:\\\/\\\/fvdrc.com\\\/es\\\/ffv-flf\\\/#breadcrumb\"},\"inLanguage\":\"es-ES\",\"potentialAction\":[{\"@type\":\"ReadAction\",\"target\":[\"https:\\\/\\\/fvdrc.com\\\/es\\\/ffv-flf\\\/\"]}]},{\"@type\":\"ImageObject\",\"inLanguage\":\"es-ES\",\"@id\":\"https:\\\/\\\/fvdrc.com\\\/es\\\/ffv-flf\\\/#primaryimage\",\"url\":\"https:\\\/\\\/fvdrc.com\\\/wp-content\\\/uploads\\\/2026\\\/02\\\/SLIDER_GRADES_SPA-1024x356.png\",\"contentUrl\":\"https:\\\/\\\/fvdrc.com\\\/wp-content\\\/uploads\\\/2026\\\/02\\\/SLIDER_GRADES_SPA-1024x356.png\"},{\"@type\":\"BreadcrumbList\",\"@id\":\"https:\\\/\\\/fvdrc.com\\\/es\\\/ffv-flf\\\/#breadcrumb\",\"itemListElement\":[{\"@type\":\"ListItem\",\"position\":1,\"name\":\"Home\",\"item\":\"https:\\\/\\\/fvdrc.com\\\/es\\\/\"},{\"@type\":\"ListItem\",\"position\":2,\"name\":\"Requisitos de Est\u00e1ndares de Calidad\"}]},{\"@type\":\"WebSite\",\"@id\":\"https:\\\/\\\/fvdrc.com\\\/#website\",\"url\":\"https:\\\/\\\/fvdrc.com\\\/\",\"name\":\"Fruit and Vegetable Dispute Resolution Corporation\",\"description\":\"Trade with Confidence\",\"publisher\":{\"@id\":\"https:\\\/\\\/fvdrc.com\\\/#organization\"},\"potentialAction\":[{\"@type\":\"SearchAction\",\"target\":{\"@type\":\"EntryPoint\",\"urlTemplate\":\"https:\\\/\\\/fvdrc.com\\\/?s={search_term_string}\"},\"query-input\":{\"@type\":\"PropertyValueSpecification\",\"valueRequired\":true,\"valueName\":\"search_term_string\"}}],\"inLanguage\":\"es-ES\"},{\"@type\":\"Organization\",\"@id\":\"https:\\\/\\\/fvdrc.com\\\/#organization\",\"name\":\"Fruit and Vegetable Dispute Resolution Corporation\",\"url\":\"https:\\\/\\\/fvdrc.com\\\/\",\"logo\":{\"@type\":\"ImageObject\",\"inLanguage\":\"es-ES\",\"@id\":\"https:\\\/\\\/fvdrc.com\\\/#\\\/schema\\\/logo\\\/image\\\/\",\"url\":\"https:\\\/\\\/fvdrc.com\\\/wp-content\\\/uploads\\\/2020\\\/06\\\/DRC-logo@2x.png\",\"contentUrl\":\"https:\\\/\\\/fvdrc.com\\\/wp-content\\\/uploads\\\/2020\\\/06\\\/DRC-logo@2x.png\",\"width\":261,\"height\":140,\"caption\":\"Fruit and Vegetable Dispute Resolution Corporation\"},\"image\":{\"@id\":\"https:\\\/\\\/fvdrc.com\\\/#\\\/schema\\\/logo\\\/image\\\/\"}}]}<\/script>\n<!-- \/ Yoast SEO plugin. -->","yoast_head_json":{"title":"Requisitos de Est\u00e1ndares de Calidad - Fruit and Vegetable Dispute Resolution Corporation","description":"El 6 de febrero de 2026, la Corporaci\u00f3n de Soluci\u00f3n de Controversias sobre Frutas y Hortalizas (DRC) asumi\u00f3 la responsabilidad de gestionar","robots":{"index":"index","follow":"follow","max-snippet":"max-snippet:-1","max-image-preview":"max-image-preview:large","max-video-preview":"max-video-preview:-1"},"canonical":"https:\/\/fvdrc.com\/es\/ffv-flf\/","og_locale":"es_ES","og_type":"article","og_title":"Requisitos de Est\u00e1ndares de Calidad - Fruit and Vegetable Dispute Resolution Corporation","og_description":"El 6 de febrero de 2026, la Corporaci\u00f3n de Soluci\u00f3n de Controversias sobre Frutas y Hortalizas (DRC) asumi\u00f3 la responsabilidad de gestionar","og_url":"https:\/\/fvdrc.com\/es\/ffv-flf\/","og_site_name":"Fruit and Vegetable Dispute Resolution Corporation","article_modified_time":"2026-03-18T15:25:31+00:00","og_image":[{"width":1497,"height":520,"url":"https:\/\/fvdrc.com\/wp-content\/uploads\/2026\/02\/SLIDER_GRADES_SPA.png","type":"image\/png"}],"twitter_card":"summary_large_image","twitter_misc":{"Est. reading time":"1 minute"},"schema":{"@context":"https:\/\/schema.org","@graph":[{"@type":"WebPage","@id":"https:\/\/fvdrc.com\/es\/ffv-flf\/","url":"https:\/\/fvdrc.com\/es\/ffv-flf\/","name":"Requisitos de Est\u00e1ndares de Calidad - Fruit and Vegetable Dispute Resolution Corporation","isPartOf":{"@id":"https:\/\/fvdrc.com\/#website"},"primaryImageOfPage":{"@id":"https:\/\/fvdrc.com\/es\/ffv-flf\/#primaryimage"},"image":{"@id":"https:\/\/fvdrc.com\/es\/ffv-flf\/#primaryimage"},"thumbnailUrl":"https:\/\/fvdrc.com\/wp-content\/uploads\/2026\/02\/SLIDER_GRADES_SPA-1024x356.png","datePublished":"2026-02-10T20:26:26+00:00","dateModified":"2026-03-18T15:25:31+00:00","description":"El 6 de febrero de 2026, la Corporaci\u00f3n de Soluci\u00f3n de Controversias sobre Frutas y Hortalizas (DRC) asumi\u00f3 la responsabilidad de gestionar","breadcrumb":{"@id":"https:\/\/fvdrc.com\/es\/ffv-flf\/#breadcrumb"},"inLanguage":"es-ES","potentialAction":[{"@type":"ReadAction","target":["https:\/\/fvdrc.com\/es\/ffv-flf\/"]}]},{"@type":"ImageObject","inLanguage":"es-ES","@id":"https:\/\/fvdrc.com\/es\/ffv-flf\/#primaryimage","url":"https:\/\/fvdrc.com\/wp-content\/uploads\/2026\/02\/SLIDER_GRADES_SPA-1024x356.png","contentUrl":"https:\/\/fvdrc.com\/wp-content\/uploads\/2026\/02\/SLIDER_GRADES_SPA-1024x356.png"},{"@type":"BreadcrumbList","@id":"https:\/\/fvdrc.com\/es\/ffv-flf\/#breadcrumb","itemListElement":[{"@type":"ListItem","position":1,"name":"Home","item":"https:\/\/fvdrc.com\/es\/"},{"@type":"ListItem","position":2,"name":"Requisitos de Est\u00e1ndares de Calidad"}]},{"@type":"WebSite","@id":"https:\/\/fvdrc.com\/#website","url":"https:\/\/fvdrc.com\/","name":"Fruit and Vegetable Dispute Resolution Corporation","description":"Trade with Confidence","publisher":{"@id":"https:\/\/fvdrc.com\/#organization"},"potentialAction":[{"@type":"SearchAction","target":{"@type":"EntryPoint","urlTemplate":"https:\/\/fvdrc.com\/?s={search_term_string}"},"query-input":{"@type":"PropertyValueSpecification","valueRequired":true,"valueName":"search_term_string"}}],"inLanguage":"es-ES"},{"@type":"Organization","@id":"https:\/\/fvdrc.com\/#organization","name":"Fruit and Vegetable Dispute Resolution Corporation","url":"https:\/\/fvdrc.com\/","logo":{"@type":"ImageObject","inLanguage":"es-ES","@id":"https:\/\/fvdrc.com\/#\/schema\/logo\/image\/","url":"https:\/\/fvdrc.com\/wp-content\/uploads\/2020\/06\/DRC-logo@2x.png","contentUrl":"https:\/\/fvdrc.com\/wp-content\/uploads\/2020\/06\/DRC-logo@2x.png","width":261,"height":140,"caption":"Fruit and Vegetable Dispute Resolution Corporation"},"image":{"@id":"https:\/\/fvdrc.com\/#\/schema\/logo\/image\/"}}]}},"featured_image_src":null,"featured_image_src_square":null,"uagb_featured_image_src":{"full":false,"thumbnail":false,"medium":false,"medium_large":false,"large":false,"gs-tiny":false,"xl":false,"xxl":false,"xxxl":false,"xxxxl":false,"xxxxxl":false,"1536x1536":false,"2048x2048":false,"gb-block-post-grid-landscape":false,"gb-block-post-grid-square":false,"post-thumbnail":false,"twentytwenty-fullscreen":false},"uagb_author_info":{"display_name":"DRC","author_link":"https:\/\/fvdrc.com\/es\/solutions\/author\/drc\/"},"uagb_comment_info":0,"uagb_excerpt":"Requisitos canadienses de est\u00e1ndares de calidad de frutas y hortalizas frescas El 6 de febrero de 2026, la Corporaci\u00f3n de Soluci\u00f3n de Controversias sobre Frutas y Hortalizas (DRC) asumi\u00f3 la responsabilidad de gestionar y mantener los requisitos de los est\u00e1ndares de calidad para ciertas frutas y hortalizas frescas vendidas en Canad\u00e1. Para obtener m\u00e1s informaci\u00f3n,&hellip;","_links":{"self":[{"href":"https:\/\/fvdrc.com\/es\/wp-json\/wp\/v2\/pages\/14614","targetHints":{"allow":["GET"]}}],"collection":[{"href":"https:\/\/fvdrc.com\/es\/wp-json\/wp\/v2\/pages"}],"about":[{"href":"https:\/\/fvdrc.com\/es\/wp-json\/wp\/v2\/types\/page"}],"author":[{"embeddable":true,"href":"https:\/\/fvdrc.com\/es\/wp-json\/wp\/v2\/users\/2"}],"replies":[{"embeddable":true,"href":"https:\/\/fvdrc.com\/es\/wp-json\/wp\/v2\/comments?post=14614"}],"version-history":[{"count":7,"href":"https:\/\/fvdrc.com\/es\/wp-json\/wp\/v2\/pages\/14614\/revisions"}],"predecessor-version":[{"id":15769,"href":"https:\/\/fvdrc.com\/es\/wp-json\/wp\/v2\/pages\/14614\/revisions\/15769"}],"wp:attachment":[{"href":"https:\/\/fvdrc.com\/es\/wp-json\/wp\/v2\/media?parent=14614"}],"curies":[{"name":"wp","href":"https:\/\/api.w.org\/{rel}","templated":true}]}}