{"id":14517,"date":"2025-11-25T11:35:40","date_gmt":"2025-11-25T16:35:40","guid":{"rendered":"https:\/\/fvdrc.com\/?page_id=14517"},"modified":"2025-11-25T11:35:48","modified_gmt":"2025-11-25T16:35:48","slug":"guia-prevencion-del-fraude","status":"publish","type":"page","link":"https:\/\/fvdrc.com\/es\/guia-prevencion-del-fraude\/","title":{"rendered":"Gu\u00eda: Prevenci\u00f3n del fraude en la producci\u00f3n de frutas y verduras"},"content":{"rendered":"\n<h2 style=\"text-align: center;\">Una colaboraci\u00f3n por:<\/h2>\n\n\n\n<div class=\"wp-block-uagb-image uagb-block-75139dfa wp-block-uagb-image--layout-default wp-block-uagb-image--effect-static wp-block-uagb-image--align-none\"><figure class=\"wp-block-uagb-image__figure\"><img decoding=\"async\" data-srcset=\"https:\/\/fvdrc.com\/wp-content\/uploads\/2025\/11\/Fraud_Prevention_Logos_2.jpg ,https:\/\/fvdrc.com\/wp-content\/uploads\/2025\/11\/Fraud_Prevention_Logos_2.jpg 780w, https:\/\/fvdrc.com\/wp-content\/uploads\/2025\/11\/Fraud_Prevention_Logos_2.jpg 360w\" data-sizes=\"auto, (max-width: 480px) 150px\" data-src=\"https:\/\/fvdrc.com\/wp-content\/uploads\/2025\/11\/Fraud_Prevention_Logos_2.jpg\" alt=\"Fraud Prevention Logos\" class=\"uag-image-14522 lazyload\" width=\"867\" height=\"318\" title=\"Fraud Prevention Logos\" role=\"img\" src=\"data:image\/svg+xml;base64,PHN2ZyB3aWR0aD0iMSIgaGVpZ2h0PSIxIiB4bWxucz0iaHR0cDovL3d3dy53My5vcmcvMjAwMC9zdmciPjwvc3ZnPg==\" style=\"--smush-placeholder-width: 867px; --smush-placeholder-aspect-ratio: 867\/318;\" \/><\/figure><\/div>\n\n\n\n<div class=\"wp-block-uagb-buttons uagb-buttons__outer-wrap uagb-btn__medium-btn uagb-btn-tablet__default-btn uagb-btn-mobile__default-btn uagb-block-1faf2345\"><div class=\"uagb-buttons__wrap uagb-buttons-layout-wrap \">\n<div class=\"wp-block-uagb-buttons-child uagb-buttons__outer-wrap uagb-block-0493db73 wp-block-button\"><div class=\"uagb-button__wrapper\"><a class=\"uagb-buttons-repeater wp-block-button__link\" aria-label=\"\" href=\"https:\/\/fvdrc.com\/wp-content\/uploads\/2025\/11\/UNA-GUIA-PREVENCION-DEL-FRAUDE.pdf\" rel=\"follow noopener\" target=\"_blank\" role=\"button\"><div class=\"uagb-button__link\">Descargar la gu\u00eda<\/div><\/a><\/div><\/div>\n<\/div><\/div>\n","protected":false},"excerpt":{"rendered":"<p>Una colaboraci\u00f3n por:<\/p>\n","protected":false},"author":2,"featured_media":0,"parent":0,"menu_order":0,"comment_status":"closed","ping_status":"closed","template":"","meta":{"_acf_changed":false,"_coblocks_attr":"","_coblocks_dimensions":"","_coblocks_responsive_height":"","_coblocks_accordion_ie_support":"","om_disable_all_campaigns":false,"_uag_custom_page_level_css":"","_monsterinsights_skip_tracking":false,"_monsterinsights_sitenote_active":false,"_monsterinsights_sitenote_note":"","_monsterinsights_sitenote_category":0,"_uf_show_specific_survey":0,"_uf_disable_surveys":false,"footnotes":""},"class_list":["post-14517","page","type-page","status-publish","hentry"],"acf":[],"aioseo_notices":[],"yoast_head":"<!-- This site is optimized with the Yoast SEO plugin v27.4 - https:\/\/yoast.com\/product\/yoast-seo-wordpress\/ -->\n<title>Gu\u00eda: Prevenci\u00f3n del fraude en la producci\u00f3n de frutas y verduras - Fruit and Vegetable Dispute Resolution Corporation<\/title>\n<meta name=\"description\" content=\"Esta gu\u00eda proporciona estrategias para combatir esquemas dirigidas al sector de productos especializados.\" \/>\n<meta name=\"robots\" content=\"index, follow, max-snippet:-1, max-image-preview:large, max-video-preview:-1\" \/>\n<link rel=\"canonical\" href=\"https:\/\/fvdrc.com\/es\/guia-prevencion-del-fraude\/\" \/>\n<meta property=\"og:locale\" content=\"es_ES\" \/>\n<meta property=\"og:type\" content=\"article\" \/>\n<meta property=\"og:title\" content=\"Gu\u00eda: Prevenci\u00f3n del fraude en la producci\u00f3n de frutas y verduras - Fruit and Vegetable Dispute Resolution Corporation\" \/>\n<meta property=\"og:description\" content=\"Esta gu\u00eda proporciona estrategias para combatir esquemas dirigidas al sector de productos especializados.\" \/>\n<meta property=\"og:url\" content=\"https:\/\/fvdrc.com\/es\/guia-prevencion-del-fraude\/\" \/>\n<meta property=\"og:site_name\" content=\"Fruit and Vegetable Dispute Resolution Corporation\" \/>\n<meta property=\"article:modified_time\" content=\"2025-11-25T16:35:48+00:00\" \/>\n<meta property=\"og:image\" content=\"https:\/\/fvdrc.com\/wp-content\/uploads\/2025\/11\/Fraud_Prevention_Logos_2.jpg\" \/>\n<meta name=\"twitter:card\" content=\"summary_large_image\" \/>\n<meta name=\"twitter:label1\" content=\"Est. reading time\" \/>\n\t<meta name=\"twitter:data1\" content=\"1 minute\" \/>\n<script type=\"application\/ld+json\" class=\"yoast-schema-graph\">{\"@context\":\"https:\\\/\\\/schema.org\",\"@graph\":[{\"@type\":\"WebPage\",\"@id\":\"https:\\\/\\\/fvdrc.com\\\/es\\\/guia-prevencion-del-fraude\\\/\",\"url\":\"https:\\\/\\\/fvdrc.com\\\/es\\\/guia-prevencion-del-fraude\\\/\",\"name\":\"Gu\u00eda: Prevenci\u00f3n del fraude en la producci\u00f3n de frutas y verduras - Fruit and Vegetable Dispute Resolution Corporation\",\"isPartOf\":{\"@id\":\"https:\\\/\\\/fvdrc.com\\\/#website\"},\"primaryImageOfPage\":{\"@id\":\"https:\\\/\\\/fvdrc.com\\\/es\\\/guia-prevencion-del-fraude\\\/#primaryimage\"},\"image\":{\"@id\":\"https:\\\/\\\/fvdrc.com\\\/es\\\/guia-prevencion-del-fraude\\\/#primaryimage\"},\"thumbnailUrl\":\"https:\\\/\\\/fvdrc.com\\\/wp-content\\\/uploads\\\/2025\\\/11\\\/Fraud_Prevention_Logos_2.jpg\",\"datePublished\":\"2025-11-25T16:35:40+00:00\",\"dateModified\":\"2025-11-25T16:35:48+00:00\",\"description\":\"Esta gu\u00eda proporciona estrategias para combatir esquemas dirigidas al sector de productos especializados.\",\"breadcrumb\":{\"@id\":\"https:\\\/\\\/fvdrc.com\\\/es\\\/guia-prevencion-del-fraude\\\/#breadcrumb\"},\"inLanguage\":\"es-ES\",\"potentialAction\":[{\"@type\":\"ReadAction\",\"target\":[\"https:\\\/\\\/fvdrc.com\\\/es\\\/guia-prevencion-del-fraude\\\/\"]}]},{\"@type\":\"ImageObject\",\"inLanguage\":\"es-ES\",\"@id\":\"https:\\\/\\\/fvdrc.com\\\/es\\\/guia-prevencion-del-fraude\\\/#primaryimage\",\"url\":\"https:\\\/\\\/fvdrc.com\\\/wp-content\\\/uploads\\\/2025\\\/11\\\/Fraud_Prevention_Logos_2.jpg\",\"contentUrl\":\"https:\\\/\\\/fvdrc.com\\\/wp-content\\\/uploads\\\/2025\\\/11\\\/Fraud_Prevention_Logos_2.jpg\"},{\"@type\":\"BreadcrumbList\",\"@id\":\"https:\\\/\\\/fvdrc.com\\\/es\\\/guia-prevencion-del-fraude\\\/#breadcrumb\",\"itemListElement\":[{\"@type\":\"ListItem\",\"position\":1,\"name\":\"Home\",\"item\":\"https:\\\/\\\/fvdrc.com\\\/es\\\/\"},{\"@type\":\"ListItem\",\"position\":2,\"name\":\"Gu\u00eda: Prevenci\u00f3n del fraude en la producci\u00f3n de frutas y verduras\"}]},{\"@type\":\"WebSite\",\"@id\":\"https:\\\/\\\/fvdrc.com\\\/#website\",\"url\":\"https:\\\/\\\/fvdrc.com\\\/\",\"name\":\"Fruit and Vegetable Dispute Resolution Corporation\",\"description\":\"Trade with Confidence\",\"publisher\":{\"@id\":\"https:\\\/\\\/fvdrc.com\\\/#organization\"},\"potentialAction\":[{\"@type\":\"SearchAction\",\"target\":{\"@type\":\"EntryPoint\",\"urlTemplate\":\"https:\\\/\\\/fvdrc.com\\\/?s={search_term_string}\"},\"query-input\":{\"@type\":\"PropertyValueSpecification\",\"valueRequired\":true,\"valueName\":\"search_term_string\"}}],\"inLanguage\":\"es-ES\"},{\"@type\":\"Organization\",\"@id\":\"https:\\\/\\\/fvdrc.com\\\/#organization\",\"name\":\"Fruit and Vegetable Dispute Resolution Corporation\",\"url\":\"https:\\\/\\\/fvdrc.com\\\/\",\"logo\":{\"@type\":\"ImageObject\",\"inLanguage\":\"es-ES\",\"@id\":\"https:\\\/\\\/fvdrc.com\\\/#\\\/schema\\\/logo\\\/image\\\/\",\"url\":\"https:\\\/\\\/fvdrc.com\\\/wp-content\\\/uploads\\\/2020\\\/06\\\/DRC-logo@2x.png\",\"contentUrl\":\"https:\\\/\\\/fvdrc.com\\\/wp-content\\\/uploads\\\/2020\\\/06\\\/DRC-logo@2x.png\",\"width\":261,\"height\":140,\"caption\":\"Fruit and Vegetable Dispute Resolution Corporation\"},\"image\":{\"@id\":\"https:\\\/\\\/fvdrc.com\\\/#\\\/schema\\\/logo\\\/image\\\/\"}}]}<\/script>\n<!-- \/ Yoast SEO plugin. -->","yoast_head_json":{"title":"Gu\u00eda: Prevenci\u00f3n del fraude en la producci\u00f3n de frutas y verduras - Fruit and Vegetable Dispute Resolution Corporation","description":"Esta gu\u00eda proporciona estrategias para combatir esquemas dirigidas al sector de productos especializados.","robots":{"index":"index","follow":"follow","max-snippet":"max-snippet:-1","max-image-preview":"max-image-preview:large","max-video-preview":"max-video-preview:-1"},"canonical":"https:\/\/fvdrc.com\/es\/guia-prevencion-del-fraude\/","og_locale":"es_ES","og_type":"article","og_title":"Gu\u00eda: Prevenci\u00f3n del fraude en la producci\u00f3n de frutas y verduras - Fruit and Vegetable Dispute Resolution Corporation","og_description":"Esta gu\u00eda proporciona estrategias para combatir esquemas dirigidas al sector de productos especializados.","og_url":"https:\/\/fvdrc.com\/es\/guia-prevencion-del-fraude\/","og_site_name":"Fruit and Vegetable Dispute Resolution Corporation","article_modified_time":"2025-11-25T16:35:48+00:00","og_image":[{"url":"https:\/\/fvdrc.com\/wp-content\/uploads\/2025\/11\/Fraud_Prevention_Logos_2.jpg","type":"","width":"","height":""}],"twitter_card":"summary_large_image","twitter_misc":{"Est. reading time":"1 minute"},"schema":{"@context":"https:\/\/schema.org","@graph":[{"@type":"WebPage","@id":"https:\/\/fvdrc.com\/es\/guia-prevencion-del-fraude\/","url":"https:\/\/fvdrc.com\/es\/guia-prevencion-del-fraude\/","name":"Gu\u00eda: Prevenci\u00f3n del fraude en la producci\u00f3n de frutas y verduras - Fruit and Vegetable Dispute Resolution Corporation","isPartOf":{"@id":"https:\/\/fvdrc.com\/#website"},"primaryImageOfPage":{"@id":"https:\/\/fvdrc.com\/es\/guia-prevencion-del-fraude\/#primaryimage"},"image":{"@id":"https:\/\/fvdrc.com\/es\/guia-prevencion-del-fraude\/#primaryimage"},"thumbnailUrl":"https:\/\/fvdrc.com\/wp-content\/uploads\/2025\/11\/Fraud_Prevention_Logos_2.jpg","datePublished":"2025-11-25T16:35:40+00:00","dateModified":"2025-11-25T16:35:48+00:00","description":"Esta gu\u00eda proporciona estrategias para combatir esquemas dirigidas al sector de productos especializados.","breadcrumb":{"@id":"https:\/\/fvdrc.com\/es\/guia-prevencion-del-fraude\/#breadcrumb"},"inLanguage":"es-ES","potentialAction":[{"@type":"ReadAction","target":["https:\/\/fvdrc.com\/es\/guia-prevencion-del-fraude\/"]}]},{"@type":"ImageObject","inLanguage":"es-ES","@id":"https:\/\/fvdrc.com\/es\/guia-prevencion-del-fraude\/#primaryimage","url":"https:\/\/fvdrc.com\/wp-content\/uploads\/2025\/11\/Fraud_Prevention_Logos_2.jpg","contentUrl":"https:\/\/fvdrc.com\/wp-content\/uploads\/2025\/11\/Fraud_Prevention_Logos_2.jpg"},{"@type":"BreadcrumbList","@id":"https:\/\/fvdrc.com\/es\/guia-prevencion-del-fraude\/#breadcrumb","itemListElement":[{"@type":"ListItem","position":1,"name":"Home","item":"https:\/\/fvdrc.com\/es\/"},{"@type":"ListItem","position":2,"name":"Gu\u00eda: Prevenci\u00f3n del fraude en la producci\u00f3n de frutas y verduras"}]},{"@type":"WebSite","@id":"https:\/\/fvdrc.com\/#website","url":"https:\/\/fvdrc.com\/","name":"Fruit and Vegetable Dispute Resolution Corporation","description":"Trade with Confidence","publisher":{"@id":"https:\/\/fvdrc.com\/#organization"},"potentialAction":[{"@type":"SearchAction","target":{"@type":"EntryPoint","urlTemplate":"https:\/\/fvdrc.com\/?s={search_term_string}"},"query-input":{"@type":"PropertyValueSpecification","valueRequired":true,"valueName":"search_term_string"}}],"inLanguage":"es-ES"},{"@type":"Organization","@id":"https:\/\/fvdrc.com\/#organization","name":"Fruit and Vegetable Dispute Resolution Corporation","url":"https:\/\/fvdrc.com\/","logo":{"@type":"ImageObject","inLanguage":"es-ES","@id":"https:\/\/fvdrc.com\/#\/schema\/logo\/image\/","url":"https:\/\/fvdrc.com\/wp-content\/uploads\/2020\/06\/DRC-logo@2x.png","contentUrl":"https:\/\/fvdrc.com\/wp-content\/uploads\/2020\/06\/DRC-logo@2x.png","width":261,"height":140,"caption":"Fruit and Vegetable Dispute Resolution Corporation"},"image":{"@id":"https:\/\/fvdrc.com\/#\/schema\/logo\/image\/"}}]}},"featured_image_src":null,"featured_image_src_square":null,"uagb_featured_image_src":{"full":false,"thumbnail":false,"medium":false,"medium_large":false,"large":false,"gs-tiny":false,"xl":false,"xxl":false,"xxxl":false,"xxxxl":false,"xxxxxl":false,"1536x1536":false,"2048x2048":false,"gb-block-post-grid-landscape":false,"gb-block-post-grid-square":false,"post-thumbnail":false,"twentytwenty-fullscreen":false},"uagb_author_info":{"display_name":"DRC","author_link":"https:\/\/fvdrc.com\/es\/solutions\/author\/drc\/"},"uagb_comment_info":0,"uagb_excerpt":"Una colaboraci\u00f3n por:","_links":{"self":[{"href":"https:\/\/fvdrc.com\/es\/wp-json\/wp\/v2\/pages\/14517","targetHints":{"allow":["GET"]}}],"collection":[{"href":"https:\/\/fvdrc.com\/es\/wp-json\/wp\/v2\/pages"}],"about":[{"href":"https:\/\/fvdrc.com\/es\/wp-json\/wp\/v2\/types\/page"}],"author":[{"embeddable":true,"href":"https:\/\/fvdrc.com\/es\/wp-json\/wp\/v2\/users\/2"}],"replies":[{"embeddable":true,"href":"https:\/\/fvdrc.com\/es\/wp-json\/wp\/v2\/comments?post=14517"}],"version-history":[{"count":5,"href":"https:\/\/fvdrc.com\/es\/wp-json\/wp\/v2\/pages\/14517\/revisions"}],"predecessor-version":[{"id":14525,"href":"https:\/\/fvdrc.com\/es\/wp-json\/wp\/v2\/pages\/14517\/revisions\/14525"}],"wp:attachment":[{"href":"https:\/\/fvdrc.com\/es\/wp-json\/wp\/v2\/media?parent=14517"}],"curies":[{"name":"wp","href":"https:\/\/api.w.org\/{rel}","templated":true}]}}