{"id":1309,"date":"2017-11-04T12:09:15","date_gmt":"2017-11-04T16:09:15","guid":{"rendered":"https:\/\/www.fvdrc.com\/asistencia-comercial\/safe-food-canadians-regulations\/"},"modified":"2020-11-05T10:39:08","modified_gmt":"2020-11-05T15:39:08","slug":"sfcr","status":"publish","type":"page","link":"https:\/\/fvdrc.com\/es\/sfcr\/","title":{"rendered":"Salubridad de los Alimentos en Canad\u00e1 (SFCR)"},"content":{"rendered":"\n<p>El 15 de enero del 2019 entr\u00f3 en vigor el Reglamento sobre la &nbsp;Salubridad de los Alimentos en Canad\u00e1 (SFCR).<\/p>\n\n\n\n<p>A pesar de que mucho del detalle que se incluye en el reglamento se relaciona con la rastreabilidad y salubridad de los alimentos, hay importantes requerimientos de intercambio y comercio que afectan espec\u00edficamente a compradores y vendedores de frutas y verduras frescas.<strong> El Reglamento incluye requerimientos especiales para los canadienses que est\u00e1n sujetos al Reglamento.<\/strong><\/p>\n\n\n\n<h2 class=\"wp-block-heading\">La transici\u00f3n al Reglamento sobre la Salubridad de los Alimentos en Canad\u00e1 (SFCR)<\/h2>\n\n\n\n<p>La membres\u00eda en la DRC es un requerimiento para comercializar frutas y verduras frescas (o sea, comprar, vender, importar, exportar) a menos que est\u00e9n exentas de alguna manera. Para los miembros actuales de la DRC, todo sigue igual. Sin embargo, si no es miembro, es importante determinar si se requiere la membres\u00eda para poder cumplir con el Reglamento.<\/p>\n\n\n\n<p>La DRC ha creado una suite de herramientas de autoevaluaci\u00f3n para asistir en la determinaci\u00f3n de si se requiere una membres\u00eda en la DRC o si est\u00e1 exento del requerimiento.<\/p>\n\n\n\n<p>Para obtener m\u00e1s informaci\u00f3n sobre la Parte 6, Divisi\u00f3n 6, Sudivisi\u00f3n C &#8211; Comercializaci\u00f3n de frutas y verduras frescas del SFCR, que incluyen prohibiciones y excepciones, consulte los recursos del SFCR de la DRC o comun\u00edquese con el escritorio de ayuda de la DRC.<\/p>\n\n\n\n<p>Se puede consultar el texto completo del Reglamento sobre la Salubridad de los Alimentos en Canad\u00e1 (SFCR) en <a href=\"http:\/\/www.gazette.gc.ca\/rp-pr\/p2\/2018\/2018-06-13\/html\/sor-dors108-eng.html\">http:\/\/www.gazette.gc.ca\/rp-pr\/p2\/2018\/2018-06-13\/html\/sor-dors108-eng.html<\/a><\/p>\n","protected":false},"excerpt":{"rendered":"<p>El 15 de enero del 2019 entr\u00f3 en vigor el Reglamento sobre la &nbsp;Salubridad de los Alimentos en Canad\u00e1 (SFCR). A pesar de que mucho del detalle que se incluye en el reglamento se relaciona con la rastreabilidad y salubridad de los alimentos, hay importantes requerimientos de intercambio y comercio que afectan espec\u00edficamente a compradores [&hellip;]<\/p>\n","protected":false},"author":1,"featured_media":0,"parent":0,"menu_order":34,"comment_status":"closed","ping_status":"closed","template":"","meta":{"_acf_changed":false,"_coblocks_attr":"","_coblocks_dimensions":"","_coblocks_responsive_height":"","_coblocks_accordion_ie_support":"","om_disable_all_campaigns":false,"_uag_custom_page_level_css":"","_monsterinsights_skip_tracking":false,"_monsterinsights_sitenote_active":false,"_monsterinsights_sitenote_note":"","_monsterinsights_sitenote_category":0,"_uf_show_specific_survey":0,"_uf_disable_surveys":false,"footnotes":""},"class_list":["post-1309","page","type-page","status-publish","hentry"],"acf":[],"aioseo_notices":[],"yoast_head":"<!-- This site is optimized with the Yoast SEO plugin v27.4 - https:\/\/yoast.com\/product\/yoast-seo-wordpress\/ -->\n<title>Salubridad de los Alimentos en Canad\u00e1 (SFCR) - Fruit and Vegetable Dispute Resolution Corporation<\/title>\n<meta name=\"robots\" content=\"index, follow, max-snippet:-1, max-image-preview:large, max-video-preview:-1\" \/>\n<link rel=\"canonical\" href=\"https:\/\/www.fvdrc.com\/sfcr\/\" \/>\n<meta property=\"og:locale\" content=\"es_ES\" \/>\n<meta property=\"og:type\" content=\"article\" \/>\n<meta property=\"og:title\" content=\"Salubridad de los Alimentos en Canad\u00e1 (SFCR) - Fruit and Vegetable Dispute Resolution Corporation\" \/>\n<meta property=\"og:description\" content=\"El 15 de enero del 2019 entr\u00f3 en vigor el Reglamento sobre la &nbsp;Salubridad de los Alimentos en Canad\u00e1 (SFCR). A pesar de que mucho del detalle que se incluye en el reglamento se relaciona con la rastreabilidad y salubridad de los alimentos, hay importantes requerimientos de intercambio y comercio que afectan espec\u00edficamente a compradores [&hellip;]\" \/>\n<meta property=\"og:url\" content=\"https:\/\/www.fvdrc.com\/sfcr\/\" \/>\n<meta property=\"og:site_name\" content=\"Fruit and Vegetable Dispute Resolution Corporation\" \/>\n<meta property=\"article:modified_time\" content=\"2020-11-05T15:39:08+00:00\" \/>\n<meta name=\"twitter:card\" content=\"summary_large_image\" \/>\n<meta name=\"twitter:label1\" content=\"Est. reading time\" \/>\n\t<meta name=\"twitter:data1\" content=\"1 minute\" \/>\n<script type=\"application\/ld+json\" class=\"yoast-schema-graph\">{\"@context\":\"https:\\\/\\\/schema.org\",\"@graph\":[{\"@type\":\"WebPage\",\"@id\":\"https:\\\/\\\/www.fvdrc.com\\\/sfcr\\\/\",\"url\":\"https:\\\/\\\/www.fvdrc.com\\\/sfcr\\\/\",\"name\":\"Salubridad de los Alimentos en Canad\u00e1 (SFCR) - Fruit and Vegetable Dispute Resolution Corporation\",\"isPartOf\":{\"@id\":\"https:\\\/\\\/fvdrc.com\\\/#website\"},\"datePublished\":\"2017-11-04T16:09:15+00:00\",\"dateModified\":\"2020-11-05T15:39:08+00:00\",\"breadcrumb\":{\"@id\":\"https:\\\/\\\/www.fvdrc.com\\\/sfcr\\\/#breadcrumb\"},\"inLanguage\":\"es-ES\",\"potentialAction\":[{\"@type\":\"ReadAction\",\"target\":[\"https:\\\/\\\/www.fvdrc.com\\\/sfcr\\\/\"]}]},{\"@type\":\"BreadcrumbList\",\"@id\":\"https:\\\/\\\/www.fvdrc.com\\\/sfcr\\\/#breadcrumb\",\"itemListElement\":[{\"@type\":\"ListItem\",\"position\":1,\"name\":\"Home\",\"item\":\"https:\\\/\\\/fvdrc.com\\\/es\\\/\"},{\"@type\":\"ListItem\",\"position\":2,\"name\":\"Salubridad de los Alimentos en Canad\u00e1 (SFCR)\"}]},{\"@type\":\"WebSite\",\"@id\":\"https:\\\/\\\/fvdrc.com\\\/#website\",\"url\":\"https:\\\/\\\/fvdrc.com\\\/\",\"name\":\"Fruit and Vegetable Dispute Resolution Corporation\",\"description\":\"Trade with Confidence\",\"publisher\":{\"@id\":\"https:\\\/\\\/fvdrc.com\\\/#organization\"},\"potentialAction\":[{\"@type\":\"SearchAction\",\"target\":{\"@type\":\"EntryPoint\",\"urlTemplate\":\"https:\\\/\\\/fvdrc.com\\\/?s={search_term_string}\"},\"query-input\":{\"@type\":\"PropertyValueSpecification\",\"valueRequired\":true,\"valueName\":\"search_term_string\"}}],\"inLanguage\":\"es-ES\"},{\"@type\":\"Organization\",\"@id\":\"https:\\\/\\\/fvdrc.com\\\/#organization\",\"name\":\"Fruit and Vegetable Dispute Resolution Corporation\",\"url\":\"https:\\\/\\\/fvdrc.com\\\/\",\"logo\":{\"@type\":\"ImageObject\",\"inLanguage\":\"es-ES\",\"@id\":\"https:\\\/\\\/fvdrc.com\\\/#\\\/schema\\\/logo\\\/image\\\/\",\"url\":\"https:\\\/\\\/fvdrc.com\\\/wp-content\\\/uploads\\\/2020\\\/06\\\/DRC-logo@2x.png\",\"contentUrl\":\"https:\\\/\\\/fvdrc.com\\\/wp-content\\\/uploads\\\/2020\\\/06\\\/DRC-logo@2x.png\",\"width\":261,\"height\":140,\"caption\":\"Fruit and Vegetable Dispute Resolution Corporation\"},\"image\":{\"@id\":\"https:\\\/\\\/fvdrc.com\\\/#\\\/schema\\\/logo\\\/image\\\/\"}}]}<\/script>\n<!-- \/ Yoast SEO plugin. -->","yoast_head_json":{"title":"Salubridad de los Alimentos en Canad\u00e1 (SFCR) - Fruit and Vegetable Dispute Resolution Corporation","robots":{"index":"index","follow":"follow","max-snippet":"max-snippet:-1","max-image-preview":"max-image-preview:large","max-video-preview":"max-video-preview:-1"},"canonical":"https:\/\/www.fvdrc.com\/sfcr\/","og_locale":"es_ES","og_type":"article","og_title":"Salubridad de los Alimentos en Canad\u00e1 (SFCR) - Fruit and Vegetable Dispute Resolution Corporation","og_description":"El 15 de enero del 2019 entr\u00f3 en vigor el Reglamento sobre la &nbsp;Salubridad de los Alimentos en Canad\u00e1 (SFCR). A pesar de que mucho del detalle que se incluye en el reglamento se relaciona con la rastreabilidad y salubridad de los alimentos, hay importantes requerimientos de intercambio y comercio que afectan espec\u00edficamente a compradores [&hellip;]","og_url":"https:\/\/www.fvdrc.com\/sfcr\/","og_site_name":"Fruit and Vegetable Dispute Resolution Corporation","article_modified_time":"2020-11-05T15:39:08+00:00","twitter_card":"summary_large_image","twitter_misc":{"Est. reading time":"1 minute"},"schema":{"@context":"https:\/\/schema.org","@graph":[{"@type":"WebPage","@id":"https:\/\/www.fvdrc.com\/sfcr\/","url":"https:\/\/www.fvdrc.com\/sfcr\/","name":"Salubridad de los Alimentos en Canad\u00e1 (SFCR) - Fruit and Vegetable Dispute Resolution Corporation","isPartOf":{"@id":"https:\/\/fvdrc.com\/#website"},"datePublished":"2017-11-04T16:09:15+00:00","dateModified":"2020-11-05T15:39:08+00:00","breadcrumb":{"@id":"https:\/\/www.fvdrc.com\/sfcr\/#breadcrumb"},"inLanguage":"es-ES","potentialAction":[{"@type":"ReadAction","target":["https:\/\/www.fvdrc.com\/sfcr\/"]}]},{"@type":"BreadcrumbList","@id":"https:\/\/www.fvdrc.com\/sfcr\/#breadcrumb","itemListElement":[{"@type":"ListItem","position":1,"name":"Home","item":"https:\/\/fvdrc.com\/es\/"},{"@type":"ListItem","position":2,"name":"Salubridad de los Alimentos en Canad\u00e1 (SFCR)"}]},{"@type":"WebSite","@id":"https:\/\/fvdrc.com\/#website","url":"https:\/\/fvdrc.com\/","name":"Fruit and Vegetable Dispute Resolution Corporation","description":"Trade with Confidence","publisher":{"@id":"https:\/\/fvdrc.com\/#organization"},"potentialAction":[{"@type":"SearchAction","target":{"@type":"EntryPoint","urlTemplate":"https:\/\/fvdrc.com\/?s={search_term_string}"},"query-input":{"@type":"PropertyValueSpecification","valueRequired":true,"valueName":"search_term_string"}}],"inLanguage":"es-ES"},{"@type":"Organization","@id":"https:\/\/fvdrc.com\/#organization","name":"Fruit and Vegetable Dispute Resolution Corporation","url":"https:\/\/fvdrc.com\/","logo":{"@type":"ImageObject","inLanguage":"es-ES","@id":"https:\/\/fvdrc.com\/#\/schema\/logo\/image\/","url":"https:\/\/fvdrc.com\/wp-content\/uploads\/2020\/06\/DRC-logo@2x.png","contentUrl":"https:\/\/fvdrc.com\/wp-content\/uploads\/2020\/06\/DRC-logo@2x.png","width":261,"height":140,"caption":"Fruit and Vegetable Dispute Resolution Corporation"},"image":{"@id":"https:\/\/fvdrc.com\/#\/schema\/logo\/image\/"}}]}},"featured_image_src":null,"featured_image_src_square":null,"uagb_featured_image_src":{"full":false,"thumbnail":false,"medium":false,"medium_large":false,"large":false,"gs-tiny":false,"xl":false,"xxl":false,"xxxl":false,"xxxxl":false,"xxxxxl":false,"1536x1536":false,"2048x2048":false,"gb-block-post-grid-landscape":false,"gb-block-post-grid-square":false,"post-thumbnail":false,"twentytwenty-fullscreen":false},"uagb_author_info":{"display_name":"Steven McCoy","author_link":"https:\/\/fvdrc.com\/es\/solutions\/author\/steven-mccoy\/"},"uagb_comment_info":0,"uagb_excerpt":"El 15 de enero del 2019 entr\u00f3 en vigor el Reglamento sobre la &nbsp;Salubridad de los Alimentos en Canad\u00e1 (SFCR). A pesar de que mucho del detalle que se incluye en el reglamento se relaciona con la rastreabilidad y salubridad de los alimentos, hay importantes requerimientos de intercambio y comercio que afectan espec\u00edficamente a compradores&hellip;","_links":{"self":[{"href":"https:\/\/fvdrc.com\/es\/wp-json\/wp\/v2\/pages\/1309","targetHints":{"allow":["GET"]}}],"collection":[{"href":"https:\/\/fvdrc.com\/es\/wp-json\/wp\/v2\/pages"}],"about":[{"href":"https:\/\/fvdrc.com\/es\/wp-json\/wp\/v2\/types\/page"}],"author":[{"embeddable":true,"href":"https:\/\/fvdrc.com\/es\/wp-json\/wp\/v2\/users\/1"}],"replies":[{"embeddable":true,"href":"https:\/\/fvdrc.com\/es\/wp-json\/wp\/v2\/comments?post=1309"}],"version-history":[{"count":4,"href":"https:\/\/fvdrc.com\/es\/wp-json\/wp\/v2\/pages\/1309\/revisions"}],"predecessor-version":[{"id":4422,"href":"https:\/\/fvdrc.com\/es\/wp-json\/wp\/v2\/pages\/1309\/revisions\/4422"}],"wp:attachment":[{"href":"https:\/\/fvdrc.com\/es\/wp-json\/wp\/v2\/media?parent=1309"}],"curies":[{"name":"wp","href":"https:\/\/api.w.org\/{rel}","templated":true}]}}